{"id":1241,"date":"2023-12-09T15:59:36","date_gmt":"2023-12-09T15:59:36","guid":{"rendered":"https:\/\/bqeye.com\/?post_type=product&#038;p=1241"},"modified":"2024-04-18T02:20:30","modified_gmt":"2024-04-18T02:20:30","slug":"elf-ring-black-contact-lenses","status":"publish","type":"product","link":"https:\/\/bqeye.com\/fr\/elf-ring-black-contact-lenses\/","title":{"rendered":"Lentilles de contact Elf Ring noires"},"content":{"rendered":"<p>Enchantez vos yeux avec les lentilles de contact Elf Ring Black<\/p>\n<p>Ajoutez une touche de myst\u00e8re magique \u00e0 votre look avec les lentilles Elf Ring Black de BQEYE. Infus\u00e9es de halos iridescents, ces lentilles donnent aux yeux un \u00e9clat d'un autre monde, comme jamais auparavant.<\/p>\n<p>Enfilez les anneaux Elfes et observez votre iris prendre une teinte noir\u00e2tre envo\u00fbtante, entour\u00e9e d'anneaux de couleur chatoyants. Finis les yeux ternes et ordinaires, les anneaux Elf Rings vous offrent une intrigue elfique.<\/p>\n<p>La base corbeau fait ressortir les couleurs cach\u00e9es dans les anneaux qui dansent autour de votre pupille. Les bleus scintillent d'un \u00e9clat glac\u00e9 tandis que les verts brillent comme des aurores bor\u00e9ales. M\u00eame les yeux bruns acqui\u00e8rent une qualit\u00e9 envo\u00fbtante et mystique.<\/p>\n<p>Fabriqu\u00e9es en mat\u00e9riau Hydraclear ultra-confortable, vous oublierez que vous portez des lentilles ! Hydraclear se d\u00e9place sans effort pour que les yeux restent hydrat\u00e9s toute la journ\u00e9e sans irritation.<\/p>\n<p>Que vous ayez besoin d'un look original pour une f\u00eate costum\u00e9e ou une foire de la Renaissance, les anneaux d'elfe sont faits pour vous. Leur subtile mise en valeur fait ressortir les couleurs de vos yeux.<\/p>\n<p>En tant que leader dans le domaine des lentilles innovantes, BQEYE s'assure que les Elf Rings r\u00e9pondent aux normes de s\u00e9curit\u00e9 les plus strictes de la FDA. Leur formule de pointe ajoute \u00e0 la magie des f\u00e9es sans compromettre le confort.<\/p>\n<p>Enfilez les Elf Rings et obtenez un regard envo\u00fbtant qui am\u00e8nera les gens \u00e0 se demander si vous \u00eates vraiment humaine. Commandez les v\u00f4tres d\u00e8s aujourd'hui pour un essai sans risque. Voyez comment ils transforment subtilement les yeux en portails vers le fantastique - nous savons que vous serez envo\u00fbt\u00e9e !<\/p>\n<p>Faites de la navigation un plaisir gr\u00e2ce \u00e0 la gamme de nuances uniques de BQEYE. Les bagues Elf et autres apportent de nouvelles dimensions de couleur \u00e0 votre vie. Commandez sans risque pour trouver votre bonheur.<\/p>","protected":false},"excerpt":{"rendered":"<p>Enchant Your Eyes with Elf Ring Black Contact Lenses Add a touch of magical mystery to your look with BQEYE&#8217;s Elf Ring Black contacts. Infused with iridescent halos, these lenses give eyes an otherworldly glow unlike anything before. Slip Elf Rings on and watch as your iris takes on a mesmerizing blackened hue encircled with [&#8230;]\n","protected":false},"featured_media":1243,"comment_status":"open","ping_status":"closed","template":"","meta":[],"product_brand":[],"product_cat":[101,90,73,100,96,95],"product_tag":[],"class_list":{"0":"post-1241","1":"product","2":"type-product","3":"status-publish","4":"has-post-thumbnail","6":"product_cat-natural-contacts","7":"product_cat-14-0-mm","8":"product_cat-black-contact-lenses","9":"product_cat-daily-disposable","10":"product_cat-non-prescription","11":"product_cat-prescription","13":"first","14":"instock","15":"sale","16":"shipping-taxable","17":"purchasable","18":"product-type-variable","19":"has-default-attributes"},"_links":{"self":[{"href":"https:\/\/bqeye.com\/fr\/wp-json\/wp\/v2\/product\/1241","targetHints":{"allow":["GET"]}}],"collection":[{"href":"https:\/\/bqeye.com\/fr\/wp-json\/wp\/v2\/product"}],"about":[{"href":"https:\/\/bqeye.com\/fr\/wp-json\/wp\/v2\/types\/product"}],"replies":[{"embeddable":true,"href":"https:\/\/bqeye.com\/fr\/wp-json\/wp\/v2\/comments?post=1241"}],"wp:featuredmedia":[{"embeddable":true,"href":"https:\/\/bqeye.com\/fr\/wp-json\/wp\/v2\/media\/1243"}],"wp:attachment":[{"href":"https:\/\/bqeye.com\/fr\/wp-json\/wp\/v2\/media?parent=1241"}],"wp:term":[{"taxonomy":"product_brand","embeddable":true,"href":"https:\/\/bqeye.com\/fr\/wp-json\/wp\/v2\/product_brand?post=1241"},{"taxonomy":"product_cat","embeddable":true,"href":"https:\/\/bqeye.com\/fr\/wp-json\/wp\/v2\/product_cat?post=1241"},{"taxonomy":"product_tag","embeddable":true,"href":"https:\/\/bqeye.com\/fr\/wp-json\/wp\/v2\/product_tag?post=1241"}],"curies":[{"name":"wp","href":"https:\/\/api.w.org\/{rel}","templated":true}]}}