{"id":1246,"date":"2023-12-09T16:06:22","date_gmt":"2023-12-09T16:06:22","guid":{"rendered":"https:\/\/bqeye.com\/?post_type=product&#038;p=1246"},"modified":"2024-04-18T02:20:27","modified_gmt":"2024-04-18T02:20:27","slug":"crystal-blue-mirage-contact-lenses","status":"publish","type":"product","link":"https:\/\/bqeye.com\/fr\/crystal-blue-mirage-contact-lenses\/","title":{"rendered":"Lentilles de contact Crystal Blue Mirage"},"content":{"rendered":"<p>Plongez dans vos yeux avec les lentilles de contact Crystal Blue Mirage<\/p>\n<p>Transportez votre regard avec les lentilles de contact Crystal Blue Mirage de BQEYE. Fabriqu\u00e9es avec des paillettes de cristal multidimensionnelles, ces lentilles donnent vie aux yeux comme aucune autre lentille de contact auparavant.<\/p>\n<p>Mettez Mirages et regardez votre iris s'envelopper dans un ab\u00eeme bleu envo\u00fbtant, parsem\u00e9 de fragments de lumi\u00e8re scintillants. Finies les lentilles de contact ordinaires, les Mirages vous plongent dans une profondeur mystique.<\/p>\n<p>La base saphir vous attire tandis que les mouchetures de cristal dansent tout autour, ajoutant un mouvement \u00e9th\u00e9r\u00e9. Les bleus brillent d'une luminosit\u00e9 d'un autre monde, tandis que les verts resplendissent comme des joyaux. M\u00eame les yeux bruns prennent des allures de pierres pr\u00e9cieuses magiques.<\/p>\n<p>Fabriqu\u00e9es en mat\u00e9riau Hydraclear ultra confortable, vous oublierez que vous portez des lentilles de contact ! Hydraclear se d\u00e9place de fa\u00e7on transparente pour garder les yeux hydrat\u00e9s sans irritation, de sorte que l'illusion n'est jamais rompue.<\/p>\n<p>Que vous ayez besoin d'un look original pour un \u00e9v\u00e9nement ou un cosplay, les lentilles de contact Crystal Blue Mirage vous transportent dans un nouveau monde. L'am\u00e9lioration subtile fait ressortir les dimensions cach\u00e9es des couleurs qui captivent vraiment sur les photos.<\/p>\n<p>En tant que leader dans le domaine des lentilles de contact innovantes, BQEYE s'assure que les Mirages r\u00e9pondent aux normes de s\u00e9curit\u00e9 les plus strictes de la FDA. Leur formule cristalline de pointe ajoute de l'\u00e9merveillement sans compromettre le confort.<\/p>\n<p>Enfilez les Mirages et laissez-vous s\u00e9duire par des yeux qui vous \u00e9tonneront. Commandez-les d\u00e8s aujourd'hui pour un essai sans risque de ces lentilles de contact. Voyez comment elles transforment les yeux en portails scintillants vers un monde au-del\u00e0.<\/p>\n<p>Rendez la navigation amusante gr\u00e2ce \u00e0 la gamme de lentilles de contact BQEYE. Les Crystal Blue Mirages offrent de nouvelles fa\u00e7ons de mettre en valeur votre regard. Commandez sans risque pour trouver le look qui vous attire.<\/p>","protected":false},"excerpt":{"rendered":"<p>Immerse Your Eyes with Crystal Blue Mirage Contact Lenses Transport your look with BQEYE&#8217;s Crystal Blue Mirage contact lenses. Crafted with multidimensional crystal flakes, these lenses make eyes come alive like no other contact lenses before. Slip Mirages on and watch as your iris is enveloped in a mesmerizing blue abyss flecked with glittering fragments [&#8230;]\n","protected":false},"featured_media":1248,"comment_status":"open","ping_status":"closed","template":"","meta":[],"product_brand":[],"product_cat":[101,91,75,100,96,95],"product_tag":[],"class_list":{"0":"post-1246","1":"product","2":"type-product","3":"status-publish","4":"has-post-thumbnail","6":"product_cat-natural-contacts","7":"product_cat-14-2-mm","8":"product_cat-blue-contact-lenses","9":"product_cat-daily-disposable","10":"product_cat-non-prescription","11":"product_cat-prescription","13":"first","14":"instock","15":"sale","16":"shipping-taxable","17":"purchasable","18":"product-type-variable","19":"has-default-attributes"},"_links":{"self":[{"href":"https:\/\/bqeye.com\/fr\/wp-json\/wp\/v2\/product\/1246","targetHints":{"allow":["GET"]}}],"collection":[{"href":"https:\/\/bqeye.com\/fr\/wp-json\/wp\/v2\/product"}],"about":[{"href":"https:\/\/bqeye.com\/fr\/wp-json\/wp\/v2\/types\/product"}],"replies":[{"embeddable":true,"href":"https:\/\/bqeye.com\/fr\/wp-json\/wp\/v2\/comments?post=1246"}],"wp:featuredmedia":[{"embeddable":true,"href":"https:\/\/bqeye.com\/fr\/wp-json\/wp\/v2\/media\/1248"}],"wp:attachment":[{"href":"https:\/\/bqeye.com\/fr\/wp-json\/wp\/v2\/media?parent=1246"}],"wp:term":[{"taxonomy":"product_brand","embeddable":true,"href":"https:\/\/bqeye.com\/fr\/wp-json\/wp\/v2\/product_brand?post=1246"},{"taxonomy":"product_cat","embeddable":true,"href":"https:\/\/bqeye.com\/fr\/wp-json\/wp\/v2\/product_cat?post=1246"},{"taxonomy":"product_tag","embeddable":true,"href":"https:\/\/bqeye.com\/fr\/wp-json\/wp\/v2\/product_tag?post=1246"}],"curies":[{"name":"wp","href":"https:\/\/api.w.org\/{rel}","templated":true}]}}