{"id":1249,"date":"2023-12-09T16:16:12","date_gmt":"2023-12-09T16:16:12","guid":{"rendered":"https:\/\/bqeye.com\/?post_type=product&#038;p=1249"},"modified":"2024-04-18T02:20:23","modified_gmt":"2024-04-18T02:20:23","slug":"shining-star-brown-contact-lenses","status":"publish","type":"product","link":"https:\/\/bqeye.com\/fr\/shining-star-brown-contact-lenses\/","title":{"rendered":"Lentilles de contact brunes Shining Star"},"content":{"rendered":"<p>Faites ressortir les \u00e9toiles avec des lentilles de contact brunes et brillantes<\/p>\n<p>Ajoutez une touche de poussi\u00e8re d'\u00e9toiles \u00e0 votre look avec les lentilles de contact Shining Star Brown de BQEYE. Infus\u00e9es de paillettes d'or scintillantes, ces lentilles font briller les yeux plus que n'importe quelle autre lentille de contact.<\/p>\n<p>Enfilez Stars et observez votre iris s'illuminer d'une teinte ambr\u00e9e radieuse parsem\u00e9e de points de lumi\u00e8re. Dites adieu aux lentilles de contact ternes - Stars illumine les yeux d'une lumi\u00e8re c\u00e9leste.<\/p>\n<p>La base brun dor\u00e9 attire l'attention tandis que des mouchetures scintillantes rehaussent les couleurs cach\u00e9es autour de la pupille. Les bleus scintillent comme le ciel nocturne, tandis que les verts brillent comme les \u00e9toiles. M\u00eame les yeux bruns prennent un \u00e9clat lumineux et cosmique, comme aucune autre lentille de contact n'en a l'habitude.<\/p>\n<p>Fabriqu\u00e9es dans un mat\u00e9riau Hydraclear ultra confortable, vous oublierez que vous portez des lentilles de contact ! Hydraclear se d\u00e9place de mani\u00e8re transparente pour garder les yeux hydrat\u00e9s sans irritation, de sorte que le spectacle lumineux dure toute la journ\u00e9e.<\/p>\n<p>Que vous ayez besoin d'un look exceptionnel pour les soir\u00e9es ou les \u00e9v\u00e9nements sp\u00e9ciaux, les lentilles Shining Stars vous couvrent mieux que n'importe quelle autre lentille de contact sur le march\u00e9. L'am\u00e9lioration subtile des couleurs permet \u00e9galement d'\u00e9blouir les photos.<\/p>\n<p>En tant que leader dans le domaine des lentilles de contact innovantes, BQEYE s'assure que les \u00e9toiles r\u00e9pondent aux normes de s\u00e9curit\u00e9 les plus strictes de la FDA. Leur formule de pointe ajoute une magie c\u00e9leste sans compromettre le confort.<\/p>\n<p>Enfilez Stars et brillez plus fort que tous ceux qui vous entourent. Commandez-les d\u00e8s aujourd'hui pour tester sans risque ces lentilles de contact lumineuses. Voyez comment elles transforment les yeux en phares lumineux - nous savons que vous serez fascin\u00e9 !<\/p>\n<p>Rendez la navigation amusante avec la gamme de lentilles de contact scintillantes de BQEYE. Les \u00e9toiles scintillantes et bien d'autres encore vous offrent de nouvelles fa\u00e7ons d'illuminer votre vie. Commandez sans risque pour trouver le look qui vous fait briller.<\/p>","protected":false},"excerpt":{"rendered":"<p>Bring Out the Stars with Shining Brown Contact Lenses Add a dash of stardust to your look with BQEYE&#8217;s Shining Star Brown contact lenses. Infused with twinkling flecks of gold, these lenses make eyes shine brighter than any other contact lenses. Slip Stars on and watch as your iris glows with a radiant amber hue [&#8230;]\n","protected":false},"featured_media":1251,"comment_status":"open","ping_status":"closed","template":"","meta":[],"product_brand":[],"product_cat":[101,92,80,100,96,95],"product_tag":[],"class_list":{"0":"post-1249","1":"product","2":"type-product","3":"status-publish","4":"has-post-thumbnail","6":"product_cat-natural-contacts","7":"product_cat-14-5-mm","8":"product_cat-brown-contact-lenses","9":"product_cat-daily-disposable","10":"product_cat-non-prescription","11":"product_cat-prescription","13":"first","14":"instock","15":"sale","16":"shipping-taxable","17":"purchasable","18":"product-type-variable","19":"has-default-attributes"},"_links":{"self":[{"href":"https:\/\/bqeye.com\/fr\/wp-json\/wp\/v2\/product\/1249","targetHints":{"allow":["GET"]}}],"collection":[{"href":"https:\/\/bqeye.com\/fr\/wp-json\/wp\/v2\/product"}],"about":[{"href":"https:\/\/bqeye.com\/fr\/wp-json\/wp\/v2\/types\/product"}],"replies":[{"embeddable":true,"href":"https:\/\/bqeye.com\/fr\/wp-json\/wp\/v2\/comments?post=1249"}],"wp:featuredmedia":[{"embeddable":true,"href":"https:\/\/bqeye.com\/fr\/wp-json\/wp\/v2\/media\/1251"}],"wp:attachment":[{"href":"https:\/\/bqeye.com\/fr\/wp-json\/wp\/v2\/media?parent=1249"}],"wp:term":[{"taxonomy":"product_brand","embeddable":true,"href":"https:\/\/bqeye.com\/fr\/wp-json\/wp\/v2\/product_brand?post=1249"},{"taxonomy":"product_cat","embeddable":true,"href":"https:\/\/bqeye.com\/fr\/wp-json\/wp\/v2\/product_cat?post=1249"},{"taxonomy":"product_tag","embeddable":true,"href":"https:\/\/bqeye.com\/fr\/wp-json\/wp\/v2\/product_tag?post=1249"}],"curies":[{"name":"wp","href":"https:\/\/api.w.org\/{rel}","templated":true}]}}