{"id":1264,"date":"2023-12-12T08:07:17","date_gmt":"2023-12-12T08:07:17","guid":{"rendered":"https:\/\/bqeye.com\/?post_type=product&#038;p=1264"},"modified":"2024-04-18T02:20:20","modified_gmt":"2024-04-18T02:20:20","slug":"pixie-blue-contact-lenses","status":"publish","type":"product","link":"https:\/\/bqeye.com\/fr\/pixie-blue-contact-lenses\/","title":{"rendered":"Lentilles de contact bleu Pixie"},"content":{"rendered":"<p>Ajoutez une touche de magie f\u00e9erique \u00e0 votre look avec les lentilles de contact Pixie Blue de BQEYE. Les nuances iris\u00e9es de ces lentilles font briller les yeux plus que toute autre lentille de contact sur le march\u00e9.<\/p>\n<p>Enfilez Pixies et regardez votre iris s'illuminer d'une vive teinte azur parsem\u00e9e de mouchetures arc-en-ciel. Finies les lentilles de contact ternes, les Pixies rehaussent les yeux d'un \u00e9clat fantaisiste.<\/p>\n<p>La base saphir vous attire, tandis que les tons chatoyants font ressortir les nuances \u00e9meraude et dor\u00e9es cach\u00e9es autour de la pupille. Blues beams rayonne d'un \u00e9clat d'un autre monde, comme aucune autre lentille de contact n'en a l'habitude.<\/p>\n<p>Fabriqu\u00e9es dans un mat\u00e9riau Hydraclear ultra confortable, vous oublierez que vous portez des lentilles de contact ! Hydraclear se d\u00e9place sans effort pour garder les mirettes hydrat\u00e9es toute la journ\u00e9e sans irritation, pour que l'\u00e9clat ne s'arr\u00eate jamais.<\/p>\n<p>Que vous ayez besoin de magie pour les jours de f\u00eate ou les festivals, les lentilles de contact Pixie Blue vous couvrent mieux que les autres options disponibles. L'am\u00e9lioration subtile des couleurs permet \u00e9galement d'\u00e9blouir les photos.<\/p>\n<p>En tant que leader dans le domaine des lentilles de contact innovantes, BQEYE s'assure que les Pixies r\u00e9pondent aux normes de s\u00e9curit\u00e9 les plus strictes de la FDA. Leur formule avanc\u00e9e ajoute une touche de couleur sans compromettre le confort.<\/p>\n<p>Enfilez les Pixies et brillez plus fort qu'une clairi\u00e8re de fleurs bleues. Commandez-les d\u00e8s aujourd'hui pour tester sans risque ces lentilles de contact enchanteresses. Voyez comment elles transforment les yeux en portes chatoyantes vers un pays magique - nous savons que vous serez envo\u00fbt\u00e9e !<\/p>\n<p>Trouvez votre teinte pr\u00e9f\u00e9r\u00e9e parmi la gamme de lentilles de contact mystiques de BQEYE. Pixie Blue et bien d'autres encore offrent de nouvelles fa\u00e7ons de mettre en valeur votre regard. Commandez d\u00e8s aujourd'hui pour r\u00e9v\u00e9ler la f\u00e9e qui sommeille en vous !<\/p>","protected":false},"excerpt":{"rendered":"<p>Add a touch of fairy magic to your look with BQEYE&#8217;s Pixie Blue contact lenses. Iridescent undertones glow within these lenses, making eyes sparkle more than any other contact lenses on the market. Slip Pixies on and watch as your iris lights up with a lively azure hue dotted with flecks of rainbow shine. Gone [&#8230;]\n","protected":false},"featured_media":1266,"comment_status":"open","ping_status":"closed","template":"","meta":[],"product_brand":[],"product_cat":[205,91,75,96,95,98],"product_tag":[],"class_list":{"0":"post-1264","1":"product","2":"type-product","3":"status-publish","4":"has-post-thumbnail","6":"product_cat-pixie","7":"product_cat-14-2-mm","8":"product_cat-blue-contact-lenses","9":"product_cat-non-prescription","10":"product_cat-prescription","11":"product_cat-yearly-disposable","13":"first","14":"instock","15":"sale","16":"shipping-taxable","17":"purchasable","18":"product-type-variable","19":"has-default-attributes"},"_links":{"self":[{"href":"https:\/\/bqeye.com\/fr\/wp-json\/wp\/v2\/product\/1264","targetHints":{"allow":["GET"]}}],"collection":[{"href":"https:\/\/bqeye.com\/fr\/wp-json\/wp\/v2\/product"}],"about":[{"href":"https:\/\/bqeye.com\/fr\/wp-json\/wp\/v2\/types\/product"}],"replies":[{"embeddable":true,"href":"https:\/\/bqeye.com\/fr\/wp-json\/wp\/v2\/comments?post=1264"}],"wp:featuredmedia":[{"embeddable":true,"href":"https:\/\/bqeye.com\/fr\/wp-json\/wp\/v2\/media\/1266"}],"wp:attachment":[{"href":"https:\/\/bqeye.com\/fr\/wp-json\/wp\/v2\/media?parent=1264"}],"wp:term":[{"taxonomy":"product_brand","embeddable":true,"href":"https:\/\/bqeye.com\/fr\/wp-json\/wp\/v2\/product_brand?post=1264"},{"taxonomy":"product_cat","embeddable":true,"href":"https:\/\/bqeye.com\/fr\/wp-json\/wp\/v2\/product_cat?post=1264"},{"taxonomy":"product_tag","embeddable":true,"href":"https:\/\/bqeye.com\/fr\/wp-json\/wp\/v2\/product_tag?post=1264"}],"curies":[{"name":"wp","href":"https:\/\/api.w.org\/{rel}","templated":true}]}}