{"id":1273,"date":"2023-12-12T08:10:55","date_gmt":"2023-12-12T08:10:55","guid":{"rendered":"https:\/\/bqeye.com\/?post_type=product&#038;p=1273"},"modified":"2024-04-18T02:20:17","modified_gmt":"2024-04-18T02:20:17","slug":"pixie-green-contact-lenses","status":"publish","type":"product","link":"https:\/\/bqeye.com\/fr\/pixie-green-contact-lenses\/","title":{"rendered":"Lentilles de contact vertes Pixie"},"content":{"rendered":"<p>Illuminez vos yeux avec les lentilles de contact Pixie Green<\/p>\n<p>Ajoutez une touche de magie foresti\u00e8re \u00e0 votre look avec les lentilles de contact Pixie Green de BQEYE. Ces lentilles pr\u00e9sentent des nuances chatoyantes qui font briller les yeux plus que n'importe quelle autre lentille de contact sur le march\u00e9.<\/p>\n<p>Enfilez Pixies et observez votre iris s'illuminer d'une vive teinte \u00e9meraude parsem\u00e9e de mouchetures de brillance dor\u00e9e. Dites adieu aux lentilles de contact ternes - Pixies rehausse les yeux d'un enchantement fantaisiste.<\/p>\n<p>La base vert for\u00eat vous attire tandis que des mouchetures scintillantes font ressortir les nuances cach\u00e9es de sarcelle et de marron autour de la pupille. Greens rayonne d'un \u00e9clat magique que l'on ne retrouve dans aucune autre lentille de contact.<\/p>\n<p>Fabriqu\u00e9es dans un mat\u00e9riau Hydraclear ultra confortable, vous oublierez que vous portez des lentilles de contact ! Hydraclear se d\u00e9place de fa\u00e7on transparente pour garder les yeux hydrat\u00e9s toute la journ\u00e9e sans irritation, pour que l'\u00e9clat dure jusqu'\u00e0 la tomb\u00e9e de la nuit.<\/p>\n<p>Que vous ayez besoin de magie pour les soir\u00e9es d\u00e9guis\u00e9es ou les foires de la renaissance, les lentilles de contact Pixie Green vous couvrent mieux que d'autres options. L'am\u00e9lioration subtile rend les couleurs vraiment \u00e9blouissantes sur les photos.<\/p>\n<p>En tant que leader dans le domaine des lentilles de contact innovantes, BQEYE s'assure que les Pixies r\u00e9pondent aux normes de s\u00e9curit\u00e9 les plus strictes de la FDA. Leur formule avanc\u00e9e ajoute une touche de couleur sans compromettre le confort.<\/p>\n<p>Enfilez les Pixies et brillez d'un \u00e9clat plus vert qu'une clairi\u00e8re enchant\u00e9e. Commandez-les d\u00e8s aujourd'hui pour tester sans risque ces lentilles de contact lumineuses. Voyez comment elles transforment les yeux en portes chatoyantes vers un pays magique - vous serez envo\u00fbt\u00e9 !<\/p>\n<p>Trouvez votre teinte pr\u00e9f\u00e9r\u00e9e parmi la gamme de lentilles de contact mystiques de BQEYE. Pixie Green et bien d'autres encore offrent de nouvelles fa\u00e7ons de mettre en valeur votre regard. Commandez d\u00e8s aujourd'hui pour r\u00e9v\u00e9ler l'esprit de la for\u00eat qui sommeille en vous !<\/p>","protected":false},"excerpt":{"rendered":"<p>Illuminate Your Eyes with Pixie Green Contact Lenses Add a touch of forest magic to your look with BQEYE&#8217;s Pixie Green contact lenses. Shimmering undertones glow within these lenses, making eyes sparkle brighter than any other contact lenses on the market. Slip Pixies on and watch as your iris lights up with a lively emerald [&#8230;]\n","protected":false},"featured_media":1278,"comment_status":"open","ping_status":"closed","template":"","meta":[],"product_brand":[],"product_cat":[205,91,77,96,95,98],"product_tag":[],"class_list":{"0":"post-1273","1":"product","2":"type-product","3":"status-publish","4":"has-post-thumbnail","6":"product_cat-pixie","7":"product_cat-14-2-mm","8":"product_cat-green-contact-lenses","9":"product_cat-non-prescription","10":"product_cat-prescription","11":"product_cat-yearly-disposable","13":"first","14":"instock","15":"sale","16":"shipping-taxable","17":"purchasable","18":"product-type-variable","19":"has-default-attributes"},"_links":{"self":[{"href":"https:\/\/bqeye.com\/fr\/wp-json\/wp\/v2\/product\/1273","targetHints":{"allow":["GET"]}}],"collection":[{"href":"https:\/\/bqeye.com\/fr\/wp-json\/wp\/v2\/product"}],"about":[{"href":"https:\/\/bqeye.com\/fr\/wp-json\/wp\/v2\/types\/product"}],"replies":[{"embeddable":true,"href":"https:\/\/bqeye.com\/fr\/wp-json\/wp\/v2\/comments?post=1273"}],"wp:featuredmedia":[{"embeddable":true,"href":"https:\/\/bqeye.com\/fr\/wp-json\/wp\/v2\/media\/1278"}],"wp:attachment":[{"href":"https:\/\/bqeye.com\/fr\/wp-json\/wp\/v2\/media?parent=1273"}],"wp:term":[{"taxonomy":"product_brand","embeddable":true,"href":"https:\/\/bqeye.com\/fr\/wp-json\/wp\/v2\/product_brand?post=1273"},{"taxonomy":"product_cat","embeddable":true,"href":"https:\/\/bqeye.com\/fr\/wp-json\/wp\/v2\/product_cat?post=1273"},{"taxonomy":"product_tag","embeddable":true,"href":"https:\/\/bqeye.com\/fr\/wp-json\/wp\/v2\/product_tag?post=1273"}],"curies":[{"name":"wp","href":"https:\/\/api.w.org\/{rel}","templated":true}]}}