{"id":1279,"date":"2023-12-12T11:07:03","date_gmt":"2023-12-12T11:07:03","guid":{"rendered":"https:\/\/bqeye.com\/?post_type=product&#038;p=1279"},"modified":"2024-04-18T02:20:14","modified_gmt":"2024-04-18T02:20:14","slug":"pixie-brown-contact-lenses","status":"publish","type":"product","link":"https:\/\/bqeye.com\/fr\/pixie-brown-contact-lenses\/","title":{"rendered":"Lentilles de contact Pixie Brown"},"content":{"rendered":"<p>Les lentilles de contact brunes font ressortir les cheveux Pixie qui sommeillent en vous<\/p>\n<p>Ajoutez une touche de magie \u00e0 votre look avec les lentilles de contact Pixie Brown de BQEYE. Des mouchetures iris\u00e9es tourbillonnent \u00e0 l'int\u00e9rieur de ces lentilles, faisant briller les yeux plus que toute autre lentille de contact brune sur le march\u00e9.<\/p>\n<p>Enfilez Pixies et regardez votre iris s'illuminer d'une teinte noisette radieuse parsem\u00e9e de taches de brillance dor\u00e9e. Oubliez les lentilles de contact marron ternes - Pixies rehausse les yeux d'une touche enchanteresse.<\/p>\n<p>La base brun chocolat vous attire tandis que les m\u00e8ches scintillantes font ressortir le vert et l'or cach\u00e9s autour de la pupille. Les lentilles Browns rayonnent d'une chaleur d'un autre monde, comme aucune autre lentille de contact brune ne l'a fait.<\/p>\n<p>Fabriqu\u00e9es dans un mat\u00e9riau Hydraclear ultra confortable, vous oublierez que vous portez des lentilles de contact ! Hydraclear se d\u00e9place de fa\u00e7on transparente pour garder les yeux hydrat\u00e9s toute la journ\u00e9e sans irritation, pour que l'\u00e9clat dure jusqu'\u00e0 la tomb\u00e9e de la nuit.<\/p>\n<p>Que vous ayez besoin de magie pour les soir\u00e9es d\u00e9guis\u00e9es ou les festivals de la Renaissance, les lentilles de contact Pixie Brown vous couvrent mieux que les autres options brunes. L'am\u00e9lioration subtile permet aux couleurs d'\u00eatre \u00e9blouissantes sur les photos.<\/p>\n<p>En tant que leader dans le domaine des lentilles de contact innovantes, BQEYE s'assure que les Pixies r\u00e9pondent aux normes de s\u00e9curit\u00e9 les plus strictes de la FDA. Leur formule avanc\u00e9e ajoute une touche de couleur sans compromettre le confort.<\/p>\n<p>Enfilez les Pixies et brillez d'un \u00e9clat plus chaud qu'une clairi\u00e8re d'automne. Commandez-les d\u00e8s aujourd'hui pour tester sans risque ces lentilles de contact brunes et lumineuses. Voyez comment elles transforment les yeux en portes chatoyantes vers un pays de magie terrestre - vous serez envo\u00fbt\u00e9 !<\/p>\n<p>Trouvez votre nuance pr\u00e9f\u00e9r\u00e9e parmi la gamme de lentilles de contact mystiques de BQEYE. Pixie Brown et bien d'autres encore offrent de nouvelles fa\u00e7ons de mettre en valeur votre regard brun. Commandez d\u00e8s aujourd'hui pour lib\u00e9rer le lutin de la for\u00eat qui sommeille en vous !<\/p>","protected":false},"excerpt":{"rendered":"<p>Bring Out Your Inner Pixie with Brown Contact Lenses Add an earthy touch of magic to your look with BQEYE&#8217;s Pixie Brown contact lenses. Iridescent flecks swirl within these lenses, making eyes sparkle more than any other brown contact lenses on the market. Slip Pixies on and watch as your iris glows with a radiant [&#8230;]\n","protected":false},"featured_media":1281,"comment_status":"open","ping_status":"closed","template":"","meta":[],"product_brand":[],"product_cat":[205,91,80,96,95,98],"product_tag":[354],"class_list":{"0":"post-1279","1":"product","2":"type-product","3":"status-publish","4":"has-post-thumbnail","6":"product_cat-pixie","7":"product_cat-14-2-mm","8":"product_cat-brown-contact-lenses","9":"product_cat-non-prescription","10":"product_cat-prescription","11":"product_cat-yearly-disposable","12":"product_tag-brown-contact-lenses","14":"first","15":"instock","16":"sale","17":"shipping-taxable","18":"purchasable","19":"product-type-variable","20":"has-default-attributes"},"_links":{"self":[{"href":"https:\/\/bqeye.com\/fr\/wp-json\/wp\/v2\/product\/1279","targetHints":{"allow":["GET"]}}],"collection":[{"href":"https:\/\/bqeye.com\/fr\/wp-json\/wp\/v2\/product"}],"about":[{"href":"https:\/\/bqeye.com\/fr\/wp-json\/wp\/v2\/types\/product"}],"replies":[{"embeddable":true,"href":"https:\/\/bqeye.com\/fr\/wp-json\/wp\/v2\/comments?post=1279"}],"wp:featuredmedia":[{"embeddable":true,"href":"https:\/\/bqeye.com\/fr\/wp-json\/wp\/v2\/media\/1281"}],"wp:attachment":[{"href":"https:\/\/bqeye.com\/fr\/wp-json\/wp\/v2\/media?parent=1279"}],"wp:term":[{"taxonomy":"product_brand","embeddable":true,"href":"https:\/\/bqeye.com\/fr\/wp-json\/wp\/v2\/product_brand?post=1279"},{"taxonomy":"product_cat","embeddable":true,"href":"https:\/\/bqeye.com\/fr\/wp-json\/wp\/v2\/product_cat?post=1279"},{"taxonomy":"product_tag","embeddable":true,"href":"https:\/\/bqeye.com\/fr\/wp-json\/wp\/v2\/product_tag?post=1279"}],"curies":[{"name":"wp","href":"https:\/\/api.w.org\/{rel}","templated":true}]}}