{"id":1287,"date":"2023-12-12T11:20:32","date_gmt":"2023-12-12T11:20:32","guid":{"rendered":"https:\/\/bqeye.com\/?post_type=product&#038;p=1287"},"modified":"2024-04-18T02:20:10","modified_gmt":"2024-04-18T02:20:10","slug":"pixie-grey-contact-lenses","status":"publish","type":"product","link":"https:\/\/bqeye.com\/fr\/pixie-grey-contact-lenses\/","title":{"rendered":"Lentilles de contact Pixie Grey"},"content":{"rendered":"<p>Ajoutez de l'intrigue avec les lentilles de contact Pixie Grey<\/p>\n<p>Ajoutez un air de myst\u00e8re \u00e0 votre look avec les lentilles de contact Pixie Grey de BQEYE. Des paillettes scintillent \u00e0 l'int\u00e9rieur de ces lentilles, faisant briller les yeux de mani\u00e8re plus s\u00e9duisante que toute autre lentille de contact grise.<\/p>\n<p>Enfilez les Pixies et observez votre iris prendre une teinte fum\u00e9e parsem\u00e9e d'\u00e9clats argent\u00e9s. Oubliez les lentilles de contact grises et ternes - Pixies rehausse les yeux d'un scintillement enchanteur.<\/p>\n<p>La base en bronze vous attire tandis que les m\u00e8ches scintillantes font ressortir les sarcelles et les verts cach\u00e9s autour de la pupille. Les lentilles grises rayonnent d'un \u00e9clat s\u00e9duisant, comme aucune autre lentille de contact grise ne l'a fait.<\/p>\n<p>Fabriqu\u00e9es dans un mat\u00e9riau Hydraclear ultra confortable, vous oublierez que vous portez des lentilles de contact ! Hydraclear se d\u00e9place de fa\u00e7on transparente pour garder les yeux hydrat\u00e9s toute la journ\u00e9e sans irritation, pour que l'\u00e9clat dure jusqu'\u00e0 la tomb\u00e9e de la nuit.<\/p>\n<p>Que vous ayez besoin de myst\u00e8re pour les soir\u00e9es habill\u00e9es ou les s\u00e9ances photos, les lentilles de contact Pixie Grey vous couvrent mieux que les autres options grises. L'am\u00e9lioration subtile permet aux couleurs d'\u00eatre \u00e9blouissantes sur les photos.<\/p>\n<p>En tant que leader dans le domaine des lentilles de contact innovantes, BQEYE s'assure que les Pixies r\u00e9pondent aux normes de s\u00e9curit\u00e9 les plus strictes de la FDA. Leur formule avanc\u00e9e ajoute une touche de couleur sans compromettre le confort.<\/p>\n<p>Enfilez les Pixies et intriguez de l'autre c\u00f4t\u00e9 de la pi\u00e8ce. Commandez-les d\u00e8s aujourd'hui pour tester sans risque ces lentilles de contact grises captivantes. Voyez comment elles transforment les yeux en portes hypnotiques vers un monde de magie - vous serez envo\u00fbt\u00e9 !<\/p>\n<p>Trouvez votre teinte pr\u00e9f\u00e9r\u00e9e parmi la gamme de lentilles de contact envo\u00fbtantes de BQEYE. Pixie Grey et bien d'autres vous aideront \u00e0 jeter un sort. Commandez d\u00e8s aujourd'hui pour jeter votre d\u00e9volu sur votre magie.<\/p>","protected":false},"excerpt":{"rendered":"<p>Add Intrigue with Pixie Grey Contact Lenses Add an air of mystery to your look with BQEYE&#8217;s Pixie Grey contact lenses. Glittering flecks swirl within these lenses, making eyes alluringly sparkle more than any other grey contact lenses. Slip Pixies on and watch as your iris takes on a smoky hue dotted with specks of [&#8230;]\n","protected":false},"featured_media":1293,"comment_status":"open","ping_status":"closed","template":"","meta":[],"product_brand":[],"product_cat":[205,91,81,96,95,98],"product_tag":[354],"class_list":{"0":"post-1287","1":"product","2":"type-product","3":"status-publish","4":"has-post-thumbnail","6":"product_cat-pixie","7":"product_cat-14-2-mm","8":"product_cat-grey-contact-lenses","9":"product_cat-non-prescription","10":"product_cat-prescription","11":"product_cat-yearly-disposable","12":"product_tag-brown-contact-lenses","14":"first","15":"instock","16":"sale","17":"shipping-taxable","18":"purchasable","19":"product-type-variable","20":"has-default-attributes"},"_links":{"self":[{"href":"https:\/\/bqeye.com\/fr\/wp-json\/wp\/v2\/product\/1287","targetHints":{"allow":["GET"]}}],"collection":[{"href":"https:\/\/bqeye.com\/fr\/wp-json\/wp\/v2\/product"}],"about":[{"href":"https:\/\/bqeye.com\/fr\/wp-json\/wp\/v2\/types\/product"}],"replies":[{"embeddable":true,"href":"https:\/\/bqeye.com\/fr\/wp-json\/wp\/v2\/comments?post=1287"}],"wp:featuredmedia":[{"embeddable":true,"href":"https:\/\/bqeye.com\/fr\/wp-json\/wp\/v2\/media\/1293"}],"wp:attachment":[{"href":"https:\/\/bqeye.com\/fr\/wp-json\/wp\/v2\/media?parent=1287"}],"wp:term":[{"taxonomy":"product_brand","embeddable":true,"href":"https:\/\/bqeye.com\/fr\/wp-json\/wp\/v2\/product_brand?post=1287"},{"taxonomy":"product_cat","embeddable":true,"href":"https:\/\/bqeye.com\/fr\/wp-json\/wp\/v2\/product_cat?post=1287"},{"taxonomy":"product_tag","embeddable":true,"href":"https:\/\/bqeye.com\/fr\/wp-json\/wp\/v2\/product_tag?post=1287"}],"curies":[{"name":"wp","href":"https:\/\/api.w.org\/{rel}","templated":true}]}}