{"id":1304,"date":"2023-12-22T02:23:09","date_gmt":"2023-12-22T02:23:09","guid":{"rendered":"https:\/\/bqeye.com\/?post_type=product&#038;p=1304"},"modified":"2024-04-18T02:19:59","modified_gmt":"2024-04-18T02:19:59","slug":"maria-purple-contact-lenses","status":"publish","type":"product","link":"https:\/\/bqeye.com\/fr\/maria-purple-contact-lenses\/","title":{"rendered":"Lentilles de contact Maria Purple"},"content":{"rendered":"<p>Trouvez votre gr\u00e2ce int\u00e9rieure avec les lentilles violettes BQEYE Maria<\/p>\n<p>Les lentilles de contact Maria Purple de BQEYE sont devenues une r\u00e9f\u00e9rence pour ceux qui recherchent une touche de sophistication subtile. Alors que de nombreuses lentilles de contact color\u00e9es misent sur l'impact dramatique, les Maria Purple mettent en valeur la beaut\u00e9 gr\u00e2ce \u00e0 une \u00e9l\u00e9gance discr\u00e8te.<\/p>\n<p>Fabriqu\u00e9es \u00e0 partir de la formule respirante innovante de BQEYE, les lentilles Maria Purple sont con\u00e7ues pour un confort supr\u00eame et un maintien des couleurs tout au long de la journ\u00e9e. Leur mat\u00e9riau fin en silicone hydrogel se d\u00e9place en douceur avec les yeux pour para\u00eetre invisible tout en attirant intens\u00e9ment le regard. Infus\u00e9es d'hydratants, elles ne se dess\u00e8chent pas et ne causent pas d'inconfort.<\/p>\n<p>Plut\u00f4t que des pourpres \u00e9clatants, Maria Purple refl\u00e8te une d\u00e9licate tonalit\u00e9 gris lavande juste assez discernable pour \u00eatre remarqu\u00e9e. Il fait ressortir les yeux comme un \u00e9l\u00e9ment captivant sans pour autant supplanter d'autres attributs naturels. Les personnes qui le portent se sentent \u00e9l\u00e9gantes tout en conservant un charme accessible qui \u00e9mane de l'int\u00e9rieur.<\/p>\n<p>Les lentilles BQEYE ont trouv\u00e9 des fans d\u00e9vou\u00e9s parmi les jeunes cr\u00e9atifs et les professionnels. Pour les artistes et les influenceurs, l'\u00e9clat subtil de Maria Purple transmet des messages \u00e9loquents par le biais d'un regard stable. Les yeux attirent l'attention du public pendant les conf\u00e9rences ou les spectacles sans exiger de concentration.<\/p>\n<p>Sur le lieu de travail, les individus se sentent habilit\u00e9s \u00e0 mettre en valeur leur personnalit\u00e9 gr\u00e2ce \u00e0 des yeux \u00e0 l'allure royale. Leur teinte flatte les yeux, que ce soit lors de pr\u00e9sentations en salle de conf\u00e9rence ou de r\u00e9unions avec des clients, sans fausser la perception de la comp\u00e9tence. Avec Maria Purple, les personnes qui le portent exsudent une autorit\u00e9 ancr\u00e9e dans l'authenticit\u00e9 et la gr\u00e2ce.<\/p>\n<p>Si vous cherchez \u00e0 mettre en valeur vos qualit\u00e9s les plus raffin\u00e9es, Maria Purple de BQEYE est fait pour vous. Sa formule nourrissante et son violet royal activent un \u00e9clat int\u00e9rieur, mettant en valeur les traits naturels \u00e0 partir d'un lieu d'\u00e9quilibre int\u00e9rieur. D\u00e9couvrez comment la lavande met en valeur vos qualit\u00e9s magn\u00e9tiques sans distraction ni alt\u00e9ration.<\/p>\n<p>Laissez les lentilles de contact Maria Purple r\u00e9v\u00e9ler votre moi le plus \u00e9l\u00e9gant et le plus multidimensionnel. BQEYE pense que la vraie beaut\u00e9 \u00e9mane de l'acceptation et de l'accentuation de ce que vous \u00eates - et leurs lentilles favorisent l'amour de soi gr\u00e2ce \u00e0 un \u00e9clat nuanc\u00e9. D\u00e9couvrez comment une subtile touche de lavande peut allumer votre lumi\u00e8re int\u00e9rieure et refl\u00e9ter une confiance rayonnante de l'int\u00e9rieur vers l'ext\u00e9rieur.<\/p>","protected":false},"excerpt":{"rendered":"<p>Finding Your Inner Grace with BQEYE Maria Purple Lenses BQEYE&#8217;s Maria Purple contact lenses have become a go-to for those seeking a touch of subtle sophistication. Where many colored lenses rely on dramatic impact, Maria Purple enhances beauty through understated elegance. Made from BQEYE&#8217;s innovative breathable formula, Maria Purple lenses are designed for supreme comfort [&#8230;]\n","protected":false},"featured_media":1310,"comment_status":"open","ping_status":"closed","template":"","meta":[],"product_brand":[],"product_cat":[105,91,96,95,82,98],"product_tag":[354],"class_list":{"0":"post-1304","1":"product","2":"type-product","3":"status-publish","4":"has-post-thumbnail","6":"product_cat-maria","7":"product_cat-14-2-mm","8":"product_cat-non-prescription","9":"product_cat-prescription","10":"product_cat-purple-contact-lenses","11":"product_cat-yearly-disposable","12":"product_tag-brown-contact-lenses","14":"first","15":"instock","16":"sale","17":"shipping-taxable","18":"purchasable","19":"product-type-variable","20":"has-default-attributes"},"_links":{"self":[{"href":"https:\/\/bqeye.com\/fr\/wp-json\/wp\/v2\/product\/1304","targetHints":{"allow":["GET"]}}],"collection":[{"href":"https:\/\/bqeye.com\/fr\/wp-json\/wp\/v2\/product"}],"about":[{"href":"https:\/\/bqeye.com\/fr\/wp-json\/wp\/v2\/types\/product"}],"replies":[{"embeddable":true,"href":"https:\/\/bqeye.com\/fr\/wp-json\/wp\/v2\/comments?post=1304"}],"wp:featuredmedia":[{"embeddable":true,"href":"https:\/\/bqeye.com\/fr\/wp-json\/wp\/v2\/media\/1310"}],"wp:attachment":[{"href":"https:\/\/bqeye.com\/fr\/wp-json\/wp\/v2\/media?parent=1304"}],"wp:term":[{"taxonomy":"product_brand","embeddable":true,"href":"https:\/\/bqeye.com\/fr\/wp-json\/wp\/v2\/product_brand?post=1304"},{"taxonomy":"product_cat","embeddable":true,"href":"https:\/\/bqeye.com\/fr\/wp-json\/wp\/v2\/product_cat?post=1304"},{"taxonomy":"product_tag","embeddable":true,"href":"https:\/\/bqeye.com\/fr\/wp-json\/wp\/v2\/product_tag?post=1304"}],"curies":[{"name":"wp","href":"https:\/\/api.w.org\/{rel}","templated":true}]}}