{"id":1311,"date":"2023-12-22T02:35:32","date_gmt":"2023-12-22T02:35:32","guid":{"rendered":"https:\/\/bqeye.com\/?post_type=product&#038;p=1311"},"modified":"2024-04-18T02:19:56","modified_gmt":"2024-04-18T02:19:56","slug":"maria-blue-contact-lenses","status":"publish","type":"product","link":"https:\/\/bqeye.com\/fr\/maria-blue-contact-lenses\/","title":{"rendered":"Lentilles de contact Maria Blue"},"content":{"rendered":"<p>\u00c9veiller la sagesse int\u00e9rieure avec les lentilles bleues BQEYE Maria<\/p>\n<p>Les lentilles de contact Maria Blue de BQEYE sont devenues tr\u00e8s convoit\u00e9es pour leur capacit\u00e9 \u00e0 mettre en valeur l'intellect et l'\u00e9clat subtil. Alors que de nombreuses lentilles color\u00e9es misent sur la luminosit\u00e9, Maria Blue met en valeur la profondeur et la perspicacit\u00e9 gr\u00e2ce \u00e0 une teinte marine discr\u00e8te.<\/p>\n<p>Fabriqu\u00e9es \u00e0 partir de la formule innovante de silicone hydrogel de BQEYE, les lentilles Maria Blue sont con\u00e7ues pour un confort supr\u00eame et une conservation des couleurs. Leur mat\u00e9riau flexible se d\u00e9place sans effort avec les yeux pour para\u00eetre invisible mais intens\u00e9ment captivant. Enrichies d'agents hydratants, elles ne se dess\u00e8chent pas et ne provoquent pas d'irritation tout au long de la journ\u00e9e.<\/p>\n<p>Plut\u00f4t que le bleu royal ou le bleu ciel, le bleu Maria incarne un bleu marine riche qui rappelle les eaux calmes et les ciels nocturnes. Il \u00e9veille les yeux comme un \u00e9l\u00e9ment pensif mais vivant, sans \u00e9clipser la beaut\u00e9 naturelle. Les personnes qui le portent se sentent bien dans leur peau, avec un air de sophistication d\u00e9contract\u00e9e \u00e9manant de l'int\u00e9rieur.<\/p>\n<p>Les lentilles de contact Maria Blue ont trouv\u00e9 des adeptes parmi les cr\u00e9atifs et les professionnels \u00e0 la recherche d'un look qui inspire l'intellectualisme. Pour les universitaires et les chercheurs, leur teinte souligne l'attention pendant les conf\u00e9rences ou les discussions. Les artistes comptent sur Maria Blue pour allumer des yeux d\u00e9bordant d'introspection et de visions sublimes.<\/p>\n<p>Sur le lieu de travail, les individus se sentent habilit\u00e9s \u00e0 afficher leur personnalit\u00e9 gr\u00e2ce \u00e0 des yeux refl\u00e9tant une sagesse et une assurance profondes. Leur teinte marine flatte les regards, qu'il s'agisse de r\u00e9seauter ou d'animer des pr\u00e9sentations, sans fausser les perceptions de comp\u00e9tence. Avec Maria Blue, les porteurs rayonnent d'une assurance enracin\u00e9e dans la compr\u00e9hension et la nuance.<\/p>\n<p>Si vous cherchez \u00e0 mettre en valeur vos qualit\u00e9s les plus discr\u00e8tes, les lentilles Maria Blue sont id\u00e9ales. La formule hydratante et la teinte r\u00e9fl\u00e9chie de BQEYE accentuent les traits naturels \u00e0 partir d'un lieu de concentration int\u00e9rieure. D\u00e9couvrez comment le bleu marine stimule les yeux en tant que fen\u00eatres sur votre esprit vif et apaisant.<\/p>\n<p>Laissez les lentilles de contact Maria Blue illuminer votre perspicacit\u00e9 et votre personnalit\u00e9 multidimensionnelle. BQEYE croit que la beaut\u00e9 trouve sa force dans l'acceptation et la mise en valeur de nos attributs les plus authentiques - et leurs lentilles renforcent la confiance en soi par une luminescence discr\u00e8te de l'int\u00e9rieur. D\u00e9couvrez comment une subtile touche de bleu marine peut enflammer votre conscience aigu\u00eb de vous-m\u00eame et votre \u00e9clat r\u00e9fl\u00e9chi.<\/p>","protected":false},"excerpt":{"rendered":"<p>Awakening Inner Wisdom with BQEYE Maria Blue Lenses BQEYE&#8217;s Maria Blue contact lenses have become coveted for their ability to highlight intellect and subtle vibrancy. While many colored lenses rely on brightness, Maria Blue enhances depth and insight through an understated navy shade. Crafted from BQEYE&#8217;s innovative silicone hydrogel formula, Maria Blue lenses are designed [&#8230;]\n","protected":false},"featured_media":1316,"comment_status":"open","ping_status":"closed","template":"","meta":[],"product_brand":[],"product_cat":[105,91,75,96,95,98],"product_tag":[354],"class_list":{"0":"post-1311","1":"product","2":"type-product","3":"status-publish","4":"has-post-thumbnail","6":"product_cat-maria","7":"product_cat-14-2-mm","8":"product_cat-blue-contact-lenses","9":"product_cat-non-prescription","10":"product_cat-prescription","11":"product_cat-yearly-disposable","12":"product_tag-brown-contact-lenses","14":"first","15":"instock","16":"sale","17":"shipping-taxable","18":"purchasable","19":"product-type-variable","20":"has-default-attributes"},"_links":{"self":[{"href":"https:\/\/bqeye.com\/fr\/wp-json\/wp\/v2\/product\/1311","targetHints":{"allow":["GET"]}}],"collection":[{"href":"https:\/\/bqeye.com\/fr\/wp-json\/wp\/v2\/product"}],"about":[{"href":"https:\/\/bqeye.com\/fr\/wp-json\/wp\/v2\/types\/product"}],"replies":[{"embeddable":true,"href":"https:\/\/bqeye.com\/fr\/wp-json\/wp\/v2\/comments?post=1311"}],"wp:featuredmedia":[{"embeddable":true,"href":"https:\/\/bqeye.com\/fr\/wp-json\/wp\/v2\/media\/1316"}],"wp:attachment":[{"href":"https:\/\/bqeye.com\/fr\/wp-json\/wp\/v2\/media?parent=1311"}],"wp:term":[{"taxonomy":"product_brand","embeddable":true,"href":"https:\/\/bqeye.com\/fr\/wp-json\/wp\/v2\/product_brand?post=1311"},{"taxonomy":"product_cat","embeddable":true,"href":"https:\/\/bqeye.com\/fr\/wp-json\/wp\/v2\/product_cat?post=1311"},{"taxonomy":"product_tag","embeddable":true,"href":"https:\/\/bqeye.com\/fr\/wp-json\/wp\/v2\/product_tag?post=1311"}],"curies":[{"name":"wp","href":"https:\/\/api.w.org\/{rel}","templated":true}]}}