{"id":1318,"date":"2023-12-22T02:49:53","date_gmt":"2023-12-22T02:49:53","guid":{"rendered":"https:\/\/bqeye.com\/?post_type=product&#038;p=1318"},"modified":"2024-04-18T02:19:52","modified_gmt":"2024-04-18T02:19:52","slug":"maria-brown-contact-lenses","status":"publish","type":"product","link":"https:\/\/bqeye.com\/fr\/maria-brown-contact-lenses\/","title":{"rendered":"Lentilles de contact Maria Brown"},"content":{"rendered":"<p>Trouver la chaleur int\u00e9rieure avec les lentilles BQEYE Maria Brown<\/p>\n<p>Les lentilles de contact Maria Brown de BQEYE sont devenues un produit de base pour ceux qui recherchent une touche de confort discret. Alors que de nombreuses lentilles color\u00e9es font des d\u00e9clarations audacieuses, les Maria Brown am\u00e9liorent le confort gr\u00e2ce \u00e0 un doux \u00e9clat de ch\u00e2taigne.<\/p>\n<p>Fabriqu\u00e9es \u00e0 partir de la formule de silicone hydrogel respirante de BQEYE, les lentilles Maria Brown sont con\u00e7ues pour un confort et une conservation des couleurs tout au long de la journ\u00e9e. Leur mat\u00e9riau fin mais flexible se d\u00e9place naturellement avec les yeux pour para\u00eetre invisible mais \u00e9tonnamment hypnotique. Infus\u00e9es d'agents hydratants, elles restent hydrat\u00e9es sans inconfort.<\/p>\n<p>Plut\u00f4t que des bruns durs, Maria Brown adopte un ton caramel doux, juste assez visible pour intriguer. Il fait ressortir les yeux comme une caract\u00e9ristique r\u00e9confortante mais vivante, sans \u00e9clipser les autres attributs. Les personnes qui le portent se sentent envelopp\u00e9es d'une chaleur accessible qui \u00e9mane de l'int\u00e9rieur.<\/p>\n<p>Les personnes ont adopt\u00e9 les lentilles Maria Brown, qui recherchent un style discret refl\u00e9tant leur nature amicale. Pour les nouveaux \u00e9tudiants ou coll\u00e8gues, leur touche de brun souligne une pr\u00e9sence \u00e0 la fois accueillante et ancr\u00e9e. Les enseignants comptent sur l'\u00e9clat de Maria Brown pour dynamiser les salles de classe gr\u00e2ce \u00e0 un regard \u00e0 la fois ferme et empathique.<\/p>\n<p>Dans n'importe quel environnement, les lentilles de contact Maria Brown permettent d'exprimer la personnalit\u00e9 \u00e0 travers des yeux qui rayonnent d'une attention sinc\u00e8re. Leur tonalit\u00e9 discr\u00e8te flatte les regards, qu'il s'agisse de mener des discussions ou de favoriser les contacts, sans compromettre la perception de comp\u00e9tence ou de capacit\u00e9. Les porteurs rayonnent d'une assurance enracin\u00e9e dans la gentillesse et la r\u00e9silience de l'int\u00e9rieur.<\/p>\n<p>Si vous cherchez \u00e0 mettre en valeur vos qualit\u00e9s les plus aimables par un \u00e9clat chaleureux, les lentilles Maria Brown de BQEYE sont id\u00e9ales. D\u00e9couvrez comment leur ton riche mais doux donne aux yeux une vie vibrante, comme une fen\u00eatre sur votre esprit bienveillant. Acceptez l'invitation de BQEYE \u00e0 briller avec une chaleur authentique.<\/p>\n<p>Laissez les lentilles de contact Maria Brown r\u00e9v\u00e9ler votre v\u00e9ritable compassion. BQEYE estime que l'acceptation de soi passe par la mise en valeur de ses attributs les plus gracieux - et ses lentilles illuminent l'amour de soi gr\u00e2ce \u00e0 une touche discr\u00e8te mais agr\u00e9able de luminosit\u00e9 marron, de l'int\u00e9rieur vers l'ext\u00e9rieur.<\/p>","protected":false},"excerpt":{"rendered":"<p>Finding Inner Warmth with BQEYE Maria Brown Lenses BQEYE&#8217;s Maria Brown contact lenses have become a staple for those seeking a touch of understated coziness. While many colored lenses make bold statements, Maria Brown enhances comfort through gentle chestnut radiance. Crafted from BQEYE&#8217;s breathable silicone hydrogel formula, Maria Brown lenses are designed for all-day comfort [&#8230;]\n","protected":false},"featured_media":1322,"comment_status":"open","ping_status":"closed","template":"","meta":[],"product_brand":[],"product_cat":[105,91,80,96,95,98],"product_tag":[354],"class_list":{"0":"post-1318","1":"product","2":"type-product","3":"status-publish","4":"has-post-thumbnail","6":"product_cat-maria","7":"product_cat-14-2-mm","8":"product_cat-brown-contact-lenses","9":"product_cat-non-prescription","10":"product_cat-prescription","11":"product_cat-yearly-disposable","12":"product_tag-brown-contact-lenses","14":"first","15":"instock","16":"sale","17":"shipping-taxable","18":"purchasable","19":"product-type-variable","20":"has-default-attributes"},"_links":{"self":[{"href":"https:\/\/bqeye.com\/fr\/wp-json\/wp\/v2\/product\/1318","targetHints":{"allow":["GET"]}}],"collection":[{"href":"https:\/\/bqeye.com\/fr\/wp-json\/wp\/v2\/product"}],"about":[{"href":"https:\/\/bqeye.com\/fr\/wp-json\/wp\/v2\/types\/product"}],"replies":[{"embeddable":true,"href":"https:\/\/bqeye.com\/fr\/wp-json\/wp\/v2\/comments?post=1318"}],"wp:featuredmedia":[{"embeddable":true,"href":"https:\/\/bqeye.com\/fr\/wp-json\/wp\/v2\/media\/1322"}],"wp:attachment":[{"href":"https:\/\/bqeye.com\/fr\/wp-json\/wp\/v2\/media?parent=1318"}],"wp:term":[{"taxonomy":"product_brand","embeddable":true,"href":"https:\/\/bqeye.com\/fr\/wp-json\/wp\/v2\/product_brand?post=1318"},{"taxonomy":"product_cat","embeddable":true,"href":"https:\/\/bqeye.com\/fr\/wp-json\/wp\/v2\/product_cat?post=1318"},{"taxonomy":"product_tag","embeddable":true,"href":"https:\/\/bqeye.com\/fr\/wp-json\/wp\/v2\/product_tag?post=1318"}],"curies":[{"name":"wp","href":"https:\/\/api.w.org\/{rel}","templated":true}]}}