{"id":1327,"date":"2023-12-22T03:11:33","date_gmt":"2023-12-22T03:11:33","guid":{"rendered":"https:\/\/bqeye.com\/?post_type=product&#038;p=1327"},"modified":"2024-04-18T02:19:49","modified_gmt":"2024-04-18T02:19:49","slug":"frosty-wonderland-blue-contact-lenses","status":"publish","type":"product","link":"https:\/\/bqeye.com\/fr\/frosty-wonderland-blue-contact-lenses\/","title":{"rendered":"Lentilles de contact bleues Frosty Wonderland"},"content":{"rendered":"<h3>Allumez votre esprit d'hiver avec le BQEYE Frosty Wonderland Blues<\/h3>\n<p>Alors que les saisons se transforment en mois plus froids, BQEYE vous invite \u00e0 illuminer vos yeux avec ses lentilles de contact Frosty Wonderland Blue. Faisant partie de la ligne BZeauty destin\u00e9e \u00e0 ceux qui aiment les looks color\u00e9s rotatifs, ces lentilles vives et fantaisistes r\u00e9veillent l'\u00e9merveillement de l'hiver.<\/p>\n<p>Fabriqu\u00e9s \u00e0 partir de la formule innovante de silicone hydrogel de BQEYE, les Frosty Wonderland Blues offrent un confort supr\u00eame, qu'ils soient port\u00e9s au quotidien ou lors de festivit\u00e9s saisonni\u00e8res. Leur mati\u00e8re respirante se d\u00e9place sans effort avec les yeux pour para\u00eetre invisible tout en \u00e9tant \u00e9tonnamment hypnotique. Infus\u00e9s d'agents hydratants, ils ne se dess\u00e8chent pas, m\u00eame par temps tr\u00e8s froid.<\/p>\n<p>Contrairement aux bleus vifs ordinaires, les lentilles Frosty Wonderland sont enchant\u00e9es par des m\u00e8ches d'argent scintillant qui donnent aux yeux un \u00e9clat cristallin glacial. Le r\u00e9sultat est un azur anim\u00e9 qui rappelle les flocons de neige scintillants, les eaux glaciales et les matins givr\u00e9s. Les porteurs se sentent transport\u00e9s au c\u0153ur de la magie naturelle de l'hiver, o\u00f9 que leurs aventures les m\u00e8nent.<\/p>\n<p>Avec Frosty Wonderland Blues, le style des f\u00eates de fin d'ann\u00e9e n'a jamais \u00e9t\u00e9 aussi ludique et festif. Leur effet paillet\u00e9 anim\u00e9 fait des yeux des fen\u00eatres sur la frivolit\u00e9 et l'enchantement. Les c\u00e9libataires qui cherchent \u00e0 faire des impressions durables trouveront dans ces lentilles un accessoire de soir\u00e9e anim\u00e9, qui permet de nouer des liens gr\u00e2ce \u00e0 des regards joyeux et pleins d'entrain.<\/p>\n<p>Pour les familles, les lentilles Frosty Wonderland permettent de partager la nostalgie et le plaisir de la saison avec les plus petits. Leur \u00e9clat bleu anim\u00e9 inspire l'imagination au milieu d'histoires d'anges de neige, de flocons de neige et d'espi\u00e8gleries de jour de neige. Les f\u00eates de fin d'ann\u00e9e accueillent les porteurs qui rayonnent d'un charme festif et de bonne humeur gr\u00e2ce \u00e0 des yeux qui brillent d'un esprit hivernal.<\/p>\n<p>Si vous cherchez \u00e0 enflammer votre joie enfantine int\u00e9rieure pendant les mois les plus froids, les lunettes Frosty Wonderland Blues de BQEYE ont \u00e9t\u00e9 con\u00e7ues sur mesure pour votre collection. Leur ton cyan scintillant stimule les visions de pays merveilleux \u00e0 port\u00e9e de main gr\u00e2ce \u00e0 un changement de lentille discret. D\u00e9couvrez comment le bleu scintillant enflamme les facettes expressives lors des c\u00e9l\u00e9brations avec les personnes aim\u00e9es.<\/p>\n<p>Cet hiver, laissez les lentilles de contact Frosty Wonderland insuffler une magie vivante \u00e0 vos jours et \u00e0 vos nuits. BQEYE vous invite \u00e0 d\u00e9couvrir les d\u00e9lices de la saison \u00e0 travers des yeux enchanteurs - des fen\u00eatres sur des aventures ludiques qui ne demandent qu'\u00e0 se d\u00e9ployer, une lentille ludique \u00e0 la fois.<\/p>","protected":false},"excerpt":{"rendered":"<p>Ignite Your Winter Spirit with BQEYE Frosty Wonderland Blues As the seasons turn to chillier months, BQEYE invites you to light up your eyes with their playful Frosty Wonderland Blue contact lenses. Part of their BZeauty line catering to those who love rotating colorful looks, these vivid yet whimsical lenses awaken winter wonder within. Crafted [&#8230;]\n","protected":false},"featured_media":1333,"comment_status":"open","ping_status":"closed","template":"","meta":[],"product_brand":[],"product_cat":[103,91,75,96,95,98],"product_tag":[354],"class_list":{"0":"post-1327","1":"product","2":"type-product","3":"status-publish","4":"has-post-thumbnail","6":"product_cat-love-story","7":"product_cat-14-2-mm","8":"product_cat-blue-contact-lenses","9":"product_cat-non-prescription","10":"product_cat-prescription","11":"product_cat-yearly-disposable","12":"product_tag-brown-contact-lenses","14":"first","15":"instock","16":"sale","17":"shipping-taxable","18":"purchasable","19":"product-type-variable","20":"has-default-attributes"},"_links":{"self":[{"href":"https:\/\/bqeye.com\/fr\/wp-json\/wp\/v2\/product\/1327","targetHints":{"allow":["GET"]}}],"collection":[{"href":"https:\/\/bqeye.com\/fr\/wp-json\/wp\/v2\/product"}],"about":[{"href":"https:\/\/bqeye.com\/fr\/wp-json\/wp\/v2\/types\/product"}],"replies":[{"embeddable":true,"href":"https:\/\/bqeye.com\/fr\/wp-json\/wp\/v2\/comments?post=1327"}],"wp:featuredmedia":[{"embeddable":true,"href":"https:\/\/bqeye.com\/fr\/wp-json\/wp\/v2\/media\/1333"}],"wp:attachment":[{"href":"https:\/\/bqeye.com\/fr\/wp-json\/wp\/v2\/media?parent=1327"}],"wp:term":[{"taxonomy":"product_brand","embeddable":true,"href":"https:\/\/bqeye.com\/fr\/wp-json\/wp\/v2\/product_brand?post=1327"},{"taxonomy":"product_cat","embeddable":true,"href":"https:\/\/bqeye.com\/fr\/wp-json\/wp\/v2\/product_cat?post=1327"},{"taxonomy":"product_tag","embeddable":true,"href":"https:\/\/bqeye.com\/fr\/wp-json\/wp\/v2\/product_tag?post=1327"}],"curies":[{"name":"wp","href":"https:\/\/api.w.org\/{rel}","templated":true}]}}