{"id":1335,"date":"2023-12-22T03:47:10","date_gmt":"2023-12-22T03:47:10","guid":{"rendered":"https:\/\/bqeye.com\/?post_type=product&#038;p=1335"},"modified":"2024-05-03T05:05:01","modified_gmt":"2024-05-03T05:05:01","slug":"frosty-wonderland-brown-contact-lenses","status":"publish","type":"product","link":"https:\/\/bqeye.com\/fr\/frosty-wonderland-brown-contact-lenses\/","title":{"rendered":"Lentilles de contact marron Frosty Wonderland"},"content":{"rendered":"<h3>Lentilles de contact brunes Frosty Wonderland : Couleur des yeux enchanteresse pour un look magique<\/h3>\n<div><\/div>\n<div>D\u00e9couvrez l'allure captivante du charme glacial de l'hiver avec nos lentilles de contact Frosty Wonderland Brown. Ces \u00e9tonnantes lentilles de contact sont con\u00e7ues pour transformer vos yeux en une fascinante nuance de brun, rappelant les teintes chaudes et accueillantes que l'on trouve dans une cabane d'hiver douillette. Parfaites pour les occasions sp\u00e9ciales, le cosplay ou le port quotidien, ces lentilles ajouteront une touche de magie \u00e0 votre apparence.<\/div>\n<div><\/div>\n<div>Fabriqu\u00e9es avec des mat\u00e9riaux de haute qualit\u00e9 et une technologie avanc\u00e9e, nos lentilles de contact Frosty Wonderland Brown privil\u00e9gient \u00e0 la fois le confort et l'attrait visuel. Les lentilles sont fabriqu\u00e9es \u00e0 partir d'un mat\u00e9riau souple et respirant qui laisse passer l'oxyg\u00e8ne, garantissant ainsi la sant\u00e9 et le confort de vos yeux tout au long de la journ\u00e9e. Le design ultra-mince permet une adaptation naturelle, ce qui les rend faciles \u00e0 porter et \u00e0 retirer, m\u00eame pour les novices en mati\u00e8re de lentilles de contact.<\/div>\n<div><\/div>\n<div>La couleur brune enchanteresse de ces lentilles est le r\u00e9sultat d'une conception m\u00e9ticuleuse et d'une attention particuli\u00e8re aux d\u00e9tails. Les tons riches et chauds sont m\u00e9lang\u00e9s de mani\u00e8re complexe pour cr\u00e9er une apparence naturelle qui met en valeur la beaut\u00e9 de vos yeux. Les subtiles taches d'or et d'ambre dans la teinte brune captent la lumi\u00e8re, ajoutant de la profondeur et de la dimension \u00e0 votre regard, tout comme le scintillement de la neige fra\u00eechement tomb\u00e9e sous le soleil d'hiver.<\/div>\n<div><\/div>\n<div>Que vous cherchiez \u00e0 cr\u00e9er un look captivant inspir\u00e9 de l'hiver pour un \u00e9v\u00e9nement \u00e0 th\u00e8me, ou que vous souhaitiez simplement mettre en valeur la couleur naturelle de vos yeux, nos lentilles de contact Frosty Wonderland Brown sont le choix id\u00e9al. Ces lentilles conviennent \u00e0 un large \u00e9ventail d'occasions, des f\u00eates costum\u00e9es aux repr\u00e9sentations th\u00e9\u00e2trales en passant par les tenues de tous les jours, vous permettant d'embrasser la magie de l'hiver quand vous le souhaitez.<\/div>\n<div><\/div>\n<div>Mais ne vous contentez pas de nous croire sur parole, voyez ce que nos clients ravis ont \u00e0 dire sur leur exp\u00e9rience avec ces lentilles de contact. Sophia de New York s'extasie : \"J'adore mes lentilles de contact Frosty Wonderland Brown ! La couleur est si riche et chaude, et elles sont incroyablement confortables \u00e0 porter.\" Oliver, de Londres, ajoute : \"Ces lentilles sont devenues mon outil de pr\u00e9dilection pour cr\u00e9er des looks enchanteurs inspir\u00e9s de l'hiver. La teinte brune est magnifique et les lentilles sont si naturelles sur mes yeux.\"<\/div>\n<div><\/div>\n<div>Rehaussez la couleur de vos yeux et adoptez l'allure captivante de l'hiver avec nos lentilles de contact Frosty Wonderland Brown. Ces lentilles \u00e9tonnantes allient confort, qualit\u00e9 et couleur envo\u00fbtante, ce qui en fait l'accessoire parfait pour tous ceux qui cherchent \u00e0 ajouter une touche de magie \u00e0 leur apparence. Alors, pourquoi attendre ? Plongez dans le monde enchanteur des teintes brunes givr\u00e9es et d\u00e9couvrez le pouvoir de transformation de nos lentilles de contact Frosty Wonderland Brown d\u00e8s aujourd'hui.<\/div>\n<div><\/div>\n<div>D\u00e9couvrez le m\u00e9lange parfait de confort et de style magique avec les lentilles de contact brunes Frosty Wonderland - le choix ultime pour ceux qui veulent captiver et enchanter avec leurs yeux. Vos yeux (et votre sens de l'\u00e9merveillement) vous remercieront !<\/div>","protected":false},"excerpt":{"rendered":"<p>Introducing Frosty Wonderland Brown Contact Lenses: Enchanting Eye Color for a Magical Look Experience the captivating allure of winter&#8217;s frosty charm with our Frosty Wonderland Brown Contact Lenses. These stunning contact lenses are designed to transform your eyes into a mesmerizing shade of brown, reminiscent of the warm, inviting hues found in a cozy winter [&#8230;]\n","protected":false},"featured_media":1573,"comment_status":"open","ping_status":"closed","template":"","meta":[],"product_brand":[],"product_cat":[103,91,80,96,95,98],"product_tag":[354],"class_list":{"0":"post-1335","1":"product","2":"type-product","3":"status-publish","4":"has-post-thumbnail","6":"product_cat-love-story","7":"product_cat-14-2-mm","8":"product_cat-brown-contact-lenses","9":"product_cat-non-prescription","10":"product_cat-prescription","11":"product_cat-yearly-disposable","12":"product_tag-brown-contact-lenses","14":"first","15":"instock","16":"sale","17":"shipping-taxable","18":"purchasable","19":"product-type-variable","20":"has-default-attributes"},"_links":{"self":[{"href":"https:\/\/bqeye.com\/fr\/wp-json\/wp\/v2\/product\/1335","targetHints":{"allow":["GET"]}}],"collection":[{"href":"https:\/\/bqeye.com\/fr\/wp-json\/wp\/v2\/product"}],"about":[{"href":"https:\/\/bqeye.com\/fr\/wp-json\/wp\/v2\/types\/product"}],"replies":[{"embeddable":true,"href":"https:\/\/bqeye.com\/fr\/wp-json\/wp\/v2\/comments?post=1335"}],"wp:featuredmedia":[{"embeddable":true,"href":"https:\/\/bqeye.com\/fr\/wp-json\/wp\/v2\/media\/1573"}],"wp:attachment":[{"href":"https:\/\/bqeye.com\/fr\/wp-json\/wp\/v2\/media?parent=1335"}],"wp:term":[{"taxonomy":"product_brand","embeddable":true,"href":"https:\/\/bqeye.com\/fr\/wp-json\/wp\/v2\/product_brand?post=1335"},{"taxonomy":"product_cat","embeddable":true,"href":"https:\/\/bqeye.com\/fr\/wp-json\/wp\/v2\/product_cat?post=1335"},{"taxonomy":"product_tag","embeddable":true,"href":"https:\/\/bqeye.com\/fr\/wp-json\/wp\/v2\/product_tag?post=1335"}],"curies":[{"name":"wp","href":"https:\/\/api.w.org\/{rel}","templated":true}]}}