{"id":1578,"date":"2024-04-18T02:30:42","date_gmt":"2024-04-18T02:30:42","guid":{"rendered":"https:\/\/bqeye.com\/?post_type=product&#038;p=1578"},"modified":"2024-04-18T03:42:48","modified_gmt":"2024-04-18T03:42:48","slug":"circle-block-black-contact-lenses","status":"publish","type":"product","link":"https:\/\/bqeye.com\/fr\/circle-block-black-contact-lenses\/","title":{"rendered":"Lentilles de contact Circle Block Black"},"content":{"rendered":"<h3>Red\u00e9finissez vos yeux, d\u00e9voilez une allure extraordinaire - BQEYE Circle Block Black Contact Lenses<\/h3>\n<div><\/div>\n<div>Chaque regard, chaque contact visuel, est une conversation entre les \u00e2mes. Et vos yeux sont les protagonistes de ce dialogue. Maintenant, laissez les lentilles de contact BQEYE Circle Block Black d\u00e9clencher une transformation r\u00e9volutionnaire pour vos yeux, en interpr\u00e9tant la sauvagerie et l'esprit libre qui sont en vous \u00e0 travers le noir ultime.<\/div>\n<div><\/div>\n<div>Ces lentilles de contact noires sont dot\u00e9es d'un design innovant, le Circle Block, qui cr\u00e9e un anneau noir profond et percutant autour de votre iris gr\u00e2ce au motif ray\u00e9 noir. Votre regard devient plus engageant, plus puissant, \u00e9manant un charme irr\u00e9sistible qu'il est difficile d'ignorer. Que ce soit dans la vie quotidienne, sur sc\u00e8ne ou lors d'occasions sp\u00e9ciales, les lentilles de contact noires BQEYE Circle Block garantissent que vous devenez le centre d'attention.<\/div>\n<div><\/div>\n<div>Nous comprenons que la beaut\u00e9 ne doit jamais se faire au d\u00e9triment du confort. C'est pourquoi les lentilles de contact noires BQEYE Circle Block sont fabriqu\u00e9es avec des mat\u00e9riaux \u00e0 haute perm\u00e9abilit\u00e9 \u00e0 l'oxyg\u00e8ne, garantissant que vos yeux restent confortables m\u00eame apr\u00e8s un port prolong\u00e9. De plus, notre mod\u00e8le DTC (Direct to Consumer) \u00e9limine les interm\u00e9diaires, ce qui nous permet de vous proposer ces lentilles de contact noires de qualit\u00e9 sup\u00e9rieure \u00e0 un prix incroyablement abordable.<\/div>\n<div><\/div>\n<div>Profitez de la confiance que vous procurent les lentilles de contact BQEYE Circle Block Black. Laissez la couleur noire profonde et captivante accentuer votre beaut\u00e9 naturelle, en faisant para\u00eetre vos yeux plus pleins, plus brillants et plus expressifs. Ces lentilles ne sont pas seulement un accessoire, elles sont une extension de votre personnalit\u00e9 unique, une d\u00e9claration de votre attitude audacieuse et intr\u00e9pide.<\/div>\n<div><\/div>\n<div>Chez BQEYE, nous nous engageons \u00e0 vous fournir des lentilles de contact noires de la plus haute qualit\u00e9, sans compromis sur le style ou le confort. Chaque lentille est soumise \u00e0 des tests rigoureux et \u00e0 un contr\u00f4le de qualit\u00e9 afin de garantir une adaptation parfaite et une apparence impeccable. Avec un entretien appropri\u00e9, vous pouvez profiter des effets \u00e9blouissants des lentilles de contact noires Circle Block de BQEYE pendant une p\u00e9riode prolong\u00e9e.<\/div>\n<div><\/div>\n<div>Entrez dans un monde o\u00f9 vos yeux parlent plus fort que les mots. Laissez les lentilles de contact BQEYE Circle Block Black \u00eatre votre arme secr\u00e8te pour captiver, enchanter et laisser une impression inoubliable. Adoptez le pouvoir du noir et laissez vos yeux raconter votre histoire.<\/div>\n<div><\/div>\n<div>Faites l'exp\u00e9rience de la diff\u00e9rence BQEYE d\u00e8s aujourd'hui. Commandez d\u00e8s maintenant vos lentilles de contact Circle Block Black et lib\u00e9rez l'allure extraordinaire qui sommeille en vous. Vos yeux ne m\u00e9ritent rien de moins que le meilleur, et BQEYE est l\u00e0 pour vous l'offrir.<\/div>\n<div><\/div>\n<div>#Lentilles de contact noires #CircleBlockDesign #EyeFashion #BoldAndFearless #UleashYourAllure<\/div>","protected":false},"excerpt":{"rendered":"<p>Redefine Your Eyes, Unveil Extraordinary Allure &#8211; BQEYE Circle Block Black Contact Lenses Every glance, every eye contact, is a conversation between souls. And your eyes are the protagonists of this dialogue. Now, let BQEYE Circle Block Black Contact Lenses unleash a revolutionary transformation for your eyes, interpreting the wildness and free spirit within you [&#8230;]\n","protected":false},"featured_media":1585,"comment_status":"open","ping_status":"closed","template":"","meta":[],"product_brand":[],"product_cat":[223,91,73,96,95,98],"product_tag":[354],"class_list":{"0":"post-1578","1":"product","2":"type-product","3":"status-publish","4":"has-post-thumbnail","6":"product_cat-circle-block","7":"product_cat-14-2-mm","8":"product_cat-black-contact-lenses","9":"product_cat-non-prescription","10":"product_cat-prescription","11":"product_cat-yearly-disposable","12":"product_tag-brown-contact-lenses","14":"first","15":"instock","16":"sale","17":"shipping-taxable","18":"purchasable","19":"product-type-variable","20":"has-default-attributes"},"_links":{"self":[{"href":"https:\/\/bqeye.com\/fr\/wp-json\/wp\/v2\/product\/1578","targetHints":{"allow":["GET"]}}],"collection":[{"href":"https:\/\/bqeye.com\/fr\/wp-json\/wp\/v2\/product"}],"about":[{"href":"https:\/\/bqeye.com\/fr\/wp-json\/wp\/v2\/types\/product"}],"replies":[{"embeddable":true,"href":"https:\/\/bqeye.com\/fr\/wp-json\/wp\/v2\/comments?post=1578"}],"wp:featuredmedia":[{"embeddable":true,"href":"https:\/\/bqeye.com\/fr\/wp-json\/wp\/v2\/media\/1585"}],"wp:attachment":[{"href":"https:\/\/bqeye.com\/fr\/wp-json\/wp\/v2\/media?parent=1578"}],"wp:term":[{"taxonomy":"product_brand","embeddable":true,"href":"https:\/\/bqeye.com\/fr\/wp-json\/wp\/v2\/product_brand?post=1578"},{"taxonomy":"product_cat","embeddable":true,"href":"https:\/\/bqeye.com\/fr\/wp-json\/wp\/v2\/product_cat?post=1578"},{"taxonomy":"product_tag","embeddable":true,"href":"https:\/\/bqeye.com\/fr\/wp-json\/wp\/v2\/product_tag?post=1578"}],"curies":[{"name":"wp","href":"https:\/\/api.w.org\/{rel}","templated":true}]}}