{"id":1896,"date":"2025-01-04T15:33:18","date_gmt":"2025-01-04T07:33:18","guid":{"rendered":"https:\/\/bqeye.com\/?post_type=product&#038;p=1896"},"modified":"2025-01-04T15:35:00","modified_gmt":"2025-01-04T07:35:00","slug":"secret-dream-purple-contact-lenses","status":"publish","type":"product","link":"https:\/\/bqeye.com\/fr\/secret-dream-purple-contact-lenses\/","title":{"rendered":"Lentilles de contact Secret Dream Purple"},"content":{"rendered":"<h1 class=\"md-end-block md-heading\"><span class=\"md-plain md-expand\">Lentilles de contact violettes Secret Dream - Enchantement mystique \u2728<\/span><\/h1>\n<p class=\"md-end-block md-p\"><span class=\"md-pair-s\"><em><span class=\"md-plain\">D\u00e9couvrez l'attrait des myst\u00e9rieuses lentilles violettes - o\u00f9 r\u00eaves et r\u00e9alit\u00e9 s'entrem\u00ealent<\/span><\/em><\/span><\/p>\n<h2 class=\"md-end-block md-heading\"><span class=\"md-plain\">\ud83c\udf1f Examens professionnels<\/span><\/h2>\n<h3 class=\"md-end-block md-heading\"><span class=\"md-plain\">Points de vue d'experts<\/span><\/h3>\n<blockquote>\n<p class=\"md-end-block md-p\"><span class=\"md-plain\">\"Ces lentilles violettes cr\u00e9ent une profondeur d'un autre monde qui captive\".<\/span> <span class=\"md-pair-s\"><em><span class=\"md-plain\">- Victoria R., maquilleuse de c\u00e9l\u00e9brit\u00e9s<\/span><\/em><\/span><\/p>\n<\/blockquote>\n<blockquote>\n<p class=\"md-end-block md-p\"><span class=\"md-plain\">\"Le d\u00e9grad\u00e9 de violet imite les secrets du cr\u00e9puscule \u00e0 chaque regard.<\/span> <span class=\"md-pair-s\"><em><span class=\"md-plain\">- Christopher M., Photographe de mode<\/span><\/em><\/span><\/p>\n<\/blockquote>\n<blockquote>\n<p class=\"md-end-block md-p\"><span class=\"md-plain\">\"Mes clients sont envo\u00fbt\u00e9s par la dimension myst\u00e9rieuse que ces lentilles cr\u00e9ent\".<\/span> <span class=\"md-pair-s\"><em><span class=\"md-plain\">- Elizabeth S., Experte en beaut\u00e9<\/span><\/em><\/span><\/p>\n<\/blockquote>\n<h2 class=\"md-end-block md-heading\"><span class=\"md-plain\">\ud83c\udfad Perfect Occasions<\/span><\/h2>\n<h3 class=\"md-end-block md-heading\"><span class=\"md-plain\">Id\u00e9al pour<\/span><\/h3>\n<ul class=\"ul-list\" data-mark=\"-\">\n<li class=\"md-list-item\">\n<p class=\"md-end-block md-p\"><span class=\"md-plain\">Soir\u00e9es mystiques<\/span><\/p>\n<\/li>\n<li class=\"md-list-item\">\n<p class=\"md-end-block md-p\"><span class=\"md-plain\">Photoshoots artistiques<\/span><\/p>\n<\/li>\n<li class=\"md-list-item\">\n<p class=\"md-end-block md-p\"><span class=\"md-plain\">\u00c9v\u00e9nements fantastiques<\/span><\/p>\n<\/li>\n<li class=\"md-list-item\">\n<p class=\"md-end-block md-p\"><span class=\"md-plain\">Expressions cr\u00e9atives<\/span><\/p>\n<\/li>\n<li class=\"md-list-item\">\n<p class=\"md-end-block md-p\"><span class=\"md-plain\">Occasions sp\u00e9ciales<\/span><\/p>\n<\/li>\n<li class=\"md-list-item\">\n<p class=\"md-end-block md-p\"><span class=\"md-plain\">Repr\u00e9sentations sur sc\u00e8ne<\/span><\/p>\n<\/li>\n<\/ul>\n<h3 class=\"md-end-block md-heading\"><span class=\"md-plain\">Des r\u00e9glages parfaits<\/span><\/h3>\n<ul class=\"ul-list\" data-mark=\"-\">\n<li class=\"md-list-item\">\n<p class=\"md-end-block md-p\"><span class=\"md-plain\">Heures de cr\u00e9puscule<\/span><\/p>\n<\/li>\n<li class=\"md-list-item\">\n<p class=\"md-end-block md-p\"><span class=\"md-plain\">Lieux mystiques<\/span><\/p>\n<\/li>\n<li class=\"md-list-item\">\n<p class=\"md-end-block md-p\"><span class=\"md-plain\">Soir\u00e9es de gala<\/span><\/p>\n<\/li>\n<li class=\"md-list-item\">\n<p class=\"md-end-block md-p\"><span class=\"md-plain\">Studios photo<\/span><\/p>\n<\/li>\n<li class=\"md-list-item\">\n<p class=\"md-end-block md-p\"><span class=\"md-plain\">\u00c9v\u00e9nements nocturnes<\/span><\/p>\n<\/li>\n<li class=\"md-list-item\">\n<p class=\"md-end-block md-p\"><span class=\"md-plain\">F\u00eates \u00e0 th\u00e8me<\/span><\/p>\n<\/li>\n<\/ul>\n<h2 class=\"md-end-block md-heading\"><span class=\"md-plain\">\ud83d\udc84 Guide du style<\/span><\/h2>\n<h3 class=\"md-end-block md-heading\"><span class=\"md-plain\">Regard enchant\u00e9<\/span><\/h3>\n<p class=\"md-end-block md-p\"><span class=\"md-plain\">Cr\u00e9er avec :<\/span><\/p>\n<ul class=\"ul-list\" data-mark=\"-\">\n<li class=\"md-list-item\">\n<p class=\"md-end-block md-p\"><span class=\"md-plain\">Lentilles violet fonc\u00e9<\/span><\/p>\n<\/li>\n<li class=\"md-list-item\">\n<p class=\"md-end-block md-p\"><span class=\"md-plain\">Ombre iris\u00e9e<\/span><\/p>\n<\/li>\n<li class=\"md-list-item\">\n<p class=\"md-end-block md-p\"><span class=\"md-plain\">Mascara intense<\/span><\/p>\n<\/li>\n<li class=\"md-list-item\">\n<p class=\"md-end-block md-p\"><span class=\"md-plain\">Surligneur en perles<\/span> <span class=\"md-plain\">R\u00e9sultat : Allure mystique<\/span><\/p>\n<\/li>\n<\/ul>\n<h3 class=\"md-end-block md-heading\"><span class=\"md-plain\">Magie de la nuit Glamour<\/span><\/h3>\n<p class=\"md-end-block md-p\"><span class=\"md-plain\">Am\u00e9liorer avec :<\/span><\/p>\n<ul class=\"ul-list\" data-mark=\"-\">\n<li class=\"md-list-item\">\n<p class=\"md-end-block md-p\"><span class=\"md-plain\">Contacts Am\u00e9thyste<\/span><\/p>\n<\/li>\n<li class=\"md-list-item\">\n<p class=\"md-end-block md-p\"><span class=\"md-plain\">Effets de fum\u00e9e<\/span><\/p>\n<\/li>\n<li class=\"md-list-item\">\n<p class=\"md-end-block md-p\"><span class=\"md-plain\">Un \u00e9clat subtil<\/span><\/p>\n<\/li>\n<li class=\"md-list-item\">\n<p class=\"md-end-block md-p\"><span class=\"md-plain\">L\u00e8vres brillantes<\/span> <span class=\"md-plain\">R\u00e9sultat : El\u00e9gance \u00e9th\u00e9r\u00e9e<\/span><\/p>\n<\/li>\n<\/ul>\n<h2 class=\"md-end-block md-heading\"><span class=\"md-plain\">\ud83c\udf1f Fonctionnalit\u00e9s Premium<\/span><\/h2>\n<ol class=\"ol-list\" start=\"\">\n<li class=\"md-list-item\">\n<p class=\"md-end-block md-p\"><span class=\"md-plain\">Technologie violet mystique<\/span><\/p>\n<\/li>\n<li class=\"md-list-item\">\n<p class=\"md-end-block md-p\"><span class=\"md-plain\">Reflets iris\u00e9s<\/span><\/p>\n<\/li>\n<li class=\"md-list-item\">\n<p class=\"md-end-block md-p\"><span class=\"md-plain\">Effet hypnotique<\/span><\/p>\n<\/li>\n<li class=\"md-list-item\">\n<p class=\"md-end-block md-p\"><span class=\"md-plain\">Une vision claire<\/span><\/p>\n<\/li>\n<li class=\"md-list-item\">\n<p class=\"md-end-block md-p\"><span class=\"md-plain\">Confort tout au long de la journ\u00e9e<\/span><\/p>\n<\/li>\n<li class=\"md-list-item\">\n<p class=\"md-end-block md-p\"><span class=\"md-plain\">Une profondeur myst\u00e9rieuse<\/span><\/p>\n<\/li>\n<li class=\"md-list-item\">\n<p class=\"md-end-block md-p\"><span class=\"md-plain\">Transition naturelle<\/span><\/p>\n<\/li>\n<li class=\"md-list-item\">\n<p class=\"md-end-block md-p\"><span class=\"md-plain\">Protection UV<\/span><\/p>\n<\/li>\n<li class=\"md-list-item\">\n<p class=\"md-end-block md-p\"><span class=\"md-plain\">Mati\u00e8re souple<\/span><\/p>\n<\/li>\n<li class=\"md-list-item\">\n<p class=\"md-end-block md-p\"><span class=\"md-plain\">Conception ergonomique<\/span><\/p>\n<\/li>\n<\/ol>\n<h2 class=\"md-end-block md-heading\"><span class=\"md-plain\">\ud83d\udc97 Histoires de clients<\/span><\/h2>\n<blockquote>\n<p class=\"md-end-block md-p\"><span class=\"md-plain\">\"Ces lentilles transforment mon regard en un myst\u00e8re envo\u00fbtant.<\/span> <span class=\"md-pair-s\"><em><span class=\"md-plain\">- Sophia K., Artiste<\/span><\/em><\/span><\/p>\n<\/blockquote>\n<blockquote>\n<p class=\"md-end-block md-p\"><span class=\"md-plain\">\"L'effet subtil du violet cr\u00e9e une aura vraiment unique.<\/span> <span class=\"md-pair-s\"><em><span class=\"md-plain\">- Isabella M., Influenceur<\/span><\/em><\/span><\/p>\n<\/blockquote>\n<h2 class=\"md-end-block md-heading\"><span class=\"md-plain\">\ud83c\udfa8 Technologie de la couleur<\/span><\/h2>\n<h3 class=\"md-end-block md-heading\"><span class=\"md-plain\">Motif mystique<\/span><\/h3>\n<ul class=\"ul-list\" data-mark=\"-\">\n<li class=\"md-list-item\">\n<p class=\"md-end-block md-p\"><span class=\"md-plain\">Base : Violet profond<\/span><\/p>\n<\/li>\n<li class=\"md-list-item\">\n<p class=\"md-end-block md-p\"><span class=\"md-plain\">Milieu : Am\u00e9thyste<\/span><\/p>\n<\/li>\n<li class=\"md-list-item\">\n<p class=\"md-end-block md-p\"><span class=\"md-plain\">Ext\u00e9rieur : Violet perl\u00e9<\/span><\/p>\n<\/li>\n<li class=\"md-list-item\">\n<p class=\"md-end-block md-p\"><span class=\"md-plain\">Anneau : violet intense<\/span><\/p>\n<\/li>\n<li class=\"md-list-item\">\n<p class=\"md-end-block md-p\"><span class=\"md-plain\">Centre : Violet clair<\/span><\/p>\n<\/li>\n<\/ul>\n<h3 class=\"md-end-block md-heading\"><span class=\"md-plain\">Adaptation \u00e0 la lumi\u00e8re<\/span><\/h3>\n<ul class=\"ul-list\" data-mark=\"-\">\n<li class=\"md-list-item\">\n<p class=\"md-end-block md-p\"><span class=\"md-plain\">Lumi\u00e8re du jour : Violet subtil<\/span><\/p>\n<\/li>\n<li class=\"md-list-item\">\n<p class=\"md-end-block md-p\"><span class=\"md-plain\">Soir\u00e9e : Violet fonc\u00e9<\/span><\/p>\n<\/li>\n<li class=\"md-list-item\">\n<p class=\"md-end-block md-p\"><span class=\"md-plain\">Int\u00e9rieur : Mauve myst\u00e9rieux<\/span><\/p>\n<\/li>\n<li class=\"md-list-item\">\n<p class=\"md-end-block md-p\"><span class=\"md-plain\">Nuit : Violet riche<\/span><\/p>\n<\/li>\n<\/ul>\n<h2 class=\"md-end-block md-heading\"><span class=\"md-plain\">\ud83d\udccb Guide de l'usure<\/span><\/h2>\n<h3 class=\"md-end-block md-heading\"><span class=\"md-plain\">Soins quotidiens<\/span><\/h3>\n<p class=\"md-end-block md-p\"><span class=\"md-plain\">Matin :<\/span><\/p>\n<ul class=\"ul-list\" data-mark=\"-\">\n<li class=\"md-list-item\">\n<p class=\"md-end-block md-p\"><span class=\"md-plain\">Insertion en douceur<\/span><\/p>\n<\/li>\n<li class=\"md-list-item\">\n<p class=\"md-end-block md-p\"><span class=\"md-plain\">Contr\u00f4le de l'effet<\/span><\/p>\n<\/li>\n<li class=\"md-list-item\">\n<p class=\"md-end-block md-p\"><span class=\"md-plain\">V\u00e9rification du confort<\/span><\/p>\n<\/li>\n<\/ul>\n<p class=\"md-end-block md-p\"><span class=\"md-plain\">Soir\u00e9e :<\/span><\/p>\n<ul class=\"ul-list\" data-mark=\"-\">\n<li class=\"md-list-item\">\n<p class=\"md-end-block md-p\"><span class=\"md-plain\">Retrait soigneux<\/span><\/p>\n<\/li>\n<li class=\"md-list-item\">\n<p class=\"md-end-block md-p\"><span class=\"md-plain\">Nettoyage en profondeur<\/span><\/p>\n<\/li>\n<li class=\"md-list-item\">\n<p class=\"md-end-block md-p\"><span class=\"md-plain\">Stockage s\u00e9curis\u00e9<\/span><\/p>\n<\/li>\n<\/ul>\n<h2 class=\"md-end-block md-heading\"><span class=\"md-plain\">\ud83c\udf1f Combinaisons de styles<\/span><\/h2>\n<h3 class=\"md-end-block md-heading\"><span class=\"md-plain\">Myst\u00e8re naturel<\/span><\/h3>\n<ul class=\"ul-list\" data-mark=\"-\">\n<li class=\"md-list-item\">\n<p class=\"md-end-block md-p\"><span class=\"md-plain\">Base violette douce<\/span><\/p>\n<\/li>\n<li class=\"md-list-item\">\n<p class=\"md-end-block md-p\"><span class=\"md-plain\">Maquillage l\u00e9ger<\/span><\/p>\n<\/li>\n<li class=\"md-list-item\">\n<p class=\"md-end-block md-p\"><span class=\"md-plain\">Effet subtil<\/span> <span class=\"md-plain\">R\u00e9sultat : Enchantement doux<\/span><\/p>\n<\/li>\n<\/ul>\n<h3 class=\"md-end-block md-heading\"><span class=\"md-plain\">Magie dramatique<\/span><\/h3>\n<ul class=\"ul-list\" data-mark=\"-\">\n<li class=\"md-list-item\">\n<p class=\"md-end-block md-p\"><span class=\"md-plain\">Intensit\u00e9 du violet profond<\/span><\/p>\n<\/li>\n<li class=\"md-list-item\">\n<p class=\"md-end-block md-p\"><span class=\"md-plain\">Yeux charbonneux<\/span><\/p>\n<\/li>\n<li class=\"md-list-item\">\n<p class=\"md-end-block md-p\"><span class=\"md-plain\">Un maximum d'\u00e9clat<\/span> <span class=\"md-plain\">R\u00e9sultat : Un impact frappant<\/span><\/p>\n<\/li>\n<\/ul>\n<h3 class=\"md-end-block md-heading\"><span class=\"md-plain\">Enigme \u00e9l\u00e9gante<\/span><\/h3>\n<ul class=\"ul-list\" data-mark=\"-\">\n<li class=\"md-list-item\">\n<p class=\"md-end-block md-p\"><span class=\"md-plain\">Profondeur du violet riche<\/span><\/p>\n<\/li>\n<li class=\"md-list-item\">\n<p class=\"md-end-block md-p\"><span class=\"md-plain\">Maquillage raffin\u00e9<\/span><\/p>\n<\/li>\n<li class=\"md-list-item\">\n<p class=\"md-end-block md-p\"><span class=\"md-plain\">Accents perl\u00e9s<\/span> <span class=\"md-plain\">R\u00e9sultat : Sophistication myst\u00e9rieuse<\/span><\/p>\n<\/li>\n<\/ul>\n<h2 class=\"md-end-block md-heading\"><span class=\"md-plain\">\ud83d\udcab Effets sp\u00e9ciaux<\/span><\/h2>\n<h3 class=\"md-end-block md-heading\"><span class=\"md-plain\">Jeu de lumi\u00e8re<\/span><\/h3>\n<ul class=\"ul-list\" data-mark=\"-\">\n<li class=\"md-list-item\">\n<p class=\"md-end-block md-p\"><span class=\"md-plain\">Brillance multidimensionnelle<\/span><\/p>\n<\/li>\n<li class=\"md-list-item\">\n<p class=\"md-end-block md-p\"><span class=\"md-plain\">Miroir mystique<\/span><\/p>\n<\/li>\n<li class=\"md-list-item\">\n<p class=\"md-end-block md-p\"><span class=\"md-plain\">Transitions douces<\/span><\/p>\n<\/li>\n<li class=\"md-list-item\">\n<p class=\"md-end-block md-p\"><span class=\"md-plain\">Mouvement naturel<\/span><\/p>\n<\/li>\n<li class=\"md-list-item\">\n<p class=\"md-end-block md-p\"><span class=\"md-plain\">Profondeur variable<\/span><\/p>\n<\/li>\n<\/ul>\n<h3 class=\"md-end-block md-heading\"><span class=\"md-plain\">Couleur Dimensions<\/span><\/h3>\n<ul class=\"ul-list\" data-mark=\"-\">\n<li class=\"md-list-item\">\n<p class=\"md-end-block md-p\"><span class=\"md-plain\">Base myst\u00e9rieuse<\/span><\/p>\n<\/li>\n<li class=\"md-list-item\">\n<p class=\"md-end-block md-p\"><span class=\"md-plain\">Points lumineux<\/span><\/p>\n<\/li>\n<li class=\"md-list-item\">\n<p class=\"md-end-block md-p\"><span class=\"md-plain\">Motifs subtils<\/span><\/p>\n<\/li>\n<li class=\"md-list-item\">\n<p class=\"md-end-block md-p\"><span class=\"md-plain\">Changement de reflets<\/span><\/p>\n<\/li>\n<li class=\"md-list-item\">\n<p class=\"md-end-block md-p\"><span class=\"md-plain\">Adaptation naturelle<\/span><\/p>\n<\/li>\n<\/ul>\n<h3 class=\"md-end-block md-heading\"><span class=\"md-plain\">Caract\u00e9ristiques de confort<\/span><\/h3>\n<ul class=\"ul-list\" data-mark=\"-\">\n<li class=\"md-list-item\">\n<p class=\"md-end-block md-p\"><span class=\"md-plain\">Mati\u00e8re respirante<\/span><\/p>\n<\/li>\n<li class=\"md-list-item\">\n<p class=\"md-end-block md-p\"><span class=\"md-plain\">Port prolong\u00e9<\/span><\/p>\n<\/li>\n<li class=\"md-list-item\">\n<p class=\"md-end-block md-p\"><span class=\"md-plain\">Hydratation continue<\/span><\/p>\n<\/li>\n<li class=\"md-list-item\">\n<p class=\"md-end-block md-p\"><span class=\"md-plain\">Bords arrondis<\/span><\/p>\n<\/li>\n<li class=\"md-list-item\">\n<p class=\"md-end-block md-p\"><span class=\"md-plain\">Sensation naturelle<\/span><\/p>\n<\/li>\n<\/ul>\n<h2 class=\"md-end-block md-heading\"><span class=\"md-plain\">\ud83c\udf19 Am\u00e9lioration de la soir\u00e9e<\/span><\/h2>\n<h3 class=\"md-end-block md-heading\"><span class=\"md-plain\">Magie du cr\u00e9puscule<\/span><\/h3>\n<ul class=\"ul-list\" data-mark=\"-\">\n<li class=\"md-list-item\">\n<p class=\"md-end-block md-p\"><span class=\"md-plain\">Pourpre renforc\u00e9<\/span><\/p>\n<\/li>\n<li class=\"md-list-item\">\n<p class=\"md-end-block md-p\"><span class=\"md-plain\">R\u00e9flexions myst\u00e9rieuses<\/span><\/p>\n<\/li>\n<li class=\"md-list-item\">\n<p class=\"md-end-block md-p\"><span class=\"md-plain\">\u00c9clat subtil<\/span> <span class=\"md-plain\">R\u00e9sultat : Charme nocturne<\/span><\/p>\n<\/li>\n<\/ul>\n<h3 class=\"md-end-block md-heading\"><span class=\"md-plain\">Myst\u00e8re du cr\u00e9puscule<\/span><\/h3>\n<ul class=\"ul-list\" data-mark=\"-\">\n<li class=\"md-list-item\">\n<p class=\"md-end-block md-p\"><span class=\"md-plain\">Tons profonds<\/span><\/p>\n<\/li>\n<li class=\"md-list-item\">\n<p class=\"md-end-block md-p\"><span class=\"md-plain\">Douceur chatoyante<\/span><\/p>\n<\/li>\n<li class=\"md-list-item\">\n<p class=\"md-end-block md-p\"><span class=\"md-plain\">Aura \u00e9nigmatique<\/span> <span class=\"md-plain\">R\u00e9sultat : Beaut\u00e9 mystique<\/span><\/p>\n<\/li>\n<\/ul>\n<p class=\"md-end-block md-p md-focus\"><span class=\"md-pair-s md-expand\"><em><span class=\"md-plain\">Transformez votre regard en un myst\u00e8re enchanteur avec les lentilles de contact Secret Dream Purple - o\u00f9 chaque regard raconte une histoire mystique. \u2728<\/span><\/em><\/span><\/p>","protected":false},"excerpt":{"rendered":"<p>Secret Dream Purple Contact Lenses &#8211; Mystical Enchantment \u2728 Discover the allure of mysterious purple lenses &#8211; where dreams and reality intertwine \ud83c\udf1f Professional Reviews Expert Insights &#8220;These purple lenses create an otherworldly depth that captivates.&#8221; &#8211; Victoria R., Celebrity Makeup Artist &#8220;The purple gradient mimics twilight secrets in every glance.&#8221; &#8211; Christopher M., Fashion [&#8230;]\n","protected":false},"featured_media":1898,"comment_status":"open","ping_status":"closed","template":"","meta":[],"product_brand":[],"product_cat":[82,92,188,98],"product_tag":[380],"class_list":{"0":"post-1896","1":"product","2":"type-product","3":"status-publish","4":"has-post-thumbnail","6":"product_cat-purple-contact-lenses","7":"product_cat-14-5-mm","8":"product_cat-dream-contacts","9":"product_cat-yearly-disposable","10":"product_tag-purple-contact-lenses","12":"first","13":"instock","14":"sale","15":"shipping-taxable","16":"purchasable","17":"product-type-variable","18":"has-default-attributes"},"_links":{"self":[{"href":"https:\/\/bqeye.com\/fr\/wp-json\/wp\/v2\/product\/1896","targetHints":{"allow":["GET"]}}],"collection":[{"href":"https:\/\/bqeye.com\/fr\/wp-json\/wp\/v2\/product"}],"about":[{"href":"https:\/\/bqeye.com\/fr\/wp-json\/wp\/v2\/types\/product"}],"replies":[{"embeddable":true,"href":"https:\/\/bqeye.com\/fr\/wp-json\/wp\/v2\/comments?post=1896"}],"wp:featuredmedia":[{"embeddable":true,"href":"https:\/\/bqeye.com\/fr\/wp-json\/wp\/v2\/media\/1898"}],"wp:attachment":[{"href":"https:\/\/bqeye.com\/fr\/wp-json\/wp\/v2\/media?parent=1896"}],"wp:term":[{"taxonomy":"product_brand","embeddable":true,"href":"https:\/\/bqeye.com\/fr\/wp-json\/wp\/v2\/product_brand?post=1896"},{"taxonomy":"product_cat","embeddable":true,"href":"https:\/\/bqeye.com\/fr\/wp-json\/wp\/v2\/product_cat?post=1896"},{"taxonomy":"product_tag","embeddable":true,"href":"https:\/\/bqeye.com\/fr\/wp-json\/wp\/v2\/product_tag?post=1896"}],"curies":[{"name":"wp","href":"https:\/\/api.w.org\/{rel}","templated":true}]}}