{"id":1929,"date":"2025-01-04T22:23:58","date_gmt":"2025-01-04T14:23:58","guid":{"rendered":"https:\/\/bqeye.com\/?post_type=product&#038;p=1929"},"modified":"2025-01-04T22:24:52","modified_gmt":"2025-01-04T14:24:52","slug":"platinum-pearl-grey-contact-lenses","status":"publish","type":"product","link":"https:\/\/bqeye.com\/fr\/platinum-pearl-grey-contact-lenses\/","title":{"rendered":"Lentilles de contact Platinum Pearl Grey"},"content":{"rendered":"<h1 class=\"md-end-block md-heading\"><span class=\"md-plain md-expand\">Lentilles de contact Platinum Pearl Grey | Luxe Collection \u2728<\/span><\/h1>\n<h2 class=\"md-end-block md-heading\"><span class=\"md-plain\">Inspiration platine<\/span><\/h2>\n<p class=\"md-end-block md-p\"><span class=\"md-plain\">Nos lentilles de contact gris perle platine incarnent le luxe raffin\u00e9 des m\u00e9taux pr\u00e9cieux et des perles. Chaque paire refl\u00e8te le jeu sophistiqu\u00e9 de l'\u00e9clat du platine et de la luminescence des perles - des subtils reflets m\u00e9talliques aux profondeurs d'un gris lustr\u00e9. Ces lentilles capturent l'essence du luxe \u00e0 l'\u00e9tat pur.<\/span><\/p>\n<h2 class=\"md-end-block md-heading\"><span class=\"md-plain\">Revues d'influenceurs \u2b50\ufe0f<\/span><\/h2>\n<p class=\"md-end-block md-p\"><span class=\"md-plain\">@PlatinumStyle (1.8M followers)<\/span> <span class=\"md-plain\">\"Le luxe \u00e0 l'\u00e9tat pur pour vos yeux ! #PlatinumGaze\"<\/span><\/p>\n<p class=\"md-end-block md-p\"><span class=\"md-plain\">@PearlLuxe (1.4M followers)<\/span> <span class=\"md-plain\">\"Magie platine \u00e9th\u00e9r\u00e9e \u2728\"<\/span><\/p>\n<p class=\"md-end-block md-p\"><span class=\"md-plain\">@PlatinumMood (980K followers)<\/span> <span class=\"md-plain\">\"Le summum de l'\u00e9l\u00e9gance !<\/span><\/p>\n<h2 class=\"md-end-block md-heading\"><span class=\"md-plain\">Avis des clients \ud83d\udc9d<\/span><\/h2>\n<p class=\"md-end-block md-p\"><span class=\"md-plain\">Isabella R. \u2b50\ufe0f\u2b50\ufe0f\u2b50\ufe0f\u2b50\ufe0f\u2b50\ufe0f<\/span> <span class=\"md-plain\">\"Brillant platine parfait\".<\/span><\/p>\n<p class=\"md-end-block md-p\"><span class=\"md-plain\">Maxwell K. \u2b50\ufe0f\u2b50\ufe0f\u2b50\ufe0f\u2b50\ufe0f\u2b50\ufe0f<\/span> <span class=\"md-plain\">\"C'est comme porter du platine liquide.<\/span><\/p>\n<p class=\"md-end-block md-p\"><span class=\"md-plain\">Charlotte W. \u2b50\ufe0f\u2b50\ufe0f\u2b50\ufe0f\u2b50\ufe0f\u2b50\ufe0f<\/span> <span class=\"md-plain\">\"La sophistication \u00e0 l'\u00e9tat pur.<\/span><\/p>\n<h2 class=\"md-end-block md-heading\"><span class=\"md-plain\">Occasions et maquillage \ud83d\udc84<\/span><\/h2>\n<h3 class=\"md-end-block md-heading\"><span class=\"md-plain\">Parfait pour<\/span><\/h3>\n<ul class=\"ul-list\" data-mark=\"-\">\n<li class=\"md-list-item\">\n<p class=\"md-end-block md-p\"><span class=\"md-plain\">Galas de luxe<\/span><\/p>\n<\/li>\n<li class=\"md-list-item\">\n<p class=\"md-end-block md-p\"><span class=\"md-plain\">\u00c9v\u00e9nements de haute couture<\/span><\/p>\n<\/li>\n<li class=\"md-list-item\">\n<p class=\"md-end-block md-p\"><span class=\"md-plain\">Mariages d'\u00e9lite<\/span><\/p>\n<\/li>\n<li class=\"md-list-item\">\n<p class=\"md-end-block md-p\"><span class=\"md-plain\">R\u00e9unions ex\u00e9cutives<\/span><\/p>\n<\/li>\n<li class=\"md-list-item\">\n<p class=\"md-end-block md-p\"><span class=\"md-plain\">C\u00e9l\u00e9brations de platine<\/span><\/p>\n<\/li>\n<\/ul>\n<h3 class=\"md-end-block md-heading\"><span class=\"md-plain\">Maquillage Harmonie<\/span><\/h3>\n<ul class=\"ul-list\" data-mark=\"-\">\n<li class=\"md-list-item\">\n<p class=\"md-end-block md-p\"><span class=\"md-plain\">Ombres platine<\/span><\/p>\n<\/li>\n<li class=\"md-list-item\">\n<p class=\"md-end-block md-p\"><span class=\"md-plain\">Mise en valeur de la perle<\/span><\/p>\n<\/li>\n<li class=\"md-list-item\">\n<p class=\"md-end-block md-p\"><span class=\"md-plain\">Mascara m\u00e9tallique<\/span><\/p>\n<\/li>\n<li class=\"md-list-item\">\n<p class=\"md-end-block md-p\"><span class=\"md-plain\">Liner platine<\/span><\/p>\n<\/li>\n<li class=\"md-list-item\">\n<p class=\"md-end-block md-p\"><span class=\"md-plain\">L\u00e8vres brillantes<\/span><\/p>\n<\/li>\n<\/ul>\n<h2 class=\"md-end-block md-heading\"><span class=\"md-plain\">Guide de style \ud83d\udc57<\/span><\/h2>\n<h3 class=\"md-end-block md-heading\"><span class=\"md-plain\">Combinaisons de luxe<\/span><\/h3>\n<ul class=\"ul-list\" data-mark=\"-\">\n<li class=\"md-list-item\">\n<p class=\"md-end-block md-p\"><span class=\"md-plain\">Gris platine<\/span><\/p>\n<\/li>\n<li class=\"md-list-item\">\n<p class=\"md-end-block md-p\"><span class=\"md-plain\">Blanc nacr\u00e9<\/span><\/p>\n<\/li>\n<li class=\"md-list-item\">\n<p class=\"md-end-block md-p\"><span class=\"md-plain\">Argent massif<\/span><\/p>\n<\/li>\n<li class=\"md-list-item\">\n<p class=\"md-end-block md-p\"><span class=\"md-plain\">Miroir m\u00e9tallique<\/span><\/p>\n<\/li>\n<li class=\"md-list-item\">\n<p class=\"md-end-block md-p\"><span class=\"md-plain\">M\u00e9tal pr\u00e9cieux<\/span><\/p>\n<\/li>\n<\/ul>\n<h3 class=\"md-end-block md-heading\"><span class=\"md-plain\">Accessoires<\/span><\/h3>\n<ul class=\"ul-list\" data-mark=\"-\">\n<li class=\"md-list-item\">\n<p class=\"md-end-block md-p\"><span class=\"md-plain\">Bijoux en platine<\/span><\/p>\n<\/li>\n<li class=\"md-list-item\">\n<p class=\"md-end-block md-p\"><span class=\"md-plain\">Perles des mers du Sud<\/span><\/p>\n<\/li>\n<li class=\"md-list-item\">\n<p class=\"md-end-block md-p\"><span class=\"md-plain\">Diamants blancs<\/span><\/p>\n<\/li>\n<li class=\"md-list-item\">\n<p class=\"md-end-block md-p\"><span class=\"md-plain\">Or blanc<\/span><\/p>\n<\/li>\n<li class=\"md-list-item\">\n<p class=\"md-end-block md-p\"><span class=\"md-plain\">Pi\u00e8ces en rhodium<\/span><\/p>\n<\/li>\n<\/ul>\n<h2 class=\"md-end-block md-heading\"><span class=\"md-plain\">S\u00e9curit\u00e9 et confort<\/span><\/h2>\n<p class=\"md-end-block md-p\"><span class=\"md-plain\">Nos lentilles gris perle platine sont certifi\u00e9es CE et FDA, garantissant que le luxe rencontre le confort \u00e0 chaque instant.<\/span><\/p>\n<h2 class=\"md-end-block md-heading\"><span class=\"md-plain\">Le luxe \u00e0 l'\u00e9tat pur ! \u2728<\/span><\/h2>\n<p class=\"md-end-block md-p\"><span class=\"md-plain\">Transformez votre regard avec l'\u00e9l\u00e9gance raffin\u00e9e du platine et des perles. Ces lentilles grises de luxe vous attendent pour rehausser votre beaut\u00e9 naturelle.<\/span><\/p>\n<p class=\"md-end-block md-p\"><span class=\"md-plain\">\ud83d\udc49 ORDER NOW pour porter la sophistication \u00e0 l'\u00e9tat pur !<\/span><\/p>\n<p class=\"md-end-block md-p md-focus\"><span class=\"md-plain md-expand\">#PlatinumLenses #LuxeStyle #PearlGrey #PlatinumEyes #LuxuryBeauty #PreciousMetals #RefinedGaze<\/span><\/p>","protected":false},"excerpt":{"rendered":"<p>Platinum Pearl Grey Contact Lenses | Luxe Collection \u2728 Platinum Inspiration Our platinum pearl grey contact lenses embody the refined luxury of precious metals and pearls. Each pair mirrors the sophisticated interplay of platinum sheen and pearl luminescence &#8211; from subtle metallic highlights to lustrous grey depths. These lenses capture the essence of pure luxury. [&#8230;]\n","protected":false},"featured_media":1931,"comment_status":"open","ping_status":"closed","template":"","meta":[],"product_brand":[],"product_cat":[81,91,75,188,98],"product_tag":[],"class_list":{"0":"post-1929","1":"product","2":"type-product","3":"status-publish","4":"has-post-thumbnail","6":"product_cat-grey-contact-lenses","7":"product_cat-14-2-mm","8":"product_cat-blue-contact-lenses","9":"product_cat-dream-contacts","10":"product_cat-yearly-disposable","12":"first","13":"instock","14":"sale","15":"shipping-taxable","16":"purchasable","17":"product-type-variable","18":"has-default-attributes"},"_links":{"self":[{"href":"https:\/\/bqeye.com\/fr\/wp-json\/wp\/v2\/product\/1929","targetHints":{"allow":["GET"]}}],"collection":[{"href":"https:\/\/bqeye.com\/fr\/wp-json\/wp\/v2\/product"}],"about":[{"href":"https:\/\/bqeye.com\/fr\/wp-json\/wp\/v2\/types\/product"}],"replies":[{"embeddable":true,"href":"https:\/\/bqeye.com\/fr\/wp-json\/wp\/v2\/comments?post=1929"}],"wp:featuredmedia":[{"embeddable":true,"href":"https:\/\/bqeye.com\/fr\/wp-json\/wp\/v2\/media\/1931"}],"wp:attachment":[{"href":"https:\/\/bqeye.com\/fr\/wp-json\/wp\/v2\/media?parent=1929"}],"wp:term":[{"taxonomy":"product_brand","embeddable":true,"href":"https:\/\/bqeye.com\/fr\/wp-json\/wp\/v2\/product_brand?post=1929"},{"taxonomy":"product_cat","embeddable":true,"href":"https:\/\/bqeye.com\/fr\/wp-json\/wp\/v2\/product_cat?post=1929"},{"taxonomy":"product_tag","embeddable":true,"href":"https:\/\/bqeye.com\/fr\/wp-json\/wp\/v2\/product_tag?post=1929"}],"curies":[{"name":"wp","href":"https:\/\/api.w.org\/{rel}","templated":true}]}}