{"id":1936,"date":"2025-01-04T22:46:04","date_gmt":"2025-01-04T14:46:04","guid":{"rendered":"https:\/\/bqeye.com\/?post_type=product&#038;p=1936"},"modified":"2025-01-04T22:46:57","modified_gmt":"2025-01-04T14:46:57","slug":"rose-quartz-grey-contact-lenses","status":"publish","type":"product","link":"https:\/\/bqeye.com\/fr\/rose-quartz-grey-contact-lenses\/","title":{"rendered":"Lentilles de contact Rose Quartz Grey"},"content":{"rendered":"<h1 class=\"md-end-block md-heading\"><span class=\"md-plain md-expand\">Lentilles de contact Rose Quartz Grey | Crystal Collection \ud83d\udc8e<\/span><\/h1>\n<h2 class=\"md-end-block md-heading\"><span class=\"md-plain\">Inspiration Quartz<\/span><\/h2>\n<p class=\"md-end-block md-p\"><span class=\"md-plain\">Nos lentilles de contact grises en quartz rose incarnent la d\u00e9licatesse d'un cristal pr\u00e9cieux. Chaque paire refl\u00e8te les nuances subtiles du quartz rose - du gris poudr\u00e9 aux teintes roses cristallines. Ces lentilles capturent l'essence de la pierre mystique.<\/span><\/p>\n<h2 class=\"md-end-block md-heading\"><span class=\"md-plain\">Revues d'influenceurs \u2b50\ufe0f<\/span><\/h2>\n<p class=\"md-end-block md-p\"><span class=\"md-plain\">@QuartzMagic (1.7M followers)<\/span> <span class=\"md-plain\">\"Enchantement de cristal ! #QuartzEyes\"<\/span><\/p>\n<p class=\"md-end-block md-p\"><span class=\"md-plain\">@RoseGlow (1.2M followers)<\/span> <span class=\"md-plain\">\"Magie douce comme du cristal \ud83d\udc8e\"<\/span><\/p>\n<p class=\"md-end-block md-p\"><span class=\"md-plain\">@CrystalMood (940K followers)<\/span> <span class=\"md-plain\">\"L'essence du quartz !<\/span><\/p>\n<h2 class=\"md-end-block md-heading\"><span class=\"md-plain\">Avis des clients \ud83d\udc9d<\/span><\/h2>\n<p class=\"md-end-block md-p\"><span class=\"md-plain\">Rose M. \u2b50\ufe0f\u2b50\ufe0f\u2b50\ufe0f\u2b50\ufe0f\u2b50\ufe0f<\/span> <span class=\"md-plain\">\"Parfait ros\u00e9 gris.<\/span><\/p>\n<p class=\"md-end-block md-p\"><span class=\"md-plain\">Crystal L. \u2b50\ufe0f\u2b50\ufe0f\u2b50\ufe0f\u2b50\ufe0f\u2b50\ufe0f<\/span> <span class=\"md-plain\">\"Comme du quartz poli\".<\/span><\/p>\n<p class=\"md-end-block md-p\"><span class=\"md-plain\">Marie P. \u2b50\ufe0f\u2b50\ufe0f\u2b50\ufe0f\u2b50\ufe0f\u2b50\ufe0f<\/span> <span class=\"md-plain\">\"Douceur min\u00e9rale\".<\/span><\/p>\n<h2 class=\"md-end-block md-heading\"><span class=\"md-plain\">Occasions et maquillage \ud83d\udc84<\/span><\/h2>\n<h3 class=\"md-end-block md-heading\"><span class=\"md-plain\">Parfait pour<\/span><\/h3>\n<ul class=\"ul-list\" data-mark=\"-\">\n<li class=\"md-list-item\">\n<p class=\"md-end-block md-p\"><span class=\"md-plain\">C\u00e9r\u00e9monies de cristal<\/span><\/p>\n<\/li>\n<li class=\"md-list-item\">\n<p class=\"md-end-block md-p\"><span class=\"md-plain\">Photoshoots min\u00e9rales<\/span><\/p>\n<\/li>\n<li class=\"md-list-item\">\n<p class=\"md-end-block md-p\"><span class=\"md-plain\">Soir\u00e9es mystiques<\/span><\/p>\n<\/li>\n<li class=\"md-list-item\">\n<p class=\"md-end-block md-p\"><span class=\"md-plain\">Des \u00e9v\u00e9nements pr\u00e9cieux<\/span><\/p>\n<\/li>\n<li class=\"md-list-item\">\n<p class=\"md-end-block md-p\"><span class=\"md-plain\">Occasions magiques<\/span><\/p>\n<\/li>\n<\/ul>\n<h3 class=\"md-end-block md-heading\"><span class=\"md-plain\">Maquillage Harmonie<\/span><\/h3>\n<ul class=\"ul-list\" data-mark=\"-\">\n<li class=\"md-list-item\">\n<p class=\"md-end-block md-p\"><span class=\"md-plain\">Ombres en quartz rose<\/span><\/p>\n<\/li>\n<li class=\"md-list-item\">\n<p class=\"md-end-block md-p\"><span class=\"md-plain\">Surligneur en cristal<\/span><\/p>\n<\/li>\n<li class=\"md-list-item\">\n<p class=\"md-end-block md-p\"><span class=\"md-plain\">Mascara min\u00e9ral<\/span><\/p>\n<\/li>\n<li class=\"md-list-item\">\n<p class=\"md-end-block md-p\"><span class=\"md-plain\">Liner gris ros\u00e9<\/span><\/p>\n<\/li>\n<li class=\"md-list-item\">\n<p class=\"md-end-block md-p\"><span class=\"md-plain\">L\u00e8vres en cristal<\/span><\/p>\n<\/li>\n<\/ul>\n<h2 class=\"md-end-block md-heading\"><span class=\"md-plain\">Guide de style \ud83d\udc57<\/span><\/h2>\n<h3 class=\"md-end-block md-heading\"><span class=\"md-plain\">Combinaisons de min\u00e9raux<\/span><\/h3>\n<ul class=\"ul-list\" data-mark=\"-\">\n<li class=\"md-list-item\">\n<p class=\"md-end-block md-p\"><span class=\"md-plain\">Gris quartz<\/span><\/p>\n<\/li>\n<li class=\"md-list-item\">\n<p class=\"md-end-block md-p\"><span class=\"md-plain\">Rose poudr\u00e9<\/span><\/p>\n<\/li>\n<li class=\"md-list-item\">\n<p class=\"md-end-block md-p\"><span class=\"md-plain\">Gris cristal<\/span><\/p>\n<\/li>\n<li class=\"md-list-item\">\n<p class=\"md-end-block md-p\"><span class=\"md-plain\">Ros\u00e9 min\u00e9ral<\/span><\/p>\n<\/li>\n<li class=\"md-list-item\">\n<p class=\"md-end-block md-p\"><span class=\"md-plain\">Gris ros\u00e9<\/span><\/p>\n<\/li>\n<\/ul>\n<h3 class=\"md-end-block md-heading\"><span class=\"md-plain\">Accessoires<\/span><\/h3>\n<ul class=\"ul-list\" data-mark=\"-\">\n<li class=\"md-list-item\">\n<p class=\"md-end-block md-p\"><span class=\"md-plain\">Bijoux en quartz<\/span><\/p>\n<\/li>\n<li class=\"md-list-item\">\n<p class=\"md-end-block md-p\"><span class=\"md-plain\">Cristaux roses<\/span><\/p>\n<\/li>\n<li class=\"md-list-item\">\n<p class=\"md-end-block md-p\"><span class=\"md-plain\">Pierres pr\u00e9cieuses<\/span><\/p>\n<\/li>\n<li class=\"md-list-item\">\n<p class=\"md-end-block md-p\"><span class=\"md-plain\">Or rose<\/span><\/p>\n<\/li>\n<li class=\"md-list-item\">\n<p class=\"md-end-block md-p\"><span class=\"md-plain\">Quartz poli<\/span><\/p>\n<\/li>\n<\/ul>\n<h2 class=\"md-end-block md-heading\"><span class=\"md-plain\">S\u00e9curit\u00e9 et confort<\/span><\/h2>\n<p class=\"md-end-block md-p\"><span class=\"md-plain\">Nos lentilles en quartz rose sont certifi\u00e9es CE et FDA, alliant beaut\u00e9 cristalline et confort quotidien.<\/span><\/p>\n<h2 class=\"md-end-block md-heading\"><span class=\"md-plain\">D\u00e9couvrez la magie du quartz ! \u2728<\/span><\/h2>\n<p class=\"md-end-block md-p\"><span class=\"md-plain\">Laissez vos yeux refl\u00e9ter l'\u00e9clat du quartz rose. Ces lentilles grises vous attendent pour r\u00e9v\u00e9ler votre beaut\u00e9 cristalline.<\/span><\/p>\n<p class=\"md-end-block md-p\"><span class=\"md-plain\">\ud83d\udc49 COMMANDER MAINTENANT pour porter la magie du cristal !<\/span><\/p>\n<p class=\"md-end-block md-p md-focus\"><span class=\"md-plain md-expand\">#Lentilles en quartz #CrystalStyle #RoseQuartz #PreciousEyes #MineralBeauty #QuartzGrey #CrystalGaze<\/span><\/p>","protected":false},"excerpt":{"rendered":"<p>Rose Quartz Grey Contact Lenses | Crystal Collection \ud83d\udc8e Quartz Inspiration Our rose quartz grey contact lenses embody the delicacy of precious crystal. Each pair mirrors the subtle nuances of rose quartz &#8211; from powdered grey to crystalline rose tints. These lenses capture the essence of the mystical stone. Influencer Reviews \u2b50\ufe0f @QuartzMagic (1.7M followers) [&#8230;]\n","protected":false},"featured_media":1938,"comment_status":"open","ping_status":"closed","template":"","meta":[],"product_brand":[],"product_cat":[81,90,75,188,74,98],"product_tag":[],"class_list":{"0":"post-1936","1":"product","2":"type-product","3":"status-publish","4":"has-post-thumbnail","6":"product_cat-grey-contact-lenses","7":"product_cat-14-0-mm","8":"product_cat-blue-contact-lenses","9":"product_cat-dream-contacts","10":"product_cat-pink-contact-lenses","11":"product_cat-yearly-disposable","13":"first","14":"instock","15":"sale","16":"shipping-taxable","17":"purchasable","18":"product-type-variable","19":"has-default-attributes"},"_links":{"self":[{"href":"https:\/\/bqeye.com\/fr\/wp-json\/wp\/v2\/product\/1936","targetHints":{"allow":["GET"]}}],"collection":[{"href":"https:\/\/bqeye.com\/fr\/wp-json\/wp\/v2\/product"}],"about":[{"href":"https:\/\/bqeye.com\/fr\/wp-json\/wp\/v2\/types\/product"}],"replies":[{"embeddable":true,"href":"https:\/\/bqeye.com\/fr\/wp-json\/wp\/v2\/comments?post=1936"}],"wp:featuredmedia":[{"embeddable":true,"href":"https:\/\/bqeye.com\/fr\/wp-json\/wp\/v2\/media\/1938"}],"wp:attachment":[{"href":"https:\/\/bqeye.com\/fr\/wp-json\/wp\/v2\/media?parent=1936"}],"wp:term":[{"taxonomy":"product_brand","embeddable":true,"href":"https:\/\/bqeye.com\/fr\/wp-json\/wp\/v2\/product_brand?post=1936"},{"taxonomy":"product_cat","embeddable":true,"href":"https:\/\/bqeye.com\/fr\/wp-json\/wp\/v2\/product_cat?post=1936"},{"taxonomy":"product_tag","embeddable":true,"href":"https:\/\/bqeye.com\/fr\/wp-json\/wp\/v2\/product_tag?post=1936"}],"curies":[{"name":"wp","href":"https:\/\/api.w.org\/{rel}","templated":true}]}}