{"id":1945,"date":"2025-01-06T16:18:48","date_gmt":"2025-01-06T08:18:48","guid":{"rendered":"https:\/\/bqeye.com\/?post_type=product&#038;p=1945"},"modified":"2025-01-06T16:20:17","modified_gmt":"2025-01-06T08:20:17","slug":"dreamy-windsor-hazel-contact-lenses","status":"publish","type":"product","link":"https:\/\/bqeye.com\/fr\/dreamy-windsor-hazel-contact-lenses\/","title":{"rendered":"Lentilles de contact Windsor Hazel de r\u00eave"},"content":{"rendered":"<h1 class=\"md-end-block md-heading\"><span class=\"md-plain md-expand\">Lentilles de contact de r\u00eave Windsor Hazel | Am\u00e9lioration des yeux d'inspiration royale \ud83d\udc51<\/span><\/h1>\n<h2 class=\"md-end-block md-heading\"><span class=\"md-plain\">Inspiration du design royal<\/span><\/h2>\n<p class=\"md-end-block md-p\"><span class=\"md-plain\">Nos lentilles de contact Dreamy Windsor Hazel \u00e9voquent l'\u00e9l\u00e9gance intemporelle de la royaut\u00e9 britannique. Inspir\u00e9es par le parc enchanteur du ch\u00e2teau de Windsor et ses ch\u00eanes historiques, ces lentilles m\u00e9langent de riches tons noisette qui rappellent l'automne dans les jardins royaux. Chaque lentille pr\u00e9sente un motif sophistiqu\u00e9 qui refl\u00e8te la beaut\u00e9 naturelle de la campagne anglaise - de la lumi\u00e8re dor\u00e9e du soleil filtrant \u00e0 travers les fen\u00eatres des ch\u00e2teaux anciens aux tons chauds des arbres majestueux du Grand Parc de Windsor. Les teintes noisette multidimensionnelles cr\u00e9ent un regard aristocratique \u00e0 la fois noble et naturellement s\u00e9duisant.<\/span><\/p>\n<h2 class=\"md-end-block md-heading\"><span class=\"md-plain\">Critiques des experts en beaut\u00e9 des c\u00e9l\u00e9brit\u00e9s<\/span><\/h2>\n<p class=\"md-end-block md-p\"><span class=\"md-plain\">@RoyalBeautyInsider (2.4M followers)<\/span> <span class=\"md-plain\">\"Ces lentilles noisette vous donnent un regard parfait d'inspiration royale ! Absolument magnifique ! \ud83d\udc51\"<\/span><\/p>\n<p class=\"md-end-block md-p\"><span class=\"md-plain\">@BritishGlamour (2.1M followers)<\/span> <span class=\"md-plain\">\"Les lentilles de contact noisette les plus \u00e9l\u00e9gantes que j'ai jamais port\u00e9es. La sophistication \u00e0 l'\u00e9tat pur ! \u2728\"<\/span><\/p>\n<p class=\"md-end-block md-p\"><span class=\"md-plain\">@LondonBeautyQueen (1.8M followers)<\/span> <span class=\"md-plain\">\"Ces lentilles capturent parfaitement l'essence de l'\u00e9l\u00e9gance britannique !<\/span><\/p>\n<h2 class=\"md-end-block md-heading\"><span class=\"md-plain\">Avis des clients<\/span><\/h2>\n<p class=\"md-end-block md-p\"><span class=\"md-plain\">Elizabeth W. \u2b50\ufe0f\u2b50\ufe0f\u2b50\ufe0f\u2b50\ufe0f\u2b50\ufe0f<\/span> <span class=\"md-plain\">\"J'ai enfin trouv\u00e9 la couleur parfaite pour mes yeux d'inspiration royale !<\/span><\/p>\n<p class=\"md-end-block md-p\"><span class=\"md-plain\">Victoria S. \u2b50\ufe0f\u2b50\ufe0f\u2b50\ufe0f\u2b50\ufe0f\u2b50\ufe0f<\/span> <span class=\"md-plain\">\"Ils ont l'air si naturels, comme si j'\u00e9tais n\u00e9e avec des yeux noisette.<\/span><\/p>\n<p class=\"md-end-block md-p\"><span class=\"md-plain\">Catherine M. \u2b50\ufe0f\u2b50\ufe0f\u2b50\ufe0f\u2b50\ufe0f\u2b50\ufe0f<\/span> <span class=\"md-plain\">\"Les lentilles les plus confortables pour mes garden parties !<\/span><\/p>\n<h2 class=\"md-end-block md-heading\"><span class=\"md-plain\">Occasions parfaites et maquillage<\/span><\/h2>\n<h3 class=\"md-end-block md-heading\"><span class=\"md-plain\">Ev\u00e9nements<\/span><\/h3>\n<ul class=\"ul-list\" data-mark=\"-\">\n<li class=\"md-list-item\">\n<p class=\"md-end-block md-p\"><span class=\"md-plain\">F\u00eates de jardin<\/span><\/p>\n<\/li>\n<li class=\"md-list-item\">\n<p class=\"md-end-block md-p\"><span class=\"md-plain\">Th\u00e9 de l'apr\u00e8s-midi<\/span><\/p>\n<\/li>\n<li class=\"md-list-item\">\n<p class=\"md-end-block md-p\"><span class=\"md-plain\">C\u00e9l\u00e9brations de mariage<\/span><\/p>\n<\/li>\n<li class=\"md-list-item\">\n<p class=\"md-end-block md-p\"><span class=\"md-plain\">Ouvertures de galeries<\/span><\/p>\n<\/li>\n<li class=\"md-list-item\">\n<p class=\"md-end-block md-p\"><span class=\"md-plain\">Manifestations \u00e9questres<\/span><\/p>\n<\/li>\n<li class=\"md-list-item\">\n<p class=\"md-end-block md-p\"><span class=\"md-plain\">Expositions royales<\/span><\/p>\n<\/li>\n<li class=\"md-list-item\">\n<p class=\"md-end-block md-p\"><span class=\"md-plain\">R\u00e9unions du Country Club<\/span><\/p>\n<\/li>\n<li class=\"md-list-item\">\n<p class=\"md-end-block md-p\"><span class=\"md-plain\">Gastronomie<\/span><\/p>\n<\/li>\n<\/ul>\n<h3 class=\"md-end-block md-heading\"><span class=\"md-plain\">Recommandations en mati\u00e8re de maquillage<\/span><\/h3>\n<ul class=\"ul-list\" data-mark=\"-\">\n<li class=\"md-list-item\">\n<p class=\"md-end-block md-p\"><span class=\"md-plain\">Smokey Eye brun doux<\/span><\/p>\n<\/li>\n<li class=\"md-list-item\">\n<p class=\"md-end-block md-p\"><span class=\"md-plain\">Surligneur de perles<\/span><\/p>\n<\/li>\n<li class=\"md-list-item\">\n<p class=\"md-end-block md-p\"><span class=\"md-plain\">Fard \u00e0 joues teint\u00e9 de rose<\/span><\/p>\n<\/li>\n<li class=\"md-list-item\">\n<p class=\"md-end-block md-p\"><span class=\"md-plain\">D\u00e9finition naturelle des sourcils<\/span><\/p>\n<\/li>\n<li class=\"md-list-item\">\n<p class=\"md-end-block md-p\"><span class=\"md-plain\">L\u00e8vres roses anglaises<\/span><\/p>\n<\/li>\n<li class=\"md-list-item\">\n<p class=\"md-end-block md-p\"><span class=\"md-plain\">Contour bronze dor\u00e9<\/span><\/p>\n<\/li>\n<li class=\"md-list-item\">\n<p class=\"md-end-block md-p\"><span class=\"md-plain\">Fondation Dewy<\/span><\/p>\n<\/li>\n<\/ul>\n<h2 class=\"md-end-block md-heading\"><span class=\"md-plain\">Guide de style<\/span><\/h2>\n<h3 class=\"md-end-block md-heading\"><span class=\"md-plain\">Couleurs compl\u00e9mentaires<\/span><\/h3>\n<ul class=\"ul-list\" data-mark=\"-\">\n<li class=\"md-list-item\">\n<p class=\"md-end-block md-p\"><span class=\"md-plain\">Marine royale<\/span><\/p>\n<\/li>\n<li class=\"md-list-item\">\n<p class=\"md-end-block md-p\"><span class=\"md-plain\">Vert \u00e9meraude<\/span><\/p>\n<\/li>\n<li class=\"md-list-item\">\n<p class=\"md-end-block md-p\"><span class=\"md-plain\">Bourgogne<\/span><\/p>\n<\/li>\n<li class=\"md-list-item\">\n<p class=\"md-end-block md-p\"><span class=\"md-plain\">Cr\u00e8me<\/span><\/p>\n<\/li>\n<li class=\"md-list-item\">\n<p class=\"md-end-block md-p\"><span class=\"md-plain\">Or doux<\/span><\/p>\n<\/li>\n<li class=\"md-list-item\">\n<p class=\"md-end-block md-p\"><span class=\"md-plain\">Vert chasseur<\/span><\/p>\n<\/li>\n<li class=\"md-list-item\">\n<p class=\"md-end-block md-p\"><span class=\"md-plain\">Beige classique<\/span><\/p>\n<\/li>\n<li class=\"md-list-item\">\n<p class=\"md-end-block md-p\"><span class=\"md-plain\">Bronzage britannique<\/span><\/p>\n<\/li>\n<\/ul>\n<h3 class=\"md-end-block md-heading\"><span class=\"md-plain\">Accessoires parfaits<\/span><\/h3>\n<ul class=\"ul-list\" data-mark=\"-\">\n<li class=\"md-list-item\">\n<p class=\"md-end-block md-p\"><span class=\"md-plain\">Colliers de perles<\/span><\/p>\n<\/li>\n<li class=\"md-list-item\">\n<p class=\"md-end-block md-p\"><span class=\"md-plain\">Montres en or du patrimoine<\/span><\/p>\n<\/li>\n<li class=\"md-list-item\">\n<p class=\"md-end-block md-p\"><span class=\"md-plain\">Foulards en soie<\/span><\/p>\n<\/li>\n<li class=\"md-list-item\">\n<p class=\"md-end-block md-p\"><span class=\"md-plain\">Sacs \u00e0 main en cuir<\/span><\/p>\n<\/li>\n<li class=\"md-list-item\">\n<p class=\"md-end-block md-p\"><span class=\"md-plain\">Clous d'oreilles en diamant<\/span><\/p>\n<\/li>\n<li class=\"md-list-item\">\n<p class=\"md-end-block md-p\"><span class=\"md-plain\">Broches classiques<\/span><\/p>\n<\/li>\n<li class=\"md-list-item\">\n<p class=\"md-end-block md-p\"><span class=\"md-plain\">Bracelets en or fin<\/span><\/p>\n<\/li>\n<\/ul>\n<h2 class=\"md-end-block md-heading\"><span class=\"md-plain\">Certification<\/span><\/h2>\n<p class=\"md-end-block md-p\"><span class=\"md-plain\">Certifi\u00e9 CE et FDA pour votre tranquillit\u00e9 d'esprit<\/span><\/p>\n<h2 class=\"md-end-block md-heading\"><span class=\"md-plain\">Confort<\/span><\/h2>\n<p class=\"md-end-block md-p\"><span class=\"md-plain\">Con\u00e7u pour un confort tout au long de la journ\u00e9e lors de vos aventures inspir\u00e9es par la royaut\u00e9<\/span><\/p>\n<h2 class=\"md-end-block md-heading\"><span class=\"md-plain\">D\u00e9couvrez l'\u00e9l\u00e9gance royale ! \u2728<\/span><\/h2>\n<p class=\"md-end-block md-p\"><span class=\"md-plain\">Transformez votre look avec nos lentilles de contact Dreamy Windsor Hazel. Laissez vos yeux raconter l'histoire d'une sophistication britannique intemporelle.<\/span><\/p>\n<p class=\"md-end-block md-p md-focus\"><span class=\"md-plain md-expand\">#WindsorHazelContactLenses #RoyalBeauty #BritishElegance #HazelEyes #LuxuryLenses #RoyalStyle #BritishGlam #EyeEnhancement #WindsorStyle #BritishBeauty<\/span><\/p>","protected":false},"excerpt":{"rendered":"<p>Dreamy Windsor Hazel Contact Lenses | Royal-Inspired Eye Enhancement \ud83d\udc51 Royal Design Inspiration Our Dreamy Windsor Hazel Contact Lenses capture the timeless elegance of British royalty. Inspired by the enchanting grounds of Windsor Castle and its historic oak trees, these lenses blend rich hazel tones reminiscent of autumn in the Royal Gardens. Each lens features [&#8230;]\n","protected":false},"featured_media":1947,"comment_status":"open","ping_status":"closed","template":"","meta":[],"product_brand":[],"product_cat":[84,92,188,98],"product_tag":[],"class_list":{"0":"post-1945","1":"product","2":"type-product","3":"status-publish","4":"has-post-thumbnail","6":"product_cat-hazel-contact-lenses","7":"product_cat-14-5-mm","8":"product_cat-dream-contacts","9":"product_cat-yearly-disposable","11":"first","12":"instock","13":"sale","14":"shipping-taxable","15":"purchasable","16":"product-type-variable","17":"has-default-attributes"},"_links":{"self":[{"href":"https:\/\/bqeye.com\/fr\/wp-json\/wp\/v2\/product\/1945","targetHints":{"allow":["GET"]}}],"collection":[{"href":"https:\/\/bqeye.com\/fr\/wp-json\/wp\/v2\/product"}],"about":[{"href":"https:\/\/bqeye.com\/fr\/wp-json\/wp\/v2\/types\/product"}],"replies":[{"embeddable":true,"href":"https:\/\/bqeye.com\/fr\/wp-json\/wp\/v2\/comments?post=1945"}],"wp:featuredmedia":[{"embeddable":true,"href":"https:\/\/bqeye.com\/fr\/wp-json\/wp\/v2\/media\/1947"}],"wp:attachment":[{"href":"https:\/\/bqeye.com\/fr\/wp-json\/wp\/v2\/media?parent=1945"}],"wp:term":[{"taxonomy":"product_brand","embeddable":true,"href":"https:\/\/bqeye.com\/fr\/wp-json\/wp\/v2\/product_brand?post=1945"},{"taxonomy":"product_cat","embeddable":true,"href":"https:\/\/bqeye.com\/fr\/wp-json\/wp\/v2\/product_cat?post=1945"},{"taxonomy":"product_tag","embeddable":true,"href":"https:\/\/bqeye.com\/fr\/wp-json\/wp\/v2\/product_tag?post=1945"}],"curies":[{"name":"wp","href":"https:\/\/api.w.org\/{rel}","templated":true}]}}