{"id":1989,"date":"2025-01-08T10:31:47","date_gmt":"2025-01-08T02:31:47","guid":{"rendered":"https:\/\/bqeye.com\/?post_type=product&#038;p=1989"},"modified":"2025-01-08T10:33:08","modified_gmt":"2025-01-08T02:33:08","slug":"moonlight-serenade-grape-purple-contact-lenses","status":"publish","type":"product","link":"https:\/\/bqeye.com\/fr\/moonlight-serenade-grape-purple-contact-lenses\/","title":{"rendered":"Lentilles de contact Moonlight Serenade Grape Purple"},"content":{"rendered":"<h1 class=\"md-end-block md-heading\"><span class=\"md-plain md-expand\">Lentilles de contact Moonlight Serenade Grape Purple : Romance nocturne<\/span><\/h1>\n<h2 class=\"md-end-block md-heading\"><span class=\"md-plain\">\ud83d\udcab Inspiration design<\/span><\/h2>\n<p class=\"md-end-block md-p\"><span class=\"md-plain\">Ces lentilles Grape Purple capturent l'enchantement de la romance au clair de lune. Le design m\u00e9lange des teintes violettes profondes avec des reflets argent\u00e9s de rayon de lune, cr\u00e9ant un effet comme le clair de lune dansant sur les eaux sombres. De subtils motifs iris\u00e9s se faufilent dans la lentille comme des m\u00e9lodies nocturnes, tandis que des accents cristallins scintillent comme des \u00e9toiles se refl\u00e9tant dans un vin mill\u00e9sim\u00e9. La base violette oscille entre le raisin royal et l'am\u00e9thyste cr\u00e9pusculaire, cr\u00e9ant un regard aussi envo\u00fbtant qu'une valse de minuit.<\/span><\/p>\n<h2 class=\"md-end-block md-heading\"><span class=\"md-plain\">\ud83c\udf1f Influencer Reviews<\/span><\/h2>\n<p class=\"md-end-block md-p\"><span class=\"md-plain\">@NightGlam (2.9M followers) :<\/span> <span class=\"md-plain\">\"Ces lentilles transforment chaque regard en une romance au clair de lune ! \u2728\"<\/span><\/p>\n<p class=\"md-end-block md-p\"><span class=\"md-plain\">@PurpleQueen (2.7M followers) :<\/span> <span class=\"md-plain\">\"Parfait pour ces soir\u00e9es de r\u00eave - de l'\u00e9l\u00e9gance nocturne \u00e0 l'\u00e9tat pur ! \ud83c\udf19\"<\/span><\/p>\n<p class=\"md-end-block md-p\"><span class=\"md-plain\">@MoonlightMuse (2.5M followers) :<\/span> <span class=\"md-plain\">\"C'est comme si vous portiez des rayons de lune captur\u00e9s - c'est absolument enchanteur ! \ud83d\udcab\"<\/span><\/p>\n<h2 class=\"md-end-block md-heading\"><span class=\"md-plain\">\ud83d\udc40 Exp\u00e9riences des utilisateurs<\/span><\/h2>\n<p class=\"md-end-block md-p\"><span class=\"md-plain\">Violet R. \u2b50\ufe0f\u2b50\ufe0f\u2b50\ufe0f\u2b50\ufe0f\u2b50\ufe0f<\/span> <span class=\"md-plain\">\"L'effet violet est une pure po\u00e9sie - \u00e9l\u00e9gante et myst\u00e9rieuse !<\/span><\/p>\n<p class=\"md-end-block md-p\"><span class=\"md-plain\">Luna M. \u2b50\ufe0f\u2b50\ufe0f\u2b50\ufe0f\u2b50\ufe0f\u2b50\ufe0f<\/span> <span class=\"md-plain\">\"Parfait pour les concerts du soir et les d\u00eeners romantiques ! \ud83c\udf1f\"<\/span><\/p>\n<p class=\"md-end-block md-p\"><span class=\"md-plain\">Selena K. \u2b50\ufe0f\u2b50\ufe0f\u2b50\ufe0f\u2b50\ufe0f\u2b50\ufe0f<\/span> <span class=\"md-plain\">\"Avec ces lentilles, chaque moment ressemble \u00e0 une s\u00e9r\u00e9nade au clair de lune ! \ud83c\udfad\"<\/span><\/p>\n<h2 class=\"md-end-block md-heading\"><span class=\"md-plain\">\ud83c\udfad Perfect Occasions<\/span><\/h2>\n<h3 class=\"md-end-block md-heading\"><span class=\"md-plain\">Elegant Daily<\/span><\/h3>\n<ul class=\"ul-list\" data-mark=\"-\">\n<li class=\"md-list-item\">\n<p class=\"md-end-block md-p\"><span class=\"md-plain\">Concerts du soir<\/span><\/p>\n<\/li>\n<li class=\"md-list-item\">\n<p class=\"md-end-block md-p\"><span class=\"md-plain\">D\u00eeners au clair de lune<\/span><\/p>\n<\/li>\n<li class=\"md-list-item\">\n<p class=\"md-end-block md-p\"><span class=\"md-plain\">Clubs de jazz<\/span><\/p>\n<\/li>\n<li class=\"md-list-item\">\n<p class=\"md-end-block md-p\"><span class=\"md-plain\">Galeries de nuit<\/span><\/p>\n<\/li>\n<\/ul>\n<h3 class=\"md-end-block md-heading\"><span class=\"md-plain\">Moments particuliers<\/span><\/h3>\n<ul class=\"ul-list\" data-mark=\"-\">\n<li class=\"md-list-item\">\n<p class=\"md-end-block md-p\"><span class=\"md-plain\">Danses officielles<\/span><\/p>\n<\/li>\n<li class=\"md-list-item\">\n<p class=\"md-end-block md-p\"><span class=\"md-plain\">Mariages de nuit<\/span><\/p>\n<\/li>\n<li class=\"md-list-item\">\n<p class=\"md-end-block md-p\"><span class=\"md-plain\">Soir\u00e9es cr\u00e9pusculaires<\/span><\/p>\n<\/li>\n<li class=\"md-list-item\">\n<p class=\"md-end-block md-p\"><span class=\"md-plain\">\u00c9v\u00e9nements romantiques<\/span><\/p>\n<\/li>\n<\/ul>\n<h3 class=\"md-end-block md-heading\"><span class=\"md-plain\">Les associations de produits de beaut\u00e9<\/span><\/h3>\n<ul class=\"ul-list\" data-mark=\"-\">\n<li class=\"md-list-item\">\n<p class=\"md-end-block md-p\"><span class=\"md-plain\">\u0152il charbonneux au clair de lune<\/span><\/p>\n<\/li>\n<li class=\"md-list-item\">\n<p class=\"md-end-block md-p\"><span class=\"md-plain\">Mise en valeur de la perle<\/span><\/p>\n<\/li>\n<li class=\"md-list-item\">\n<p class=\"md-end-block md-p\"><span class=\"md-plain\">Teint ros\u00e9<\/span><\/p>\n<\/li>\n<li class=\"md-list-item\">\n<p class=\"md-end-block md-p\"><span class=\"md-plain\">L\u00e8vres tach\u00e9es de prunes<\/span><\/p>\n<\/li>\n<\/ul>\n<h2 class=\"md-end-block md-heading\"><span class=\"md-plain\">\ud83d\udc57 Guide du style<\/span><\/h2>\n<h3 class=\"md-end-block md-heading\"><span class=\"md-plain\">\"Le look de la s\u00e9r\u00e9nade<\/span><\/h3>\n<ul class=\"ul-list\" data-mark=\"-\">\n<li class=\"md-list-item\">\n<p class=\"md-end-block md-p\"><span class=\"md-plain\">Violet raisin fonc\u00e9<\/span><\/p>\n<\/li>\n<li class=\"md-list-item\">\n<p class=\"md-end-block md-p\"><span class=\"md-plain\">Rayon de lune<\/span><\/p>\n<\/li>\n<li class=\"md-list-item\">\n<p class=\"md-end-block md-p\"><span class=\"md-plain\">\u00c9tincelle du cr\u00e9puscule<\/span><\/p>\n<\/li>\n<li class=\"md-list-item\">\n<p class=\"md-end-block md-p\"><span class=\"md-plain\">Lueur romantique<\/span><\/p>\n<\/li>\n<\/ul>\n<h3 class=\"md-end-block md-heading\"><span class=\"md-plain\">Des accords parfaits<\/span><\/h3>\n<ul class=\"ul-list\" data-mark=\"-\">\n<li class=\"md-list-item\">\n<p class=\"md-end-block md-p\"><span class=\"md-plain\">Bijoux en perles<\/span><\/p>\n<\/li>\n<li class=\"md-list-item\">\n<p class=\"md-end-block md-p\"><span class=\"md-plain\">Textures de velours<\/span><\/p>\n<\/li>\n<li class=\"md-list-item\">\n<p class=\"md-end-block md-p\"><span class=\"md-plain\">Accents argent\u00e9s<\/span><\/p>\n<\/li>\n<li class=\"md-list-item\">\n<p class=\"md-end-block md-p\"><span class=\"md-plain\">Motifs de la lune<\/span><\/p>\n<\/li>\n<\/ul>\n<h3 class=\"md-end-block md-heading\"><span class=\"md-plain\">Magie saisonni\u00e8re<\/span><\/h3>\n<ul class=\"ul-list\" data-mark=\"-\">\n<li class=\"md-list-item\">\n<p class=\"md-end-block md-p\"><span class=\"md-plain\">\u00c9t\u00e9 : Jardins de nuit<\/span><\/p>\n<\/li>\n<li class=\"md-list-item\">\n<p class=\"md-end-block md-p\"><span class=\"md-plain\">Automne : Boules cr\u00e9pusculaires<\/span><\/p>\n<\/li>\n<li class=\"md-list-item\">\n<p class=\"md-end-block md-p\"><span class=\"md-plain\">Printemps : Floraison du soir<\/span><\/p>\n<\/li>\n<li class=\"md-list-item\">\n<p class=\"md-end-block md-p\"><span class=\"md-plain\">Hiver : Nuits \u00e9toil\u00e9es<\/span><\/p>\n<\/li>\n<\/ul>\n<h2 class=\"md-end-block md-heading\"><span class=\"md-plain\">S\u00e9curit\u00e9 et confort<\/span><\/h2>\n<p class=\"md-end-block md-p\"><span class=\"md-plain\">Certifi\u00e9 CE et FDA pour un confort romantique.<\/span><\/p>\n<h2 class=\"md-end-block md-heading\"><span class=\"md-plain\">\ud83d\udcab Vivez la magie du clair de lune !<\/span><\/h2>\n<p class=\"md-end-block md-p\"><span class=\"md-plain\">Transformez votre regard en une symphonie nocturne !<\/span><\/p>\n<p class=\"md-end-block md-p md-focus\"><span class=\"md-plain md-expand\">#MSerenade au clair de lune 1TP7Lentilles violettes #NightGlam #RomanticStyle #EveningMagic<\/span><\/p>","protected":false},"excerpt":{"rendered":"<p>\u2728 Moonlight Serenade Grape Purple Contact Lenses: Nocturnal Romance \ud83d\udcab Design Inspiration These Grape Purple lenses capture the enchantment of moonlit romance. The design blends deep purple hues with silvery moonbeam highlights, creating an effect like moonlight dancing on dark waters. Subtle iridescent patterns weave through the lens like nocturnal melodies, while crystalline accents sparkle [&#8230;]\n","protected":false},"featured_media":1991,"comment_status":"open","ping_status":"closed","template":"","meta":[],"product_brand":[],"product_cat":[82,91,188,98],"product_tag":[],"class_list":{"0":"post-1989","1":"product","2":"type-product","3":"status-publish","4":"has-post-thumbnail","6":"product_cat-purple-contact-lenses","7":"product_cat-14-2-mm","8":"product_cat-dream-contacts","9":"product_cat-yearly-disposable","11":"first","12":"instock","13":"sale","14":"shipping-taxable","15":"purchasable","16":"product-type-variable","17":"has-default-attributes"},"_links":{"self":[{"href":"https:\/\/bqeye.com\/fr\/wp-json\/wp\/v2\/product\/1989","targetHints":{"allow":["GET"]}}],"collection":[{"href":"https:\/\/bqeye.com\/fr\/wp-json\/wp\/v2\/product"}],"about":[{"href":"https:\/\/bqeye.com\/fr\/wp-json\/wp\/v2\/types\/product"}],"replies":[{"embeddable":true,"href":"https:\/\/bqeye.com\/fr\/wp-json\/wp\/v2\/comments?post=1989"}],"wp:featuredmedia":[{"embeddable":true,"href":"https:\/\/bqeye.com\/fr\/wp-json\/wp\/v2\/media\/1991"}],"wp:attachment":[{"href":"https:\/\/bqeye.com\/fr\/wp-json\/wp\/v2\/media?parent=1989"}],"wp:term":[{"taxonomy":"product_brand","embeddable":true,"href":"https:\/\/bqeye.com\/fr\/wp-json\/wp\/v2\/product_brand?post=1989"},{"taxonomy":"product_cat","embeddable":true,"href":"https:\/\/bqeye.com\/fr\/wp-json\/wp\/v2\/product_cat?post=1989"},{"taxonomy":"product_tag","embeddable":true,"href":"https:\/\/bqeye.com\/fr\/wp-json\/wp\/v2\/product_tag?post=1989"}],"curies":[{"name":"wp","href":"https:\/\/api.w.org\/{rel}","templated":true}]}}