{"id":2023,"date":"2025-01-08T20:16:33","date_gmt":"2025-01-08T12:16:33","guid":{"rendered":"https:\/\/bqeye.com\/?post_type=product&#038;p=2023"},"modified":"2025-01-08T20:18:36","modified_gmt":"2025-01-08T12:18:36","slug":"moonlight-grey-contact-lenses","status":"publish","type":"product","link":"https:\/\/bqeye.com\/fr\/moonlight-grey-contact-lenses\/","title":{"rendered":"Lentilles de contact gris clair de lune"},"content":{"rendered":"<h1 class=\"md-end-block md-heading\"><span class=\"md-plain md-expand\">Lentilles de contact gris clair de lune : D\u00e9voilez votre regard \u00e9th\u00e9r\u00e9 \ud83c\udf19<\/span><\/h1>\n<h2 class=\"md-end-block md-heading\"><span class=\"md-plain\">Inspiration design et histoire des couleurs<\/span><\/h2>\n<p class=\"md-end-block md-p\"><span class=\"md-plain\">Ces <\/span><span class=\"md-pair-s\"><strong><span class=\"md-plain\">Lentilles de contact gris clair de lune<\/span><\/strong><\/span><span class=\"md-plain\"> capturent l'allure myst\u00e9rieuse des nuits au clair de lune. Inspir\u00e9e par l'\u00e9clat argent\u00e9 d'une pleine lune \u00e0 travers des nuages brumeux, chaque lentille pr\u00e9sente de d\u00e9licates couches de tons gris lumineux. Le motif unique cr\u00e9e une profondeur envo\u00fbtante qui transforme vos yeux en bassins de myst\u00e8re au clair de lune, parfaits pour ceux qui recherchent une mise en valeur \u00e0 la fois subtile et saisissante.<\/span><\/p>\n<h2 class=\"md-end-block md-heading\"><span class=\"md-plain\">Examens d'influenceurs<\/span><\/h2>\n<p class=\"md-end-block md-p\"><span class=\"md-plain\">@BeautyMoon (1,7 million de followers) : \"Ces <\/span><span class=\"md-pair-s\"><strong><span class=\"md-plain\">Les lentilles de contact Moonlight Grey rendent les r\u00e9unions virtuelles magiques<\/span><\/strong><\/span><span class=\"md-plain\"> - l'\u00e9quilibre parfait entre professionnalisme et enchantement ! \u2728\"<\/span><\/p>\n<p class=\"md-end-block md-p\"><span class=\"md-plain\">@StyleSiren (1.1M followers) : \"Le <\/span><span class=\"md-pair-s\"><strong><span class=\"md-plain\">La lentille de contact Moonlight Grey est mon arme secr\u00e8te pour les prises de vue \u00e9ditoriales.<\/span><\/strong><\/span><span class=\"md-plain\"> - ils photographient comme dans un r\u00eave ! \ud83c\udf1f\"<\/span><\/p>\n<p class=\"md-end-block md-p\"><span class=\"md-plain\">@GlamGoddess (850K followers) : \"Lors des soir\u00e9es, ces <\/span><span class=\"md-pair-s\"><strong><span class=\"md-plain\">Les lentilles gris clair de lune captent magnifiquement la lumi\u00e8re<\/span><\/strong><\/span><span class=\"md-plain\"> - l'enchantement \u00e0 l'\u00e9tat pur ! \ud83d\udcab\"<\/span><\/p>\n<h2 class=\"md-end-block md-heading\"><span class=\"md-plain\">Exp\u00e9riences r\u00e9elles des clients<\/span><\/h2>\n<p class=\"md-end-block md-p\"><span class=\"md-plain\">\"Ces <\/span><span class=\"md-pair-s\"><strong><span class=\"md-plain\">Les lentilles de contact Moonlight Grey sont en apesanteur lors des pr\u00e9sentations<\/span><\/strong><\/span><span class=\"md-plain\">Le travail est un plaisir, parfait pour les longues journ\u00e9es de travail ! \ud83d\udcbc\"<\/span><\/p>\n<p class=\"md-end-block md-p\"><span class=\"md-plain\">\"Le <\/span><span class=\"md-pair-s\"><strong><span class=\"md-plain\">Les lentilles de contact gris clair de lune font ressortir mes traits lors de rencontres sociales<\/span><\/strong><\/span><span class=\"md-plain\">Si naturellement \u00e9l\u00e9gantes ! \u2728\"<\/span><\/p>\n<p class=\"md-end-block md-p\"><span class=\"md-plain\">\"J'aime la fa\u00e7on dont ces <\/span><span class=\"md-pair-s\"><strong><span class=\"md-plain\">Les verres gris clair de lune rehaussent mon look pour les d\u00eeners du soir<\/span><\/strong><\/span><span class=\"md-plain\"> - sophistiqu\u00e9 et myst\u00e9rieux ! \ud83c\udf19\"<\/span><\/p>\n<h2 class=\"md-end-block md-heading\"><span class=\"md-plain\">Occasions parfaites<\/span><\/h2>\n<h3 class=\"md-end-block md-heading\"><span class=\"md-plain\">Param\u00e8tres professionnels<\/span><\/h3>\n<ul class=\"ul-list\" data-mark=\"-\">\n<li class=\"md-list-item\">\n<p class=\"md-end-block md-p\"><span class=\"md-plain\">R\u00e9unions du conseil d'administration<\/span><\/p>\n<\/li>\n<li class=\"md-list-item\">\n<p class=\"md-end-block md-p\"><span class=\"md-plain\">Pr\u00e9sentations de clients<\/span><\/p>\n<\/li>\n<li class=\"md-list-item\">\n<p class=\"md-end-block md-p\"><span class=\"md-plain\">Mise en r\u00e9seau des entreprises<\/span><\/p>\n<\/li>\n<\/ul>\n<h3 class=\"md-end-block md-heading\"><span class=\"md-plain\">\u00c9v\u00e9nements sp\u00e9ciaux<\/span><\/h3>\n<ul class=\"ul-list\" data-mark=\"-\">\n<li class=\"md-list-item\">\n<p class=\"md-end-block md-p\"><span class=\"md-plain\">Soir\u00e9es de gala<\/span><\/p>\n<\/li>\n<li class=\"md-list-item\">\n<p class=\"md-end-block md-p\"><span class=\"md-plain\">Cocktails<\/span><\/p>\n<\/li>\n<li class=\"md-list-item\">\n<p class=\"md-end-block md-p\"><span class=\"md-plain\">\u00c9v\u00e9nements de mode<\/span><\/p>\n<\/li>\n<\/ul>\n<h2 class=\"md-end-block md-heading\"><span class=\"md-plain\">Guide d'association de maquillage<\/span><\/h2>\n<h3 class=\"md-end-block md-heading\"><span class=\"md-plain\">Sophistication de jour<\/span><\/h3>\n<ul class=\"ul-list\" data-mark=\"-\">\n<li class=\"md-list-item\">\n<p class=\"md-end-block md-p\"><span class=\"md-plain\">Base lumineuse<\/span><\/p>\n<\/li>\n<li class=\"md-list-item\">\n<p class=\"md-end-block md-p\"><span class=\"md-plain\">Ombre \u00e0 paupi\u00e8res perl\u00e9e<\/span><\/p>\n<\/li>\n<li class=\"md-list-item\">\n<p class=\"md-end-block md-p\"><span class=\"md-plain\">Cils d\u00e9finis<\/span><\/p>\n<\/li>\n<\/ul>\n<h3 class=\"md-end-block md-heading\"><span class=\"md-plain\">Myst\u00e8re du soir<\/span><\/h3>\n<ul class=\"ul-list\" data-mark=\"-\">\n<li class=\"md-list-item\">\n<p class=\"md-end-block md-p\"><span class=\"md-plain\">Accents m\u00e9talliques<\/span><\/p>\n<\/li>\n<li class=\"md-list-item\">\n<p class=\"md-end-block md-p\"><span class=\"md-plain\">Smokey eye charbon<\/span><\/p>\n<\/li>\n<li class=\"md-list-item\">\n<p class=\"md-end-block md-p\"><span class=\"md-plain\">L\u00e8vres mauves<\/span><\/p>\n<\/li>\n<\/ul>\n<h2 class=\"md-end-block md-heading\"><span class=\"md-plain\">Coordination des styles<\/span><\/h2>\n<h3 class=\"md-end-block md-heading\"><span class=\"md-plain\">Couleurs des v\u00eatements<\/span><\/h3>\n<ul class=\"ul-list\" data-mark=\"-\">\n<li class=\"md-list-item\">\n<p class=\"md-end-block md-p\"><span class=\"md-plain\">Argent massif<\/span><\/p>\n<\/li>\n<li class=\"md-list-item\">\n<p class=\"md-end-block md-p\"><span class=\"md-plain\">Pierre de lune blanche<\/span><\/p>\n<\/li>\n<li class=\"md-list-item\">\n<p class=\"md-end-block md-p\"><span class=\"md-plain\">Gris brumeux<\/span><\/p>\n<\/li>\n<li class=\"md-list-item\">\n<p class=\"md-end-block md-p\"><span class=\"md-plain\">Fusain profond<\/span><\/p>\n<\/li>\n<\/ul>\n<h3 class=\"md-end-block md-heading\"><span class=\"md-plain\">Accessoires<\/span><\/h3>\n<ul class=\"ul-list\" data-mark=\"-\">\n<li class=\"md-list-item\">\n<p class=\"md-end-block md-p\"><span class=\"md-plain\">Bijoux en platine<\/span><\/p>\n<\/li>\n<li class=\"md-list-item\">\n<p class=\"md-end-block md-p\"><span class=\"md-plain\">D\u00e9tails de la pierre de lune<\/span><\/p>\n<\/li>\n<li class=\"md-list-item\">\n<p class=\"md-end-block md-p\"><span class=\"md-plain\">\u00c9l\u00e9ments en cristal<\/span><\/p>\n<\/li>\n<\/ul>\n<h3 class=\"md-end-block md-heading\"><span class=\"md-plain\">Conseils de style pour la saison<\/span><\/h3>\n<ul class=\"ul-list\" data-mark=\"-\">\n<li class=\"md-list-item\">\n<p class=\"md-end-block md-p\"><span class=\"md-plain\">Printemps\/\u00e9t\u00e9 : Associer avec des soies \u00e9th\u00e9r\u00e9es et des tissus fluides<\/span><\/p>\n<\/li>\n<li class=\"md-list-item\">\n<p class=\"md-end-block md-p\"><span class=\"md-plain\">Automne\/Hiver : Compl\u00e9tez avec du velours et des touches m\u00e9talliques<\/span><\/p>\n<\/li>\n<\/ul>\n<h2 class=\"md-end-block md-heading\"><span class=\"md-plain\">Confort et s\u00e9curit\u00e9<\/span><\/h2>\n<p class=\"md-end-block md-p\"><span class=\"md-plain\">Le <\/span><span class=\"md-pair-s\"><strong><span class=\"md-plain\">Lentilles de contact gris clair de lune<\/span><\/strong><\/span><span class=\"md-plain\"> Les lentilles de contact sont fabriqu\u00e9es \u00e0 partir de mat\u00e9riaux certifi\u00e9s CE et FDA, con\u00e7us pour offrir un confort et une respirabilit\u00e9 exceptionnels. La technologie avanc\u00e9e de verrouillage de l'humidit\u00e9 garantit une fra\u00eecheur et une clart\u00e9 durables.<\/span><\/p>\n<p class=\"md-end-block md-p md-focus\"><span class=\"md-plain\">\u2728 Embrassez votre mystique avec <\/span><span class=\"md-pair-s\"><strong><span class=\"md-plain\">Lentilles de contact gris clair de lune<\/span><\/strong><\/span><span class=\"md-plain md-expand\"> - La rencontre de l'\u00e9l\u00e9gance et de l'enchantement !<\/span><\/p>","protected":false},"excerpt":{"rendered":"<p>Moonlight Grey Contact Lenses: Unveil Your Ethereal Gaze \ud83c\udf19 Design Inspiration &amp; Color Story These Moonlight Grey Contact Lenses capture the mysterious allure of moonlit nights. Inspired by the silver glow of a full moon through misty clouds, each lens features delicate layers of luminous grey tones. The unique pattern creates a mesmerizing depth that [&#8230;]\n","protected":false},"featured_media":2025,"comment_status":"open","ping_status":"closed","template":"","meta":[],"product_brand":[],"product_cat":[81,91,188,98],"product_tag":[],"class_list":{"0":"post-2023","1":"product","2":"type-product","3":"status-publish","4":"has-post-thumbnail","6":"product_cat-grey-contact-lenses","7":"product_cat-14-2-mm","8":"product_cat-dream-contacts","9":"product_cat-yearly-disposable","11":"first","12":"instock","13":"sale","14":"shipping-taxable","15":"purchasable","16":"product-type-variable","17":"has-default-attributes"},"_links":{"self":[{"href":"https:\/\/bqeye.com\/fr\/wp-json\/wp\/v2\/product\/2023","targetHints":{"allow":["GET"]}}],"collection":[{"href":"https:\/\/bqeye.com\/fr\/wp-json\/wp\/v2\/product"}],"about":[{"href":"https:\/\/bqeye.com\/fr\/wp-json\/wp\/v2\/types\/product"}],"replies":[{"embeddable":true,"href":"https:\/\/bqeye.com\/fr\/wp-json\/wp\/v2\/comments?post=2023"}],"wp:featuredmedia":[{"embeddable":true,"href":"https:\/\/bqeye.com\/fr\/wp-json\/wp\/v2\/media\/2025"}],"wp:attachment":[{"href":"https:\/\/bqeye.com\/fr\/wp-json\/wp\/v2\/media?parent=2023"}],"wp:term":[{"taxonomy":"product_brand","embeddable":true,"href":"https:\/\/bqeye.com\/fr\/wp-json\/wp\/v2\/product_brand?post=2023"},{"taxonomy":"product_cat","embeddable":true,"href":"https:\/\/bqeye.com\/fr\/wp-json\/wp\/v2\/product_cat?post=2023"},{"taxonomy":"product_tag","embeddable":true,"href":"https:\/\/bqeye.com\/fr\/wp-json\/wp\/v2\/product_tag?post=2023"}],"curies":[{"name":"wp","href":"https:\/\/api.w.org\/{rel}","templated":true}]}}