{"id":2026,"date":"2025-01-08T20:28:47","date_gmt":"2025-01-08T12:28:47","guid":{"rendered":"https:\/\/bqeye.com\/?post_type=product&#038;p=2026"},"modified":"2025-01-08T20:29:43","modified_gmt":"2025-01-08T12:29:43","slug":"camden-jade-contact-lenses","status":"publish","type":"product","link":"https:\/\/bqeye.com\/fr\/camden-jade-contact-lenses\/","title":{"rendered":"Lentilles de contact Camden Jade"},"content":{"rendered":"<h1 class=\"md-end-block md-heading\"><span class=\"md-plain md-expand\">Lentilles de contact Camden Jade : Le chic urbain rencontre la beaut\u00e9 naturelle \ud83c\udf3f<\/span><\/h1>\n<h2 class=\"md-end-block md-heading\"><span class=\"md-plain\">Inspiration design et histoire des couleurs<\/span><\/h2>\n<p class=\"md-end-block md-p\"><span class=\"md-plain\">Ces <\/span><span class=\"md-pair-s\"><strong><span class=\"md-plain\">Lentilles de contact Camden Jade<\/span><\/strong><\/span><span class=\"md-plain\"> allient la sophistication urbaine de Londres \u00e0 l'allure intemporelle de la pierre de jade. Avec un motif unique inspir\u00e9 par l'esprit \u00e9clectique de Camden Market, chaque lentille combine des tons de jade profonds avec des nuances subtiles d'\u00e9meraude. Le design cr\u00e9e un \u00e9quilibre parfait entre l'\u00e9clat et la sophistication, id\u00e9al pour les adeptes des tendances modernes.<\/span><\/p>\n<h2 class=\"md-end-block md-heading\"><span class=\"md-plain\">Examens d'influenceurs<\/span><\/h2>\n<p class=\"md-end-block md-p\"><span class=\"md-plain\">@LondonStyle (1,9 million de followers) : \"Ces <\/span><span class=\"md-pair-s\"><strong><span class=\"md-plain\">Les lentilles de contact Camden Jade sont parfaites pour les shootings de style de rue<\/span><\/strong><\/span><span class=\"md-plain\"> - ils capturent le c\u00f4t\u00e9 embl\u00e9matique de Londres ! \ud83d\udc9a\"<\/span><\/p>\n<p class=\"md-end-block md-p\"><span class=\"md-plain\">@UrbanGlow (1.3M followers) : \"Le <\/span><span class=\"md-pair-s\"><strong><span class=\"md-plain\">La lentille de contact Camden Jade donne du caract\u00e8re \u00e0 mes looks \u00e9ditoriaux.<\/span><\/strong><\/span><span class=\"md-plain\"> - absolument magnifique ! \u2728\"<\/span><\/p>\n<p class=\"md-end-block md-p\"><span class=\"md-plain\">@CityChic (880K followers) : \"Pendant la semaine de la mode, ces <\/span><span class=\"md-pair-s\"><strong><span class=\"md-plain\">Les lentilles Camden Jade font tourner les t\u00eates<\/span><\/strong><\/span><span class=\"md-plain\"> - pure attitude londonienne ! \ud83c\udf1f\"<\/span><\/p>\n<h2 class=\"md-end-block md-heading\"><span class=\"md-plain\">Exp\u00e9riences r\u00e9elles des clients<\/span><\/h2>\n<p class=\"md-end-block md-p\"><span class=\"md-plain\">\"Ces <\/span><span class=\"md-pair-s\"><strong><span class=\"md-plain\">Les lentilles de contact Camden Jade sont tr\u00e8s agr\u00e9ables \u00e0 porter lors de r\u00e9unions cr\u00e9atives.<\/span><\/strong><\/span><span class=\"md-plain\">Le r\u00e9sultat est tr\u00e8s satisfaisant, parfait pour mes \u00e9v\u00e9nements dans les galeries d'art ! \ud83c\udfa8\"<\/span><\/p>\n<p class=\"md-end-block md-p\"><span class=\"md-plain\">\"Le <\/span><span class=\"md-pair-s\"><strong><span class=\"md-plain\">La lentille de contact Camden Jade apporte une touche d'originalit\u00e9 \u00e0 mes photos de rue.<\/span><\/strong><\/span><span class=\"md-plain\"> - totalement transformateur ! \ud83d\udcf8\"<\/span><\/p>\n<p class=\"md-end-block md-p\"><span class=\"md-plain\">\"J'aime la fa\u00e7on dont ces <\/span><span class=\"md-pair-s\"><strong><span class=\"md-plain\">Les lentilles Camden Jade Lenses s'imposent dans les salles de concert<\/span><\/strong><\/span><span class=\"md-plain\"> - si typiquement londonien ! \ud83c\udfb8\"<\/span><\/p>\n<h2 class=\"md-end-block md-heading\"><span class=\"md-plain\">Occasions parfaites<\/span><\/h2>\n<h3 class=\"md-end-block md-heading\"><span class=\"md-plain\">Aventures urbaines<\/span><\/h3>\n<ul class=\"ul-list\" data-mark=\"-\">\n<li class=\"md-list-item\">\n<p class=\"md-end-block md-p\"><span class=\"md-plain\">Ouvertures de galeries<\/span><\/p>\n<\/li>\n<li class=\"md-list-item\">\n<p class=\"md-end-block md-p\"><span class=\"md-plain\">Festivals de musique<\/span><\/p>\n<\/li>\n<li class=\"md-list-item\">\n<p class=\"md-end-block md-p\"><span class=\"md-plain\">March\u00e9s de rue<\/span><\/p>\n<\/li>\n<\/ul>\n<h3 class=\"md-end-block md-heading\"><span class=\"md-plain\">Param\u00e8tres professionnels<\/span><\/h3>\n<ul class=\"ul-list\" data-mark=\"-\">\n<li class=\"md-list-item\">\n<p class=\"md-end-block md-p\"><span class=\"md-plain\">R\u00e9unions cr\u00e9atives<\/span><\/p>\n<\/li>\n<li class=\"md-list-item\">\n<p class=\"md-end-block md-p\"><span class=\"md-plain\">\u00c9v\u00e9nements de mode<\/span><\/p>\n<\/li>\n<li class=\"md-list-item\">\n<p class=\"md-end-block md-p\"><span class=\"md-plain\">Apparitions dans les m\u00e9dias<\/span><\/p>\n<\/li>\n<\/ul>\n<h2 class=\"md-end-block md-heading\"><span class=\"md-plain\">Guide d'association de maquillage<\/span><\/h2>\n<h3 class=\"md-end-block md-heading\"><span class=\"md-plain\">Look urbain de jour<\/span><\/h3>\n<ul class=\"ul-list\" data-mark=\"-\">\n<li class=\"md-list-item\">\n<p class=\"md-end-block md-p\"><span class=\"md-plain\">Peau ros\u00e9e<\/span><\/p>\n<\/li>\n<li class=\"md-list-item\">\n<p class=\"md-end-block md-p\"><span class=\"md-plain\">Accents m\u00e9talliques<\/span><\/p>\n<\/li>\n<li class=\"md-list-item\">\n<p class=\"md-end-block md-p\"><span class=\"md-plain\">Des sourcils audacieux<\/span><\/p>\n<\/li>\n<\/ul>\n<h3 class=\"md-end-block md-heading\"><span class=\"md-plain\">Sc\u00e8ne de nuit<\/span><\/h3>\n<ul class=\"ul-list\" data-mark=\"-\">\n<li class=\"md-list-item\">\n<p class=\"md-end-block md-p\"><span class=\"md-plain\">Liner graphique<\/span><\/p>\n<\/li>\n<li class=\"md-list-item\">\n<p class=\"md-end-block md-p\"><span class=\"md-plain\">M\u00e8ches chatoyantes<\/span><\/p>\n<\/li>\n<li class=\"md-list-item\">\n<p class=\"md-end-block md-p\"><span class=\"md-plain\">L\u00e8vres audacieuses<\/span><\/p>\n<\/li>\n<\/ul>\n<h2 class=\"md-end-block md-heading\"><span class=\"md-plain\">Coordination des styles<\/span><\/h2>\n<h3 class=\"md-end-block md-heading\"><span class=\"md-plain\">Couleurs des v\u00eatements<\/span><\/h3>\n<ul class=\"ul-list\" data-mark=\"-\">\n<li class=\"md-list-item\">\n<p class=\"md-end-block md-p\"><span class=\"md-plain\">Noir vintage<\/span><\/p>\n<\/li>\n<li class=\"md-list-item\">\n<p class=\"md-end-block md-p\"><span class=\"md-plain\">Gris industriel<\/span><\/p>\n<\/li>\n<li class=\"md-list-item\">\n<p class=\"md-end-block md-p\"><span class=\"md-plain\">Jade fonc\u00e9<\/span><\/p>\n<\/li>\n<li class=\"md-list-item\">\n<p class=\"md-end-block md-p\"><span class=\"md-plain\">Argent m\u00e9tallique<\/span><\/p>\n<\/li>\n<\/ul>\n<h3 class=\"md-end-block md-heading\"><span class=\"md-plain\">Accessoires<\/span><\/h3>\n<ul class=\"ul-list\" data-mark=\"-\">\n<li class=\"md-list-item\">\n<p class=\"md-end-block md-p\"><span class=\"md-plain\">M\u00e9taux m\u00e9lang\u00e9s<\/span><\/p>\n<\/li>\n<li class=\"md-list-item\">\n<p class=\"md-end-block md-p\"><span class=\"md-plain\">Cristaux bruts<\/span><\/p>\n<\/li>\n<li class=\"md-list-item\">\n<p class=\"md-end-block md-p\"><span class=\"md-plain\">D\u00e9tails en cuir<\/span><\/p>\n<\/li>\n<\/ul>\n<h3 class=\"md-end-block md-heading\"><span class=\"md-plain\">Conseils de style pour la saison<\/span><\/h3>\n<ul class=\"ul-list\" data-mark=\"-\">\n<li class=\"md-list-item\">\n<p class=\"md-end-block md-p\"><span class=\"md-plain\">Printemps\/\u00e9t\u00e9 : Associez-les \u00e0 des v\u00eatements de ville originaux<\/span><\/p>\n<\/li>\n<li class=\"md-list-item\">\n<p class=\"md-end-block md-p\"><span class=\"md-plain\">Automne\/Hiver : Superposer des pi\u00e8ces vintage<\/span><\/p>\n<\/li>\n<\/ul>\n<h2 class=\"md-end-block md-heading\"><span class=\"md-plain\">Confort et s\u00e9curit\u00e9<\/span><\/h2>\n<p class=\"md-end-block md-p\"><span class=\"md-plain\">Le <\/span><span class=\"md-pair-s\"><strong><span class=\"md-plain\">Lentilles de contact Camden Jade<\/span><\/strong><\/span><span class=\"md-plain\"> Les chaussures de sport de la s\u00e9rie B sont fabriqu\u00e9es \u00e0 partir de mat\u00e9riaux certifi\u00e9s CE et FDA, con\u00e7us pour assurer le confort pendant les longues aventures urbaines. La technologie de pointe en mati\u00e8re d'humidit\u00e9 garantit une fra\u00eecheur durable lors de vos explorations urbaines.<\/span><\/p>\n<p class=\"md-end-block md-p md-focus\"><span class=\"md-plain\">\u2728 Exprimez votre style unique avec <\/span><span class=\"md-pair-s\"><strong><span class=\"md-plain\">Lentilles de contact Camden Jade<\/span><\/strong><\/span><span class=\"md-plain md-expand\"> - L\u00e0 o\u00f9 l'avant-garde londonienne rencontre l'allure naturelle !<\/span><\/p>","protected":false},"excerpt":{"rendered":"<p>Camden Jade Contact Lenses: Urban Chic Meets Natural Beauty \ud83c\udf3f Design Inspiration &amp; Color Story These Camden Jade Contact Lenses blend London&#8217;s urban sophistication with the timeless allure of jade stone. Featuring a unique pattern inspired by the eclectic spirit of Camden Market, each lens combines deep jade tones with subtle emerald undertones. The design [&#8230;]\n","protected":false},"featured_media":2028,"comment_status":"open","ping_status":"closed","template":"","meta":[],"product_brand":[],"product_cat":[77,91,188,98],"product_tag":[],"class_list":{"0":"post-2026","1":"product","2":"type-product","3":"status-publish","4":"has-post-thumbnail","6":"product_cat-green-contact-lenses","7":"product_cat-14-2-mm","8":"product_cat-dream-contacts","9":"product_cat-yearly-disposable","11":"first","12":"instock","13":"sale","14":"shipping-taxable","15":"purchasable","16":"product-type-variable","17":"has-default-attributes"},"_links":{"self":[{"href":"https:\/\/bqeye.com\/fr\/wp-json\/wp\/v2\/product\/2026","targetHints":{"allow":["GET"]}}],"collection":[{"href":"https:\/\/bqeye.com\/fr\/wp-json\/wp\/v2\/product"}],"about":[{"href":"https:\/\/bqeye.com\/fr\/wp-json\/wp\/v2\/types\/product"}],"replies":[{"embeddable":true,"href":"https:\/\/bqeye.com\/fr\/wp-json\/wp\/v2\/comments?post=2026"}],"wp:featuredmedia":[{"embeddable":true,"href":"https:\/\/bqeye.com\/fr\/wp-json\/wp\/v2\/media\/2028"}],"wp:attachment":[{"href":"https:\/\/bqeye.com\/fr\/wp-json\/wp\/v2\/media?parent=2026"}],"wp:term":[{"taxonomy":"product_brand","embeddable":true,"href":"https:\/\/bqeye.com\/fr\/wp-json\/wp\/v2\/product_brand?post=2026"},{"taxonomy":"product_cat","embeddable":true,"href":"https:\/\/bqeye.com\/fr\/wp-json\/wp\/v2\/product_cat?post=2026"},{"taxonomy":"product_tag","embeddable":true,"href":"https:\/\/bqeye.com\/fr\/wp-json\/wp\/v2\/product_tag?post=2026"}],"curies":[{"name":"wp","href":"https:\/\/api.w.org\/{rel}","templated":true}]}}