{"id":2098,"date":"2025-01-09T22:16:47","date_gmt":"2025-01-09T14:16:47","guid":{"rendered":"https:\/\/bqeye.com\/?post_type=product&#038;p=2098"},"modified":"2025-01-09T22:19:47","modified_gmt":"2025-01-09T14:19:47","slug":"fiji-glacier-blue-contact-lenses","status":"publish","type":"product","link":"https:\/\/bqeye.com\/fr\/fiji-glacier-blue-contact-lenses\/","title":{"rendered":"Lentilles de contact Fiji Glacier Blue"},"content":{"rendered":"<h1 class=\"md-end-block md-heading\"><span class=\"md-plain md-expand\">Lentilles de contact bleu glacier Fidji : Ocean Depths Fusion<\/span><\/h1>\n<h2 class=\"md-end-block md-heading\"><span class=\"md-plain\">Inspiration design et histoire des couleurs<\/span><\/h2>\n<p class=\"md-end-block md-p\"><span class=\"md-plain\">Ces lentilles de contact Fiji Glacier Blue s'inspirent des ph\u00e9nom\u00e8nes naturels les plus \u00e9tonnants. Le design capture la fusion hypnotique des lagons cristallins des Fidji et des glaciers arctiques immacul\u00e9s. La technologie unique de d\u00e9grad\u00e9 \u00e0 trois couches associe la chaleur tropicale \u00e0 la clart\u00e9 arctique, cr\u00e9ant ainsi une profondeur de couleur sans pr\u00e9c\u00e9dent. Le bleu lagon profond de l'anneau ext\u00e9rieur rehausse la d\u00e9finition des yeux, tandis que la zone centrale des glaciers cristallins cr\u00e9e une transparence pure et que le noyau turquoise int\u00e9rieur ajoute une dimension vibrante. Cette conception innovante fait non seulement para\u00eetre les yeux plus grands et plus captivants, mais cr\u00e9e \u00e9galement des changements de couleur fascinants dans diff\u00e9rentes conditions d'\u00e9clairage, comme si l'on capturait les plus beaux miracles bleus de la nature dans le regard.<\/span><\/p>\n<h2 class=\"md-end-block md-heading\"><span class=\"md-plain\">Notes sur les influenceurs<\/span><\/h2>\n<ul class=\"ul-list\" data-mark=\"*\">\n<li class=\"md-list-item\">\n<p class=\"md-end-block md-p\"><span class=\"md-plain\">@OceanQueen (890K followers) : \"Ces Fiji Glacier Blues sont absolument \u00e0 couper le souffle ! Pendant les s\u00e9ances photos en ext\u00e9rieur, mes yeux capturent l'oc\u00e9an tout entier - les photos sont incroyables, et elles ont l'air compl\u00e8tement naturelles ! \ud83d\udc40\"<\/span><\/p>\n<\/li>\n<li class=\"md-list-item\">\n<p class=\"md-end-block md-p\"><span class=\"md-plain\">@TropicalGlow (925K followers) : \"En tant qu'influenceuse beaut\u00e9, j'ai essay\u00e9 d'innombrables lentilles, mais Fiji Glacier Blue est ma pr\u00e9f\u00e9r\u00e9e absolue ! Elles sont parfaites pour les grands \u00e9v\u00e9nements et la cr\u00e9ation de contenu quotidien. Ces lentilles \u00e9taient mon arme secr\u00e8te lors du gala d'\u00e9t\u00e9 ! \ud83c\udf1f\"<\/span><\/p>\n<\/li>\n<li class=\"md-list-item\">\n<p class=\"md-end-block md-p\"><span class=\"md-plain\">@ArcticBeauty (885K followers) : \"En portant mes Fiji Glacier Blues \u00e0 Universal Studios, tout le monde pensait que mes yeux \u00e9taient naturellement aussi \u00e9tonnants ! Ils photographient magnifiquement dans n'importe quel cadre - un must-have pour les cr\u00e9ateurs de contenu ! \ud83d\udc95\"<\/span><\/p>\n<\/li>\n<\/ul>\n<h2 class=\"md-end-block md-heading\"><span class=\"md-plain\">Exp\u00e9riences des utilisateurs<\/span><\/h2>\n<ul class=\"ul-list\" data-mark=\"*\">\n<li class=\"md-list-item\">\n<p class=\"md-end-block md-p\"><span class=\"md-plain\">\"D\u00e8s que j'ai enfil\u00e9 les lunettes Fiji Glacier Blue, j'ai \u00e9t\u00e9 stup\u00e9faite ! Elles conviennent parfaitement aux r\u00e9unions d'affaires et aux rendez-vous d\u00e9contract\u00e9s, ajoutant de la sophistication sans \u00eatre envahissantes.\"<\/span><\/p>\n<\/li>\n<li class=\"md-list-item\">\n<p class=\"md-end-block md-p\"><span class=\"md-plain\">\"Je porte le bleu glacier de Fidji depuis trois mois d'affil\u00e9e - en faisant du shopping ou en rencontrant des amis, les gens pensent toujours que c'est la couleur naturelle de mes yeux ! \ud83d\ude04\"<\/span><\/p>\n<\/li>\n<li class=\"md-list-item\">\n<p class=\"md-end-block md-p\"><span class=\"md-plain\">\"Ces lentilles sont parfaites pour un usage quotidien ! Confortables pendant les longues heures de bureau, elles me donnent l'air plus \u00e9nergique pendant les appels vid\u00e9o. \ud83d\udc4d\"<\/span><\/p>\n<\/li>\n<\/ul>\n<h2 class=\"md-end-block md-heading\"><span class=\"md-plain\">Parfait pour<\/span><\/h2>\n<h3 class=\"md-end-block md-heading\"><span class=\"md-plain\">Occasions quotidiennes<\/span><\/h3>\n<ul class=\"ul-list\" data-mark=\"*\">\n<li class=\"md-list-item\">\n<p class=\"md-end-block md-p\"><span class=\"md-plain\">Travail de bureau<\/span><\/p>\n<\/li>\n<li class=\"md-list-item\">\n<p class=\"md-end-block md-p\"><span class=\"md-plain\">La vie sur le campus<\/span><\/p>\n<\/li>\n<li class=\"md-list-item\">\n<p class=\"md-end-block md-p\"><span class=\"md-plain\">Rencontres occasionnelles<\/span><\/p>\n<\/li>\n<li class=\"md-list-item\">\n<p class=\"md-end-block md-p\"><span class=\"md-plain\">Activit\u00e9s de plein air<\/span><\/p>\n<\/li>\n<\/ul>\n<h3 class=\"md-end-block md-heading\"><span class=\"md-plain\">\u00c9v\u00e9nements sp\u00e9ciaux<\/span><\/h3>\n<ul class=\"ul-list\" data-mark=\"*\">\n<li class=\"md-list-item\">\n<p class=\"md-end-block md-p\"><span class=\"md-plain\">Mariages<\/span><\/p>\n<\/li>\n<li class=\"md-list-item\">\n<p class=\"md-end-block md-p\"><span class=\"md-plain\">S\u00e9ances photos<\/span><\/p>\n<\/li>\n<li class=\"md-list-item\">\n<p class=\"md-end-block md-p\"><span class=\"md-plain\">Pr\u00e9sentations<\/span><\/p>\n<\/li>\n<li class=\"md-list-item\">\n<p class=\"md-end-block md-p\"><span class=\"md-plain\">Rencontres sociales<\/span><\/p>\n<\/li>\n<\/ul>\n<h3 class=\"md-end-block md-heading\"><span class=\"md-plain\">Conseils de maquillage<\/span><\/h3>\n<ul class=\"ul-list\" data-mark=\"*\">\n<li class=\"md-list-item\">\n<p class=\"md-end-block md-p\"><span class=\"md-plain\">Fond de teint ros\u00e9<\/span><\/p>\n<\/li>\n<li class=\"md-list-item\">\n<p class=\"md-end-block md-p\"><span class=\"md-plain\">Ombre \u00e0 paupi\u00e8res perl\u00e9e<\/span><\/p>\n<\/li>\n<li class=\"md-list-item\">\n<p class=\"md-end-block md-p\"><span class=\"md-plain\">Des looks nude naturels<\/span><\/p>\n<\/li>\n<li class=\"md-list-item\">\n<p class=\"md-end-block md-p\"><span class=\"md-plain\">Maquillage des yeux dans les tons bleus<\/span><\/p>\n<\/li>\n<\/ul>\n<h2 class=\"md-end-block md-heading\"><span class=\"md-plain\">Guide de style<\/span><\/h2>\n<h3 class=\"md-end-block md-heading\"><span class=\"md-plain\">Couleurs de la tenue<\/span><\/h3>\n<ul class=\"ul-list\" data-mark=\"*\">\n<li class=\"md-list-item\">\n<p class=\"md-end-block md-p\"><span class=\"md-plain\">Bleu oc\u00e9an<\/span><\/p>\n<\/li>\n<li class=\"md-list-item\">\n<p class=\"md-end-block md-p\"><span class=\"md-plain\">Blanc glacier<\/span><\/p>\n<\/li>\n<li class=\"md-list-item\">\n<p class=\"md-end-block md-p\"><span class=\"md-plain\">Vert menthe<\/span><\/p>\n<\/li>\n<li class=\"md-list-item\">\n<p class=\"md-end-block md-p\"><span class=\"md-plain\">Gris perle<\/span><\/p>\n<\/li>\n<li class=\"md-list-item\">\n<p class=\"md-end-block md-p\"><span class=\"md-plain\">Ivoire<\/span><\/p>\n<\/li>\n<\/ul>\n<h3 class=\"md-end-block md-heading\"><span class=\"md-plain\">Accessoires<\/span><\/h3>\n<ul class=\"ul-list\" data-mark=\"*\">\n<li class=\"md-list-item\">\n<p class=\"md-end-block md-p\"><span class=\"md-plain\">Bijoux en cristal<\/span><\/p>\n<\/li>\n<li class=\"md-list-item\">\n<p class=\"md-end-block md-p\"><span class=\"md-plain\">Pi\u00e8ces d'argent<\/span><\/p>\n<\/li>\n<li class=\"md-list-item\">\n<p class=\"md-end-block md-p\"><span class=\"md-plain\">Accents perl\u00e9s<\/span><\/p>\n<\/li>\n<li class=\"md-list-item\">\n<p class=\"md-end-block md-p\"><span class=\"md-plain\">Accessoires transparents<\/span><\/p>\n<\/li>\n<\/ul>\n<h3 class=\"md-end-block md-heading\"><span class=\"md-plain\">Stylisme saisonnier<\/span><\/h3>\n<ul class=\"ul-list\" data-mark=\"*\">\n<li class=\"md-list-item\">\n<p class=\"md-end-block md-p\"><span class=\"md-plain\">Printemps : Pastels clairs<\/span><\/p>\n<\/li>\n<li class=\"md-list-item\">\n<p class=\"md-end-block md-p\"><span class=\"md-plain\">\u00c9t\u00e9 : V\u00eatements de vill\u00e9giature<\/span><\/p>\n<\/li>\n<li class=\"md-list-item\">\n<p class=\"md-end-block md-p\"><span class=\"md-plain\">Automne : Neutres chauds<\/span><\/p>\n<\/li>\n<li class=\"md-list-item\">\n<p class=\"md-end-block md-p\"><span class=\"md-plain\">L'hiver : Pi\u00e8ces inspir\u00e9es de la glace<\/span><\/p>\n<\/li>\n<\/ul>\n<h2 class=\"md-end-block md-heading\"><span class=\"md-plain\">S\u00e9curit\u00e9 et confort<\/span><\/h2>\n<p class=\"md-end-block md-p\"><span class=\"md-plain\">Certifi\u00e9 pour la sant\u00e9 et la s\u00e9curit\u00e9 des yeux. La technologie d'hydratation avanc\u00e9e garantit le confort lors d'un port prolong\u00e9.<\/span><\/p>\n<p class=\"md-end-block md-p md-focus\"><span class=\"md-plain md-expand\">\u2727 Transformez votre look avec les lentilles de contact Fiji Glacier Blue - O\u00f9 la chaleur tropicale rencontre la brillance arctique \u2727<\/span><\/p>","protected":false},"excerpt":{"rendered":"<p>Fiji Glacier Blue Contact Lenses: Ocean Depths Fusion Design Inspiration &amp; Color Story These Fiji Glacier Blue Contact Lenses draw inspiration from nature&#8217;s most stunning phenomena. The design captures the mesmerizing fusion of Fiji&#8217;s crystalline lagoons and pristine arctic glaciers. The unique three-layer gradient technology combines tropical warmth with arctic clarity, creating an unprecedented depth [&#8230;]\n","protected":false},"featured_media":2100,"comment_status":"open","ping_status":"closed","template":"","meta":[],"product_brand":[],"product_cat":[75,92,188,158,98],"product_tag":[],"class_list":{"0":"post-2098","1":"product","2":"type-product","3":"status-publish","4":"has-post-thumbnail","6":"product_cat-blue-contact-lenses","7":"product_cat-14-5-mm","8":"product_cat-dream-contacts","9":"product_cat-enlarge-contacts","10":"product_cat-yearly-disposable","12":"first","13":"instock","14":"sale","15":"shipping-taxable","16":"purchasable","17":"product-type-variable","18":"has-default-attributes"},"_links":{"self":[{"href":"https:\/\/bqeye.com\/fr\/wp-json\/wp\/v2\/product\/2098","targetHints":{"allow":["GET"]}}],"collection":[{"href":"https:\/\/bqeye.com\/fr\/wp-json\/wp\/v2\/product"}],"about":[{"href":"https:\/\/bqeye.com\/fr\/wp-json\/wp\/v2\/types\/product"}],"replies":[{"embeddable":true,"href":"https:\/\/bqeye.com\/fr\/wp-json\/wp\/v2\/comments?post=2098"}],"wp:featuredmedia":[{"embeddable":true,"href":"https:\/\/bqeye.com\/fr\/wp-json\/wp\/v2\/media\/2100"}],"wp:attachment":[{"href":"https:\/\/bqeye.com\/fr\/wp-json\/wp\/v2\/media?parent=2098"}],"wp:term":[{"taxonomy":"product_brand","embeddable":true,"href":"https:\/\/bqeye.com\/fr\/wp-json\/wp\/v2\/product_brand?post=2098"},{"taxonomy":"product_cat","embeddable":true,"href":"https:\/\/bqeye.com\/fr\/wp-json\/wp\/v2\/product_cat?post=2098"},{"taxonomy":"product_tag","embeddable":true,"href":"https:\/\/bqeye.com\/fr\/wp-json\/wp\/v2\/product_tag?post=2098"}],"curies":[{"name":"wp","href":"https:\/\/api.w.org\/{rel}","templated":true}]}}