{"id":2104,"date":"2025-01-09T22:44:57","date_gmt":"2025-01-09T14:44:57","guid":{"rendered":"https:\/\/bqeye.com\/?post_type=product&#038;p=2104"},"modified":"2025-01-09T22:46:20","modified_gmt":"2025-01-09T14:46:20","slug":"elegant-caramel-brown-contact-lenses","status":"publish","type":"product","link":"https:\/\/bqeye.com\/fr\/elegant-caramel-brown-contact-lenses\/","title":{"rendered":"Lentilles de contact marron caramel \u00e9l\u00e9gant"},"content":{"rendered":"<h1 class=\"md-end-block md-heading\"><span class=\"md-plain md-expand\">Lentilles de contact marron caramel \u00e9l\u00e9gant : \u00c9clat chaud<\/span><\/h1>\n<h2 class=\"md-end-block md-heading\"><span class=\"md-plain\">Design et histoire des couleurs<\/span><\/h2>\n<p class=\"md-end-block md-p\"><span class=\"md-plain\">Ces lentilles de contact marron caramel m\u00e9langent des tons ambr\u00e9s et dor\u00e9s dans une symphonie de couleurs sophistiqu\u00e9e. Inspir\u00e9 par le caramel fondu, le design pr\u00e9sente une fusion harmonieuse de teintes chaudes qui cr\u00e9ent une dimension d'apparence naturelle. La structure innovante de la couleur produit de douces propri\u00e9t\u00e9s de r\u00e9flexion de la lumi\u00e8re qui rehaussent les yeux d'une chaleur et d'une profondeur invitantes, parfaites pour rehausser les looks de tous les jours et des occasions sp\u00e9ciales.<\/span><\/p>\n<h2 class=\"md-end-block md-heading\"><span class=\"md-plain\">Notes sur les influenceurs<\/span><\/h2>\n<ul class=\"ul-list\" data-mark=\"*\">\n<li class=\"md-list-item\">\n<p class=\"md-end-block md-p\"><span class=\"md-plain\">@CaramelGlow (915K followers) : \"Ces lentilles donnent une chaleur naturelle incroyable ! La fa\u00e7on dont elles captent la lumi\u00e8re cr\u00e9e un effet miel si magnifique. \u2728\"<\/span><\/p>\n<\/li>\n<li class=\"md-list-item\">\n<p class=\"md-end-block md-p\"><span class=\"md-plain\">@AmberEyes (890K followers) : \"Parfaites pour les environnements professionnels et d\u00e9contract\u00e9s - elles mettent en valeur sans para\u00eetre \u00e9videntes. Le ton caramel est absolument divin ! \ud83e\udd0e\"<\/span><\/p>\n<\/li>\n<li class=\"md-list-item\">\n<p class=\"md-end-block md-p\"><span class=\"md-plain\">@WarmGaze (865K followers) : \"J'ai enfin trouv\u00e9 des lentilles qui ont l'air compl\u00e8tement naturelles ! Elles photographient magnifiquement et s'adaptent \u00e0 tous les tons de peau. \ud83d\udc41\ufe0f\"<\/span><\/p>\n<\/li>\n<\/ul>\n<h2 class=\"md-end-block md-heading\"><span class=\"md-plain\">Exp\u00e9riences des utilisateurs<\/span><\/h2>\n<ul class=\"ul-list\" data-mark=\"*\">\n<li class=\"md-list-item\">\n<p class=\"md-end-block md-p\"><span class=\"md-plain\">\"Ces lentilles transforment mes yeux avec une telle \u00e9l\u00e9gance - les tons chauds sont incroyablement naturels, quel que soit l'\u00e9clairage.<\/span><\/p>\n<\/li>\n<li class=\"md-list-item\">\n<p class=\"md-end-block md-p\"><span class=\"md-plain\">\"J'adore la fa\u00e7on dont ils mettent en valeur la couleur naturelle de mes yeux tout en conservant un look sophistiqu\u00e9. Parfaites pour les r\u00e9unions avec les clients ! \u2728\"<\/span><\/p>\n<\/li>\n<li class=\"md-list-item\">\n<p class=\"md-end-block md-p\"><span class=\"md-plain\">\"Le confort est exceptionnel et la couleur ajoute une si belle chaleur \u00e0 toute mon apparence. \ud83c\udf6f\"<\/span><\/p>\n<\/li>\n<\/ul>\n<h2 class=\"md-end-block md-heading\"><span class=\"md-plain\">Parfait pour<\/span><\/h2>\n<h3 class=\"md-end-block md-heading\"><span class=\"md-plain\">Occasions quotidiennes<\/span><\/h3>\n<ul class=\"ul-list\" data-mark=\"*\">\n<li class=\"md-list-item\">\n<p class=\"md-end-block md-p\"><span class=\"md-plain\">R\u00e9unions d'affaires<\/span><\/p>\n<\/li>\n<li class=\"md-list-item\">\n<p class=\"md-end-block md-p\"><span class=\"md-plain\">Projets cr\u00e9atifs<\/span><\/p>\n<\/li>\n<li class=\"md-list-item\">\n<p class=\"md-end-block md-p\"><span class=\"md-plain\">Rencontres sociales<\/span><\/p>\n<\/li>\n<li class=\"md-list-item\">\n<p class=\"md-end-block md-p\"><span class=\"md-plain\">Manifestations en plein air<\/span><\/p>\n<\/li>\n<\/ul>\n<h3 class=\"md-end-block md-heading\"><span class=\"md-plain\">\u00c9v\u00e9nements sp\u00e9ciaux<\/span><\/h3>\n<ul class=\"ul-list\" data-mark=\"*\">\n<li class=\"md-list-item\">\n<p class=\"md-end-block md-p\"><span class=\"md-plain\">Photos professionnelles<\/span><\/p>\n<\/li>\n<li class=\"md-list-item\">\n<p class=\"md-end-block md-p\"><span class=\"md-plain\">C\u00e9l\u00e9brations de mariage<\/span><\/p>\n<\/li>\n<li class=\"md-list-item\">\n<p class=\"md-end-block md-p\"><span class=\"md-plain\">Fonctions de l'entreprise<\/span><\/p>\n<\/li>\n<li class=\"md-list-item\">\n<p class=\"md-end-block md-p\"><span class=\"md-plain\">Soir\u00e9es \u00e9l\u00e9gantes<\/span><\/p>\n<\/li>\n<\/ul>\n<h3 class=\"md-end-block md-heading\"><span class=\"md-plain\">Conseils de maquillage<\/span><\/h3>\n<ul class=\"ul-list\" data-mark=\"*\">\n<li class=\"md-list-item\">\n<p class=\"md-end-block md-p\"><span class=\"md-plain\">Ombre \u00e0 paupi\u00e8res bronze<\/span><\/p>\n<\/li>\n<li class=\"md-list-item\">\n<p class=\"md-end-block md-p\"><span class=\"md-plain\">Fard \u00e0 joues aux tons chauds<\/span><\/p>\n<\/li>\n<li class=\"md-list-item\">\n<p class=\"md-end-block md-p\"><span class=\"md-plain\">Surligneur dor\u00e9<\/span><\/p>\n<\/li>\n<li class=\"md-list-item\">\n<p class=\"md-end-block md-p\"><span class=\"md-plain\">L\u00e8vres nues<\/span><\/p>\n<\/li>\n<\/ul>\n<h2 class=\"md-end-block md-heading\"><span class=\"md-plain\">Guide de style<\/span><\/h2>\n<h3 class=\"md-end-block md-heading\"><span class=\"md-plain\">Couleurs de la tenue<\/span><\/h3>\n<ul class=\"ul-list\" data-mark=\"*\">\n<li class=\"md-list-item\">\n<p class=\"md-end-block md-p\"><span class=\"md-plain\">Tons cr\u00e8me<\/span><\/p>\n<\/li>\n<li class=\"md-list-item\">\n<p class=\"md-end-block md-p\"><span class=\"md-plain\">Marron chaud<\/span><\/p>\n<\/li>\n<li class=\"md-list-item\">\n<p class=\"md-end-block md-p\"><span class=\"md-plain\">Beige dor\u00e9<\/span><\/p>\n<\/li>\n<li class=\"md-list-item\">\n<p class=\"md-end-block md-p\"><span class=\"md-plain\">Caramel riche<\/span><\/p>\n<\/li>\n<li class=\"md-list-item\">\n<p class=\"md-end-block md-p\"><span class=\"md-plain\">Tan doux<\/span><\/p>\n<\/li>\n<\/ul>\n<h3 class=\"md-end-block md-heading\"><span class=\"md-plain\">Accessoires<\/span><\/h3>\n<ul class=\"ul-list\" data-mark=\"*\">\n<li class=\"md-list-item\">\n<p class=\"md-end-block md-p\"><span class=\"md-plain\">Bijoux en or<\/span><\/p>\n<\/li>\n<li class=\"md-list-item\">\n<p class=\"md-end-block md-p\"><span class=\"md-plain\">Pierres d'ambre<\/span><\/p>\n<\/li>\n<li class=\"md-list-item\">\n<p class=\"md-end-block md-p\"><span class=\"md-plain\">\u00c9l\u00e9ments en bois<\/span><\/p>\n<\/li>\n<li class=\"md-list-item\">\n<p class=\"md-end-block md-p\"><span class=\"md-plain\">Cuir cognac<\/span><\/p>\n<\/li>\n<\/ul>\n<h3 class=\"md-end-block md-heading\"><span class=\"md-plain\">Stylisme saisonnier<\/span><\/h3>\n<ul class=\"ul-list\" data-mark=\"*\">\n<li class=\"md-list-item\">\n<p class=\"md-end-block md-p\"><span class=\"md-plain\">Printemps : Miel l\u00e9ger<\/span><\/p>\n<\/li>\n<li class=\"md-list-item\">\n<p class=\"md-end-block md-p\"><span class=\"md-plain\">L'\u00e9t\u00e9 : Ambre dor\u00e9<\/span><\/p>\n<\/li>\n<li class=\"md-list-item\">\n<p class=\"md-end-block md-p\"><span class=\"md-plain\">Automne : Caramel riche<\/span><\/p>\n<\/li>\n<li class=\"md-list-item\">\n<p class=\"md-end-block md-p\"><span class=\"md-plain\">Hiver : Bronze fonc\u00e9<\/span><\/p>\n<\/li>\n<\/ul>\n<h2 class=\"md-end-block md-heading\"><span class=\"md-plain\">S\u00e9curit\u00e9 et confort<\/span><\/h2>\n<p class=\"md-end-block md-p\"><span class=\"md-plain\">Con\u00e7ues avec une technologie avanc\u00e9e de r\u00e9tention de l'humidit\u00e9 pour un port tout au long de la journ\u00e9e. Le m\u00e9lange de couleurs sp\u00e9cialis\u00e9 assure une sant\u00e9 optimale des yeux tout en conservant le magnifique effet caramel.<\/span><\/p>\n<p class=\"md-end-block md-p md-focus\"><span class=\"md-plain md-expand\">\u2727 Experience Elegant Caramel Brown Contact Lenses - O\u00f9 la sophistication rencontre la beaut\u00e9 naturelle \u2727<\/span><\/p>","protected":false},"excerpt":{"rendered":"<p>Elegant Caramel Brown Contact Lenses: Warm Radiance Design &amp; Color Story These Caramel Brown Contact Lenses blend honeyed amber and golden tones into a sophisticated color symphony. Inspired by molten caramel, the design features a harmonious fusion of warm hues that create natural-looking dimension. The innovative color structure produces gentle light-reflecting properties that enhance the [&#8230;]\n","protected":false},"featured_media":2106,"comment_status":"open","ping_status":"closed","template":"","meta":[],"product_brand":[],"product_cat":[80,92,188,158,98],"product_tag":[],"class_list":{"0":"post-2104","1":"product","2":"type-product","3":"status-publish","4":"has-post-thumbnail","6":"product_cat-brown-contact-lenses","7":"product_cat-14-5-mm","8":"product_cat-dream-contacts","9":"product_cat-enlarge-contacts","10":"product_cat-yearly-disposable","12":"first","13":"instock","14":"sale","15":"shipping-taxable","16":"purchasable","17":"product-type-variable","18":"has-default-attributes"},"_links":{"self":[{"href":"https:\/\/bqeye.com\/fr\/wp-json\/wp\/v2\/product\/2104","targetHints":{"allow":["GET"]}}],"collection":[{"href":"https:\/\/bqeye.com\/fr\/wp-json\/wp\/v2\/product"}],"about":[{"href":"https:\/\/bqeye.com\/fr\/wp-json\/wp\/v2\/types\/product"}],"replies":[{"embeddable":true,"href":"https:\/\/bqeye.com\/fr\/wp-json\/wp\/v2\/comments?post=2104"}],"wp:featuredmedia":[{"embeddable":true,"href":"https:\/\/bqeye.com\/fr\/wp-json\/wp\/v2\/media\/2106"}],"wp:attachment":[{"href":"https:\/\/bqeye.com\/fr\/wp-json\/wp\/v2\/media?parent=2104"}],"wp:term":[{"taxonomy":"product_brand","embeddable":true,"href":"https:\/\/bqeye.com\/fr\/wp-json\/wp\/v2\/product_brand?post=2104"},{"taxonomy":"product_cat","embeddable":true,"href":"https:\/\/bqeye.com\/fr\/wp-json\/wp\/v2\/product_cat?post=2104"},{"taxonomy":"product_tag","embeddable":true,"href":"https:\/\/bqeye.com\/fr\/wp-json\/wp\/v2\/product_tag?post=2104"}],"curies":[{"name":"wp","href":"https:\/\/api.w.org\/{rel}","templated":true}]}}