{"id":2107,"date":"2025-01-09T22:55:44","date_gmt":"2025-01-09T14:55:44","guid":{"rendered":"https:\/\/bqeye.com\/?post_type=product&#038;p=2107"},"modified":"2025-01-09T22:59:37","modified_gmt":"2025-01-09T14:59:37","slug":"deep-denim-contact-lenses","status":"publish","type":"product","link":"https:\/\/bqeye.com\/fr\/deep-denim-contact-lenses\/","title":{"rendered":"Lentilles de contact Deep Denim"},"content":{"rendered":"<h1 class=\"md-end-block md-heading\"><span class=\"md-plain md-expand\">\u2728 Lentilles de contact Deep Denim - Embrassez votre beaut\u00e9 inspir\u00e9e par l'oc\u00e9an<\/span><\/h1>\n<h2 class=\"md-end-block md-heading\"><span class=\"md-plain\">\ud83d\udcab Inspiration design<\/span><\/h2>\n<p class=\"md-end-block md-p\"><span class=\"md-plain\">S'inspirant des profondeurs sereines de l'oc\u00e9an, ces lentilles de contact Deep Denim capturent l'essence des eaux cr\u00e9pusculaires. Le design refl\u00e8te l'interaction sophistiqu\u00e9e des teintes bleues profondes que l'on trouve dans le denim de qualit\u00e9 sup\u00e9rieure, cr\u00e9ant un effet hypnotique qui rehausse la couleur naturelle de vos yeux tout en ajoutant de la profondeur et de la dimension \u00e0 votre regard. Ces lentilles font non seulement para\u00eetre vos yeux plus grands et plus d\u00e9finis, mais elles cr\u00e9ent \u00e9galement une mystique irr\u00e9sistible, parfaite pour toutes les occasions.<\/span><\/p>\n<h2 class=\"md-end-block md-heading\"><span class=\"md-plain\">\ud83d\udc41\ufe0f Les commentaires des influenceurs<\/span><\/h2>\n<ul class=\"ul-list\" data-mark=\"*\">\n<li class=\"md-list-item\">\n<p class=\"md-end-block md-p\"><span class=\"md-plain\">@StyleQueen (2,3 millions de followers) : \"Ces lentilles Deep Denim sont ma r\u00e9f\u00e9rence absolue pour les s\u00e9ances photos ! Elles donnent \u00e0 mes yeux cette profondeur incroyable qui semble incroyable \u00e0 la fois \u00e0 la lumi\u00e8re du jour et sous un \u00e9clairage de studio. \ud83d\udc99\"<\/span><\/p>\n<\/li>\n<li class=\"md-list-item\">\n<p class=\"md-end-block md-p\"><span class=\"md-plain\">@BeautyInsider (897K followers) : \"J'ai trouv\u00e9 la paire parfaite ! Lorsque je les porte lors de r\u00e9unions d'affaires, tout le monde me complimente sur leur aspect \u00e0 la fois professionnel et saisissant. Le bleu profond est tout simplement magnifique !\"<\/span><\/p>\n<\/li>\n<li class=\"md-list-item\">\n<p class=\"md-end-block md-p\"><span class=\"md-plain\">@FashionFable (1,2 million de followers) : \"OMG ! ces lentilles sont tout ce qu'il y a de mieux ! Elles font ressortir mes yeux pendant mes vies Instagram, et elles sont si confortables que j'oublie que je les porte pendant mes \u00e9v\u00e9nements de mode de 12 heures ! \ud83c\udf0a\"<\/span><\/p>\n<\/li>\n<\/ul>\n<h2 class=\"md-end-block md-heading\"><span class=\"md-plain\">\ud83d\udc8e Exp\u00e9riences des utilisateurs<\/span><\/h2>\n<ul class=\"ul-list\" data-mark=\"*\">\n<li class=\"md-list-item\">\n<p class=\"md-end-block md-p\"><span class=\"md-plain\">\"Les lentilles Deep Denim sont incroyablement naturelles. Je les porte lors de mes r\u00e9unions d'affaires et elles me donnent confiance en moi sans \u00eatre trop dramatiques.<\/span><\/p>\n<\/li>\n<li class=\"md-list-item\">\n<p class=\"md-end-block md-p\"><span class=\"md-plain\">\"Ces lentilles sont parfaites pour mes brunchs du week-end ! Mes amis ne peuvent pas croire \u00e0 quel point elles se fondent naturellement avec la couleur originale de mes yeux. \ud83d\udc40\"<\/span><\/p>\n<\/li>\n<li class=\"md-list-item\">\n<p class=\"md-end-block md-p\"><span class=\"md-plain\">\"Le fait de porter ces chaussures au mariage de ma s\u0153ur a \u00e9t\u00e9 la meilleure d\u00e9cision - elles ont \u00e9t\u00e9 magnifiquement photographi\u00e9es et sont rest\u00e9es confortables tout au long de la c\u00e9l\u00e9bration !<\/span><\/p>\n<\/li>\n<\/ul>\n<h2 class=\"md-end-block md-heading\"><span class=\"md-plain\">\ud83c\udfaf Perfect Occasions<\/span><\/h2>\n<ul class=\"ul-list\" data-mark=\"*\">\n<li class=\"md-list-item\">\n<p class=\"md-end-block md-p\"><span class=\"md-plain\">Port\u00e9 au quotidien : R\u00e9unions de bureau, sorties d\u00e9contract\u00e9es, vir\u00e9es shopping<\/span><\/p>\n<\/li>\n<li class=\"md-list-item\">\n<p class=\"md-end-block md-p\"><span class=\"md-plain\">\u00c9v\u00e9nements sp\u00e9ciaux : Mariages, s\u00e9ances photos, r\u00e9unions formelles<\/span><\/p>\n<\/li>\n<li class=\"md-list-item\">\n<p class=\"md-end-block md-p\"><span class=\"md-plain\">Maquillage : S'accorde parfaitement avec des yeux charbonneux neutres, des looks bronz\u00e9s ou un maquillage naturel.<\/span><\/p>\n<\/li>\n<\/ul>\n<h2 class=\"md-end-block md-heading\"><span class=\"md-plain\">\ud83d\udc54 Guide du style<\/span><\/h2>\n<h3 class=\"md-end-block md-heading\"><span class=\"md-plain\">Combinaisons de couleurs de v\u00eatements<\/span><\/h3>\n<ul class=\"ul-list\" data-mark=\"*\">\n<li class=\"md-list-item\">\n<p class=\"md-end-block md-p\"><span class=\"md-plain\">Neutres : Blanc, cr\u00e8me, beige, gris<\/span><\/p>\n<\/li>\n<li class=\"md-list-item\">\n<p class=\"md-end-block md-p\"><span class=\"md-plain\">Compl\u00e9mentaire : Marine, bordeaux, vert for\u00eat<\/span><\/p>\n<\/li>\n<li class=\"md-list-item\">\n<p class=\"md-end-block md-p\"><span class=\"md-plain\">Accents : Or, argent, cuivre<\/span><\/p>\n<\/li>\n<\/ul>\n<h3 class=\"md-end-block md-heading\"><span class=\"md-plain\">Recommandations concernant les accessoires<\/span><\/h3>\n<ul class=\"ul-list\" data-mark=\"*\">\n<li class=\"md-list-item\">\n<p class=\"md-end-block md-p\"><span class=\"md-plain\">Des bijoux en or pour une sophistication chaleureuse<\/span><\/p>\n<\/li>\n<li class=\"md-list-item\">\n<p class=\"md-end-block md-p\"><span class=\"md-plain\">Des pi\u00e8ces en argent pour une \u00e9l\u00e9gance d\u00e9contract\u00e9e<\/span><\/p>\n<\/li>\n<li class=\"md-list-item\">\n<p class=\"md-end-block md-p\"><span class=\"md-plain\">Accessoires en perles pour un charme intemporel<\/span><\/p>\n<\/li>\n<\/ul>\n<h3 class=\"md-end-block md-heading\"><span class=\"md-plain\">Stylisme saisonnier<\/span><\/h3>\n<ul class=\"ul-list\" data-mark=\"*\">\n<li class=\"md-list-item\">\n<p class=\"md-end-block md-p\"><span class=\"md-plain\">Printemps\/\u00e9t\u00e9 : Associer avec des lins l\u00e9gers et des pastels<\/span><\/p>\n<\/li>\n<li class=\"md-list-item\">\n<p class=\"md-end-block md-p\"><span class=\"md-plain\">Automne\/Hiver : Parfait avec des tissus riches et des tons profonds<\/span><\/p>\n<\/li>\n<\/ul>\n<p class=\"md-end-block md-p md-focus\"><span class=\"md-plain md-expand\">Transformez votre look d\u00e8s aujourd'hui avec les lentilles de contact Deep Denim - o\u00f9 la beaut\u00e9 inspir\u00e9e de l'oc\u00e9an rencontre l'\u00e9l\u00e9gance de tous les jours ! \ud83c\udf0a<\/span><\/p>","protected":false},"excerpt":{"rendered":"<p>\u2728 Deep Denim Contact Lenses &#8211; Embrace Your Ocean-Inspired Beauty \ud83d\udcab Design Inspiration Drawing inspiration from the serene depths of the ocean, these Deep Denim Contact Lenses capture the essence of twilight waters. The design reflects the sophisticated interplay of deep blue hues found in premium denim, creating a mesmerizing effect that enhances your natural [&#8230;]\n","protected":false},"featured_media":2109,"comment_status":"open","ping_status":"closed","template":"","meta":[],"product_brand":[],"product_cat":[75,92,188,158,98],"product_tag":[],"class_list":{"0":"post-2107","1":"product","2":"type-product","3":"status-publish","4":"has-post-thumbnail","6":"product_cat-blue-contact-lenses","7":"product_cat-14-5-mm","8":"product_cat-dream-contacts","9":"product_cat-enlarge-contacts","10":"product_cat-yearly-disposable","12":"first","13":"instock","14":"sale","15":"shipping-taxable","16":"purchasable","17":"product-type-variable","18":"has-default-attributes"},"_links":{"self":[{"href":"https:\/\/bqeye.com\/fr\/wp-json\/wp\/v2\/product\/2107","targetHints":{"allow":["GET"]}}],"collection":[{"href":"https:\/\/bqeye.com\/fr\/wp-json\/wp\/v2\/product"}],"about":[{"href":"https:\/\/bqeye.com\/fr\/wp-json\/wp\/v2\/types\/product"}],"replies":[{"embeddable":true,"href":"https:\/\/bqeye.com\/fr\/wp-json\/wp\/v2\/comments?post=2107"}],"wp:featuredmedia":[{"embeddable":true,"href":"https:\/\/bqeye.com\/fr\/wp-json\/wp\/v2\/media\/2109"}],"wp:attachment":[{"href":"https:\/\/bqeye.com\/fr\/wp-json\/wp\/v2\/media?parent=2107"}],"wp:term":[{"taxonomy":"product_brand","embeddable":true,"href":"https:\/\/bqeye.com\/fr\/wp-json\/wp\/v2\/product_brand?post=2107"},{"taxonomy":"product_cat","embeddable":true,"href":"https:\/\/bqeye.com\/fr\/wp-json\/wp\/v2\/product_cat?post=2107"},{"taxonomy":"product_tag","embeddable":true,"href":"https:\/\/bqeye.com\/fr\/wp-json\/wp\/v2\/product_tag?post=2107"}],"curies":[{"name":"wp","href":"https:\/\/api.w.org\/{rel}","templated":true}]}}