{"id":2231,"date":"2025-01-15T22:02:58","date_gmt":"2025-01-15T14:02:58","guid":{"rendered":"https:\/\/bqeye.com\/?post_type=product&#038;p=2231"},"modified":"2025-01-15T22:04:20","modified_gmt":"2025-01-15T14:04:20","slug":"angeles-blue-contact-lenses","status":"publish","type":"product","link":"https:\/\/bqeye.com\/fr\/angeles-blue-contact-lenses\/","title":{"rendered":"Lentilles de contact Angeles Blue"},"content":{"rendered":"<h1 class=\"md-end-block md-heading\"><span class=\"md-plain md-expand\">Lentilles de contact Angeles Blue - Votre billet pour une beaut\u00e9 c\u00e9leste \ud83c\udf0a<\/span><\/h1>\n<h2 class=\"md-end-block md-heading\"><span class=\"md-plain\">\u2728 Heavenly Design Inspiration<\/span><\/h2>\n<p class=\"md-end-block md-p\"><span class=\"md-plain\">Plongez dans le monde \u00e9th\u00e9r\u00e9 d'Angeles Blue, o\u00f9 les profondeurs du Pacifique rencontrent la clart\u00e9 des ciels d'\u00e9t\u00e9. Ces lentilles capturent ce moment magique o\u00f9 la lumi\u00e8re du soleil embrasse les vagues de l'oc\u00e9an, cr\u00e9ant un m\u00e9lange hypnotique de tons azur et saphir qui am\u00e8nera tout le monde \u00e0 se demander si vous n'\u00eates pas en partie une sir\u00e8ne.<\/span><\/p>\n<h2 class=\"md-end-block md-heading\"><span class=\"md-plain\">\ud83c\udf1f Creator Buzz<\/span><\/h2>\n<p class=\"md-end-block md-p\"><span class=\"md-plain\">@BeautyOracle (2.8M followers)<\/span> <span class=\"md-plain\">\"Ces bleus sont EXTR\u00caMES ! Ils font litt\u00e9ralement ressembler mes yeux \u00e0 des pierres pr\u00e9cieuses de l'oc\u00e9an ! Les compliments sont infinis \ud83c\udf0a\"<\/span><\/p>\n<p class=\"md-end-block md-p\"><span class=\"md-plain\">@GlamGuide (1.7M followers)<\/span> <span class=\"md-plain\">\"Arr\u00eatez de faire d\u00e9filer ! Ces lentilles donnent de l'\u00e9nergie au personnage principal ! Mes DMs explosent \u00e0 chaque fois que je les porte \u2728\"<\/span><\/p>\n<p class=\"md-end-block md-p\"><span class=\"md-plain\">@StyleSiren (940K followers)<\/span> <span class=\"md-plain\">\"Les contacts bleus les plus naturels que j'ai jamais essay\u00e9s ! De la pure magie dans vos yeux \ud83d\udc99\"<\/span><\/p>\n<h2 class=\"md-end-block md-heading\"><span class=\"md-plain\">\ud83d\udcab De vraies critiques de vraies reines<\/span><\/h2>\n<p class=\"md-end-block md-p\"><span class=\"md-plain\">\"Je me suis sentie comme une d\u00e9esse pendant ma s\u00e9ance photo sur la plage ! - Sophia, 26 ans<\/span> <span class=\"md-plain\">\"Ces bleus sont suffisamment subtils pour le travail, mais ils sont tr\u00e8s appr\u00e9ci\u00e9s \u00e0 l'heure de l'ap\u00e9ritif\" - Alex, 29 ans<\/span> <span class=\"md-plain\">\"Ma confiance en moi a grimp\u00e9 en fl\u00e8che d\u00e8s que j'ai enfil\u00e9 ces chaussures\" - Madison, 24 ans<\/span><\/p>\n<h2 class=\"md-end-block md-heading\"><span class=\"md-plain\">\ud83c\udfaf Slay These Occasions<\/span><\/h2>\n<ul class=\"ul-list\" data-mark=\"*\">\n<li class=\"md-list-item\">\n<p class=\"md-end-block md-p\"><span class=\"md-plain\">F\u00eates de plage<\/span><\/p>\n<\/li>\n<li class=\"md-list-item\">\n<p class=\"md-end-block md-p\"><span class=\"md-plain\">Mariages d'\u00e9t\u00e9<\/span><\/p>\n<\/li>\n<li class=\"md-list-item\">\n<p class=\"md-end-block md-p\"><span class=\"md-plain\">Soir\u00e9es sur les toits<\/span><\/p>\n<\/li>\n<li class=\"md-list-item\">\n<p class=\"md-end-block md-p\"><span class=\"md-plain\">Aventures en bateau<\/span><\/p>\n<\/li>\n<li class=\"md-list-item\">\n<p class=\"md-end-block md-p\"><span class=\"md-plain\">Saison des festivals<\/span><\/p>\n<\/li>\n<li class=\"md-list-item\">\n<p class=\"md-end-block md-p\"><span class=\"md-plain\">S\u00e9ances photos au coucher du soleil<\/span><\/p>\n<\/li>\n<li class=\"md-list-item\">\n<p class=\"md-end-block md-p\"><span class=\"md-plain\">Brunchs au bord de la piscine<\/span><\/p>\n<\/li>\n<\/ul>\n<h2 class=\"md-end-block md-heading\"><span class=\"md-plain\">\ud83d\udc57 Guide de style pour servir les looks<\/span><\/h2>\n<p class=\"md-end-block md-p\"><span class=\"md-pair-s\"><strong><span class=\"md-plain\">Magie de la garde-robe :<\/span><\/strong><\/span><\/p>\n<ul class=\"ul-list\" data-mark=\"*\">\n<li class=\"md-list-item\">\n<p class=\"md-end-block md-p\"><span class=\"md-plain\">Blancs croquants<\/span><\/p>\n<\/li>\n<li class=\"md-list-item\">\n<p class=\"md-end-block md-p\"><span class=\"md-plain\">Neutres sablonneux<\/span><\/p>\n<\/li>\n<li class=\"md-list-item\">\n<p class=\"md-end-block md-p\"><span class=\"md-plain\">Denim lav\u00e9 \u00e0 l'eau de mer<\/span><\/p>\n<\/li>\n<li class=\"md-list-item\">\n<p class=\"md-end-block md-p\"><span class=\"md-plain\">M\u00e9tallique argent\u00e9<\/span><\/p>\n<\/li>\n<li class=\"md-list-item\">\n<p class=\"md-end-block md-p\"><span class=\"md-plain\">Impressions c\u00f4ti\u00e8res<\/span><\/p>\n<\/li>\n<li class=\"md-list-item\">\n<p class=\"md-end-block md-p\"><span class=\"md-plain\">D\u00e9esse grecque blanche<\/span><\/p>\n<\/li>\n<li class=\"md-list-item\">\n<p class=\"md-end-block md-p\"><span class=\"md-plain\">Accessoires en perles<\/span><\/p>\n<\/li>\n<\/ul>\n<p class=\"md-end-block md-p\"><span class=\"md-pair-s\"><strong><span class=\"md-plain\">Les incontournables du maquillage :<\/span><\/strong><\/span><\/p>\n<ul class=\"ul-list\" data-mark=\"*\">\n<li class=\"md-list-item\">\n<p class=\"md-end-block md-p\"><span class=\"md-plain\">Peau ros\u00e9e<\/span><\/p>\n<\/li>\n<li class=\"md-list-item\">\n<p class=\"md-end-block md-p\"><span class=\"md-plain\">Des paupi\u00e8res brillantes<\/span><\/p>\n<\/li>\n<li class=\"md-list-item\">\n<p class=\"md-end-block md-p\"><span class=\"md-plain\">Coins int\u00e9rieurs surlign\u00e9s<\/span><\/p>\n<\/li>\n<li class=\"md-list-item\">\n<p class=\"md-end-block md-p\"><span class=\"md-plain\">Cils duveteux<\/span><\/p>\n<\/li>\n<li class=\"md-list-item\">\n<p class=\"md-end-block md-p\"><span class=\"md-plain\">L\u00e8vres brillantes<\/span><\/p>\n<\/li>\n<\/ul>\n<h2 class=\"md-end-block md-heading\"><span class=\"md-plain\">\ud83c\udf0a Pourquoi ils sont tout<\/span><\/h2>\n<ul class=\"ul-list\" data-mark=\"*\">\n<li class=\"md-list-item\">\n<p class=\"md-end-block md-p\"><span class=\"md-plain\">Une vision claire comme du cristal<\/span><\/p>\n<\/li>\n<li class=\"md-list-item\">\n<p class=\"md-end-block md-p\"><span class=\"md-plain\">Maintien de l'humidit\u00e9 tout au long de la journ\u00e9e<\/span><\/p>\n<\/li>\n<li class=\"md-list-item\">\n<p class=\"md-end-block md-p\"><span class=\"md-plain\">Sensible et respectueux des yeux<\/span><\/p>\n<\/li>\n<li class=\"md-list-item\">\n<p class=\"md-end-block md-p\"><span class=\"md-plain\">Ultra-respirant<\/span><\/p>\n<\/li>\n<li class=\"md-list-item\">\n<p class=\"md-end-block md-p\"><span class=\"md-plain\">Un \u00e9clat pr\u00eat \u00e0 photographier<\/span><\/p>\n<\/li>\n<\/ul>\n<h2 class=\"md-end-block md-heading\"><span class=\"md-plain\">\u2728 The Moment Is Yours<\/span><\/h2>\n<p class=\"md-end-block md-p\"><span class=\"md-plain\">Pr\u00eate \u00e0 vous transformer en la d\u00e9esse \u00e9th\u00e9r\u00e9e que vous \u00eates cens\u00e9e \u00eatre ? Les lentilles de contact Angeles Blue ne sont pas de simples lentilles - elles sont votre passeport pour l'\u00e9nergie du personnage principal. Que vous serviez des looks \u00e0 la plage ou que vous vous lanciez dans un mariage d'\u00e9t\u00e9, ces lentilles sont sur le point de faire de vos yeux le sujet de conversation de la ville.<\/span><\/p>\n<p class=\"md-end-block md-p\"><span class=\"md-plain\">Il est temps de faire des vagues, b\u00e9b\u00e9 ! Vos yeux d'oc\u00e9an attendent. \ud83c\udf0a<\/span><\/p>\n<p class=\"md-end-block md-p\"><span class=\"md-plain\">#AngelesBlue #ContactLenses #OceanVibes #BeautyGoals<\/span><\/p>\n<p class=\"md-end-block md-p md-focus\"><span class=\"md-pair-s md-expand\"><em><span class=\"md-plain\">Note de s\u00e9curit\u00e9 : Approuv\u00e9 pour les yeux sensibles et test\u00e9 dermatologiquement. Parce que m\u00eame les sir\u00e8nes ont besoin d'un sommeil r\u00e9parateur !<\/span><\/em><\/span><\/p>","protected":false},"excerpt":{"rendered":"<p>Angeles Blue Contact Lenses &#8211; Your Ticket to Celestial Beauty \ud83c\udf0a \u2728 Heavenly Design Inspiration Dive into the ethereal world of Angeles Blue &#8211; where the depths of the Pacific meet the clarity of summer skies. These lenses capture that magical moment when sunlight kisses ocean waves, creating a mesmerizing blend of azure and sapphire [&#8230;]\n","protected":false},"featured_media":2235,"comment_status":"open","ping_status":"closed","template":"","meta":[],"product_brand":[],"product_cat":[75,91,188,158,98],"product_tag":[],"class_list":{"0":"post-2231","1":"product","2":"type-product","3":"status-publish","4":"has-post-thumbnail","6":"product_cat-blue-contact-lenses","7":"product_cat-14-2-mm","8":"product_cat-dream-contacts","9":"product_cat-enlarge-contacts","10":"product_cat-yearly-disposable","12":"first","13":"instock","14":"sale","15":"shipping-taxable","16":"purchasable","17":"product-type-variable","18":"has-default-attributes"},"_links":{"self":[{"href":"https:\/\/bqeye.com\/fr\/wp-json\/wp\/v2\/product\/2231","targetHints":{"allow":["GET"]}}],"collection":[{"href":"https:\/\/bqeye.com\/fr\/wp-json\/wp\/v2\/product"}],"about":[{"href":"https:\/\/bqeye.com\/fr\/wp-json\/wp\/v2\/types\/product"}],"replies":[{"embeddable":true,"href":"https:\/\/bqeye.com\/fr\/wp-json\/wp\/v2\/comments?post=2231"}],"wp:featuredmedia":[{"embeddable":true,"href":"https:\/\/bqeye.com\/fr\/wp-json\/wp\/v2\/media\/2235"}],"wp:attachment":[{"href":"https:\/\/bqeye.com\/fr\/wp-json\/wp\/v2\/media?parent=2231"}],"wp:term":[{"taxonomy":"product_brand","embeddable":true,"href":"https:\/\/bqeye.com\/fr\/wp-json\/wp\/v2\/product_brand?post=2231"},{"taxonomy":"product_cat","embeddable":true,"href":"https:\/\/bqeye.com\/fr\/wp-json\/wp\/v2\/product_cat?post=2231"},{"taxonomy":"product_tag","embeddable":true,"href":"https:\/\/bqeye.com\/fr\/wp-json\/wp\/v2\/product_tag?post=2231"}],"curies":[{"name":"wp","href":"https:\/\/api.w.org\/{rel}","templated":true}]}}