{"id":2244,"date":"2025-01-16T09:13:27","date_gmt":"2025-01-16T01:13:27","guid":{"rendered":"https:\/\/bqeye.com\/?post_type=product&#038;p=2244"},"modified":"2025-01-16T09:23:01","modified_gmt":"2025-01-16T01:23:01","slug":"ripple-gray-contact-lenses","status":"publish","type":"product","link":"https:\/\/bqeye.com\/fr\/ripple-gray-contact-lenses\/","title":{"rendered":"Lentilles de contact grises ondul\u00e9es"},"content":{"rendered":"<h1 class=\"md-end-block md-heading\"><span class=\"md-plain md-expand\">Lentilles de contact grises ondul\u00e9es : Des vagues d'\u00e9l\u00e9gance dans chaque regard \ud83c\udf0a<\/span><\/h1>\n<h2 class=\"md-end-block md-heading\"><span class=\"md-plain\">Inspiration design et histoire des couleurs \ud83c\udf17<\/span><\/h2>\n<p class=\"md-end-block md-p\"><span class=\"md-plain\">Plongez dans le monde hypnotique des lentilles de contact grises Ripple, o\u00f9 les vagues sophistiqu\u00e9es rencontrent l'\u00e9l\u00e9gance urbaine. Inspir\u00e9es par les douces ondulations d'un lac matinal et les courbes fluides de l'architecture moderne, ces lentilles cr\u00e9ent un effet hypnotique \u00e0 la fois subtil et saisissant.<\/span><\/p>\n<p class=\"md-end-block md-p\"><span class=\"md-plain\">Chaque lentille pr\u00e9sente un motif ondul\u00e9 r\u00e9volutionnaire qui part d'un centre ardoise profond et s'\u00e9tend vers l'ext\u00e9rieur en vagues concentriques de diff\u00e9rents tons de gris. Comme le clair de lune dansant sur l'eau, le motif dynamique change subtilement \u00e0 chaque mouvement, cr\u00e9ant un effet \u00e9th\u00e9r\u00e9 qui captive sans submerger. Ce n'est pas seulement du gris - c'est une symphonie d'argent, de fum\u00e9e et de perle qui apporte de la profondeur et de la dimension \u00e0 la couleur naturelle de vos yeux.<\/span><\/p>\n<h2 class=\"md-end-block md-heading\"><span class=\"md-plain\">L'amour des influenceurs \ud83d\udcab<\/span><\/h2>\n<p class=\"md-end-block md-p\"><span class=\"md-plain\">@StyleWaveMaker (1.8M followers)<\/span> <span class=\"md-plain\">\"Ces gris ondul\u00e9s donnent de l'\u00e9nergie au personnage principal ! Parfait pour mes shootings \u00e0 l'esth\u00e9tique minimaliste \ud83c\udf2b\ufe0f\"<\/span><\/p>\n<p class=\"md-end-block md-p\"><span class=\"md-plain\">@UrbanElegance (1.2M followers)<\/span> <span class=\"md-plain\">\"J'ai trouv\u00e9 mon look signature ! La fa\u00e7on dont elles captent la lumi\u00e8re pendant l'heure dor\u00e9e est absolument magique \u2728\"<\/span><\/p>\n<p class=\"md-end-block md-p\"><span class=\"md-plain\">@ModernMuse (950K followers)<\/span> <span class=\"md-plain\">\"Enfin des lentilles grises qui n'ont pas l'air artificielles ! L'effet d'ondulation est si subtil et pourtant si impactant \ud83c\udf0a\"<\/span><\/p>\n<h2 class=\"md-end-block md-heading\"><span class=\"md-plain\">Exp\u00e9riences r\u00e9elles des utilisateurs \ud83d\udde3\ufe0f<\/span><\/h2>\n<p class=\"md-end-block md-p\"><span class=\"md-plain\">Les gens n'arr\u00eataient pas de me poser des questions sur mon look \"myst\u00e9rieux\" !<\/span><\/p>\n<p class=\"md-end-block md-p\"><span class=\"md-plain\">\"Parfait pour mes r\u00e9unions d'entreprise ET pour les \u00e9v\u00e9nements apr\u00e8s le travail. Tellement polyvalent !\"<\/span><\/p>\n<p class=\"md-end-block md-p\"><span class=\"md-plain\">\"Le mouvement subtil du motif donne \u00e0 mes yeux un aspect vivant sur les photos.<\/span><\/p>\n<h2 class=\"md-end-block md-heading\"><span class=\"md-plain\">Parfait pour ces moments \ud83c\udfaf<\/span><\/h2>\n<ul class=\"ul-list\" data-mark=\"*\">\n<li class=\"md-list-item\">\n<p class=\"md-end-block md-p\"><span class=\"md-plain\">Expositions d'art<\/span><\/p>\n<\/li>\n<li class=\"md-list-item\">\n<p class=\"md-end-block md-p\"><span class=\"md-plain\">S\u00e9ances photos professionnelles<\/span><\/p>\n<\/li>\n<li class=\"md-list-item\">\n<p class=\"md-end-block md-p\"><span class=\"md-plain\">R\u00e9unions d'affaires<\/span><\/p>\n<\/li>\n<li class=\"md-list-item\">\n<p class=\"md-end-block md-p\"><span class=\"md-plain\">Aventures urbaines<\/span><\/p>\n<\/li>\n<li class=\"md-list-item\">\n<p class=\"md-end-block md-p\"><span class=\"md-plain\">\u00c9v\u00e9nements de mode<\/span><\/p>\n<\/li>\n<li class=\"md-list-item\">\n<p class=\"md-end-block md-p\"><span class=\"md-plain\">D\u00eeners romantiques<\/span><\/p>\n<\/li>\n<li class=\"md-list-item\">\n<p class=\"md-end-block md-p\"><span class=\"md-plain\">Visites d'architecture<\/span><\/p>\n<\/li>\n<li class=\"md-list-item\">\n<p class=\"md-end-block md-p\"><span class=\"md-plain\">Mariages modernes<\/span><\/p>\n<\/li>\n<\/ul>\n<h2 class=\"md-end-block md-heading\"><span class=\"md-plain\">Guide de style \ud83d\udc54<\/span><\/h2>\n<p class=\"md-end-block md-p\"><span class=\"md-plain\">Am\u00e9liorez vos lentilles Ripple Gray avec :<\/span><\/p>\n<ul class=\"ul-list\" data-mark=\"*\">\n<li class=\"md-list-item\">\n<p class=\"md-end-block md-p\"><span class=\"md-plain\">Ensembles monochromes<\/span><\/p>\n<\/li>\n<li class=\"md-list-item\">\n<p class=\"md-end-block md-p\"><span class=\"md-plain\">Bijoux en argent<\/span><\/p>\n<\/li>\n<li class=\"md-list-item\">\n<p class=\"md-end-block md-p\"><span class=\"md-plain\">Tissus textur\u00e9s<\/span><\/p>\n<\/li>\n<li class=\"md-list-item\">\n<p class=\"md-end-block md-p\"><span class=\"md-plain\">Silhouettes fluides<\/span><\/p>\n<\/li>\n<li class=\"md-list-item\">\n<p class=\"md-end-block md-p\"><span class=\"md-plain\">Accessoires en perles<\/span><\/p>\n<\/li>\n<li class=\"md-list-item\">\n<p class=\"md-end-block md-p\"><span class=\"md-plain\">Blazers structur\u00e9s<\/span><\/p>\n<\/li>\n<li class=\"md-list-item\">\n<p class=\"md-end-block md-p\"><span class=\"md-plain\">Foulards en soie<\/span><\/p>\n<\/li>\n<li class=\"md-list-item\">\n<p class=\"md-end-block md-p\"><span class=\"md-plain\">Accents m\u00e9talliques<\/span><\/p>\n<\/li>\n<\/ul>\n<h2 class=\"md-end-block md-heading\"><span class=\"md-plain\">Confort et s\u00e9curit\u00e9 \u2705<\/span><\/h2>\n<ul class=\"ul-list\" data-mark=\"*\">\n<li class=\"md-list-item\">\n<p class=\"md-end-block md-p\"><span class=\"md-plain\">Mat\u00e9riaux approuv\u00e9s par la FDA<\/span><\/p>\n<\/li>\n<li class=\"md-list-item\">\n<p class=\"md-end-block md-p\"><span class=\"md-plain\">Technologie respirante<\/span><\/p>\n<\/li>\n<li class=\"md-list-item\">\n<p class=\"md-end-block md-p\"><span class=\"md-plain\">R\u00e9tention de l'humidit\u00e9 tout au long de la journ\u00e9e<\/span><\/p>\n<\/li>\n<li class=\"md-list-item\">\n<p class=\"md-end-block md-p\"><span class=\"md-plain\">Conception de mouvements naturels<\/span><\/p>\n<\/li>\n<li class=\"md-list-item\">\n<p class=\"md-end-block md-p\"><span class=\"md-plain\">Mat\u00e9riaux dont la qualit\u00e9 a \u00e9t\u00e9 test\u00e9e<\/span><\/p>\n<\/li>\n<li class=\"md-list-item\">\n<p class=\"md-end-block md-p\"><span class=\"md-plain\">Possibilit\u00e9 d'ajustement professionnel<\/span><\/p>\n<\/li>\n<\/ul>\n<h2 class=\"md-end-block md-heading\"><span class=\"md-plain\">Votre transformation \u00e9l\u00e9gante vous attend ! \ud83c\udf0a<\/span><\/h2>\n<p class=\"md-end-block md-p\"><span class=\"md-plain\">Entrez dans la sophistication avec les lentilles de contact Ripple Gray ! Que vous soyez un amateur de mode minimaliste, un professionnel ou quelqu'un qui appr\u00e9cie l'\u00e9l\u00e9gance subtile, ces lentilles offrent le m\u00e9lange parfait de myst\u00e8re et de raffinement. S\u00fbres, confortables et ind\u00e9niablement chics - laissez vos yeux raconter une histoire de sophistication moderne !<\/span><\/p>\n<p class=\"md-end-block md-p\"><span class=\"md-plain\">#RippleGray #ContactLenses #ModernStyle #EyeStyle #UrbanElegance<\/span><\/p>\n<p class=\"md-end-block md-p md-focus\"><span class=\"md-pair-s md-expand\"><em><span class=\"md-plain\">Remarque : les r\u00e9sultats individuels peuvent varier. Veuillez consulter un professionnel de la vue avant de porter des lentilles de contact.<\/span><\/em><\/span><\/p>","protected":false},"excerpt":{"rendered":"<p>Ripple Gray Contact Lenses: Waves of Elegance in Every Glance \ud83c\udf0a Design Inspiration &amp; Color Story \ud83c\udf17 Dive into the mesmerizing world of Ripple Gray Contact Lenses, where sophisticated waves meet urban elegance. Inspired by the gentle ripples on a morning lake and the flowing curves of modern architecture, these lenses create a hypnotic effect [&#8230;]\n","protected":false},"featured_media":2247,"comment_status":"open","ping_status":"closed","template":"","meta":[],"product_brand":[],"product_cat":[81,91,188,158,98],"product_tag":[],"class_list":{"0":"post-2244","1":"product","2":"type-product","3":"status-publish","4":"has-post-thumbnail","6":"product_cat-grey-contact-lenses","7":"product_cat-14-2-mm","8":"product_cat-dream-contacts","9":"product_cat-enlarge-contacts","10":"product_cat-yearly-disposable","12":"first","13":"instock","14":"sale","15":"shipping-taxable","16":"purchasable","17":"product-type-variable","18":"has-default-attributes"},"_links":{"self":[{"href":"https:\/\/bqeye.com\/fr\/wp-json\/wp\/v2\/product\/2244","targetHints":{"allow":["GET"]}}],"collection":[{"href":"https:\/\/bqeye.com\/fr\/wp-json\/wp\/v2\/product"}],"about":[{"href":"https:\/\/bqeye.com\/fr\/wp-json\/wp\/v2\/types\/product"}],"replies":[{"embeddable":true,"href":"https:\/\/bqeye.com\/fr\/wp-json\/wp\/v2\/comments?post=2244"}],"wp:featuredmedia":[{"embeddable":true,"href":"https:\/\/bqeye.com\/fr\/wp-json\/wp\/v2\/media\/2247"}],"wp:attachment":[{"href":"https:\/\/bqeye.com\/fr\/wp-json\/wp\/v2\/media?parent=2244"}],"wp:term":[{"taxonomy":"product_brand","embeddable":true,"href":"https:\/\/bqeye.com\/fr\/wp-json\/wp\/v2\/product_brand?post=2244"},{"taxonomy":"product_cat","embeddable":true,"href":"https:\/\/bqeye.com\/fr\/wp-json\/wp\/v2\/product_cat?post=2244"},{"taxonomy":"product_tag","embeddable":true,"href":"https:\/\/bqeye.com\/fr\/wp-json\/wp\/v2\/product_tag?post=2244"}],"curies":[{"name":"wp","href":"https:\/\/api.w.org\/{rel}","templated":true}]}}