{"id":2258,"date":"2025-01-16T11:48:44","date_gmt":"2025-01-16T03:48:44","guid":{"rendered":"https:\/\/bqeye.com\/?post_type=product&#038;p=2258"},"modified":"2025-01-16T11:50:41","modified_gmt":"2025-01-16T03:50:41","slug":"siren-blue-contact-lenses","status":"publish","type":"product","link":"https:\/\/bqeye.com\/fr\/siren-blue-contact-lenses\/","title":{"rendered":"Lentilles de contact bleu sir\u00e8ne"},"content":{"rendered":"<h1 class=\"md-end-block md-heading\"><span class=\"md-plain md-expand\">Lentilles de contact bleu sir\u00e8ne : Collection Profondeurs de l'Oc\u00e9an \ud83c\udf0a<\/span><\/h1>\n<h2 class=\"md-end-block md-heading\"><span class=\"md-plain\">Inspiration design \ud83c\udf1f<\/span><\/h2>\n<p class=\"md-end-block md-p\"><span class=\"md-plain\">Inspir\u00e9es par les profondeurs envo\u00fbtantes des oc\u00e9ans tropicaux, ces lentilles capturent les teintes bleues s\u00e9duisantes des sir\u00e8nes mythiques. Le motif complexe combine l'azur \u00e9lectrique avec des tons marins plus profonds, cr\u00e9ant un regard envo\u00fbtant qui attire les autres comme les l\u00e9gendaires demoiselles de la mer.<\/span><\/p>\n<p class=\"md-end-block md-p\"><span class=\"md-plain\">Chaque lentille pr\u00e9sente un superbe motif aquatique qui passe d'un centre c\u00e9rul\u00e9en brillant \u00e0 des bleus oc\u00e9aniques plus profonds sur les bords, avec de subtils reflets cristallins qui captent et refl\u00e8tent la lumi\u00e8re comme des rayons de soleil dansant sur les vagues.<\/span><\/p>\n<h2 class=\"md-end-block md-heading\"><span class=\"md-plain\">Revues de cr\u00e9ateurs \ud83d\udcab<\/span><\/h2>\n<p class=\"md-end-block md-p\"><span class=\"md-plain\">@OceanBeauty (1.2M)<\/span> <span class=\"md-plain\">\"Ces lentilles sont de la pure magie - c'est comme si vous portiez l'oc\u00e9an dans vos yeux ! <\/span><\/p>\n<p class=\"md-end-block md-p\"><span class=\"md-plain\">@SirenStyle (890K)<\/span> <span class=\"md-plain\">\"Les lentilles bleues les plus captivantes que j'ai jamais port\u00e9es. Elles sont absolument hypnotiques !\" <\/span><\/p>\n<p class=\"md-end-block md-p\"><span class=\"md-plain\">@BeautyMermaid (750K)<\/span> <span class=\"md-plain\">\"Parfait pour cr\u00e9er ce look myst\u00e9rieux de d\u00e9esse sous-marine !<\/span><\/p>\n<h2 class=\"md-end-block md-heading\"><span class=\"md-plain\">Parfait pour \ud83c\udfaf<\/span><\/h2>\n<ul class=\"ul-list\" data-mark=\"*\">\n<li class=\"md-list-item\">\n<p class=\"md-end-block md-p\"><span class=\"md-plain\">Photoshoots c\u00f4tiers<\/span><\/p>\n<\/li>\n<li class=\"md-list-item\">\n<p class=\"md-end-block md-p\"><span class=\"md-plain\">Les regards fantaisistes<\/span><\/p>\n<\/li>\n<li class=\"md-list-item\">\n<p class=\"md-end-block md-p\"><span class=\"md-plain\">Contenu des m\u00e9dias sociaux<\/span><\/p>\n<\/li>\n<li class=\"md-list-item\">\n<p class=\"md-end-block md-p\"><span class=\"md-plain\">\u00c9v\u00e9nements sp\u00e9ciaux<\/span><\/p>\n<\/li>\n<li class=\"md-list-item\">\n<p class=\"md-end-block md-p\"><span class=\"md-plain\">Expression artistique<\/span><\/p>\n<\/li>\n<li class=\"md-list-item\">\n<p class=\"md-end-block md-p\"><span class=\"md-plain\">F\u00eates de plage<\/span><\/p>\n<\/li>\n<\/ul>\n<h2 class=\"md-end-block md-heading\"><span class=\"md-plain\">Guide de style \ud83d\udc57<\/span><\/h2>\n<p class=\"md-end-block md-p\"><span class=\"md-plain\">S'associe parfaitement avec :<\/span><\/p>\n<ul class=\"ul-list\" data-mark=\"*\">\n<li class=\"md-list-item\">\n<p class=\"md-end-block md-p\"><span class=\"md-plain\">Tenues de couleur oc\u00e9an<\/span><\/p>\n<\/li>\n<li class=\"md-list-item\">\n<p class=\"md-end-block md-p\"><span class=\"md-plain\">Bijoux en argent<\/span><\/p>\n<\/li>\n<li class=\"md-list-item\">\n<p class=\"md-end-block md-p\"><span class=\"md-plain\">Accessoires en perles<\/span><\/p>\n<\/li>\n<li class=\"md-list-item\">\n<p class=\"md-end-block md-p\"><span class=\"md-plain\">Tissus chatoyants<\/span><\/p>\n<\/li>\n<li class=\"md-list-item\">\n<p class=\"md-end-block md-p\"><span class=\"md-plain\">Maquillage Aqua<\/span><\/p>\n<\/li>\n<li class=\"md-list-item\">\n<p class=\"md-end-block md-p\"><span class=\"md-plain\">Cheveux en forme de vagues de plage<\/span><\/p>\n<\/li>\n<\/ul>\n<h2 class=\"md-end-block md-heading\"><span class=\"md-plain\">Caract\u00e9ristiques de confort \u2705<\/span><\/h2>\n<ul class=\"ul-list\" data-mark=\"*\">\n<li class=\"md-list-item\">\n<p class=\"md-end-block md-p\"><span class=\"md-plain\">Hydratation \u00e9lev\u00e9e<\/span><\/p>\n<\/li>\n<li class=\"md-list-item\">\n<p class=\"md-end-block md-p\"><span class=\"md-plain\">Mati\u00e8re respirante<\/span><\/p>\n<\/li>\n<li class=\"md-list-item\">\n<p class=\"md-end-block md-p\"><span class=\"md-plain\">Bords lisses<\/span><\/p>\n<\/li>\n<li class=\"md-list-item\">\n<p class=\"md-end-block md-p\"><span class=\"md-plain\">Mouvement naturel<\/span><\/p>\n<\/li>\n<li class=\"md-list-item\">\n<p class=\"md-end-block md-p\"><span class=\"md-plain\">Une vision claire<\/span><\/p>\n<\/li>\n<li class=\"md-list-item\">\n<p class=\"md-end-block md-p\"><span class=\"md-plain\">Confort tout au long de la journ\u00e9e<\/span><\/p>\n<\/li>\n<\/ul>\n<h2 class=\"md-end-block md-heading\"><span class=\"md-plain\">Exp\u00e9riences des utilisateurs \ud83d\udde3\ufe0f<\/span><\/h2>\n<p class=\"md-end-block md-p\"><span class=\"md-plain\">\"C'est comme si j'avais l'oc\u00e9an dans les yeux - c'est absolument magnifique !<\/span><\/p>\n<p class=\"md-end-block md-p\"><span class=\"md-plain\">\"Les lentilles bleues les plus confortables qui soient - j'oublie que je les porte.<\/span><\/p>\n<p class=\"md-end-block md-p\"><span class=\"md-plain\">\"Tout le monde me demande si ce sont mes vrais yeux !<\/span><\/p>\n<h2 class=\"md-end-block md-heading\"><span class=\"md-plain\">La s\u00e9curit\u00e9 avant tout \ud83d\udee1\ufe0f<\/span><\/h2>\n<ul class=\"ul-list\" data-mark=\"*\">\n<li class=\"md-list-item\">\n<p class=\"md-end-block md-p\"><span class=\"md-plain\">Certifi\u00e9 ISO<\/span><\/p>\n<\/li>\n<li class=\"md-list-item\">\n<p class=\"md-end-block md-p\"><span class=\"md-plain\">Approuv\u00e9 par la FDA<\/span><\/p>\n<\/li>\n<li class=\"md-list-item\">\n<p class=\"md-end-block md-p\"><span class=\"md-plain\">Mat\u00e9riaux de premi\u00e8re qualit\u00e9<\/span><\/p>\n<\/li>\n<li class=\"md-list-item\">\n<p class=\"md-end-block md-p\"><span class=\"md-plain\">Montage professionnel n\u00e9cessaire<\/span><\/p>\n<\/li>\n<li class=\"md-list-item\">\n<p class=\"md-end-block md-p\"><span class=\"md-plain\">Des contr\u00f4les r\u00e9guliers sont recommand\u00e9s<\/span><\/p>\n<\/li>\n<li class=\"md-list-item\">\n<p class=\"md-end-block md-p\"><span class=\"md-plain\">Emballage st\u00e9rile<\/span><\/p>\n<\/li>\n<\/ul>\n<p class=\"md-end-block md-p\"><span class=\"md-plain\">Transformez votre look avec les lentilles de contact Siren Blue ! D\u00e9couvrez le m\u00e9lange parfait d'allure mythique et de confort moderne, apportant la beaut\u00e9 enchanteresse des profondeurs de l'oc\u00e9an \u00e0 vos yeux.<\/span><\/p>\n<p class=\"md-end-block md-p\"><span class=\"md-pair-s\"><em><span class=\"md-plain\">Pour des r\u00e9sultats optimaux, il est recommand\u00e9 de faire appel \u00e0 un professionnel.<\/span><\/em><\/span><\/p>\n<p class=\"md-end-block md-p md-focus\"><span class=\"md-plain md-expand\">#SirenBlue #OceanBeauty #ContactLenses<\/span><\/p>","protected":false},"excerpt":{"rendered":"<p>Siren Blue Contact Lenses: Ocean Depths Collection \ud83c\udf0a Design Inspiration \ud83c\udf1f Inspired by the mesmerizing depths of tropical oceans, these lenses capture the alluring blue hues of mythical sirens. The intricate pattern combines electric azure with deeper marine tones, creating an enchanting gaze that draws others in like the legendary sea maidens. Each lens features [&#8230;]\n","protected":false},"featured_media":2260,"comment_status":"open","ping_status":"closed","template":"","meta":[],"product_brand":[],"product_cat":[75,92,188,158,98],"product_tag":[],"class_list":{"0":"post-2258","1":"product","2":"type-product","3":"status-publish","4":"has-post-thumbnail","6":"product_cat-blue-contact-lenses","7":"product_cat-14-5-mm","8":"product_cat-dream-contacts","9":"product_cat-enlarge-contacts","10":"product_cat-yearly-disposable","12":"first","13":"instock","14":"sale","15":"shipping-taxable","16":"purchasable","17":"product-type-variable","18":"has-default-attributes"},"_links":{"self":[{"href":"https:\/\/bqeye.com\/fr\/wp-json\/wp\/v2\/product\/2258","targetHints":{"allow":["GET"]}}],"collection":[{"href":"https:\/\/bqeye.com\/fr\/wp-json\/wp\/v2\/product"}],"about":[{"href":"https:\/\/bqeye.com\/fr\/wp-json\/wp\/v2\/types\/product"}],"replies":[{"embeddable":true,"href":"https:\/\/bqeye.com\/fr\/wp-json\/wp\/v2\/comments?post=2258"}],"wp:featuredmedia":[{"embeddable":true,"href":"https:\/\/bqeye.com\/fr\/wp-json\/wp\/v2\/media\/2260"}],"wp:attachment":[{"href":"https:\/\/bqeye.com\/fr\/wp-json\/wp\/v2\/media?parent=2258"}],"wp:term":[{"taxonomy":"product_brand","embeddable":true,"href":"https:\/\/bqeye.com\/fr\/wp-json\/wp\/v2\/product_brand?post=2258"},{"taxonomy":"product_cat","embeddable":true,"href":"https:\/\/bqeye.com\/fr\/wp-json\/wp\/v2\/product_cat?post=2258"},{"taxonomy":"product_tag","embeddable":true,"href":"https:\/\/bqeye.com\/fr\/wp-json\/wp\/v2\/product_tag?post=2258"}],"curies":[{"name":"wp","href":"https:\/\/api.w.org\/{rel}","templated":true}]}}