{"id":2264,"date":"2025-01-17T10:45:13","date_gmt":"2025-01-17T02:45:13","guid":{"rendered":"https:\/\/bqeye.com\/?post_type=product&#038;p=2264"},"modified":"2025-01-17T10:47:36","modified_gmt":"2025-01-17T02:47:36","slug":"seattle-blue-contact-lenses","status":"publish","type":"product","link":"https:\/\/bqeye.com\/fr\/seattle-blue-contact-lenses\/","title":{"rendered":"Lentilles de contact Seattle Blue"},"content":{"rendered":"<h1 class=\"md-end-block md-heading\"><span class=\"md-plain md-expand\">Lentilles de contact Seattle Blue : Collection Pacific Northwest \ud83c\udf0a<\/span><\/h1>\n<h2 class=\"md-end-block md-heading\"><span class=\"md-plain\">Inspiration design \u2614<\/span><\/h2>\n<p class=\"md-end-block md-p\"><span class=\"md-plain\">Capturant l'essence des cieux maussades et des eaux c\u00f4ti\u00e8res de Seattle, ces lentilles m\u00e9langent des tons gris-bleu brumeux avec de subtils reflets argent\u00e9s. Le motif unique refl\u00e8te l'atmosph\u00e8re nuageuse caract\u00e9ristique de la ville, cr\u00e9ant un regard \u00e0 la fois sophistiqu\u00e9 et myst\u00e9rieusement captivant.<\/span><\/p>\n<p class=\"md-end-block md-p\"><span class=\"md-plain\">Chaque lentille pr\u00e9sente un motif multidimensionnel passant d'un centre orageux \u00e0 des bords embrum\u00e9s, avec des accents cristallins rappelant les gouttes de pluie sur le Puget Sound.<\/span><\/p>\n<h2 class=\"md-end-block md-heading\"><span class=\"md-plain\">Revues de cr\u00e9ateurs \ud83d\udcab<\/span><\/h2>\n<p class=\"md-end-block md-p\"><span class=\"md-plain\">@PNWBeauty (890K)<\/span> <span class=\"md-plain\">\"Ces lentilles capturent parfaitement le ciel embl\u00e9matique de Seattle ! <\/span><\/p>\n<p class=\"md-end-block md-p\"><span class=\"md-plain\">@RainyDayStyle (750K)<\/span> <span class=\"md-plain\">\"Les lentilles gris-bleu les plus authentiques que j'ai trouv\u00e9es. Des vibrations pures du nord-ouest du Pacifique !\" <\/span><\/p>\n<p class=\"md-end-block md-p\"><span class=\"md-plain\">@UrbanStyle (820K)<\/span> <span class=\"md-plain\">\"Ils donnent un aspect tellement cool et contemporain. Mes adeptes n'en ont jamais assez !\"<\/span><\/p>\n<h2 class=\"md-end-block md-heading\"><span class=\"md-plain\">Parfait pour \ud83c\udfaf<\/span><\/h2>\n<ul class=\"ul-list\" data-mark=\"*\">\n<li class=\"md-list-item\">\n<p class=\"md-end-block md-p\"><span class=\"md-plain\">Photographie urbaine<\/span><\/p>\n<\/li>\n<li class=\"md-list-item\">\n<p class=\"md-end-block md-p\"><span class=\"md-plain\">Esth\u00e9tique minimaliste<\/span><\/p>\n<\/li>\n<li class=\"md-list-item\">\n<p class=\"md-end-block md-p\"><span class=\"md-plain\">Looks modernes<\/span><\/p>\n<\/li>\n<li class=\"md-list-item\">\n<p class=\"md-end-block md-p\"><span class=\"md-plain\">Port quotidien<\/span><\/p>\n<\/li>\n<li class=\"md-list-item\">\n<p class=\"md-end-block md-p\"><span class=\"md-plain\">Prises de vue artistiques<\/span><\/p>\n<\/li>\n<li class=\"md-list-item\">\n<p class=\"md-end-block md-p\"><span class=\"md-plain\">L'ambiance d'un caf\u00e9<\/span><\/p>\n<\/li>\n<\/ul>\n<h2 class=\"md-end-block md-heading\"><span class=\"md-plain\">Guide de style \ud83d\udc57<\/span><\/h2>\n<p class=\"md-end-block md-p\"><span class=\"md-plain\">S'associe parfaitement avec :<\/span><\/p>\n<ul class=\"ul-list\" data-mark=\"*\">\n<li class=\"md-list-item\">\n<p class=\"md-end-block md-p\"><span class=\"md-plain\">V\u00eatements urbains<\/span><\/p>\n<\/li>\n<li class=\"md-list-item\">\n<p class=\"md-end-block md-p\"><span class=\"md-plain\">Tenues monochromes<\/span><\/p>\n<\/li>\n<li class=\"md-list-item\">\n<p class=\"md-end-block md-p\"><span class=\"md-plain\">Accessoires industriels<\/span><\/p>\n<\/li>\n<li class=\"md-list-item\">\n<p class=\"md-end-block md-p\"><span class=\"md-plain\">Mode contemporaine<\/span><\/p>\n<\/li>\n<li class=\"md-list-item\">\n<p class=\"md-end-block md-p\"><span class=\"md-plain\">Maquillage naturel<\/span><\/p>\n<\/li>\n<li class=\"md-list-item\">\n<p class=\"md-end-block md-p\"><span class=\"md-plain\">Coiffures modernes<\/span><\/p>\n<\/li>\n<\/ul>\n<h2 class=\"md-end-block md-heading\"><span class=\"md-plain\">Caract\u00e9ristiques de confort \u2705<\/span><\/h2>\n<ul class=\"ul-list\" data-mark=\"*\">\n<li class=\"md-list-item\">\n<p class=\"md-end-block md-p\"><span class=\"md-plain\">R\u00e9tention \u00e9lev\u00e9e de l'humidit\u00e9<\/span><\/p>\n<\/li>\n<li class=\"md-list-item\">\n<p class=\"md-end-block md-p\"><span class=\"md-plain\">Mati\u00e8re respirante<\/span><\/p>\n<\/li>\n<li class=\"md-list-item\">\n<p class=\"md-end-block md-p\"><span class=\"md-plain\">Bords lisses<\/span><\/p>\n<\/li>\n<li class=\"md-list-item\">\n<p class=\"md-end-block md-p\"><span class=\"md-plain\">Mouvement naturel<\/span><\/p>\n<\/li>\n<li class=\"md-list-item md-focus-container\">\n<p class=\"md-end-block md-p md-focus\"><span class=\"md-plain md-expand\">Une vision claire<\/span><\/p>\n<\/li>\n<li class=\"md-list-item\">\n<p class=\"md-end-block md-p\"><span class=\"md-plain\">Confort tout au long de la journ\u00e9e<\/span><\/p>\n<\/li>\n<\/ul>\n<h2 class=\"md-end-block md-heading\"><span class=\"md-plain\">Exp\u00e9riences des utilisateurs \ud83d\udde3\ufe0f<\/span><\/h2>\n<p class=\"md-end-block md-p\"><span class=\"md-plain\">\"C'est comme porter la ligne d'horizon de Seattle - si naturellement myst\u00e9rieuse !<\/span><\/p>\n<p class=\"md-end-block md-p\"><span class=\"md-plain\">\"Parfait pour les yeux sensibles, surtout par temps de pluie.<\/span><\/p>\n<p class=\"md-end-block md-p\"><span class=\"md-plain\">\"Ils capturent parfaitement l'esth\u00e9tique moderne du PNW !<\/span><\/p>\n<h2 class=\"md-end-block md-heading\"><span class=\"md-plain\">La s\u00e9curit\u00e9 avant tout \ud83d\udee1\ufe0f<\/span><\/h2>\n<ul class=\"ul-list\" data-mark=\"*\">\n<li class=\"md-list-item\">\n<p class=\"md-end-block md-p\"><span class=\"md-plain\">Certifi\u00e9 ISO<\/span><\/p>\n<\/li>\n<li class=\"md-list-item\">\n<p class=\"md-end-block md-p\"><span class=\"md-plain\">Approuv\u00e9 par la FDA<\/span><\/p>\n<\/li>\n<li class=\"md-list-item\">\n<p class=\"md-end-block md-p\"><span class=\"md-plain\">Mat\u00e9riaux de premi\u00e8re qualit\u00e9<\/span><\/p>\n<\/li>\n<li class=\"md-list-item\">\n<p class=\"md-end-block md-p\"><span class=\"md-plain\">Montage professionnel n\u00e9cessaire<\/span><\/p>\n<\/li>\n<li class=\"md-list-item\">\n<p class=\"md-end-block md-p\"><span class=\"md-plain\">Soins r\u00e9guliers recommand\u00e9s<\/span><\/p>\n<\/li>\n<li class=\"md-list-item\">\n<p class=\"md-end-block md-p\"><span class=\"md-plain\">Emballage st\u00e9rile<\/span><\/p>\n<\/li>\n<\/ul>\n<p class=\"md-end-block md-p\"><span class=\"md-plain\">D\u00e9couvrez l'esth\u00e9tique du nord-ouest du Pacifique avec les lentilles de contact Seattle Blue ! Embrassez le m\u00e9lange parfait de sophistication urbaine et de beaut\u00e9 naturelle, en apportant le mystique des cieux de Seattle \u00e0 vos yeux.<\/span><\/p>\n<p class=\"md-end-block md-p\"><span class=\"md-pair-s\"><em><span class=\"md-plain\">Pour des r\u00e9sultats optimaux, il est recommand\u00e9 de faire appel \u00e0 un professionnel.<\/span><\/em><\/span><\/p>\n<p class=\"md-end-block md-p\"><span class=\"md-plain md-expand\">#SeattleBlue #PNWBeauty #ContactLenses<\/span><\/p>","protected":false},"excerpt":{"rendered":"<p>Seattle Blue Contact Lenses: Pacific Northwest Collection \ud83c\udf0a Design Inspiration \u2614 Capturing the essence of Seattle&#8217;s moody skies and coastal waters, these lenses blend misty grey-blue tones with subtle silver highlights. The unique pattern mirrors the city&#8217;s signature overcast atmosphere, creating a gaze that&#8217;s both sophisticated and mysteriously captivating. Each lens features a multidimensional design [&#8230;]\n","protected":false},"featured_media":2266,"comment_status":"open","ping_status":"closed","template":"","meta":[],"product_brand":[],"product_cat":[75,91,188,158,98],"product_tag":[],"class_list":{"0":"post-2264","1":"product","2":"type-product","3":"status-publish","4":"has-post-thumbnail","6":"product_cat-blue-contact-lenses","7":"product_cat-14-2-mm","8":"product_cat-dream-contacts","9":"product_cat-enlarge-contacts","10":"product_cat-yearly-disposable","12":"first","13":"instock","14":"sale","15":"shipping-taxable","16":"purchasable","17":"product-type-variable","18":"has-default-attributes"},"_links":{"self":[{"href":"https:\/\/bqeye.com\/fr\/wp-json\/wp\/v2\/product\/2264","targetHints":{"allow":["GET"]}}],"collection":[{"href":"https:\/\/bqeye.com\/fr\/wp-json\/wp\/v2\/product"}],"about":[{"href":"https:\/\/bqeye.com\/fr\/wp-json\/wp\/v2\/types\/product"}],"replies":[{"embeddable":true,"href":"https:\/\/bqeye.com\/fr\/wp-json\/wp\/v2\/comments?post=2264"}],"wp:featuredmedia":[{"embeddable":true,"href":"https:\/\/bqeye.com\/fr\/wp-json\/wp\/v2\/media\/2266"}],"wp:attachment":[{"href":"https:\/\/bqeye.com\/fr\/wp-json\/wp\/v2\/media?parent=2264"}],"wp:term":[{"taxonomy":"product_brand","embeddable":true,"href":"https:\/\/bqeye.com\/fr\/wp-json\/wp\/v2\/product_brand?post=2264"},{"taxonomy":"product_cat","embeddable":true,"href":"https:\/\/bqeye.com\/fr\/wp-json\/wp\/v2\/product_cat?post=2264"},{"taxonomy":"product_tag","embeddable":true,"href":"https:\/\/bqeye.com\/fr\/wp-json\/wp\/v2\/product_tag?post=2264"}],"curies":[{"name":"wp","href":"https:\/\/api.w.org\/{rel}","templated":true}]}}