{"id":2267,"date":"2025-01-17T11:21:06","date_gmt":"2025-01-17T03:21:06","guid":{"rendered":"https:\/\/bqeye.com\/?post_type=product&#038;p=2267"},"modified":"2025-01-17T11:23:23","modified_gmt":"2025-01-17T03:23:23","slug":"flirting-brown-contact-lenses","status":"publish","type":"product","link":"https:\/\/bqeye.com\/fr\/flirting-brown-contact-lenses\/","title":{"rendered":"Lentilles de contact marron pour le flirt"},"content":{"rendered":"<h1 class=\"md-end-block md-heading\"><span class=\"md-plain md-expand\">Lentilles de contact marron flirtant : Collection Warm Attraction \ud83e\udd0e<\/span><\/h1>\n<h2 class=\"md-end-block md-heading\"><span class=\"md-plain\">Inspiration design \u2728<\/span><\/h2>\n<p class=\"md-end-block md-p\"><span class=\"md-plain\">Ces lentilles m\u00e9langent de riches bruns de miel avec de subtils reflets ambr\u00e9s, cr\u00e9ant un regard accueillant qui met en valeur la chaleur naturelle. Le motif unique pr\u00e9sente un design en \u00e9toile avec de d\u00e9licates mouchetures dor\u00e9es rayonnant \u00e0 partir du centre, ajoutant de la profondeur et de l'\u00e9clat \u00e0 chaque regard.<\/span><\/p>\n<p class=\"md-end-block md-p\"><span class=\"md-plain\">Chaque lentille incorpore une palette brune multi-tonale qui passe d'un centre chocolat\u00e9 profond \u00e0 des bords caramel plus doux, cr\u00e9ant ainsi une apparence naturelle qui attire le regard.<\/span><\/p>\n<h2 class=\"md-end-block md-heading\"><span class=\"md-plain\">Revues de cr\u00e9ateurs \ud83d\udcab<\/span><\/h2>\n<p class=\"md-end-block md-p\"><span class=\"md-plain\">@BeautyGuru (920K)<\/span> <span class=\"md-plain\">\"Ces lentilles donnent les yeux bruns chauds les plus naturels que j'aie jamais vus ! <\/span><\/p>\n<p class=\"md-end-block md-p\"><span class=\"md-plain\">@GlamourStyle (780K)<\/span> <span class=\"md-plain\">\"Parfait pour cr\u00e9er un look subtil et \u00e9l\u00e9gant. Mon choix pour les rendez-vous nocturnes !\" <\/span><\/p>\n<p class=\"md-end-block md-p\"><span class=\"md-plain\">@NaturalBeauty (850K)<\/span> <span class=\"md-plain\">\"Ils rehaussent magnifiquement les yeux bruns et sont incroyablement naturels sur les yeux clairs !<\/span><\/p>\n<h2 class=\"md-end-block md-heading\"><span class=\"md-plain\">Parfait pour \ud83c\udfaf<\/span><\/h2>\n<ul class=\"ul-list\" data-mark=\"*\">\n<li class=\"md-list-item\">\n<p class=\"md-end-block md-p\"><span class=\"md-plain\">Port\u00e9 tous les jours<\/span><\/p>\n<\/li>\n<li class=\"md-list-item\">\n<p class=\"md-end-block md-p\"><span class=\"md-plain\">Soir\u00e9es en amoureux<\/span><\/p>\n<\/li>\n<li class=\"md-list-item\">\n<p class=\"md-end-block md-p\"><span class=\"md-plain\">\u00c9v\u00e9nements sociaux<\/span><\/p>\n<\/li>\n<li class=\"md-list-item\">\n<p class=\"md-end-block md-p\"><span class=\"md-plain\">Maquillage naturel<\/span><\/p>\n<\/li>\n<li class=\"md-list-item\">\n<p class=\"md-end-block md-p\"><span class=\"md-plain\">Cadre professionnel<\/span><\/p>\n<\/li>\n<li class=\"md-list-item\">\n<p class=\"md-end-block md-p\"><span class=\"md-plain\">Occasions d\u00e9contract\u00e9es<\/span><\/p>\n<\/li>\n<\/ul>\n<h2 class=\"md-end-block md-heading\"><span class=\"md-plain\">Guide de style \ud83d\udc57<\/span><\/h2>\n<p class=\"md-end-block md-p\"><span class=\"md-plain\">S'associe parfaitement avec :<\/span><\/p>\n<ul class=\"ul-list\" data-mark=\"*\">\n<li class=\"md-list-item\">\n<p class=\"md-end-block md-p\"><span class=\"md-plain\">Tenues de couleur terre<\/span><\/p>\n<\/li>\n<li class=\"md-list-item\">\n<p class=\"md-end-block md-p\"><span class=\"md-plain\">Bijoux en or<\/span><\/p>\n<\/li>\n<li class=\"md-list-item\">\n<p class=\"md-end-block md-p\"><span class=\"md-plain\">Maquillage bronze<\/span><\/p>\n<\/li>\n<li class=\"md-list-item\">\n<p class=\"md-end-block md-p\"><span class=\"md-plain\">Des looks aux tons chauds<\/span><\/p>\n<\/li>\n<li class=\"md-list-item\">\n<p class=\"md-end-block md-p\"><span class=\"md-plain\">Coiffures naturelles<\/span><\/p>\n<\/li>\n<li class=\"md-list-item\">\n<p class=\"md-end-block md-p\"><span class=\"md-plain\">Palettes neutres<\/span><\/p>\n<\/li>\n<\/ul>\n<h2 class=\"md-end-block md-heading\"><span class=\"md-plain\">Caract\u00e9ristiques de confort \u2705<\/span><\/h2>\n<ul class=\"ul-list\" data-mark=\"*\">\n<li class=\"md-list-item\">\n<p class=\"md-end-block md-p\"><span class=\"md-plain\">Am\u00e9lioration de la teneur en eau<\/span><\/p>\n<\/li>\n<li class=\"md-list-item\">\n<p class=\"md-end-block md-p\"><span class=\"md-plain\">Mati\u00e8re souple<\/span><\/p>\n<\/li>\n<li class=\"md-list-item\">\n<p class=\"md-end-block md-p\"><span class=\"md-plain\">Bords lisses<\/span><\/p>\n<\/li>\n<li class=\"md-list-item\">\n<p class=\"md-end-block md-p\"><span class=\"md-plain\">Mouvement naturel des yeux<\/span><\/p>\n<\/li>\n<li class=\"md-list-item\">\n<p class=\"md-end-block md-p\"><span class=\"md-plain\">Qualit\u00e9 de vision HD<\/span><\/p>\n<\/li>\n<li class=\"md-list-item\">\n<p class=\"md-end-block md-p\"><span class=\"md-plain\">Confort durable<\/span><\/p>\n<\/li>\n<\/ul>\n<h2 class=\"md-end-block md-heading\"><span class=\"md-plain\">Exp\u00e9riences des utilisateurs \ud83d\udde3\ufe0f<\/span><\/h2>\n<p class=\"md-end-block md-p\"><span class=\"md-plain\">\"Ils donnent \u00e0 mes yeux un aspect si chaleureux et accueillant !<\/span><\/p>\n<p class=\"md-end-block md-p\"><span class=\"md-plain\">\"J'aime la fa\u00e7on dont ils mettent en valeur la couleur naturelle de mes yeux.<\/span><\/p>\n<p class=\"md-end-block md-p md-focus\"><span class=\"md-plain md-expand\">\"Un \u00e9quilibre parfait entre la subtilit\u00e9 et la visibilit\u00e9.<\/span><\/p>\n<h2 class=\"md-end-block md-heading\"><span class=\"md-plain\">Normes de s\u00e9curit\u00e9 \ud83d\udee1\ufe0f<\/span><\/h2>\n<ul class=\"ul-list\" data-mark=\"*\">\n<li class=\"md-list-item\">\n<p class=\"md-end-block md-p\"><span class=\"md-plain\">Certifi\u00e9 ISO<\/span><\/p>\n<\/li>\n<li class=\"md-list-item\">\n<p class=\"md-end-block md-p\"><span class=\"md-plain\">Approuv\u00e9 par la FDA<\/span><\/p>\n<\/li>\n<li class=\"md-list-item\">\n<p class=\"md-end-block md-p\"><span class=\"md-plain\">Mat\u00e9riaux de qualit\u00e9<\/span><\/p>\n<\/li>\n<li class=\"md-list-item\">\n<p class=\"md-end-block md-p\"><span class=\"md-plain\">Montage professionnel n\u00e9cessaire<\/span><\/p>\n<\/li>\n<li class=\"md-list-item\">\n<p class=\"md-end-block md-p\"><span class=\"md-plain\">Contr\u00f4les r\u00e9guliers recommand\u00e9s<\/span><\/p>\n<\/li>\n<li class=\"md-list-item\">\n<p class=\"md-end-block md-p\"><span class=\"md-plain\">Emballage st\u00e9rile<\/span><\/p>\n<\/li>\n<\/ul>\n<p class=\"md-end-block md-p\"><span class=\"md-plain\">Transformez votre look avec les lentilles de contact Flirting Brown ! D\u00e9couvrez le m\u00e9lange parfait de beaut\u00e9 naturelle et d'am\u00e9lioration subtile qui apporte chaleur et charme \u00e0 votre regard.<\/span><\/p>\n<p class=\"md-end-block md-p\"><span class=\"md-pair-s\"><em><span class=\"md-plain\">Pour des r\u00e9sultats optimaux, il est recommand\u00e9 de faire appel \u00e0 un professionnel.<\/span><\/em><\/span><\/p>\n<p class=\"md-end-block md-p\"><span class=\"md-plain md-expand\">#FlirtingBrown #NaturalBeauty #ContactLenses<\/span><\/p>","protected":false},"excerpt":{"rendered":"<p>Flirting Brown Contact Lenses: Warm Attraction Collection \ud83e\udd0e Design Inspiration \u2728 These lenses blend rich honey-browns with subtle amber highlights, creating an inviting gaze that enhances natural warmth. The unique pattern features a starburst design with delicate golden flecks radiating from the center, adding depth and sparkle to every glance. Each lens incorporates a multi-tonal [&#8230;]\n","protected":false},"featured_media":2270,"comment_status":"open","ping_status":"closed","template":"","meta":[],"product_brand":[],"product_cat":[80,91,188,158,98],"product_tag":[],"class_list":{"0":"post-2267","1":"product","2":"type-product","3":"status-publish","4":"has-post-thumbnail","6":"product_cat-brown-contact-lenses","7":"product_cat-14-2-mm","8":"product_cat-dream-contacts","9":"product_cat-enlarge-contacts","10":"product_cat-yearly-disposable","12":"first","13":"instock","14":"sale","15":"shipping-taxable","16":"purchasable","17":"product-type-variable","18":"has-default-attributes"},"_links":{"self":[{"href":"https:\/\/bqeye.com\/fr\/wp-json\/wp\/v2\/product\/2267","targetHints":{"allow":["GET"]}}],"collection":[{"href":"https:\/\/bqeye.com\/fr\/wp-json\/wp\/v2\/product"}],"about":[{"href":"https:\/\/bqeye.com\/fr\/wp-json\/wp\/v2\/types\/product"}],"replies":[{"embeddable":true,"href":"https:\/\/bqeye.com\/fr\/wp-json\/wp\/v2\/comments?post=2267"}],"wp:featuredmedia":[{"embeddable":true,"href":"https:\/\/bqeye.com\/fr\/wp-json\/wp\/v2\/media\/2270"}],"wp:attachment":[{"href":"https:\/\/bqeye.com\/fr\/wp-json\/wp\/v2\/media?parent=2267"}],"wp:term":[{"taxonomy":"product_brand","embeddable":true,"href":"https:\/\/bqeye.com\/fr\/wp-json\/wp\/v2\/product_brand?post=2267"},{"taxonomy":"product_cat","embeddable":true,"href":"https:\/\/bqeye.com\/fr\/wp-json\/wp\/v2\/product_cat?post=2267"},{"taxonomy":"product_tag","embeddable":true,"href":"https:\/\/bqeye.com\/fr\/wp-json\/wp\/v2\/product_tag?post=2267"}],"curies":[{"name":"wp","href":"https:\/\/api.w.org\/{rel}","templated":true}]}}