{"id":2303,"date":"2025-02-08T15:00:29","date_gmt":"2025-02-08T07:00:29","guid":{"rendered":"https:\/\/bqeye.com\/?post_type=product&#038;p=2303"},"modified":"2025-02-08T15:09:36","modified_gmt":"2025-02-08T07:09:36","slug":"punk-green-colored-contacts","status":"publish","type":"product","link":"https:\/\/bqeye.com\/fr\/punk-green-colored-contacts\/","title":{"rendered":"Contacts color\u00e9s vert punk"},"content":{"rendered":"<h1 class=\"md-end-block md-heading\"><span class=\"md-plain md-expand\">Contacts de couleur vert punk audacieux - Rebelle avec style ! \ud83e\udd18<\/span><\/h1>\n<h2 class=\"md-end-block md-heading\"><span class=\"md-plain\">\ud83d\udd25 R\u00e9volution verte \u00e9lectrique<\/span><\/h2>\n<p class=\"md-end-block md-p\"><span class=\"md-plain\">Transformez votre look avec ces lentilles de contact vertes d'inspiration punk, qui sont synonymes d'attitude et de r\u00e9bellion ! Parfaites pour la mode alternative, l'esth\u00e9tique punk rock ou les repr\u00e9sentations de personnages nerveux.<\/span><\/p>\n<h2 class=\"md-end-block md-heading\"><span class=\"md-plain\">\ud83d\udc9a Caract\u00e9ristiques de la conception<\/span><\/h2>\n<ul class=\"ul-list\" data-mark=\"-\">\n<li class=\"md-list-item\">\n<p class=\"md-end-block md-p\"><span class=\"md-plain\">Noyau de chaux \u00e9lectrique<\/span><\/p>\n<\/li>\n<li class=\"md-list-item\">\n<p class=\"md-end-block md-p\"><span class=\"md-plain\">\u00c9clats de vert fluo<\/span><\/p>\n<\/li>\n<li class=\"md-list-item\">\n<p class=\"md-end-block md-p\"><span class=\"md-plain\">Bords \u00e9meraude fonc\u00e9<\/span><\/p>\n<\/li>\n<li class=\"md-list-item\">\n<p class=\"md-end-block md-p\"><span class=\"md-plain\">Motifs rebelles<\/span><\/p>\n<\/li>\n<li class=\"md-list-item\">\n<p class=\"md-end-block md-p\"><span class=\"md-plain\">Impact \u00e0 fort contraste<\/span><\/p>\n<\/li>\n<li class=\"md-list-item\">\n<p class=\"md-end-block md-p\"><span class=\"md-plain\">Option r\u00e9active aux UV<\/span><\/p>\n<\/li>\n<li class=\"md-list-item\">\n<p class=\"md-end-block md-p\"><span class=\"md-plain\">Effet lumineux intense<\/span><\/p>\n<\/li>\n<\/ul>\n<h2 class=\"md-end-block md-heading\"><span class=\"md-plain\">\ud83c\udfb8 Parfait pour<\/span><\/h2>\n<ul class=\"ul-list\" data-mark=\"-\">\n<li class=\"md-list-item\">\n<p class=\"md-end-block md-p\"><span class=\"md-plain\">Spectacles de punk rock<\/span><\/p>\n<\/li>\n<li class=\"md-list-item\">\n<p class=\"md-end-block md-p\"><span class=\"md-plain\">Festivals alternatifs<\/span><\/p>\n<\/li>\n<li class=\"md-list-item\">\n<p class=\"md-end-block md-p\"><span class=\"md-plain\">Costumes cyberpunk<\/span><\/p>\n<\/li>\n<li class=\"md-list-item\">\n<p class=\"md-end-block md-p\"><span class=\"md-plain\">Mode de rue<\/span><\/p>\n<\/li>\n<li class=\"md-list-item\">\n<p class=\"md-end-block md-p\"><span class=\"md-plain\">\u00c9v\u00e9nements souterrains<\/span><\/p>\n<\/li>\n<li class=\"md-list-item\">\n<p class=\"md-end-block md-p\"><span class=\"md-plain\">Spectacles musicaux<\/span><\/p>\n<\/li>\n<li class=\"md-list-item\">\n<p class=\"md-end-block md-p\"><span class=\"md-plain\">Photoshoots urbains<\/span><\/p>\n<\/li>\n<\/ul>\n<h2 class=\"md-end-block md-heading\"><span class=\"md-plain\">\u26a1 Impact sur le style<\/span><\/h2>\n<ul class=\"ul-list\" data-mark=\"-\">\n<li class=\"md-list-item\">\n<p class=\"md-end-block md-p\"><span class=\"md-plain\">Remarquable \u00e0 la lumi\u00e8re naturelle<\/span><\/p>\n<\/li>\n<li class=\"md-list-item\">\n<p class=\"md-end-block md-p\"><span class=\"md-plain\">Brille sous la lumi\u00e8re noire<\/span><\/p>\n<\/li>\n<li class=\"md-list-item\">\n<p class=\"md-end-block md-p\"><span class=\"md-plain\">Pr\u00e9sence dramatique sur sc\u00e8ne<\/span><\/p>\n<\/li>\n<li class=\"md-list-item\">\n<p class=\"md-end-block md-p\"><span class=\"md-plain\">Des photos qui attirent l'attention<\/span><\/p>\n<\/li>\n<li class=\"md-list-item\">\n<p class=\"md-end-block md-p\"><span class=\"md-plain\">Un look de rue f\u00e9roce<\/span><\/p>\n<\/li>\n<li class=\"md-list-item\">\n<p class=\"md-end-block md-p\"><span class=\"md-plain\">Effet de gros plan puissant<\/span><\/p>\n<\/li>\n<li class=\"md-list-item\">\n<p class=\"md-end-block md-p\"><span class=\"md-plain\">R\u00e9flexion sur le mouvement dynamique<\/span><\/p>\n<\/li>\n<\/ul>\n<h2 class=\"md-end-block md-heading\"><span class=\"md-plain\">\ud83d\udd12 Confort et qualit\u00e9<\/span><\/h2>\n<ul class=\"ul-list\" data-mark=\"-\">\n<li class=\"md-list-item\">\n<p class=\"md-end-block md-p\"><span class=\"md-plain\">Confort de port prolong\u00e9<\/span><\/p>\n<\/li>\n<li class=\"md-list-item\">\n<p class=\"md-end-block md-p\"><span class=\"md-plain\">Mati\u00e8re respirante<\/span><\/p>\n<\/li>\n<li class=\"md-list-item\">\n<p class=\"md-end-block md-p\"><span class=\"md-plain\">R\u00e9tention de l'humidit\u00e9<\/span><\/p>\n<\/li>\n<li class=\"md-list-item\">\n<p class=\"md-end-block md-p\"><span class=\"md-plain\">Technologie de vision claire<\/span><\/p>\n<\/li>\n<li class=\"md-list-item\">\n<p class=\"md-end-block md-p\"><span class=\"md-plain\">Entretien facile<\/span><\/p>\n<\/li>\n<li class=\"md-list-item\">\n<p class=\"md-end-block md-p\"><span class=\"md-plain\">Qualit\u00e9 professionnelle<\/span><\/p>\n<\/li>\n<li class=\"md-list-item\">\n<p class=\"md-end-block md-p\"><span class=\"md-plain\">Conception de l'ajustement s\u00e9curis\u00e9<\/span><\/p>\n<\/li>\n<\/ul>\n<h2 class=\"md-end-block md-heading\"><span class=\"md-plain\">\ud83d\udca5 Real Punk Scene Reviews<\/span><\/h2>\n<p class=\"md-end-block md-p\"><span class=\"md-plain\">\"Ces contacts font sensation sur sc\u00e8ne ! Parfaites pour les repr\u00e9sentations de mon groupe !<\/span><\/p>\n<p class=\"md-end-block md-p\"><span class=\"md-plain\">\"Le vert est exactement ce dont j'avais besoin pour mon esth\u00e9tique cyber-punk !<\/span><\/p>\n<p class=\"md-end-block md-p\"><span class=\"md-plain\">\"Suffisamment confortable pour les spectacles qui durent toute la nuit et incroyablement frappant !<\/span><\/p>\n<h2 class=\"md-end-block md-heading\"><span class=\"md-plain\">\ud83c\udfaf Best Used For<\/span><\/h2>\n<ul class=\"ul-list\" data-mark=\"-\">\n<li class=\"md-list-item\">\n<p class=\"md-end-block md-p\"><span class=\"md-plain\">Spectacles en direct<\/span><\/p>\n<\/li>\n<li class=\"md-list-item\">\n<p class=\"md-end-block md-p\"><span class=\"md-plain\">Photographie de rue<\/span><\/p>\n<\/li>\n<li class=\"md-list-item\">\n<p class=\"md-end-block md-p\"><span class=\"md-plain\">\u00c9v\u00e9nements nocturnes<\/span><\/p>\n<\/li>\n<li class=\"md-list-item\">\n<p class=\"md-end-block md-p\"><span class=\"md-plain\">Mod\u00e9lisation alternative<\/span><\/p>\n<\/li>\n<li class=\"md-list-item\">\n<p class=\"md-end-block md-p\"><span class=\"md-plain\">Vid\u00e9os musicales<\/span><\/p>\n<\/li>\n<li class=\"md-list-item\">\n<p class=\"md-end-block md-p\"><span class=\"md-plain\">Exploration urbaine<\/span><\/p>\n<\/li>\n<li class=\"md-list-item\">\n<p class=\"md-end-block md-p\"><span class=\"md-plain\">Esth\u00e9tique rebelle<\/span><\/p>\n<\/li>\n<\/ul>\n<h2 class=\"md-end-block md-heading\"><span class=\"md-plain\">\u26a0\ufe0f Conseils de pro<\/span><\/h2>\n<ul class=\"ul-list\" data-mark=\"-\">\n<li class=\"md-list-item\">\n<p class=\"md-end-block md-p\"><span class=\"md-plain\">Parfait pour une combinaison avec :<\/span><\/p>\n<ul class=\"ul-list\" data-mark=\"-\">\n<li class=\"md-list-item\">\n<p class=\"md-end-block md-p\"><span class=\"md-plain\">Mohawks<\/span><\/p>\n<\/li>\n<li class=\"md-list-item\">\n<p class=\"md-end-block md-p\"><span class=\"md-plain\">Cheveux color\u00e9s<\/span><\/p>\n<\/li>\n<li class=\"md-list-item\">\n<p class=\"md-end-block md-p\"><span class=\"md-plain\">Piercings du visage<\/span><\/p>\n<\/li>\n<li class=\"md-list-item\">\n<p class=\"md-end-block md-p\"><span class=\"md-plain\">Maquillage audacieux<\/span><\/p>\n<\/li>\n<li class=\"md-list-item\">\n<p class=\"md-end-block md-p\"><span class=\"md-plain\">Vestes en cuir<\/span><\/p>\n<\/li>\n<li class=\"md-list-item\">\n<p class=\"md-end-block md-p\"><span class=\"md-plain\">Bottes de combat<\/span><\/p>\n<\/li>\n<li class=\"md-list-item\">\n<p class=\"md-end-block md-p\"><span class=\"md-plain\">Accessoires punk<\/span><\/p>\n<\/li>\n<\/ul>\n<\/li>\n<\/ul>\n<p class=\"md-end-block md-p\"><span class=\"md-plain\">N'oubliez pas de consulter un professionnel de la vue avant de les porter. Portez ces lentilles en toute s\u00e9curit\u00e9 et de mani\u00e8re rebelle ! \ud83e\udd18<\/span><\/p>\n<p class=\"md-end-block md-p md-focus\">#<span class=\"md-plain md-expand\">PunkStyle #ColoredContacts #AlternativeFashion #RebelStyle #GreenContacts #PunkAesthetic #UndergroundStyle<\/span><\/p>","protected":false},"excerpt":{"rendered":"<p>Bold Punk Green Colored Contacts &#8211; Rebel With Style! \ud83e\udd18 \ud83d\udd25 Electric Green Revolution Transform your look with these striking punk-inspired green contacts that scream attitude and rebellion! Perfect for alternative fashion, punk rock aesthetics, or edgy character portrayals. \ud83d\udc9a Design Features Electric lime core Neon green bursts Dark emerald edges Rebellious pattern detail High-contrast [&#8230;]\n","protected":false},"featured_media":2306,"comment_status":"open","ping_status":"closed","template":"","meta":[],"product_brand":[],"product_cat":[381,92,77,98],"product_tag":[],"class_list":{"0":"post-2303","1":"product","2":"type-product","3":"status-publish","4":"has-post-thumbnail","6":"product_cat-punk-series-colored-contacts","7":"product_cat-14-5-mm","8":"product_cat-green-contact-lenses","9":"product_cat-yearly-disposable","11":"first","12":"instock","13":"sale","14":"shipping-taxable","15":"purchasable","16":"product-type-variable","17":"has-default-attributes"},"_links":{"self":[{"href":"https:\/\/bqeye.com\/fr\/wp-json\/wp\/v2\/product\/2303","targetHints":{"allow":["GET"]}}],"collection":[{"href":"https:\/\/bqeye.com\/fr\/wp-json\/wp\/v2\/product"}],"about":[{"href":"https:\/\/bqeye.com\/fr\/wp-json\/wp\/v2\/types\/product"}],"replies":[{"embeddable":true,"href":"https:\/\/bqeye.com\/fr\/wp-json\/wp\/v2\/comments?post=2303"}],"wp:featuredmedia":[{"embeddable":true,"href":"https:\/\/bqeye.com\/fr\/wp-json\/wp\/v2\/media\/2306"}],"wp:attachment":[{"href":"https:\/\/bqeye.com\/fr\/wp-json\/wp\/v2\/media?parent=2303"}],"wp:term":[{"taxonomy":"product_brand","embeddable":true,"href":"https:\/\/bqeye.com\/fr\/wp-json\/wp\/v2\/product_brand?post=2303"},{"taxonomy":"product_cat","embeddable":true,"href":"https:\/\/bqeye.com\/fr\/wp-json\/wp\/v2\/product_cat?post=2303"},{"taxonomy":"product_tag","embeddable":true,"href":"https:\/\/bqeye.com\/fr\/wp-json\/wp\/v2\/product_tag?post=2303"}],"curies":[{"name":"wp","href":"https:\/\/api.w.org\/{rel}","templated":true}]}}