{"id":2315,"date":"2025-02-08T16:38:05","date_gmt":"2025-02-08T08:38:05","guid":{"rendered":"https:\/\/bqeye.com\/?post_type=product&#038;p=2315"},"modified":"2025-02-08T16:42:20","modified_gmt":"2025-02-08T08:42:20","slug":"punk-pink-colored-contacts","status":"publish","type":"product","link":"https:\/\/bqeye.com\/fr\/punk-pink-colored-contacts\/","title":{"rendered":"Contacts de couleur rose punk"},"content":{"rendered":"<h1 class=\"md-end-block md-heading\"><span class=\"md-plain md-expand\">Contacts de couleur rose punk : Allumez votre esprit rebelle !<\/span><\/h1>\n<h2 class=\"md-end-block md-heading\"><span class=\"md-plain\">Impact de l'attitude et du style<\/span><\/h2>\n<p class=\"md-end-block md-p\"><span class=\"md-plain\">Ces lentilles de couleur rose punk incarnent la r\u00e9bellion brute avec une touche d'attitude audacieuse. Cette teinte \u00e9quilibre parfaitement le style agressif et l'allure accrocheuse, canalisant l'esprit intr\u00e9pide de la culture punk tout en y ajoutant une touche de modernit\u00e9. Comme une explosion sonore de votre hymne punk pr\u00e9f\u00e9r\u00e9, ces lentilles attirent l'attention et font une d\u00e9claration inoubliable.<\/span><\/p>\n<p class=\"md-end-block md-p\"><span class=\"md-plain\">Cette teinte rose soigneusement \u00e9labor\u00e9e s'inspire de l'esth\u00e9tique DIY des affiches punk vintage, de l'\u00e9clat des lumi\u00e8res des clubs underground et de l'\u00e9nergie \u00e9lectrique des spectacles. Ce n'est pas un rose comme les autres - c'est une attitude sous forme de couleur.<\/span><\/p>\n<h2 class=\"md-end-block md-heading\"><span class=\"md-plain\">Les prises d'influence \ud83c\udfad<\/span><\/h2>\n<ul class=\"ul-list\" data-mark=\"-\">\n<li class=\"md-list-item\">\n<p class=\"md-end-block md-p\"><span class=\"md-plain\">@PunkRockPrincess (2.1M followers) : \"Ces contacts sont une pure r\u00e9bellion ! Parfaites pour les performances sc\u00e9niques et les vid\u00e9os musicales ! \ud83d\udc97\"<\/span><\/p>\n<\/li>\n<li class=\"md-list-item\">\n<p class=\"md-end-block md-p\"><span class=\"md-plain\">@RiotGrrrl_Rachel (950K followers) : \"J'ai trouv\u00e9 mon look f\u00e9tiche ! Ces lentilles roses sont parfaitement assorties \u00e0 mon mohawk ! \ud83c\udfb8\"<\/span><\/p>\n<\/li>\n<li class=\"md-list-item\">\n<p class=\"md-end-block md-p\"><span class=\"md-plain\">@AlternativeQueen_Jade (880K followers) : \"Les meilleures lentilles color\u00e9es pour les concerts punk - elles restent parfaites m\u00eame dans le mosh pit ! \u26a1\"<\/span><\/p>\n<\/li>\n<\/ul>\n<h2 class=\"md-end-block md-heading\"><span class=\"md-plain\">Histoires d'utilisateurs r\u00e9els<\/span><\/h2>\n<p class=\"md-end-block md-p\"><span class=\"md-plain\">\"Ces lentilles transforment totalement mon look - elles sont comme une attitude punk instantan\u00e9e pour vos yeux ! - Spike, chanteur du groupe<\/span><\/p>\n<p class=\"md-end-block md-p\"><span class=\"md-plain\">\"J'adore la fa\u00e7on dont ils compl\u00e8tent mes cheveux roses. La couleur est audacieuse mais reste facile \u00e0 porter. - Ruby, mannequin alternatif<\/span><\/p>\n<p class=\"md-end-block md-p\"><span class=\"md-plain\">\"Parfait pour mes spectacles de punk rock - ils m'aident vraiment \u00e0 me connecter avec le public. - Storm, guitariste<\/span><\/p>\n<h2 class=\"md-end-block md-heading\"><span class=\"md-plain\">Confort et s\u00e9curit\u00e9<\/span><\/h2>\n<p class=\"md-end-block md-p\"><span class=\"md-plain\">Con\u00e7ues pour r\u00e9sister \u00e0 l'intensit\u00e9 du style de vie punk, ces lentilles pr\u00e9sentent les caract\u00e9ristiques suivantes :<\/span><\/p>\n<ul class=\"ul-list\" data-mark=\"-\">\n<li class=\"md-list-item\">\n<p class=\"md-end-block md-p\"><span class=\"md-plain\">Mat\u00e9riaux de confort de haute qualit\u00e9<\/span><\/p>\n<\/li>\n<li class=\"md-list-item\">\n<p class=\"md-end-block md-p\"><span class=\"md-plain\">Capacit\u00e9 d'usure prolong\u00e9e<\/span><\/p>\n<\/li>\n<li class=\"md-list-item\">\n<p class=\"md-end-block md-p\"><span class=\"md-plain\">Technologie riche en humidit\u00e9<\/span><\/p>\n<\/li>\n<li class=\"md-list-item\">\n<p class=\"md-end-block md-p\"><span class=\"md-plain\">Infusion de couleur stable<\/span><\/p>\n<\/li>\n<li class=\"md-list-item\">\n<p class=\"md-end-block md-p\"><span class=\"md-plain\">Conception d'ajustement de pr\u00e9cision<\/span><\/p>\n<\/li>\n<\/ul>\n<p class=\"md-end-block md-p\"><span class=\"md-plain\">Chaque paire r\u00e9pond \u00e0 des normes de s\u00e9curit\u00e9 strictes tout en offrant un impact visuel maximal. La conception innovante garantit le confort pendant les spectacles de longue dur\u00e9e, les s\u00e9ances de photos ou le port quotidien.<\/span><\/p>\n<h2 class=\"md-end-block md-heading\"><span class=\"md-plain\">Faites votre d\u00e9claration<\/span><\/h2>\n<p class=\"md-end-block md-p\"><span class=\"md-plain\">Pr\u00eat \u00e0 lib\u00e9rer le punk qui sommeille en vous ? Ces lentilles de couleur rose sont votre ticket pour une attitude instantan\u00e9e. Parfaites pour :<\/span><\/p>\n<ul class=\"ul-list\" data-mark=\"-\">\n<li class=\"md-list-item\">\n<p class=\"md-end-block md-p\"><span class=\"md-plain\">Spectacles en direct<\/span><\/p>\n<\/li>\n<li class=\"md-list-item\">\n<p class=\"md-end-block md-p\"><span class=\"md-plain\">Festivals de musique<\/span><\/p>\n<\/li>\n<li class=\"md-list-item\">\n<p class=\"md-end-block md-p\"><span class=\"md-plain\">S\u00e9ances photos alternatives<\/span><\/p>\n<\/li>\n<li class=\"md-list-item\">\n<p class=\"md-end-block md-p\"><span class=\"md-plain\">R\u00e9bellion quotidienne<\/span><\/p>\n<\/li>\n<li class=\"md-list-item\">\n<p class=\"md-end-block md-p\"><span class=\"md-plain\">\u00c9v\u00e9nements punk rock<\/span><\/p>\n<\/li>\n<\/ul>\n<p class=\"md-end-block md-p\"><span class=\"md-plain\">Ces lentilles offrent un m\u00e9lange parfait de valeur choc et de style portable.<\/span><\/p>\n<p class=\"md-end-block md-p\"><span class=\"md-plain\">Rejoignez la r\u00e9volution punk et d\u00e9couvrez comment ces lentilles de couleur rose peuvent amplifier votre look alternatif. Vos yeux racontent votre histoire - faites en sorte qu'elle soit forte et inoubliable ! Avec ces lentilles, vous ne changez pas seulement la couleur de vos yeux, vous faites une d\u00e9claration audacieuse sur qui vous \u00eates.<\/span><\/p>\n<p class=\"md-end-block md-p md-focus\"><span class=\"md-plain md-expand\">N'attendez pas pour embrasser votre esprit rebelle. D\u00e9couvrez la fusion de l'attitude punk et du confort moderne avec ces lentilles r\u00e9volutionnaires de couleur rose. Votre prochain look embl\u00e9matique vous appelle !<\/span><\/p>","protected":false},"excerpt":{"rendered":"<p>Punk Pink Colored Contacts: Ignite Your Rebel Spirit! Attitude &amp; Style Impact These punk pink colored contacts embody raw rebellion with a splash of bold attitude. The shade perfectly balances aggressive style with eye-catching allure, channeling the fearless spirit of punk culture while adding a modern twist. Like a sonic blast from your favorite punk [&#8230;]\n","protected":false},"featured_media":2318,"comment_status":"open","ping_status":"closed","template":"","meta":[],"product_brand":[],"product_cat":[381,92,74,98],"product_tag":[],"class_list":{"0":"post-2315","1":"product","2":"type-product","3":"status-publish","4":"has-post-thumbnail","6":"product_cat-punk-series-colored-contacts","7":"product_cat-14-5-mm","8":"product_cat-pink-contact-lenses","9":"product_cat-yearly-disposable","11":"first","12":"instock","13":"sale","14":"shipping-taxable","15":"purchasable","16":"product-type-variable","17":"has-default-attributes"},"_links":{"self":[{"href":"https:\/\/bqeye.com\/fr\/wp-json\/wp\/v2\/product\/2315","targetHints":{"allow":["GET"]}}],"collection":[{"href":"https:\/\/bqeye.com\/fr\/wp-json\/wp\/v2\/product"}],"about":[{"href":"https:\/\/bqeye.com\/fr\/wp-json\/wp\/v2\/types\/product"}],"replies":[{"embeddable":true,"href":"https:\/\/bqeye.com\/fr\/wp-json\/wp\/v2\/comments?post=2315"}],"wp:featuredmedia":[{"embeddable":true,"href":"https:\/\/bqeye.com\/fr\/wp-json\/wp\/v2\/media\/2318"}],"wp:attachment":[{"href":"https:\/\/bqeye.com\/fr\/wp-json\/wp\/v2\/media?parent=2315"}],"wp:term":[{"taxonomy":"product_brand","embeddable":true,"href":"https:\/\/bqeye.com\/fr\/wp-json\/wp\/v2\/product_brand?post=2315"},{"taxonomy":"product_cat","embeddable":true,"href":"https:\/\/bqeye.com\/fr\/wp-json\/wp\/v2\/product_cat?post=2315"},{"taxonomy":"product_tag","embeddable":true,"href":"https:\/\/bqeye.com\/fr\/wp-json\/wp\/v2\/product_tag?post=2315"}],"curies":[{"name":"wp","href":"https:\/\/api.w.org\/{rel}","templated":true}]}}