{"id":2324,"date":"2025-02-12T21:32:26","date_gmt":"2025-02-12T13:32:26","guid":{"rendered":"https:\/\/bqeye.com\/?post_type=product&#038;p=2324"},"modified":"2025-02-12T21:35:05","modified_gmt":"2025-02-12T13:35:05","slug":"stardust-mirage-grey-contact-lenses","status":"publish","type":"product","link":"https:\/\/bqeye.com\/fr\/stardust-mirage-grey-contact-lenses\/","title":{"rendered":"Lentilles de contact Stardust Mirage Grey"},"content":{"rendered":"<h1 class=\"md-end-block md-heading\"><span class=\"md-plain md-expand\">Lentilles de contact Stardust Mirage Grey : Cr\u00e9ez votre propre galaxie de beaut\u00e9 \u2728<\/span><\/h1>\n<p class=\"md-end-block md-p\"><span class=\"md-plain\">Pr\u00e9parez-vous \u00e0 am\u00e9liorer votre jeu d'yeux ! Ces lentilles de contact grises Stardust Mirage ne sont pas un simple accessoire de beaut\u00e9 - elles vous permettent d'obtenir ce look viral, d'un autre monde, dont tout le monde parle !<\/span><\/p>\n<h2 class=\"md-end-block md-heading\"><span class=\"md-plain\">\ud83c\udf0c Design Magic &amp; Color Story<\/span><\/h2>\n<p class=\"md-end-block md-p\"><span class=\"md-plain\">Fermez les yeux et imaginez la galaxie la plus enchanteresse que vous ayez jamais vue - c'est l\u00e0 que ces lentilles de contact grises magiques puisent leur inspiration ! Les cr\u00e9ateurs se sont inspir\u00e9s de la danse envo\u00fbtante des poussi\u00e8res d'\u00e9toiles dans le ciel nocturne et l'ont transform\u00e9e en un objet d'art portable. Le r\u00e9sultat ? Une lentille de contact r\u00e9volutionnaire de couleur grise qui fait litt\u00e9ralement des vagues sur les m\u00e9dias sociaux !<\/span><\/p>\n<p class=\"md-end-block md-p\"><span class=\"md-plain\">Le g\u00e9nie r\u00e9side dans le motif complexe qui imite les ph\u00e9nom\u00e8nes cosmiques. Imaginez : une base de gris clair \u00e9th\u00e9r\u00e9 qui se transforme en tons plus profonds et myst\u00e9rieux, cr\u00e9ant une illusion de profondeur infinie. Le motif unique Stardust Mirage comporte de subtils \u00e9l\u00e9ments iris\u00e9s qui captent et refl\u00e8tent la lumi\u00e8re, \u00e0 l'instar des v\u00e9ritables poussi\u00e8res d'\u00e9toiles dispers\u00e9es dans le ciel nocturne. Chaque lentille de contact grise est soigneusement fabriqu\u00e9e avec un effet multidimensionnel qui donne l'impression que vos yeux contiennent des univers entiers !<\/span><\/p>\n<p class=\"md-end-block md-p\"><span class=\"md-plain\">Ces lentilles de contact grises se distinguent par leur capacit\u00e9 \u00e0 cr\u00e9er diff\u00e9rents effets lorsque vous bougez. \u00c0 la lumi\u00e8re naturelle, elles \u00e9mettent un doux chatoiement de r\u00eave. Sous un \u00e9clairage artificiel, elles se transforment en quelque chose de plus dramatique, comme si vous regardiez les \u00e9toiles s'animer dans le ciel du soir. Le motif s'harmonise avec celui de votre iris naturel, cr\u00e9ant un look \u00e0 la fois spectaculaire et d'une beaut\u00e9 saisissante.<\/span><\/p>\n<h2 class=\"md-end-block md-heading\"><span class=\"md-plain\">\u2b50 Les \u00e9loges des influenceurs<\/span><\/h2>\n<p class=\"md-end-block md-p\"><span class=\"md-plain\">@CosmicBeauty (1.7M followers)<\/span><\/p>\n<blockquote>\n<p class=\"md-end-block md-p\"><span class=\"md-plain\">\"Ces lentilles grises Stardust Mirage sont EXTR\u00caMES ! Elles me donnent l'ambiance \u00e9th\u00e9r\u00e9e que j'ai toujours voulue. Mes fian\u00e7ailles ont litt\u00e9ralement doubl\u00e9 depuis que j'ai commenc\u00e9 \u00e0 les porter ! \ud83c\udf1f\"<\/span><\/p>\n<\/blockquote>\n<p class=\"md-end-block md-p\"><span class=\"md-plain\">@GalaxyGlam (980K followers)<\/span><\/p>\n<blockquote>\n<p class=\"md-end-block md-p\"><span class=\"md-plain\">\"J'ai trouv\u00e9 mon look signature ! Ces lentilles de couleur grise sont parfaites \u00e0 la fois pour le quotidien et pour ces moments sp\u00e9ciaux de reine cosmique ! \u2728\"<\/span><\/p>\n<\/blockquote>\n<p class=\"md-end-block md-p\"><span class=\"md-plain\">@StardustQueen (850K followers)<\/span><\/p>\n<blockquote>\n<p class=\"md-end-block md-p\"><span class=\"md-plain\">\"La fa\u00e7on dont ces lentilles de contact grises captent la lumi\u00e8re est UNREAL ! Mes followers sont obs\u00e9d\u00e9s, et moi aussi ! \ud83d\udcab\"<\/span><\/p>\n<\/blockquote>\n<h2 class=\"md-end-block md-heading\"><span class=\"md-plain\">\ud83d\udc40 Histoires vraies d'amoureux de la poussi\u00e8re d'\u00e9toiles<\/span><\/h2>\n<p class=\"md-end-block md-p\"><span class=\"md-plain\">\"Ces objectifs ont transform\u00e9 mes prises de vue \u00e9ditoriales ! Les changements subtils dans les tons gris cr\u00e9ent une profondeur incroyable dans les photos.\"<\/span><\/p>\n<ul class=\"ul-list\" data-mark=\"-\">\n<li class=\"md-list-item\">\n<p class=\"md-end-block md-p\"><span class=\"md-plain\">Luna Park, photographe de mode<\/span><\/p>\n<\/li>\n<\/ul>\n<p class=\"md-end-block md-p\"><span class=\"md-plain\">\"Parfaites pour mon contenu \u00e0 th\u00e8me c\u00e9leste ! Elles sont suffisamment confortables pour les longues s\u00e9ances de tournage et sont superbes devant la cam\u00e9ra.\"<\/span><\/p>\n<ul class=\"ul-list\" data-mark=\"-\">\n<li class=\"md-list-item\">\n<p class=\"md-end-block md-p\"><span class=\"md-plain\">Stella Chen, Cr\u00e9atrice de contenu<\/span><\/p>\n<\/li>\n<\/ul>\n<p class=\"md-end-block md-p\"><span class=\"md-plain\">\"Elles me donnent le m\u00e9lange parfait de myst\u00e8re et d'\u00e9l\u00e9gance. Je re\u00e7ois des compliments partout o\u00f9 je vais !<\/span><\/p>\n<ul class=\"ul-list\" data-mark=\"-\">\n<li class=\"md-list-item\">\n<p class=\"md-end-block md-p\"><span class=\"md-plain\">Aurora James, maquilleuse<\/span><\/p>\n<\/li>\n<\/ul>\n<h2 class=\"md-end-block md-heading\"><span class=\"md-plain\">\ud83c\udf1f Un confort hors du commun<\/span><\/h2>\n<p class=\"md-end-block md-p\"><span class=\"md-plain\">Nous savons que vos yeux sont pr\u00e9cieux ! Ces lentilles sont dot\u00e9es de toutes les certifications de s\u00e9curit\u00e9 n\u00e9cessaires et sont con\u00e7ues avec une technologie de confort avanc\u00e9e. Les bords ultra lisses garantissent un port confortable de l'aube au cr\u00e9puscule !<\/span><\/p>\n<h2 class=\"md-end-block md-heading\"><span class=\"md-plain\">\u2728 Parfait pour toutes les occasions<\/span><\/h2>\n<p class=\"md-end-block md-p\"><span class=\"md-plain\">Portez ces lentilles grises Stardust Mirage pour :<\/span><\/p>\n<ul class=\"ul-list\" data-mark=\"-\">\n<li class=\"md-list-item\">\n<p class=\"md-end-block md-p\"><span class=\"md-plain\">Cr\u00e9ation de contenu pour les m\u00e9dias sociaux<\/span><\/p>\n<\/li>\n<li class=\"md-list-item\">\n<p class=\"md-end-block md-p\"><span class=\"md-plain\">\u00c9v\u00e9nements sp\u00e9ciaux et f\u00eates<\/span><\/p>\n<\/li>\n<li class=\"md-list-item\">\n<p class=\"md-end-block md-p\"><span class=\"md-plain\">S\u00e9ances photos professionnelles<\/span><\/p>\n<\/li>\n<li class=\"md-list-item\">\n<p class=\"md-end-block md-p\"><span class=\"md-plain\">Des looks quotidiens enchanteurs<\/span><\/p>\n<\/li>\n<li class=\"md-list-item\">\n<p class=\"md-end-block md-p\"><span class=\"md-plain\">Soir\u00e9e glamour<\/span><\/p>\n<\/li>\n<li class=\"md-list-item\">\n<p class=\"md-end-block md-p\"><span class=\"md-plain\">Projets cr\u00e9atifs<\/span><\/p>\n<\/li>\n<\/ul>\n<h2 class=\"md-end-block md-heading\"><span class=\"md-plain\">\ud83d\udcab L'exp\u00e9rience Stardust<\/span><\/h2>\n<p class=\"md-end-block md-p\"><span class=\"md-plain\">Transformez votre look avec :<\/span><\/p>\n<ul class=\"ul-list\" data-mark=\"-\">\n<li class=\"md-list-item\">\n<p class=\"md-end-block md-p\"><span class=\"md-plain\">Effets de lumi\u00e8re \u00e9th\u00e9r\u00e9s<\/span><\/p>\n<\/li>\n<li class=\"md-list-item\">\n<p class=\"md-end-block md-p\"><span class=\"md-plain\">Am\u00e9lioration de l'aspect naturel<\/span><\/p>\n<\/li>\n<li class=\"md-list-item\">\n<p class=\"md-end-block md-p\"><span class=\"md-plain\">Confort de port tout au long de la journ\u00e9e<\/span><\/p>\n<\/li>\n<li class=\"md-list-item\">\n<p class=\"md-end-block md-p\"><span class=\"md-plain\">Un potentiel de style polyvalent<\/span><\/p>\n<\/li>\n<li class=\"md-list-item\">\n<p class=\"md-end-block md-p\"><span class=\"md-plain\">Entretien facile<\/span><\/p>\n<\/li>\n<\/ul>\n<h2 class=\"md-end-block md-heading\"><span class=\"md-plain\">\ud83c\udf20 Pourquoi vous en avez besoin dans votre vie<\/span><\/h2>\n<ul class=\"ul-list\" data-mark=\"-\">\n<li class=\"md-list-item\">\n<p class=\"md-end-block md-p\"><span class=\"md-plain\">Cr\u00e9e un effet dramatique instantan\u00e9 sur les yeux<\/span><\/p>\n<\/li>\n<li class=\"md-list-item\">\n<p class=\"md-end-block md-p\"><span class=\"md-plain\">Photographie magnifiquement<\/span><\/p>\n<\/li>\n<li class=\"md-list-item\">\n<p class=\"md-end-block md-p\"><span class=\"md-plain\">Port confortable \u00e0 long terme<\/span><\/p>\n<\/li>\n<li class=\"md-list-item\">\n<p class=\"md-end-block md-p\"><span class=\"md-plain\">S'adapte \u00e0 tout type de maquillage<\/span><\/p>\n<\/li>\n<li class=\"md-list-item\">\n<p class=\"md-end-block md-p\"><span class=\"md-plain\">Parfait pour tout type d'\u00e9clairage<\/span><\/p>\n<\/li>\n<\/ul>\n<p class=\"md-end-block md-p\"><span class=\"md-plain\">Pr\u00eate \u00e0 devenir la beaut\u00e9 c\u00e9leste que vous \u00eates cens\u00e9e \u00eatre ? Ces lentilles de contact grises Stardust Mirage sont votre portail vers cette transformation magique ! Que vous cr\u00e9iez du contenu, assistiez \u00e0 des \u00e9v\u00e9nements ou souhaitiez simplement vous sentir comme une star au quotidien, ces lentilles vous aideront \u00e0 briller ! \u2728<\/span><\/p>\n<p class=\"md-end-block md-p md-focus\">#<span class=\"md-plain md-expand\">StardustMirageLenses #GreyContactLenses #GreyEyeContacts #BeautyTransformation #EyesOnFleek<\/span><\/p>","protected":false},"excerpt":{"rendered":"<p>Stardust Mirage Grey Contact Lenses: Create Your Own Galaxy of Beauty \u2728 Get ready to level up your eye game! These Stardust Mirage grey contact lenses aren&#8217;t just another beauty accessory &#8211; they&#8217;re your ticket to that viral, otherworldly look everyone&#8217;s talking about! \ud83c\udf0c Design Magic &amp; Color Story Close your eyes and imagine the [&#8230;]\n","protected":false},"featured_media":2326,"comment_status":"open","ping_status":"closed","template":"","meta":[],"product_brand":[],"product_cat":[81,92,188,158,204,98],"product_tag":[],"class_list":{"0":"post-2324","1":"product","2":"type-product","3":"status-publish","4":"has-post-thumbnail","6":"product_cat-grey-contact-lenses","7":"product_cat-14-5-mm","8":"product_cat-dream-contacts","9":"product_cat-enlarge-contacts","10":"product_cat-party-contacts","11":"product_cat-yearly-disposable","13":"first","14":"instock","15":"sale","16":"shipping-taxable","17":"purchasable","18":"product-type-variable","19":"has-default-attributes"},"_links":{"self":[{"href":"https:\/\/bqeye.com\/fr\/wp-json\/wp\/v2\/product\/2324","targetHints":{"allow":["GET"]}}],"collection":[{"href":"https:\/\/bqeye.com\/fr\/wp-json\/wp\/v2\/product"}],"about":[{"href":"https:\/\/bqeye.com\/fr\/wp-json\/wp\/v2\/types\/product"}],"replies":[{"embeddable":true,"href":"https:\/\/bqeye.com\/fr\/wp-json\/wp\/v2\/comments?post=2324"}],"wp:featuredmedia":[{"embeddable":true,"href":"https:\/\/bqeye.com\/fr\/wp-json\/wp\/v2\/media\/2326"}],"wp:attachment":[{"href":"https:\/\/bqeye.com\/fr\/wp-json\/wp\/v2\/media?parent=2324"}],"wp:term":[{"taxonomy":"product_brand","embeddable":true,"href":"https:\/\/bqeye.com\/fr\/wp-json\/wp\/v2\/product_brand?post=2324"},{"taxonomy":"product_cat","embeddable":true,"href":"https:\/\/bqeye.com\/fr\/wp-json\/wp\/v2\/product_cat?post=2324"},{"taxonomy":"product_tag","embeddable":true,"href":"https:\/\/bqeye.com\/fr\/wp-json\/wp\/v2\/product_tag?post=2324"}],"curies":[{"name":"wp","href":"https:\/\/api.w.org\/{rel}","templated":true}]}}