{"id":2327,"date":"2025-02-12T21:54:18","date_gmt":"2025-02-12T13:54:18","guid":{"rendered":"https:\/\/bqeye.com\/?post_type=product&#038;p=2327"},"modified":"2025-02-12T21:55:28","modified_gmt":"2025-02-12T13:55:28","slug":"diamond-mist-grey-contact-lenses","status":"publish","type":"product","link":"https:\/\/bqeye.com\/fr\/diamond-mist-grey-contact-lenses\/","title":{"rendered":"Lentilles de contact Diamond Mist Grey"},"content":{"rendered":"<h1 class=\"md-end-block md-heading\"><span class=\"md-plain md-expand\">Lentilles de contact Diamond Mist Grey : Brillance cristalline pour vos yeux \u2728<\/span><\/h1>\n<p class=\"md-end-block md-p\"><span class=\"md-plain\">Transformez votre regard avec nos lentilles grises les plus luxueuses \u00e0 ce jour ! Les lentilles Diamond Mist pr\u00e9sentent un motif cristallin innovant qui capture et refl\u00e8te la lumi\u00e8re comme des pierres pr\u00e9cieuses.<\/span><\/p>\n<h2 class=\"md-end-block md-heading\"><span class=\"md-plain\">\u2728 Caract\u00e9ristiques principales<\/span><\/h2>\n<ul class=\"ul-list\" data-mark=\"-\">\n<li class=\"md-list-item\">\n<p class=\"md-end-block md-p\"><span class=\"md-plain\">Base grise de qualit\u00e9 sup\u00e9rieure avec technologie cristalline de r\u00e9flexion de la lumi\u00e8re<\/span><\/p>\n<\/li>\n<li class=\"md-list-item\">\n<p class=\"md-end-block md-p\"><span class=\"md-plain\">Motif multidimensionnel imitant les facettes d'un diamant<\/span><\/p>\n<\/li>\n<li class=\"md-list-item\">\n<p class=\"md-end-block md-p\"><span class=\"md-plain\">Am\u00e9lioration naturelle pour toutes les couleurs d'yeux<\/span><\/p>\n<\/li>\n<li class=\"md-list-item\">\n<p class=\"md-end-block md-p\"><span class=\"md-plain\">Port confortable tout au long de la journ\u00e9e<\/span><\/p>\n<\/li>\n<li class=\"md-list-item\">\n<p class=\"md-end-block md-p\"><span class=\"md-plain\">Disponible sur ordonnance et sans ordonnance<\/span><\/p>\n<\/li>\n<\/ul>\n<h2 class=\"md-end-block md-heading\"><span class=\"md-plain\">\ud83d\udc8e L'effet diamant<\/span><\/h2>\n<p class=\"md-end-block md-p\"><span class=\"md-plain\">La conception microprismatique unique cr\u00e9e :<\/span><\/p>\n<ul class=\"ul-list\" data-mark=\"-\">\n<li class=\"md-list-item\">\n<p class=\"md-end-block md-p\"><span class=\"md-plain\">Un \u00e9clat subtil \u00e0 la lumi\u00e8re naturelle<\/span><\/p>\n<\/li>\n<li class=\"md-list-item\">\n<p class=\"md-end-block md-p\"><span class=\"md-plain\">Brillance accrue des photos<\/span><\/p>\n<\/li>\n<li class=\"md-list-item\">\n<p class=\"md-end-block md-p\"><span class=\"md-plain\">Profondeur dimensionnelle sophistiqu\u00e9e<\/span><\/p>\n<\/li>\n<li class=\"md-list-item\">\n<p class=\"md-end-block md-p\"><span class=\"md-plain\">Une vision claire comme du cristal<\/span><\/p>\n<\/li>\n<\/ul>\n<h2 class=\"md-end-block md-heading\"><span class=\"md-plain\">\ud83d\udc40 Parfait pour<\/span><\/h2>\n<ul class=\"ul-list\" data-mark=\"-\">\n<li class=\"md-list-item\">\n<p class=\"md-end-block md-p\"><span class=\"md-plain\">Occasions sp\u00e9ciales<\/span><\/p>\n<\/li>\n<li class=\"md-list-item\">\n<p class=\"md-end-block md-p\"><span class=\"md-plain\">Photographie de mariage<\/span><\/p>\n<\/li>\n<li class=\"md-list-item\">\n<p class=\"md-end-block md-p\"><span class=\"md-plain\">\u00c9v\u00e9nements professionnels<\/span><\/p>\n<\/li>\n<li class=\"md-list-item\">\n<p class=\"md-end-block md-p\"><span class=\"md-plain\">L'\u00e9l\u00e9gance au quotidien<\/span><\/p>\n<\/li>\n<li class=\"md-list-item\">\n<p class=\"md-end-block md-p\"><span class=\"md-plain\">Contenu des m\u00e9dias sociaux<\/span><\/p>\n<\/li>\n<li class=\"md-list-item\">\n<p class=\"md-end-block md-p\"><span class=\"md-plain\">Soir\u00e9e glamour<\/span><\/p>\n<\/li>\n<\/ul>\n<h2 class=\"md-end-block md-heading\"><span class=\"md-plain\">\ud83c\udf1f Caract\u00e9ristiques de confort<\/span><\/h2>\n<ul class=\"ul-list\" data-mark=\"-\">\n<li class=\"md-list-item\">\n<p class=\"md-end-block md-p\"><span class=\"md-plain\">Mat\u00e9riau retenant l'humidit\u00e9<\/span><\/p>\n<\/li>\n<li class=\"md-list-item\">\n<p class=\"md-end-block md-p\"><span class=\"md-plain\">Bords ultra lisses<\/span><\/p>\n<\/li>\n<li class=\"md-list-item\">\n<p class=\"md-end-block md-p\"><span class=\"md-plain\">Conception respirante<\/span><\/p>\n<\/li>\n<li class=\"md-list-item\">\n<p class=\"md-end-block md-p\"><span class=\"md-plain\">Dur\u00e9e de port de 8 heures<\/span><\/p>\n<\/li>\n<li class=\"md-list-item\">\n<p class=\"md-end-block md-p\"><span class=\"md-plain\">Entretien facile<\/span><\/p>\n<\/li>\n<\/ul>\n<p class=\"md-end-block md-p\"><span class=\"md-plain\">Disponibles en options jetables pour 3 mois et pour une journ\u00e9e. Chaque paquet comprend des instructions d'entretien d\u00e9taill\u00e9es et un \u00e9tui de rangement de premi\u00e8re qualit\u00e9.<\/span><\/p>\n<p class=\"md-end-block md-p\"><span class=\"md-plain\">Transformez votre look avec Diamond Mist - o\u00f9 le luxe rencontre le confort dans la lentille de contact grise parfaite.<\/span><\/p>\n<p class=\"md-end-block md-p md-focus\">#<span class=\"md-plain md-expand\">DiamondMistLenses #GreyContacts #LuxuryBeauty<\/span><\/p>","protected":false},"excerpt":{"rendered":"<p>Diamond Mist Grey Contact Lenses: Crystalline Brilliance For Your Eyes \u2728 Transform your gaze with our most luxurious grey contacts yet! Diamond Mist lenses feature an innovative crystalline pattern that captures and reflects light like precious gems. \u2728 Key Features Premium grey base with crystalline light-reflecting technology Multi-dimensional pattern mimicking diamond facets Natural-looking enhancement for [&#8230;]\n","protected":false},"featured_media":2329,"comment_status":"open","ping_status":"closed","template":"","meta":[],"product_brand":[],"product_cat":[81,91,188,158,204,98],"product_tag":[],"class_list":{"0":"post-2327","1":"product","2":"type-product","3":"status-publish","4":"has-post-thumbnail","6":"product_cat-grey-contact-lenses","7":"product_cat-14-2-mm","8":"product_cat-dream-contacts","9":"product_cat-enlarge-contacts","10":"product_cat-party-contacts","11":"product_cat-yearly-disposable","13":"first","14":"instock","15":"sale","16":"shipping-taxable","17":"purchasable","18":"product-type-variable","19":"has-default-attributes"},"_links":{"self":[{"href":"https:\/\/bqeye.com\/fr\/wp-json\/wp\/v2\/product\/2327","targetHints":{"allow":["GET"]}}],"collection":[{"href":"https:\/\/bqeye.com\/fr\/wp-json\/wp\/v2\/product"}],"about":[{"href":"https:\/\/bqeye.com\/fr\/wp-json\/wp\/v2\/types\/product"}],"replies":[{"embeddable":true,"href":"https:\/\/bqeye.com\/fr\/wp-json\/wp\/v2\/comments?post=2327"}],"wp:featuredmedia":[{"embeddable":true,"href":"https:\/\/bqeye.com\/fr\/wp-json\/wp\/v2\/media\/2329"}],"wp:attachment":[{"href":"https:\/\/bqeye.com\/fr\/wp-json\/wp\/v2\/media?parent=2327"}],"wp:term":[{"taxonomy":"product_brand","embeddable":true,"href":"https:\/\/bqeye.com\/fr\/wp-json\/wp\/v2\/product_brand?post=2327"},{"taxonomy":"product_cat","embeddable":true,"href":"https:\/\/bqeye.com\/fr\/wp-json\/wp\/v2\/product_cat?post=2327"},{"taxonomy":"product_tag","embeddable":true,"href":"https:\/\/bqeye.com\/fr\/wp-json\/wp\/v2\/product_tag?post=2327"}],"curies":[{"name":"wp","href":"https:\/\/api.w.org\/{rel}","templated":true}]}}