{"id":2330,"date":"2025-02-12T22:41:09","date_gmt":"2025-02-12T14:41:09","guid":{"rendered":"https:\/\/bqeye.com\/?post_type=product&#038;p=2330"},"modified":"2025-02-12T22:42:33","modified_gmt":"2025-02-12T14:42:33","slug":"tulip-stardust-brown-contact-lenses","status":"publish","type":"product","link":"https:\/\/bqeye.com\/fr\/tulip-stardust-brown-contact-lenses\/","title":{"rendered":"Lentilles de contact Tulip Stardust Brown"},"content":{"rendered":"<h1 class=\"md-end-block md-heading\"><span class=\"md-plain md-expand\">Lentilles de contact marron Tulip Stardust : Quand la gr\u00e2ce florale rencontre la magie c\u00e9leste \u2728<\/span><\/h1>\n<p class=\"md-end-block md-p\"><span class=\"md-plain\">D\u00e9couvrez l'enchantement de nos lentilles de contact marron, o\u00f9 la beaut\u00e9 terrestre rencontre la brillance stellaire.<\/span><\/p>\n<h2 class=\"md-end-block md-heading\"><span class=\"md-plain\">\ud83d\udcab Artistry &amp; Design<\/span><\/h2>\n<p class=\"md-end-block md-p\"><span class=\"md-plain\">Inspir\u00e9es des p\u00e9tales de tulipe saupoudr\u00e9s de lumi\u00e8re des \u00e9toiles, ces lentilles pr\u00e9sentent un motif innovant qui capture \u00e0 la fois la chaleur naturelle et l'\u00e9clat cosmique. Le design combine :<\/span><\/p>\n<ul class=\"ul-list\" data-mark=\"-\">\n<li class=\"md-list-item\">\n<p class=\"md-end-block md-p\"><span class=\"md-plain\">Riches nuances de chocolat<\/span><\/p>\n<\/li>\n<li class=\"md-list-item\">\n<p class=\"md-end-block md-p\"><span class=\"md-plain\">Points forts de la poussi\u00e8re de verre<\/span><\/p>\n<\/li>\n<li class=\"md-list-item\">\n<p class=\"md-end-block md-p\"><span class=\"md-plain\">Texture subtile inspir\u00e9e des p\u00e9tales<\/span><\/p>\n<\/li>\n<li class=\"md-list-item\">\n<p class=\"md-end-block md-p\"><span class=\"md-plain\">\u00c9l\u00e9ments dynamiques r\u00e9agissant \u00e0 la lumi\u00e8re<\/span><\/p>\n<\/li>\n<\/ul>\n<p class=\"md-end-block md-p\"><span class=\"md-plain\">Chaque lentille cr\u00e9e un jeu de lumi\u00e8re hypnotique qui se transforme en poussi\u00e8re d'\u00e9toiles \u00e9parpill\u00e9e sur un riche velours brun.<\/span><\/p>\n<h2 class=\"md-end-block md-heading\"><span class=\"md-plain\">\u2b50 Avis d'experts<\/span><\/h2>\n<p class=\"md-end-block md-p\"><span class=\"md-plain\">@BeautyInnovator (890K followers)<\/span><\/p>\n<blockquote>\n<p class=\"md-end-block md-p\"><span class=\"md-plain\">\"Ces lentilles sont \u00e9th\u00e9r\u00e9es ! L'effet poussi\u00e8re d'\u00e9toiles est purement magique \u2728\"<\/span><\/p>\n<\/blockquote>\n<p class=\"md-end-block md-p\"><span class=\"md-plain\">@StyleMuse (760K followers)<\/span><\/p>\n<blockquote>\n<p class=\"md-end-block md-p\"><span class=\"md-plain\">\"Un m\u00e9lange parfait de naturel et d'extraordinaire. Tout simplement \u00e9poustouflant ! \ud83c\udf37\"<\/span><\/p>\n<\/blockquote>\n<p class=\"md-end-block md-p\"><span class=\"md-plain\">@LensGuru (580K followers)<\/span><\/p>\n<blockquote>\n<p class=\"md-end-block md-p\"><span class=\"md-plain\">\"Les meilleures lentilles brunes pour cr\u00e9er du contenu enchanteur ! \ud83d\udcf8\"<\/span><\/p>\n<\/blockquote>\n<h2 class=\"md-end-block md-heading\"><span class=\"md-plain\">\ud83d\udc40 T\u00e9moignages de clients<\/span><\/h2>\n<p class=\"md-end-block md-p\"><span class=\"md-plain\">\"Ils se photographient comme dans un r\u00eave - la poussi\u00e8re d'\u00e9toiles capte magnifiquement la lumi\u00e8re.<\/span><\/p>\n<ul class=\"ul-list\" data-mark=\"-\">\n<li class=\"md-list-item\">\n<p class=\"md-end-block md-p\"><span class=\"md-plain\">Rachel Bennett, photographe de portrait<\/span><\/p>\n<\/li>\n<\/ul>\n<p class=\"md-end-block md-p\"><span class=\"md-plain\">\"Mes clients sont stup\u00e9faits de voir \u00e0 quel point ils ont l'air naturel et magique.<\/span><\/p>\n<ul class=\"ul-list\" data-mark=\"-\">\n<li class=\"md-list-item\">\n<p class=\"md-end-block md-p\"><span class=\"md-plain\">Michael Zhang, maquilleur de c\u00e9l\u00e9brit\u00e9s<\/span><\/p>\n<\/li>\n<\/ul>\n<p class=\"md-end-block md-p\"><span class=\"md-plain\">\"Les lentilles les plus confortables que j'ai jamais port\u00e9es. L'effet est subtil mais saisissant.<\/span><\/p>\n<ul class=\"ul-list\" data-mark=\"-\">\n<li class=\"md-list-item\">\n<p class=\"md-end-block md-p\"><span class=\"md-plain\">Isabella Moore, cr\u00e9atrice num\u00e9rique<\/span><\/p>\n<\/li>\n<\/ul>\n<h2 class=\"md-end-block md-heading\"><span class=\"md-plain\">\ud83c\udf1f Caract\u00e9ristiques<\/span><\/h2>\n<ul class=\"ul-list\" data-mark=\"-\">\n<li class=\"md-list-item\">\n<p class=\"md-end-block md-p\"><span class=\"md-plain\">Technologie de confort hydratante<\/span><\/p>\n<\/li>\n<li class=\"md-list-item\">\n<p class=\"md-end-block md-p\"><span class=\"md-plain\">Protection UV<\/span><\/p>\n<\/li>\n<li class=\"md-list-item\">\n<p class=\"md-end-block md-p\"><span class=\"md-plain\">Perm\u00e9abilit\u00e9 \u00e9lev\u00e9e \u00e0 l'oxyg\u00e8ne<\/span><\/p>\n<\/li>\n<li class=\"md-list-item\">\n<p class=\"md-end-block md-p\"><span class=\"md-plain\">Clart\u00e9 de vision sup\u00e9rieure<\/span><\/p>\n<\/li>\n<li class=\"md-list-item\">\n<p class=\"md-end-block md-p\"><span class=\"md-plain\">R\u00e9tention naturelle de l'humidit\u00e9<\/span><\/p>\n<\/li>\n<\/ul>\n<h2 class=\"md-end-block md-heading\"><span class=\"md-plain\">\u2728 Parfait pour<\/span><\/h2>\n<ul class=\"ul-list\" data-mark=\"-\">\n<li class=\"md-list-item\">\n<p class=\"md-end-block md-p\"><span class=\"md-plain\">Am\u00e9lioration au quotidien<\/span><\/p>\n<\/li>\n<li class=\"md-list-item\">\n<p class=\"md-end-block md-p\"><span class=\"md-plain\">Photographie professionnelle<\/span><\/p>\n<\/li>\n<li class=\"md-list-item\">\n<p class=\"md-end-block md-p\"><span class=\"md-plain\">\u00c9v\u00e9nements sp\u00e9ciaux<\/span><\/p>\n<\/li>\n<li class=\"md-list-item\">\n<p class=\"md-end-block md-p\"><span class=\"md-plain\">Contenu des m\u00e9dias sociaux<\/span><\/p>\n<\/li>\n<li class=\"md-list-item\">\n<p class=\"md-end-block md-p\"><span class=\"md-plain\">Looks de mari\u00e9e<\/span><\/p>\n<\/li>\n<li class=\"md-list-item\">\n<p class=\"md-end-block md-p\"><span class=\"md-plain\">Occasions nocturnes<\/span><\/p>\n<\/li>\n<\/ul>\n<h2 class=\"md-end-block md-heading\"><span class=\"md-plain\">\ud83d\udcab Avantages uniques<\/span><\/h2>\n<ul class=\"ul-list\" data-mark=\"-\">\n<li class=\"md-list-item\">\n<p class=\"md-end-block md-p\"><span class=\"md-plain\">Transition naturelle des couleurs<\/span><\/p>\n<\/li>\n<li class=\"md-list-item\">\n<p class=\"md-end-block md-p\"><span class=\"md-plain\">Effet scintillant de la poussi\u00e8re d'\u00e9toiles<\/span><\/p>\n<\/li>\n<li class=\"md-list-item\">\n<p class=\"md-end-block md-p\"><span class=\"md-plain\">Confort de port tout au long de la journ\u00e9e<\/span><\/p>\n<\/li>\n<li class=\"md-list-item\">\n<p class=\"md-end-block md-p\"><span class=\"md-plain\">Des options de style polyvalentes<\/span><\/p>\n<\/li>\n<li class=\"md-list-item\">\n<p class=\"md-end-block md-p\"><span class=\"md-plain\">Entretien facile<\/span><\/p>\n<\/li>\n<\/ul>\n<h2 class=\"md-end-block md-heading\"><span class=\"md-plain\">\ud83c\udf37 Pourquoi choisir Tulip Stardust ?<\/span><\/h2>\n<ul class=\"ul-list\" data-mark=\"-\">\n<li class=\"md-list-item\">\n<p class=\"md-end-block md-p\"><span class=\"md-plain\">Am\u00e9lioration instantan\u00e9e du regard<\/span><\/p>\n<\/li>\n<li class=\"md-list-item\">\n<p class=\"md-end-block md-p\"><span class=\"md-plain\">Qualit\u00e9 photo sup\u00e9rieure<\/span><\/p>\n<\/li>\n<li class=\"md-list-item\">\n<p class=\"md-end-block md-p\"><span class=\"md-plain\">Un confort de qualit\u00e9 professionnelle<\/span><\/p>\n<\/li>\n<li class=\"md-list-item\">\n<p class=\"md-end-block md-p\"><span class=\"md-plain\">Uniform\u00e9ment flatteur<\/span><\/p>\n<\/li>\n<li class=\"md-list-item\">\n<p class=\"md-end-block md-p\"><span class=\"md-plain\">Polyvalence de jour comme de nuit<\/span><\/p>\n<\/li>\n<\/ul>\n<p class=\"md-end-block md-p\"><span class=\"md-plain\">Transformez votre regard avec les lentilles de contact Tulip Stardust Brown - o\u00f9 la beaut\u00e9 naturelle rencontre l'\u00e9merveillement c\u00e9leste.<\/span><\/p>\n<p class=\"md-end-block md-p\"><span class=\"md-pair-s\"><em><span class=\"md-plain\">Un montage professionnel est n\u00e9cessaire. Disponible aupr\u00e8s des revendeurs agr\u00e9\u00e9s.<\/span><\/em><\/span><\/p>\n<p class=\"md-end-block md-p md-focus\">#<span class=\"md-plain md-expand\">TulipStardust 1TP7Lentilles brunes 1TP7Am\u00e9lioration de la beaut\u00e9 #EyeStyle<\/span><\/p>","protected":false},"excerpt":{"rendered":"<p>Tulip Stardust Brown Contact Lenses: Where Floral Grace Meets Celestial Magic \u2728 Experience the enchantment of our signature brown contact lenses, where earthly beauty meets stellar brilliance. \ud83d\udcab Artistry &amp; Design Inspired by tulip petals dusted with starlight, these lenses feature an innovative pattern that captures both natural warmth and cosmic sparkle. The design combines: [&#8230;]\n","protected":false},"featured_media":2333,"comment_status":"open","ping_status":"closed","template":"","meta":[],"product_brand":[],"product_cat":[80,92,188,158,204,98],"product_tag":[],"class_list":{"0":"post-2330","1":"product","2":"type-product","3":"status-publish","4":"has-post-thumbnail","6":"product_cat-brown-contact-lenses","7":"product_cat-14-5-mm","8":"product_cat-dream-contacts","9":"product_cat-enlarge-contacts","10":"product_cat-party-contacts","11":"product_cat-yearly-disposable","13":"first","14":"instock","15":"sale","16":"shipping-taxable","17":"purchasable","18":"product-type-variable","19":"has-default-attributes"},"_links":{"self":[{"href":"https:\/\/bqeye.com\/fr\/wp-json\/wp\/v2\/product\/2330","targetHints":{"allow":["GET"]}}],"collection":[{"href":"https:\/\/bqeye.com\/fr\/wp-json\/wp\/v2\/product"}],"about":[{"href":"https:\/\/bqeye.com\/fr\/wp-json\/wp\/v2\/types\/product"}],"replies":[{"embeddable":true,"href":"https:\/\/bqeye.com\/fr\/wp-json\/wp\/v2\/comments?post=2330"}],"wp:featuredmedia":[{"embeddable":true,"href":"https:\/\/bqeye.com\/fr\/wp-json\/wp\/v2\/media\/2333"}],"wp:attachment":[{"href":"https:\/\/bqeye.com\/fr\/wp-json\/wp\/v2\/media?parent=2330"}],"wp:term":[{"taxonomy":"product_brand","embeddable":true,"href":"https:\/\/bqeye.com\/fr\/wp-json\/wp\/v2\/product_brand?post=2330"},{"taxonomy":"product_cat","embeddable":true,"href":"https:\/\/bqeye.com\/fr\/wp-json\/wp\/v2\/product_cat?post=2330"},{"taxonomy":"product_tag","embeddable":true,"href":"https:\/\/bqeye.com\/fr\/wp-json\/wp\/v2\/product_tag?post=2330"}],"curies":[{"name":"wp","href":"https:\/\/api.w.org\/{rel}","templated":true}]}}