{"id":2384,"date":"2025-02-17T11:19:45","date_gmt":"2025-02-17T03:19:45","guid":{"rendered":"https:\/\/bqeye.com\/?post_type=product&#038;p=2384"},"modified":"2025-02-17T11:38:20","modified_gmt":"2025-02-17T03:38:20","slug":"dreamy-hazel-contact-lenses","status":"publish","type":"product","link":"https:\/\/bqeye.com\/fr\/dreamy-hazel-contact-lenses\/","title":{"rendered":"Lentilles de contact Dreamy Hazel"},"content":{"rendered":"<h1 class=\"md-end-block md-heading\"><span class=\"md-plain md-expand\">Lentilles de contact Dreamy Hazel : Sun-Kissed Natural Elegance \ud83c\udf6f\u2728\u2728<\/span><\/h1>\n<h2 class=\"md-end-block md-heading\"><span class=\"md-plain\">\ud83c\udf1f L'effet r\u00eaveur<\/span><\/h2>\n<p class=\"md-end-block md-p\"><span class=\"md-plain\">Ces lentilles noisette cr\u00e9ent un regard naturellement enchanteur :<\/span><\/p>\n<ul class=\"ul-list\" data-mark=\"-\">\n<li class=\"md-list-item\">\n<p class=\"md-end-block md-p\"><span class=\"md-plain\">Centre brun dor\u00e9<\/span><\/p>\n<\/li>\n<li class=\"md-list-item\">\n<p class=\"md-end-block md-p\"><span class=\"md-plain\">Transitions miel-ambr\u00e9<\/span><\/p>\n<\/li>\n<li class=\"md-list-item\">\n<p class=\"md-end-block md-p\"><span class=\"md-plain\">Teintes vertes douces<\/span><\/p>\n<\/li>\n<li class=\"md-list-item\">\n<p class=\"md-end-block md-p\"><span class=\"md-plain\">Anneaux captant la lumi\u00e8re naturelle<\/span><\/p>\n<\/li>\n<li class=\"md-list-item\">\n<p class=\"md-end-block md-p\"><span class=\"md-plain\">Motifs subtils d'\u00e9toiles<\/span><\/p>\n<\/li>\n<\/ul>\n<h2 class=\"md-end-block md-heading\"><span class=\"md-plain\">\u2728 La beaut\u00e9 naturelle<\/span><\/h2>\n<p class=\"md-end-block md-p\"><span class=\"md-plain\">Chaque lentille pr\u00e9sente les caract\u00e9ristiques suivantes<\/span><\/p>\n<ul class=\"ul-list\" data-mark=\"-\">\n<li class=\"md-list-item\">\n<p class=\"md-end-block md-p\"><span class=\"md-plain\">M\u00e9lange de noisettes multicolores<\/span><\/p>\n<\/li>\n<li class=\"md-list-item\">\n<p class=\"md-end-block md-p\"><span class=\"md-plain\">Doux d\u00e9grad\u00e9s de couleurs<\/span><\/p>\n<\/li>\n<li class=\"md-list-item\">\n<p class=\"md-end-block md-p\"><span class=\"md-plain\">Couches de profondeur naturelle<\/span><\/p>\n<\/li>\n<li class=\"md-list-item\">\n<p class=\"md-end-block md-p\"><span class=\"md-plain\">Effet de brillance subtil<\/span><\/p>\n<\/li>\n<li class=\"md-list-item\">\n<p class=\"md-end-block md-p\"><span class=\"md-plain\">Des motifs d'iris r\u00e9alistes<\/span><\/p>\n<\/li>\n<\/ul>\n<h2 class=\"md-end-block md-heading\"><span class=\"md-plain\">\ud83c\udf6f Caract\u00e9ristiques de la signature<\/span><\/h2>\n<ul class=\"ul-list\" data-mark=\"-\">\n<li class=\"md-list-item\">\n<p class=\"md-end-block md-p\"><span class=\"md-plain\">Jeu de couleurs dimensionnel<\/span><\/p>\n<\/li>\n<li class=\"md-list-item\">\n<p class=\"md-end-block md-p\"><span class=\"md-plain\">Taches d'ambre \u00e9clair\u00e9es par le soleil<\/span><\/p>\n<\/li>\n<li class=\"md-list-item\">\n<p class=\"md-end-block md-p\"><span class=\"md-plain\">Vert for\u00eat<\/span><\/p>\n<\/li>\n<li class=\"md-list-item\">\n<p class=\"md-end-block md-p\"><span class=\"md-plain\">R\u00e9flexion sur la lumi\u00e8re naturelle<\/span><\/p>\n<\/li>\n<li class=\"md-list-item\">\n<p class=\"md-end-block md-p\"><span class=\"md-plain\">M\u00e9lange de couleurs sans couture<\/span><\/p>\n<\/li>\n<\/ul>\n<h2 class=\"md-end-block md-heading\"><span class=\"md-plain\">\ud83d\udcab Commentaires des utilisateurs<\/span><\/h2>\n<p class=\"md-end-block md-p\"><span class=\"md-plain\">@BeautyBlogger (980K followers)<\/span><\/p>\n<blockquote>\n<p class=\"md-end-block md-p\"><span class=\"md-plain\">\"Les lentilles noisette les plus naturelles !<\/span><\/p>\n<\/blockquote>\n<p class=\"md-end-block md-p\"><span class=\"md-plain\">@EyeStyle (875K followers)<\/span><\/p>\n<blockquote>\n<p class=\"md-end-block md-p\"><span class=\"md-plain\">\"Un \u00e9quilibre parfait entre les tons chauds et froids !<\/span><\/p>\n<\/blockquote>\n<p class=\"md-end-block md-p\"><span class=\"md-plain\">@NaturalBeauty (820K followers)<\/span><\/p>\n<blockquote>\n<p class=\"md-end-block md-p\"><span class=\"md-plain\">\"Ils ont l'air incroyablement authentiques !<\/span><\/p>\n<\/blockquote>\n<h2 class=\"md-end-block md-heading\"><span class=\"md-plain\">\ud83d\udc40 Histoires de porteurs<\/span><\/h2>\n<p class=\"md-end-block md-p\"><span class=\"md-plain\">Grace, influenceuse beaut\u00e9<\/span><\/p>\n<blockquote>\n<p class=\"md-end-block md-p\"><span class=\"md-plain\">\"Ils changent magnifiquement de couleur en fonction de la lumi\u00e8re !<\/span><\/p>\n<\/blockquote>\n<p class=\"md-end-block md-p\"><span class=\"md-plain\">Amber, maquilleuse<\/span><\/p>\n<blockquote>\n<p class=\"md-end-block md-p\"><span class=\"md-plain\">\"Le m\u00e9lange de noisettes le plus r\u00e9aliste que j'ai trouv\u00e9 !<\/span><\/p>\n<\/blockquote>\n<p class=\"md-end-block md-p\"><span class=\"md-plain\">Crystal, Photographe de beaut\u00e9<\/span><\/p>\n<blockquote>\n<p class=\"md-end-block md-p\"><span class=\"md-plain\">\"Les photos sont magnifiques quel que soit l'\u00e9clairage !<\/span><\/p>\n<\/blockquote>\n<h2 class=\"md-end-block md-heading\"><span class=\"md-plain\">\ud83c\udfaf Parfait pour<\/span><\/h2>\n<ul class=\"ul-list\" data-mark=\"-\">\n<li class=\"md-list-item\">\n<p class=\"md-end-block md-p\"><span class=\"md-plain\">Port quotidien<\/span><\/p>\n<\/li>\n<li class=\"md-list-item\">\n<p class=\"md-end-block md-p\"><span class=\"md-plain\">Occasions sp\u00e9ciales<\/span><\/p>\n<\/li>\n<li class=\"md-list-item\">\n<p class=\"md-end-block md-p\"><span class=\"md-plain\">S\u00e9ances photos<\/span><\/p>\n<\/li>\n<li class=\"md-list-item\">\n<p class=\"md-end-block md-p\"><span class=\"md-plain\">Un look naturel<\/span><\/p>\n<\/li>\n<li class=\"md-list-item\">\n<p class=\"md-end-block md-p\"><span class=\"md-plain\">Un style glamour et doux<\/span><\/p>\n<\/li>\n<li class=\"md-list-item\">\n<p class=\"md-end-block md-p\"><span class=\"md-plain\">Mariage<\/span><\/p>\n<\/li>\n<li class=\"md-list-item\">\n<p class=\"md-end-block md-p\"><span class=\"md-plain\">Cadre professionnel<\/span><\/p>\n<\/li>\n<li class=\"md-list-item\">\n<p class=\"md-end-block md-p\"><span class=\"md-plain\">Rencontres sociales<\/span><\/p>\n<\/li>\n<\/ul>\n<h2 class=\"md-end-block md-heading\"><span class=\"md-plain\">\u2728 D\u00e9tails techniques<\/span><\/h2>\n<ul class=\"ul-list\" data-mark=\"-\">\n<li class=\"md-list-item\">\n<p class=\"md-end-block md-p\"><span class=\"md-plain\">14,2 mm de diam\u00e8tre<\/span><\/p>\n<\/li>\n<li class=\"md-list-item\">\n<p class=\"md-end-block md-p\"><span class=\"md-plain\">Base noisette multicolore<\/span><\/p>\n<\/li>\n<li class=\"md-list-item\">\n<p class=\"md-end-block md-p\"><span class=\"md-plain\">Perm\u00e9abilit\u00e9 \u00e9lev\u00e9e \u00e0 l'oxyg\u00e8ne<\/span><\/p>\n<\/li>\n<li class=\"md-list-item\">\n<p class=\"md-end-block md-p\"><span class=\"md-plain\">Confort tout au long de la journ\u00e9e<\/span><\/p>\n<\/li>\n<li class=\"md-list-item\">\n<p class=\"md-end-block md-p\"><span class=\"md-plain\">Dur\u00e9e de port de 8 heures<\/span><\/p>\n<\/li>\n<li class=\"md-list-item\">\n<p class=\"md-end-block md-p\"><span class=\"md-plain\">Protection UV<\/span><\/p>\n<\/li>\n<\/ul>\n<h2 class=\"md-end-block md-heading\"><span class=\"md-plain\">\ud83c\udf1f Mieux adapt\u00e9 pour<\/span><\/h2>\n<ul class=\"ul-list\" data-mark=\"-\">\n<li class=\"md-list-item\">\n<p class=\"md-end-block md-p\"><span class=\"md-plain\">Am\u00e9lioration naturelle<\/span><\/p>\n<\/li>\n<li class=\"md-list-item\">\n<p class=\"md-end-block md-p\"><span class=\"md-plain\">Transformation des couleurs<\/span><\/p>\n<\/li>\n<li class=\"md-list-item\">\n<p class=\"md-end-block md-p\"><span class=\"md-plain\">Changement subtil<\/span><\/p>\n<\/li>\n<li class=\"md-list-item\">\n<p class=\"md-end-block md-p\"><span class=\"md-plain\">L'aspect professionnel<\/span><\/p>\n<\/li>\n<li class=\"md-list-item\">\n<p class=\"md-end-block md-p\"><span class=\"md-plain\">L'\u00e9l\u00e9gance au quotidien<\/span><\/p>\n<\/li>\n<li class=\"md-list-item\">\n<p class=\"md-end-block md-p\"><span class=\"md-plain\">\u00c9v\u00e9nements officiels<\/span><\/p>\n<\/li>\n<li class=\"md-list-item\">\n<p class=\"md-end-block md-p\"><span class=\"md-plain\">Sorties d\u00e9contract\u00e9es<\/span><\/p>\n<\/li>\n<li class=\"md-list-item\">\n<p class=\"md-end-block md-p\"><span class=\"md-plain\">S\u00e9ances photos<\/span><\/p>\n<\/li>\n<\/ul>\n<h2 class=\"md-end-block md-heading\"><span class=\"md-plain\">\ud83d\udc9d Conseils de style<\/span><\/h2>\n<p class=\"md-end-block md-p\"><span class=\"md-plain\">Parfaite combinaison avec :<\/span><\/p>\n<ul class=\"ul-list\" data-mark=\"-\">\n<li class=\"md-list-item\">\n<p class=\"md-end-block md-p\"><span class=\"md-plain\">Maquillage neutre<\/span><\/p>\n<\/li>\n<li class=\"md-list-item\">\n<p class=\"md-end-block md-p\"><span class=\"md-plain\">Tenues de couleur terre<\/span><\/p>\n<\/li>\n<li class=\"md-list-item\">\n<p class=\"md-end-block md-p\"><span class=\"md-plain\">Ombres \u00e0 paupi\u00e8res bronze<\/span><\/p>\n<\/li>\n<li class=\"md-list-item\">\n<p class=\"md-end-block md-p\"><span class=\"md-plain\">Un look naturel<\/span><\/p>\n<\/li>\n<li class=\"md-list-item\">\n<p class=\"md-end-block md-p\"><span class=\"md-plain\">Style glamour et doux<\/span><\/p>\n<\/li>\n<li class=\"md-list-item\">\n<p class=\"md-end-block md-p\"><span class=\"md-plain\">Cosm\u00e9tiques aux tons chauds<\/span><\/p>\n<\/li>\n<\/ul>\n<h2 class=\"md-end-block md-heading\"><span class=\"md-plain\">Retour d'information de l'utilisateur<\/span><\/h2>\n<p class=\"md-end-block md-p\"><span class=\"md-plain\">Sophia, mannequin professionnel<\/span><\/p>\n<blockquote>\n<p class=\"md-end-block md-p\"><span class=\"md-plain\">\"Ils photographient comme des yeux naturels !<\/span><\/p>\n<\/blockquote>\n<p class=\"md-end-block md-p\"><span class=\"md-plain\">Luna, experte en beaut\u00e9<\/span><\/p>\n<blockquote>\n<p class=\"md-end-block md-p\"><span class=\"md-plain\">\"Le changement de couleur est subtil et magnifique !<\/span><\/p>\n<\/blockquote>\n<p class=\"md-end-block md-p\"><span class=\"md-plain\">Aurora, conseill\u00e8re en style<\/span><\/p>\n<blockquote>\n<p class=\"md-end-block md-p\"><span class=\"md-plain\">\"Parfait pour une mise en valeur naturelle des yeux !<\/span><\/p>\n<\/blockquote>\n<p class=\"md-end-block md-p\">#<span class=\"md-plain\">DreamyHazel #NaturalBeauty #ContactLenses #HazelEyes #BeautyEnhancement<\/span><\/p>\n<p class=\"md-end-block md-p\"><span class=\"md-pair-s\"><em><span class=\"md-plain\">Un ajustement professionnel est n\u00e9cessaire. Disponible chez certains d\u00e9taillants de produits de beaut\u00e9.<\/span><\/em><\/span><\/p>\n<p class=\"md-end-block md-p\"><span class=\"md-plain\">Pr\u00eat \u00e0 rehausser votre beaut\u00e9 naturelle ? Transformez-vous avec les lentilles Dreamy Hazel ! \ud83c\udf6f\u2728<\/span><\/p>\n<p class=\"md-end-block md-p md-focus\"><span class=\"md-pair-s md-expand\"><em><span class=\"md-plain\">R\u00e9servez votre essayage professionnel pour un \u00e9clat naturel parfait !<\/span><\/em><\/span><\/p>","protected":false},"excerpt":{"rendered":"<p>Dreamy Hazel Contact Lenses: Sun-Kissed Natural Elegance \ud83c\udf6f\u2728 \ud83c\udf1f The Dreamy Effect These hazel lenses create a naturally enchanting gaze with: Golden-brown center Honey-amber transitions Soft green undertones Natural light-catching rings Subtle starburst patterns \u2728 The Natural Beauty Each lens features: Multi-tonal hazel blend Gentle color gradients Natural depth layers Subtle shimmer effect Realistic iris [&#8230;]\n","protected":false},"featured_media":2386,"comment_status":"open","ping_status":"closed","template":"","meta":[],"product_brand":[382],"product_cat":[84,92,72,100,129,101],"product_tag":[],"class_list":{"0":"post-2384","1":"product","2":"type-product","3":"status-publish","4":"has-post-thumbnail","6":"product_brand-bqeye","7":"product_cat-hazel-contact-lenses","8":"product_cat-14-5-mm","9":"product_cat-contact-lenses-by-color","10":"product_cat-daily-disposable","11":"product_cat-fresh-contacts","12":"product_cat-natural-contacts","14":"first","15":"instock","16":"sale","17":"shipping-taxable","18":"purchasable","19":"product-type-variable","20":"has-default-attributes"},"_links":{"self":[{"href":"https:\/\/bqeye.com\/fr\/wp-json\/wp\/v2\/product\/2384","targetHints":{"allow":["GET"]}}],"collection":[{"href":"https:\/\/bqeye.com\/fr\/wp-json\/wp\/v2\/product"}],"about":[{"href":"https:\/\/bqeye.com\/fr\/wp-json\/wp\/v2\/types\/product"}],"replies":[{"embeddable":true,"href":"https:\/\/bqeye.com\/fr\/wp-json\/wp\/v2\/comments?post=2384"}],"wp:featuredmedia":[{"embeddable":true,"href":"https:\/\/bqeye.com\/fr\/wp-json\/wp\/v2\/media\/2386"}],"wp:attachment":[{"href":"https:\/\/bqeye.com\/fr\/wp-json\/wp\/v2\/media?parent=2384"}],"wp:term":[{"taxonomy":"product_brand","embeddable":true,"href":"https:\/\/bqeye.com\/fr\/wp-json\/wp\/v2\/product_brand?post=2384"},{"taxonomy":"product_cat","embeddable":true,"href":"https:\/\/bqeye.com\/fr\/wp-json\/wp\/v2\/product_cat?post=2384"},{"taxonomy":"product_tag","embeddable":true,"href":"https:\/\/bqeye.com\/fr\/wp-json\/wp\/v2\/product_tag?post=2384"}],"curies":[{"name":"wp","href":"https:\/\/api.w.org\/{rel}","templated":true}]}}