{"id":2413,"date":"2025-02-18T21:24:04","date_gmt":"2025-02-18T13:24:04","guid":{"rendered":"https:\/\/bqeye.com\/?post_type=product&#038;p=2413"},"modified":"2025-02-18T21:29:45","modified_gmt":"2025-02-18T13:29:45","slug":"mermaid-coral-pink-contact-lenses","status":"publish","type":"product","link":"https:\/\/bqeye.com\/fr\/mermaid-coral-pink-contact-lenses\/","title":{"rendered":"Lentilles de contact Mermaid Coral Pink (10 PCS)"},"content":{"rendered":"<h1>Lentilles de contact Mermaid Coral Pink : Lib\u00e9rez la sir\u00e8ne des mers qui sommeille en vous<\/h1>\n<p><em>L\u00e0 o\u00f9 les couchers de soleil tropicaux rencontrent les r\u00eaves oc\u00e9aniques<\/em><\/p>\n<h2>\ud83c\udf0a L'effet corail enchanteur<\/h2>\n<p>Entrez dans un monde o\u00f9 les r\u00e9cifs coralliens dansent avec la lumi\u00e8re dor\u00e9e du soleil gr\u00e2ce aux lentilles de contact Mermaid Coral Pink - une fusion \u00e9tonnante de teintes roses d\u00e9licates et de tons coralliens chauds qui capturent l'essence du paradis tropical.<\/p>\n<p>Sur les yeux fonc\u00e9s, ces lentilles cr\u00e9ent un \u00e9clat envo\u00fbtant de chaleur corail, comme de pr\u00e9cieux jardins sous-marins qui s'illuminent au coucher du soleil. La teinte rose corail unique ajoute une dimension magique qui transforme votre regard en une fen\u00eatre sur les tr\u00e9sors rares de l'oc\u00e9an. Sur les yeux clairs, elles cr\u00e9ent un effet \u00e9th\u00e9r\u00e9 rappelant les eaux baign\u00e9es par l'aube, pr\u00e9servant votre luminescence naturelle tout en ajoutant un \u00e9clat corail ros\u00e9 enchanteur.<\/p>\n<p>Imaginez le doux rougissement des r\u00e9cifs coralliens exotiques, la tendre lueur des levers de soleil sur l'oc\u00e9an et le chatoiement romantique des eaux tropicales, le tout refl\u00e9t\u00e9 dans votre regard. Ces lentilles ne se contentent pas de changer la couleur de vos yeux, elles racontent une histoire de mers baign\u00e9es de soleil et de beaut\u00e9 marine mystique.<\/p>\n<h2>\ud83d\udcab La magie des influenceurs<\/h2>\n<p>@CoralQueen (1.1M followers)<\/p>\n<blockquote><p>\"Ces lentilles rose corail sont de la pure magie ! C'est comme si vous portiez un coucher de soleil tropical dans vos yeux !<\/p><\/blockquote>\n<p>@MermaidGlow (895K followers)<\/p>\n<blockquote><p>\"Le m\u00e9lange parfait de rose et de corail - mes followers ne cessent de me poser des questions \u00e0 leur sujet !<\/p><\/blockquote>\n<p>@TropicalBeauty (750K followers)<\/p>\n<blockquote><p>\"J'ai enfin trouv\u00e9 les lentilles roses corail parfaites ! C'est comme porter le paradis !\"<\/p><\/blockquote>\n<h2>\ud83d\udc40 Exp\u00e9riences enchant\u00e9es<\/h2>\n<p>Rose (Vlogger beaut\u00e9)<\/p>\n<blockquote><p>\"Ces lentilles donnent l'impression que chaque selfie a \u00e9t\u00e9 pris dans un paradis tropical !<\/p><\/blockquote>\n<p>Dawn (Maquilleuse)<\/p>\n<blockquote><p>\"La fa\u00e7on dont ils captent la lumi\u00e8re cr\u00e9e le plus bel effet rose-corail !<\/p><\/blockquote>\n<p>Flora (Influenceuse mode)<\/p>\n<blockquote><p>\"Parfait pour cr\u00e9er un look de sir\u00e8ne romantique et r\u00eaveur !<\/p><\/blockquote>\n<h2>\u2728 Parfait pour<\/h2>\n<ul>\n<li>Mariages sur la plage<\/li>\n<li>S\u00e9ances photos au coucher du soleil<\/li>\n<li>F\u00eates tropicales<\/li>\n<li>Costumes de sir\u00e8ne<\/li>\n<li>\u00c9v\u00e9nements romantiques<\/li>\n<li>Festivals d'\u00e9t\u00e9<\/li>\n<li>Photographie sous-marine<\/li>\n<li>Enchantement quotidien<\/li>\n<\/ul>\n<h2>\ud83c\udf1f Confort et s\u00e9curit\u00e9<\/h2>\n<p>Votre confort est notre priorit\u00e9 :<\/p>\n<ul>\n<li>Approuv\u00e9 dermatologiquement<\/li>\n<li>Usure l\u00e9g\u00e8re<\/li>\n<li>Conception riche en humidit\u00e9<\/li>\n<li>Mat\u00e9riau agr\u00e9able \u00e0 l'\u0153il<\/li>\n<li>Sensation naturelle<\/li>\n<li>Confort durable<\/li>\n<\/ul>\n<h2>\ud83d\udcab Magical Reviews<\/h2>\n<p>Coral (Blogueuse)<\/p>\n<blockquote><p>\"C'est comme si vous aviez un morceau de paradis tropical dans les yeux - c'est absolument magnifique !<\/p><\/blockquote>\n<p>Pearl (mod\u00e8le professionnel)<\/p>\n<blockquote><p>\"Ils cr\u00e9ent le plus bel effet corail doux que j'aie jamais vu !<\/p><\/blockquote>\n<p>Marina (Photographe de mariage)<\/p>\n<blockquote><p>\"Parfait pour les mari\u00e9es de la plage qui souhaitent obtenir un \u00e9clat corail magique !<\/p><\/blockquote>\n<h2>\u2b50 Avis d'experts<\/h2>\n<p>Coucher de soleil (expert en beaut\u00e9)<\/p>\n<blockquote><p>\"La teinte rose corail est parfaitement \u00e9quilibr\u00e9e - ni trop audacieuse, ni trop subtile !<\/p><\/blockquote>\n<p>Ocean (Maquilleur)<\/p>\n<blockquote><p>\"Cr\u00e9e la plus belle couleur d'yeux pour les photoshoots romantiques !<\/p><\/blockquote>\n<p>Reef (Cr\u00e9ateur de mode)<\/p>\n<blockquote><p>\"Ces lentilles capturent la couleur exacte des pr\u00e9cieux r\u00e9cifs coralliens !<\/p><\/blockquote>\n<p>#CoralPinkLenses #MermaidContacts #CoralEyes #TropicalBeauty<\/p>\n<p><em>Un ajustement professionnel est n\u00e9cessaire. Disponible dans certaines boutiques d'optique.<\/em><\/p>\n<p>Pr\u00eat \u00e0 vous transformer en d\u00e9esse des mers tropicales ? D\u00e9couvrez la magie des lentilles de contact Mermaid Coral Pink ! \u2728<\/p>\n<p><em>Prenez rendez-vous d\u00e8s aujourd'hui pour un essayage professionnel et d\u00e9couvrez la sir\u00e8ne tropicale qui sommeille en vous !<\/em><\/p>\n<hr \/>\n<p><em>Note : Une consultation professionnelle est n\u00e9cessaire pour un port s\u00fbr et confortable.<\/em><\/p>","protected":false},"excerpt":{"rendered":"<p>\u2728 Mermaid Coral Pink Contact Lenses: Unleash Your Inner Sea Siren Where Tropical Sunsets Meet Ocean Dreams \ud83c\udf0a The Enchanting Coral Effect Step into a world where coral reefs dance with golden sunlight through the Mermaid Coral Pink contact lenses &#8211; a stunning fusion of delicate pink hues and warm coral undertones that capture the [&#8230;]\n","protected":false},"featured_media":2415,"comment_status":"open","ping_status":"closed","template":"","meta":[],"product_brand":[382],"product_cat":[383,92,72,100,204,74],"product_tag":[],"class_list":{"0":"post-2413","1":"product","2":"type-product","3":"status-publish","4":"has-post-thumbnail","6":"product_brand-bqeye","7":"product_cat-mermaid","8":"product_cat-14-5-mm","9":"product_cat-contact-lenses-by-color","10":"product_cat-daily-disposable","11":"product_cat-party-contacts","12":"product_cat-pink-contact-lenses","14":"first","15":"instock","16":"sale","17":"shipping-taxable","18":"purchasable","19":"product-type-variable","20":"has-default-attributes"},"_links":{"self":[{"href":"https:\/\/bqeye.com\/fr\/wp-json\/wp\/v2\/product\/2413","targetHints":{"allow":["GET"]}}],"collection":[{"href":"https:\/\/bqeye.com\/fr\/wp-json\/wp\/v2\/product"}],"about":[{"href":"https:\/\/bqeye.com\/fr\/wp-json\/wp\/v2\/types\/product"}],"replies":[{"embeddable":true,"href":"https:\/\/bqeye.com\/fr\/wp-json\/wp\/v2\/comments?post=2413"}],"wp:featuredmedia":[{"embeddable":true,"href":"https:\/\/bqeye.com\/fr\/wp-json\/wp\/v2\/media\/2415"}],"wp:attachment":[{"href":"https:\/\/bqeye.com\/fr\/wp-json\/wp\/v2\/media?parent=2413"}],"wp:term":[{"taxonomy":"product_brand","embeddable":true,"href":"https:\/\/bqeye.com\/fr\/wp-json\/wp\/v2\/product_brand?post=2413"},{"taxonomy":"product_cat","embeddable":true,"href":"https:\/\/bqeye.com\/fr\/wp-json\/wp\/v2\/product_cat?post=2413"},{"taxonomy":"product_tag","embeddable":true,"href":"https:\/\/bqeye.com\/fr\/wp-json\/wp\/v2\/product_tag?post=2413"}],"curies":[{"name":"wp","href":"https:\/\/api.w.org\/{rel}","templated":true}]}}