{"id":2480,"date":"2025-03-05T16:24:14","date_gmt":"2025-03-05T08:24:14","guid":{"rendered":"https:\/\/bqeye.com\/?post_type=product&#038;p=2480"},"modified":"2025-03-05T16:30:41","modified_gmt":"2025-03-05T08:30:41","slug":"mystic-iris-blue-contact-lenses","status":"publish","type":"product","link":"https:\/\/bqeye.com\/fr\/mystic-iris-blue-contact-lenses\/","title":{"rendered":"Lentilles de contact bleu Mystic Iris (10 PCS)"},"content":{"rendered":"<h1>Lib\u00e9rez le mystique qui sommeille en vous gr\u00e2ce aux \u00e9tonnantes lentilles de contact Blue Iris<\/h1>\n<h2>Le charme \u00e9nigmatique du bleu : Inspiration et signification<\/h2>\n<p>D\u00e9couvrez une nouvelle dimension de l'expression personnelle avec nos lentilles de contact Mystic Iris Blue ! Ce ne sont pas des lentilles color\u00e9es ordinaires - ce sont des portails vers une version plus fascinante de vous-m\u00eame. Les riches tons bleus aux multiples facettes cr\u00e9ent une profondeur captivante qui attire les gens et retient leur attention. Le bleu a \u00e9t\u00e9 v\u00e9n\u00e9r\u00e9 dans toutes les civilisations comme la couleur de la v\u00e9rit\u00e9, de la tranquillit\u00e9 et des possibilit\u00e9s infinies - et maintenant vous pouvez canaliser ces qualit\u00e9s puissantes \u00e0 travers votre regard gr\u00e2ce \u00e0 ces extraordinaires lentilles de contact bleues.<\/p>\n<p>La v\u00e9ritable magie de ces lentilles de contact bleues r\u00e9side dans leur remarquable polyvalence, quelle que soit la couleur naturelle des yeux. Pour ceux qui ont les yeux plus fonc\u00e9s, ces lentilles de contact bleues cr\u00e9ent une transformation subtile mais frappante qui ajoute une dimension myst\u00e9rieuse \u00e0 votre regard. Si vous avez les yeux plus clairs, les lentilles de contact bleues Mystic Iris rehaussent votre luminosit\u00e9 naturelle tout en ajoutant cette allure saphir inoubliable qui rend votre pr\u00e9sence impossible \u00e0 ignorer. Chaque moment devient une occasion de fasciner, chaque interaction est impr\u00e9gn\u00e9e d'un air d'intrigue. Ces lentilles de contact bleues ne se contentent pas d'\u00eatre pos\u00e9es sur votre iris - elles r\u00e9v\u00e8lent l'individu captivant que vous avez toujours su \u00eatre.<\/p>\n<h2>Ce que les influenceurs disent de nos lentilles de contact bleues<\/h2>\n<p>@FashionForward_Taylor (2,5 millions de followers) : \"Ces lentilles bleues ont litt\u00e9ralement chang\u00e9 mon esth\u00e9tique ! La couleur est richement pigment\u00e9e tout en \u00e9tant \u00e9tonnamment naturelle sur les photos.\"<\/p>\n<p>@BeautyMaven_Jordan (3,3 millions de followers) : \"J'ai collabor\u00e9 avec de nombreuses marques de lentilles de contact, mais ces lentilles bleues Mystic Iris offrent un \u00e9quilibre parfait entre confort et impact visuel.<\/p>\n<p>@TrendHunter_Alex (1.9M followers) : \"Mes followers n'arr\u00eatent pas de me poser des questions sur ces lentilles de contact bleues ! Elles se photographient magnifiquement, que ce soit sous un \u00e9clairage naturel ou artificiel.\"<\/p>\n<h2>Exp\u00e9riences r\u00e9elles des clients<\/h2>\n<p>\"Ces lentilles bleues m'ont donn\u00e9 l'impression d'\u00eatre un personnage de ma s\u00e9rie fantastique pr\u00e9f\u00e9r\u00e9e ! Assez confortables pour \u00eatre port\u00e9es toute la journ\u00e9e \u00e0 la convention.\" - Morgan K.<\/p>\n<p>\"J'ai essay\u00e9 de nombreuses lentilles de couleur, mais celles-ci donnent vraiment la teinte bleue montr\u00e9e sur les photos. Elles valent chaque centime !\" - Dakota L.<\/p>\n<p>\"M\u00eame mes amis sceptiques n'arrivaient pas \u00e0 croire \u00e0 quel point ces lentilles bleues me semblaient naturelles. Maintenant, ils commandent leurs propres paires !\" - Skyler W.<\/p>\n<h2>Mariages et occasions de maquillage parfaits<\/h2>\n<p>Vous voulez maximiser l'impact de vos lentilles de contact bleues Mystic Iris ? Ces \u00e9tonnantes lentilles de contact bleues s'accordent avec les ombres bronze chaudes pour une ambiance de coucher de soleil et d'oc\u00e9an, ou s'associent magnifiquement avec les argent\u00e9s froids pour un effet \u00e9th\u00e9r\u00e9 de d\u00e9esse de l'hiver. Pour un usage quotidien subtil, essayez les taupes neutres avec une touche de lumi\u00e8re dans le coin interne pour faire briller les lentilles de contact bleues.<\/p>\n<p>Ces lentilles de contact bleues sont suffisamment polyvalentes pour s'adapter \u00e0 d'innombrables occasions : performances artistiques o\u00f9 vous devez dominer la sc\u00e8ne, c\u00e9l\u00e9brations sp\u00e9ciales o\u00f9 vous voulez vous sentir extraordinaire, \u00e9v\u00e9nements sur le th\u00e8me de la plage o\u00f9 vous incarnez une d\u00e9esse de la mer, ou simplement les jours o\u00f9 vous voulez insuffler une touche de magie \u00e0 votre routine habituelle.<\/p>\n<p>Pr\u00eat \u00e0 vivre la transformation ? Ces lentilles de contact Mystic Iris Blue ne se contentent pas de changer votre apparence, elles lib\u00e8rent le potentiel extraordinaire qui a toujours exist\u00e9 en vous. Embrassez le myst\u00e8re, rayonnez de confiance et pr\u00e9parez-vous \u00e0 \u00eatre le centre d'attention partout o\u00f9 votre voyage vous m\u00e8nera !<\/p>","protected":false},"excerpt":{"rendered":"<p>Unleash Your Inner Mystic with Stunning Blue Iris Contact Lenses The Enigmatic Charm of Blue: Inspiration &amp; Meaning Discover a new dimension of personal expression with our Mystic Iris Blue Contact Lenses! These aren&#8217;t ordinary colored contacts \u2013 they&#8217;re portals to a more fascinating version of yourself. The rich, multifaceted blue tones create a captivating [&#8230;]\n","protected":false},"featured_media":2482,"comment_status":"open","ping_status":"closed","template":"","meta":[],"product_brand":[382],"product_cat":[385,92,75,72,100,204],"product_tag":[],"class_list":{"0":"post-2480","1":"product","2":"type-product","3":"status-publish","4":"has-post-thumbnail","6":"product_brand-bqeye","7":"product_cat-mystic-iris","8":"product_cat-14-5-mm","9":"product_cat-blue-contact-lenses","10":"product_cat-contact-lenses-by-color","11":"product_cat-daily-disposable","12":"product_cat-party-contacts","14":"first","15":"instock","16":"sale","17":"shipping-taxable","18":"purchasable","19":"product-type-variable","20":"has-default-attributes"},"_links":{"self":[{"href":"https:\/\/bqeye.com\/fr\/wp-json\/wp\/v2\/product\/2480","targetHints":{"allow":["GET"]}}],"collection":[{"href":"https:\/\/bqeye.com\/fr\/wp-json\/wp\/v2\/product"}],"about":[{"href":"https:\/\/bqeye.com\/fr\/wp-json\/wp\/v2\/types\/product"}],"replies":[{"embeddable":true,"href":"https:\/\/bqeye.com\/fr\/wp-json\/wp\/v2\/comments?post=2480"}],"wp:featuredmedia":[{"embeddable":true,"href":"https:\/\/bqeye.com\/fr\/wp-json\/wp\/v2\/media\/2482"}],"wp:attachment":[{"href":"https:\/\/bqeye.com\/fr\/wp-json\/wp\/v2\/media?parent=2480"}],"wp:term":[{"taxonomy":"product_brand","embeddable":true,"href":"https:\/\/bqeye.com\/fr\/wp-json\/wp\/v2\/product_brand?post=2480"},{"taxonomy":"product_cat","embeddable":true,"href":"https:\/\/bqeye.com\/fr\/wp-json\/wp\/v2\/product_cat?post=2480"},{"taxonomy":"product_tag","embeddable":true,"href":"https:\/\/bqeye.com\/fr\/wp-json\/wp\/v2\/product_tag?post=2480"}],"curies":[{"name":"wp","href":"https:\/\/api.w.org\/{rel}","templated":true}]}}