{"id":2483,"date":"2025-03-05T16:38:40","date_gmt":"2025-03-05T08:38:40","guid":{"rendered":"https:\/\/bqeye.com\/?post_type=product&#038;p=2483"},"modified":"2025-03-05T16:44:37","modified_gmt":"2025-03-05T08:44:37","slug":"mystic-iris-brown-contact-lenses","status":"publish","type":"product","link":"https:\/\/bqeye.com\/fr\/mystic-iris-brown-contact-lenses\/","title":{"rendered":"Lentilles de contact Mystic Iris Brown (10 PCS)"},"content":{"rendered":"<h1>Rehaussez votre look avec les lentilles de contact brunes Mystic Iris Spellbinding<\/h1>\n<h2>L'allure du brun : Inspiration du design et symbolisme des couleurs<\/h2>\n<p>Pr\u00e9parez-vous \u00e0 \u00eatre transform\u00e9 par l'allure subtile de nos lentilles de contact Mystic Iris Brown ! Ces extraordinaires lentilles de contact brunes ne se contentent pas de changer la couleur de vos yeux, elles insufflent \u00e0 votre pr\u00e9sence un air de mysticisme naturel et de chaleur. Les tons ambr\u00e9s et chocolat\u00e9s multidimensionnels cr\u00e9ent un effet hypnotique \u00e0 la fois sophistiqu\u00e9 et accessible. Le marron a toujours repr\u00e9sent\u00e9 la stabilit\u00e9, la fiabilit\u00e9 et la sagesse naturelle - des qualit\u00e9s que vous incarnerez sans effort lorsque vous porterez ces remarquables lentilles de contact marron.<\/p>\n<p>La beaut\u00e9 de ces lentilles de contact marron r\u00e9side dans leur attrait universel. Sur les yeux clairs, ces lentilles de contact marron cr\u00e9ent une transformation envo\u00fbtante, \u00e0 la fois dramatique et cr\u00e9dible, ajoutant de la profondeur et du caract\u00e8re \u00e0 votre regard naturel. Pour les personnes aux yeux naturellement plus fonc\u00e9s, les lentilles de contact oculaires brunes Mystic Iris amplifient votre richesse naturelle tout en ajoutant ces changements de dimension inoubliables qui am\u00e9liorent les conversations et les relations. \u00c0 chaque regard, vous transmettrez de la chaleur ; \u00e0 chaque regard, vous laisserez une impression de charme authentique qui persistera longtemps apr\u00e8s que vous aurez quitt\u00e9 la pi\u00e8ce. Ces lentilles de contact marron ne sont pas seulement un accessoire - elles sont une d\u00e9claration de qui vous \u00eates et de la confiance naturelle que vous incarnez.<\/p>\n<h2>Ce que les influenceurs disent de nos lentilles de contact brunes<\/h2>\n<p>@GlamLifeGuru (4,2 millions de followers) : \"Je porte des lentilles de contact color\u00e9es depuis des ann\u00e9es, mais ces lentilles brunes Mystic Iris sont d'un niveau sup\u00e9rieur - le confort est in\u00e9gal\u00e9 et la couleur est STUNNINGLY natural\".<\/p>\n<p>@StyleInsider_Morgan (2,3M followers) : \"Ces lentilles de contact brunes sont magnifiques quel que soit l'\u00e9clairage ! Elles mettent en valeur mes traits naturels sans avoir l'air artificielles du tout.\"<\/p>\n<p>@BeautyTruth_Casey (1,6 million de followers) : \"La qualit\u00e9 de ces lentilles de contact brunes est exceptionnelle - le d\u00e9grad\u00e9 de couleurs est sophistiqu\u00e9 et semble tout \u00e0 fait cr\u00e9dible. \u00c7a change absolument la donne !\"<\/p>\n<h2>Exp\u00e9riences r\u00e9elles des clients<\/h2>\n<p>\"Ces lentilles brunes ont compl\u00e8tement transform\u00e9 mon apparence professionnelle. Je me sens plus \u00e9l\u00e9gante et plus compl\u00e8te lorsque je les porte !\" - Avery J.<\/p>\n<p>\"Le confort est incroyable - j'oublie que je porte des lentilles, mais on me complimente toute la journ\u00e9e sur la couleur naturelle de mes yeux ! - Cameron D.<\/p>\n<p>\"Parfaites pour mon look de tous les jours - je voulais quelque chose de subtil mais qui mette en valeur, et ces lentilles brunes r\u00e9pondent exactement \u00e0 mes attentes ! - Quinn P.<\/p>\n<h2>Mariages et occasions de maquillage parfaits<\/h2>\n<p>Vous voulez maximiser l'impact de vos lentilles de contact brunes Mystic Iris ? Ces \u00e9tonnantes lentilles de contact marron cr\u00e9ent de la magie lorsqu'elles sont associ\u00e9es \u00e0 des ombres \u00e0 paupi\u00e8res vertes pour un look inspir\u00e9 de la nature, ou \u00e0 des tons bordeaux chauds pour une ambiance intense et sophistiqu\u00e9e. Pour une \u00e9l\u00e9gance de jour, essayez les miroitements champagne qui permettent aux lentilles brunes d'ajouter de la profondeur tout en conservant une apparence naturelle.<\/p>\n<p>Ces lentilles de contact brunes sont suffisamment polyvalentes pour s'adapter \u00e0 d'innombrables occasions : entretiens d'embauche o\u00f9 vous souhaitez faire preuve de fiabilit\u00e9 et de chaleur, situations professionnelles quotidiennes o\u00f9 une am\u00e9lioration subtile fait la diff\u00e9rence, rencontres d\u00e9contract\u00e9es o\u00f9 vous souhaitez avoir l'air naturellement poli, ou m\u00eame soir\u00e9es en amoureux o\u00f9 vous souhaitez faire preuve d'une confiance en soi accessible.<\/p>\n<p>Pr\u00eat \u00e0 vivre la transformation ? Ces lentilles de contact Mystic Iris Brown ne sont pas seulement un accessoire - elles sont une forme puissante d'expression de soi qui r\u00e9v\u00e8le la personne naturellement sophistiqu\u00e9e que vous \u00eates vraiment. Embrassez la chaleur, connectez-vous de mani\u00e8re authentique et observez les opportunit\u00e9s qui s'offrent \u00e0 vous devant vos yeux bruns nouvellement rehauss\u00e9s !<\/p>","protected":false},"excerpt":{"rendered":"<p>Elevate Your Look with Spellbinding Mystic Iris Brown Contact Lenses The Brown Allure: Design Inspiration &amp; Color Symbolism Prepare to be transformed by the subtle allure of our Mystic Iris Brown Contact Lenses! These extraordinary brown contact lenses don&#8217;t just change your eye color \u2013 they infuse your entire presence with an air of natural [&#8230;]\n","protected":false},"featured_media":2486,"comment_status":"open","ping_status":"closed","template":"","meta":[],"product_brand":[382],"product_cat":[385,91,80,72,100,204],"product_tag":[],"class_list":{"0":"post-2483","1":"product","2":"type-product","3":"status-publish","4":"has-post-thumbnail","6":"product_brand-bqeye","7":"product_cat-mystic-iris","8":"product_cat-14-2-mm","9":"product_cat-brown-contact-lenses","10":"product_cat-contact-lenses-by-color","11":"product_cat-daily-disposable","12":"product_cat-party-contacts","14":"first","15":"instock","16":"sale","17":"shipping-taxable","18":"purchasable","19":"product-type-variable","20":"has-default-attributes"},"_links":{"self":[{"href":"https:\/\/bqeye.com\/fr\/wp-json\/wp\/v2\/product\/2483","targetHints":{"allow":["GET"]}}],"collection":[{"href":"https:\/\/bqeye.com\/fr\/wp-json\/wp\/v2\/product"}],"about":[{"href":"https:\/\/bqeye.com\/fr\/wp-json\/wp\/v2\/types\/product"}],"replies":[{"embeddable":true,"href":"https:\/\/bqeye.com\/fr\/wp-json\/wp\/v2\/comments?post=2483"}],"wp:featuredmedia":[{"embeddable":true,"href":"https:\/\/bqeye.com\/fr\/wp-json\/wp\/v2\/media\/2486"}],"wp:attachment":[{"href":"https:\/\/bqeye.com\/fr\/wp-json\/wp\/v2\/media?parent=2483"}],"wp:term":[{"taxonomy":"product_brand","embeddable":true,"href":"https:\/\/bqeye.com\/fr\/wp-json\/wp\/v2\/product_brand?post=2483"},{"taxonomy":"product_cat","embeddable":true,"href":"https:\/\/bqeye.com\/fr\/wp-json\/wp\/v2\/product_cat?post=2483"},{"taxonomy":"product_tag","embeddable":true,"href":"https:\/\/bqeye.com\/fr\/wp-json\/wp\/v2\/product_tag?post=2483"}],"curies":[{"name":"wp","href":"https:\/\/api.w.org\/{rel}","templated":true}]}}