{"id":2511,"date":"2025-03-18T20:56:21","date_gmt":"2025-03-18T12:56:21","guid":{"rendered":"https:\/\/bqeye.com\/?post_type=product&#038;p=2511"},"modified":"2025-03-18T21:06:45","modified_gmt":"2025-03-18T13:06:45","slug":"nocturnal-spirit-brown-contact-lenses","status":"publish","type":"product","link":"https:\/\/bqeye.com\/fr\/nocturnal-spirit-brown-contact-lenses\/","title":{"rendered":"Lentilles de contact brunes Nocturnal Spirit (paquet de 10)"},"content":{"rendered":"<h2>Lentilles de contact brunes Nocturnal Spirit (paquet de 10)<\/h2>\n<p>OMG les gars, je n'arr\u00eate pas de regarder mes propres yeux dans le miroir depuis que j'ai ces lentilles de contact Nocturnal Spirit Brown !!! J'ai d\u00e9j\u00e0 essay\u00e9 une douzaine de lentilles de couleur diff\u00e9rentes, mais celles-ci sont d'une magie sans pareille !<\/p>\n<p>Tout d'abord, pouvons-nous parler de l'emballage ? La bo\u00eete est d'un bleu nuit absolument magnifique, avec des phases de lune argent\u00e9es et des symboles mystiques en relief, ce qui me donne l'impression d'ouvrir une sorte de livre de sorts ancien plut\u00f4t que des lentilles de contact. \u00c0 l'int\u00e9rieur, chacune des 10 paires est scell\u00e9e individuellement dans son propre petit compartiment, ce qui est non seulement super hygi\u00e9nique mais me donne l'impression d'acc\u00e9der \u00e0 des ingr\u00e9dients de potion \u00e0 chaque fois que j'en ouvre une !<\/p>\n<p>Mais LA COULEUR. Je suis litt\u00e9ralement obs\u00e9d\u00e9e ! C'est un brun profond et myst\u00e9rieux avec des variations de dimensions subtiles qui captent la lumi\u00e8re de la mani\u00e8re la plus hypnotique qui soit. Pas ce brun plat et manifestement faux qui vous fait ressembler \u00e0 une poup\u00e9e effrayante ! Ceux-ci ont cette richesse multi-tonale qui semble \u00e9tonnamment naturelle tout en donnant une \u00e9nergie d'esprit de for\u00eat enchant\u00e9e. J'ai naturellement des yeux bleu-vert et la transformation est COMPLETE - toute mon ambiance change \u00e0 la seconde o\u00f9 je les mets.<\/p>\n<p>Le premier jour o\u00f9 je les ai port\u00e9es \u00e0 mon caf\u00e9, ma serveuse habituelle (que je vois TOUS LES JOURS) a litt\u00e9ralement chang\u00e9 d'avis et s'est exclam\u00e9e : \" Il y a quelque chose de diff\u00e9rent chez vous aujourd'hui... votre \u00e9nergie est si myst\u00e9rieuse et captivante... \". Je n'exag\u00e8re m\u00eame pas !!! D\u00e8s le troisi\u00e8me jour o\u00f9 je les portais, mes selfies obtenaient 40% d'engagement en plus sur Instagram. LE POUVOIR ! !!<\/p>\n<p>Ils sont parfaits pour les s\u00e9ances photos d'automne moroses - j'ai fait une s\u00e9ance spontan\u00e9e dans un parc \u00e0 l'heure dor\u00e9e et mon ami photographe n'en revenait PAS de la fa\u00e7on dont le brun captait la lumi\u00e8re et cr\u00e9ait cette profondeur qui me donnait l'air d'avoir d'anciens secrets sylvestres. Mais honn\u00eatement ? Je les porte \u00e9galement au travail, car elles me donnent l'impression d'\u00eatre une version confiante et \u00e9nigmatique de moi-m\u00eame, ce qui m'obs\u00e8de un peu.<\/p>\n<p>Le paquet de 10 est parfait parce que vous pouvez les garder pour des occasions sp\u00e9ciales ou simplement devenir un \u00eatre magique pendant une semaine et demie d'affil\u00e9e comme je l'ai fait. Dans tous les cas, pr\u00e9parez-vous \u00e0 ce que les gens soient compl\u00e8tement hypnotis\u00e9s par votre regard. Je ne veux pas dramatiser, mais ces lentilles pourraient bien \u00eatre enchant\u00e9es... ???<\/p>","protected":false},"excerpt":{"rendered":"<p>Nocturnal Spirit Brown Contact Lenses (10-Pack) OMG you guys, I literally cannot stop staring at my own eyes in the mirror since I got these Nocturnal Spirit Brown Contact Lenses!!! I&#8217;ve tried like a dozen different colored contacts before but these are NEXT LEVEL magical!!! First, can we talk about the packaging?? It came in [&#8230;]\n","protected":false},"featured_media":2513,"comment_status":"open","ping_status":"closed","template":"","meta":[],"product_brand":[382],"product_cat":[101,91,80,72,100,129],"product_tag":[],"class_list":{"0":"post-2511","1":"product","2":"type-product","3":"status-publish","4":"has-post-thumbnail","6":"product_brand-bqeye","7":"product_cat-natural-contacts","8":"product_cat-14-2-mm","9":"product_cat-brown-contact-lenses","10":"product_cat-contact-lenses-by-color","11":"product_cat-daily-disposable","12":"product_cat-fresh-contacts","14":"first","15":"instock","16":"sale","17":"shipping-taxable","18":"purchasable","19":"product-type-variable","20":"has-default-attributes"},"_links":{"self":[{"href":"https:\/\/bqeye.com\/fr\/wp-json\/wp\/v2\/product\/2511","targetHints":{"allow":["GET"]}}],"collection":[{"href":"https:\/\/bqeye.com\/fr\/wp-json\/wp\/v2\/product"}],"about":[{"href":"https:\/\/bqeye.com\/fr\/wp-json\/wp\/v2\/types\/product"}],"replies":[{"embeddable":true,"href":"https:\/\/bqeye.com\/fr\/wp-json\/wp\/v2\/comments?post=2511"}],"wp:featuredmedia":[{"embeddable":true,"href":"https:\/\/bqeye.com\/fr\/wp-json\/wp\/v2\/media\/2513"}],"wp:attachment":[{"href":"https:\/\/bqeye.com\/fr\/wp-json\/wp\/v2\/media?parent=2511"}],"wp:term":[{"taxonomy":"product_brand","embeddable":true,"href":"https:\/\/bqeye.com\/fr\/wp-json\/wp\/v2\/product_brand?post=2511"},{"taxonomy":"product_cat","embeddable":true,"href":"https:\/\/bqeye.com\/fr\/wp-json\/wp\/v2\/product_cat?post=2511"},{"taxonomy":"product_tag","embeddable":true,"href":"https:\/\/bqeye.com\/fr\/wp-json\/wp\/v2\/product_tag?post=2511"}],"curies":[{"name":"wp","href":"https:\/\/api.w.org\/{rel}","templated":true}]}}