{"id":2514,"date":"2025-03-18T22:13:22","date_gmt":"2025-03-18T14:13:22","guid":{"rendered":"https:\/\/bqeye.com\/?post_type=product&#038;p=2514"},"modified":"2025-03-18T22:21:29","modified_gmt":"2025-03-18T14:21:29","slug":"nocturnal-spirit-green-contact-lenses","status":"publish","type":"product","link":"https:\/\/bqeye.com\/fr\/nocturnal-spirit-green-contact-lenses\/","title":{"rendered":"Lentilles de contact vertes Nocturnal Spirit (paquet de 10)"},"content":{"rendered":"<p>vous les gars !!! Je suis litt\u00e9ralement obs\u00e9d\u00e9e par ces lentilles de contact vertes Nocturnal Spirit et j'ai besoin d'en parler \u00e0 tout le monde !!! J'ai d\u00e9j\u00e0 essay\u00e9 des tonnes de lentilles de contact color\u00e9es, mais celles-ci sont d'un TOUT AUTRE NIVEAU de transformation magique !!!<\/p>\n<p>Tout d'abord, l'emballage est INOUBLIABLE. Il est pr\u00e9sent\u00e9 dans une magnifique bo\u00eete bleu nuit avec des symboles mystiques argent\u00e9s et des phases de lune qui vous donnent l'impression de d\u00e9baller un ancien artefact magique au lieu de contacts. Chacune des 10 paires est livr\u00e9e dans son propre petit compartiment scell\u00e9, ce qui non seulement les garde super hygi\u00e9niques, mais ajoute \u00e0 l'exp\u00e9rience enchanteresse !<\/p>\n<p>Mais parlons de LA COULEUR, car j'ai \u00e9t\u00e9 boulevers\u00e9e. C'est un vert \u00e9meraude profond et envo\u00fbtant, avec des variations subtiles qui captent la lumi\u00e8re de la mani\u00e8re la plus hypnotique qui soit. Ce n'est pas ce vert plat, manifestement faux, qui ressemble \u00e0 des lentilles de costume d'Halloween bon march\u00e9 ! Ces lentilles ont cette incroyable qualit\u00e9 multidimensionnelle qui donne l'impression de contempler une for\u00eat enchant\u00e9e. Elles donnent une grande \u00e9nergie \u00e0 la faune des bois et aux cr\u00e9atures magiques tout en ayant l'air vraisemblablement naturelles ???<\/p>\n<p>Le premier jour o\u00f9 je les ai port\u00e9es \u00e0 l'ouverture de la galerie de mon amie, TROIS \u00e9trangers diff\u00e9rents sont venus me poser des questions sur mes yeux ! L'un d'entre eux a litt\u00e9ralement dit : \" On dirait que vos yeux contiennent des secrets de for\u00eats anciennes \", ce qui est EXACTEMENT l'ambiance que je voulais obtenir ! !! Mon engagement sur Instagram a litt\u00e9ralement doubl\u00e9 depuis que j'ai commenc\u00e9 \u00e0 poster des selfies en portant ces beaut\u00e9s magiques.<\/p>\n<p>Ils sont absolument PARFAITS pour les s\u00e9ances photos en for\u00eat. J'ai fait une s\u00e9ance au coucher du soleil dans le parc et mon ami photographe \u00e9tait tr\u00e8s inquiet de la fa\u00e7on dont le vert capturait la lumi\u00e8re de l'heure dor\u00e9e. Mais honn\u00eatement ? Je les porte aussi au travail parce qu'elles me donnent l'impression d'\u00eatre une version puissante et myst\u00e9rieuse de mon esprit des bois, \u00e0 laquelle je suis un peu accro.<\/p>\n<p>Le fait d'avoir le paquet de 10 vous permet de les garder pour des occasions sp\u00e9ciales ou de devenir un \u00eatre magique \u00e0 part enti\u00e8re pendant une semaine et demie comme je l'ai fait. Dans tous les cas, pr\u00e9parez-vous \u00e0 ce que les gens soient compl\u00e8tement MESM\u00c9RIS\u00c9S par votre regard. Je ne veux pas \u00eatre dramatique, mais ces lentilles pourraient en fait contenir de la vraie magie ??? Je dis simplement que tout ce qui est bon dans ma vie a commenc\u00e9 \u00e0 se produire apr\u00e8s que je les ai eues !<\/p>","protected":false},"excerpt":{"rendered":"<p>ou guys!!! I&#8217;m literally OBSESSED with these Nocturnal Spirit Green Contact Lenses and I need to scream about them to everyone!!! I&#8217;ve tried tons of colored contacts before but these are on a WHOLE OTHER LEVEL of magical transformation!!! First off, the packaging is EVERYTHING. It comes in this gorgeous midnight blue box with silver [&#8230;]\n","protected":false},"featured_media":2517,"comment_status":"open","ping_status":"closed","template":"","meta":[],"product_brand":[382],"product_cat":[77,91,72,100,129,101],"product_tag":[],"class_list":{"0":"post-2514","1":"product","2":"type-product","3":"status-publish","4":"has-post-thumbnail","6":"product_brand-bqeye","7":"product_cat-green-contact-lenses","8":"product_cat-14-2-mm","9":"product_cat-contact-lenses-by-color","10":"product_cat-daily-disposable","11":"product_cat-fresh-contacts","12":"product_cat-natural-contacts","14":"first","15":"instock","16":"sale","17":"shipping-taxable","18":"purchasable","19":"product-type-variable","20":"has-default-attributes"},"_links":{"self":[{"href":"https:\/\/bqeye.com\/fr\/wp-json\/wp\/v2\/product\/2514","targetHints":{"allow":["GET"]}}],"collection":[{"href":"https:\/\/bqeye.com\/fr\/wp-json\/wp\/v2\/product"}],"about":[{"href":"https:\/\/bqeye.com\/fr\/wp-json\/wp\/v2\/types\/product"}],"replies":[{"embeddable":true,"href":"https:\/\/bqeye.com\/fr\/wp-json\/wp\/v2\/comments?post=2514"}],"wp:featuredmedia":[{"embeddable":true,"href":"https:\/\/bqeye.com\/fr\/wp-json\/wp\/v2\/media\/2517"}],"wp:attachment":[{"href":"https:\/\/bqeye.com\/fr\/wp-json\/wp\/v2\/media?parent=2514"}],"wp:term":[{"taxonomy":"product_brand","embeddable":true,"href":"https:\/\/bqeye.com\/fr\/wp-json\/wp\/v2\/product_brand?post=2514"},{"taxonomy":"product_cat","embeddable":true,"href":"https:\/\/bqeye.com\/fr\/wp-json\/wp\/v2\/product_cat?post=2514"},{"taxonomy":"product_tag","embeddable":true,"href":"https:\/\/bqeye.com\/fr\/wp-json\/wp\/v2\/product_tag?post=2514"}],"curies":[{"name":"wp","href":"https:\/\/api.w.org\/{rel}","templated":true}]}}