{"id":2518,"date":"2025-03-18T22:31:33","date_gmt":"2025-03-18T14:31:33","guid":{"rendered":"https:\/\/bqeye.com\/?post_type=product&#038;p=2518"},"modified":"2025-03-18T22:32:53","modified_gmt":"2025-03-18T14:32:53","slug":"nocturnal-spirit-gray-contact-lenses","status":"publish","type":"product","link":"https:\/\/bqeye.com\/fr\/nocturnal-spirit-gray-contact-lenses\/","title":{"rendered":"Lentilles de contact grises Nocturnal Spirit (paquet de 10)"},"content":{"rendered":"<p>OMG les gars, je ne peux m\u00eame pas commencer \u00e0 expliquer comment ces lentilles de contact grises Nocturnal Spirit ont COMPL\u00c8TEMENT transform\u00e9 toute mon ambiance !!! J'ai d\u00e9j\u00e0 essay\u00e9 des tonnes de lentilles de contact color\u00e9es, mais celles-ci sont d'un TOUT AUTRE NIVEAU de magie myst\u00e9rieuse !<\/p>\n<p>Tout d'abord, pouvons-nous parler de l'emballage ? Il est arriv\u00e9 dans une bo\u00eete bleu nuit absolument magnifique avec des phases de lune brumeuses argent\u00e9es et des symboles mystiques en relief qui m'ont donn\u00e9 l'impression de d\u00e9baller quelque chose provenant d'un ancien royaume magique au lieu de simples contacts ! Chacune des 10 paires est scell\u00e9e individuellement dans son propre petit compartiment de protection, ce qui est non seulement super hygi\u00e9nique mais donne \u00e0 l'ensemble une impression de qualit\u00e9 sup\u00e9rieure et sp\u00e9ciale !<\/p>\n<p>Mais LA COULEUR. Je suis litt\u00e9ralement obs\u00e9d\u00e9e !!! C'est un gris profond, nuageux, avec de subtiles nuances argent\u00e9es et bleues qui captent la lumi\u00e8re de la mani\u00e8re la plus hypnotique qui soit. Ce n'est pas ce gris plat, manifestement faux, qui donne l'impression que l'on fait trop d'efforts ! Ils ont cette qualit\u00e9 multidimensionnelle qui semble \u00e9tonnamment naturelle tout en donnant une grande \u00e9nergie d'esprit hivernal avec des pouvoirs antiques. Sur mes yeux naturellement bruns, ils ont cr\u00e9\u00e9 cette profondeur captivante qui vient d'un autre monde et des inconnus m'ont litt\u00e9ralement arr\u00eat\u00e9e pour me poser des questions sur mes yeux !<\/p>\n<p>Le premier jour o\u00f9 je les ai port\u00e9es \u00e0 l'exposition d'art de mon amie, TROIS personnes diff\u00e9rentes sont venues faire des commentaires sur mes yeux ! Un gars a litt\u00e9ralement dit qu'ils ressemblaient \u00e0 des \"nuages d'orage avec des \u00e9clairs pi\u00e9g\u00e9s \u00e0 l'int\u00e9rieur\", ce qui est EXACTEMENT l'ambiance que je recherchais !!! Au troisi\u00e8me jour de port, mes selfies Instagram ont re\u00e7u 50% plus d'engagement. JE N'EXAG\u00c8RE PAS !!!<\/p>\n<p>Ils sont absolument parfaits pour les s\u00e9ances photos hivernales moroses - j'ai fait une s\u00e9ance spontan\u00e9e dans le brouillard le matin dans le parc et mon ami photographe a \u00e9t\u00e9 SHOOK par la fa\u00e7on dont le gris capturait la lumi\u00e8re brumeuse. Mais honn\u00eatement ? Je les porte aussi pour les rendez-vous au caf\u00e9 et les r\u00e9unions de travail parce qu'elles me donnent l'impression d'\u00eatre cette version puissante et myst\u00e9rieuse de la d\u00e9esse des temp\u00eates \u00e0 laquelle je suis en quelque sorte accro.<\/p>\n<p>Le paquet de 10 est parfait parce que vous pouvez les garder pour des occasions sp\u00e9ciales ou simplement devenir un \u00eatre mystique pendant une semaine et demie d'affil\u00e9e comme je l'ai fait. Dans tous les cas, pr\u00e9parez-vous \u00e0 ce que les gens soient compl\u00e8tement MESM\u00c9RIS\u00c9S par votre regard. Je ne veux pas \u00eatre dramatique, mais je pense que ces lentilles pourraient en fait contenir une sorte d'enchantement ??? Ma vie s'est am\u00e9lior\u00e9e depuis que je les porte !!!<\/p>","protected":false},"excerpt":{"rendered":"<p>OMG you guys, I can&#8217;t even begin to explain how these Nocturnal Spirit Gray Contact Lenses have COMPLETELY transformed my entire vibe!!! I&#8217;ve tried tons of colored contacts before but these are on a WHOLE OTHER LEVEL of mysterious magic!!! First, can we talk about the packaging?? It arrived in this absolutely stunning midnight blue [&#8230;]\n","protected":false},"featured_media":2520,"comment_status":"open","ping_status":"closed","template":"","meta":[],"product_brand":[382],"product_cat":[81,91,72,100,129,101],"product_tag":[],"class_list":{"0":"post-2518","1":"product","2":"type-product","3":"status-publish","4":"has-post-thumbnail","6":"product_brand-bqeye","7":"product_cat-grey-contact-lenses","8":"product_cat-14-2-mm","9":"product_cat-contact-lenses-by-color","10":"product_cat-daily-disposable","11":"product_cat-fresh-contacts","12":"product_cat-natural-contacts","14":"first","15":"instock","16":"sale","17":"shipping-taxable","18":"purchasable","19":"product-type-variable","20":"has-default-attributes"},"_links":{"self":[{"href":"https:\/\/bqeye.com\/fr\/wp-json\/wp\/v2\/product\/2518","targetHints":{"allow":["GET"]}}],"collection":[{"href":"https:\/\/bqeye.com\/fr\/wp-json\/wp\/v2\/product"}],"about":[{"href":"https:\/\/bqeye.com\/fr\/wp-json\/wp\/v2\/types\/product"}],"replies":[{"embeddable":true,"href":"https:\/\/bqeye.com\/fr\/wp-json\/wp\/v2\/comments?post=2518"}],"wp:featuredmedia":[{"embeddable":true,"href":"https:\/\/bqeye.com\/fr\/wp-json\/wp\/v2\/media\/2520"}],"wp:attachment":[{"href":"https:\/\/bqeye.com\/fr\/wp-json\/wp\/v2\/media?parent=2518"}],"wp:term":[{"taxonomy":"product_brand","embeddable":true,"href":"https:\/\/bqeye.com\/fr\/wp-json\/wp\/v2\/product_brand?post=2518"},{"taxonomy":"product_cat","embeddable":true,"href":"https:\/\/bqeye.com\/fr\/wp-json\/wp\/v2\/product_cat?post=2518"},{"taxonomy":"product_tag","embeddable":true,"href":"https:\/\/bqeye.com\/fr\/wp-json\/wp\/v2\/product_tag?post=2518"}],"curies":[{"name":"wp","href":"https:\/\/api.w.org\/{rel}","templated":true}]}}