{"id":2536,"date":"2025-05-19T20:48:11","date_gmt":"2025-05-19T12:48:11","guid":{"rendered":"https:\/\/bqeye.com\/?post_type=product&#038;p=2536"},"modified":"2025-05-19T20:49:11","modified_gmt":"2025-05-19T12:49:11","slug":"american-fascinating-blue-contact-lenses","status":"publish","type":"product","link":"https:\/\/bqeye.com\/fr\/american-fascinating-blue-contact-lenses\/","title":{"rendered":"Lentilles de contact American Fascinating Blue (10 PCS)"},"content":{"rendered":"<h1>Lentilles de contact bleues am\u00e9ricaines fascinantes : Captivez chaque pi\u00e8ce !<\/h1>\n<h2>Le pouvoir hypnotique des lentilles de contact d'un bleu fascinant<\/h2>\n<p>Entrez dans un monde au charme irr\u00e9sistible avec notre <strong>Fascinantes lentilles de contact bleues<\/strong>! Ces extraordinaires <strong>Fascinantes lentilles de contact bleues<\/strong> transforme votre regard en quelque chose de vraiment envo\u00fbtant qui fonctionne magnifiquement sur toutes les couleurs d'yeux. Le bleu vibrant mais sophistiqu\u00e9 cr\u00e9e un effet \u00e0 la fois saisissant et \u00e9tonnamment naturel. Lorsque vous portez ces <strong>Fascinantes lentilles de contact pour yeux bleus<\/strong>Vos yeux deviennent votre principal atout et attirent l'admiration gr\u00e2ce \u00e0 un bleu multidimensionnel qui change et scintille \u00e0 chacun de vos mouvements.<\/p>\n<p>La teinte enchanteresse de ces lentilles capture l'essence des tr\u00e9sors des oc\u00e9ans profonds et des cieux am\u00e9ricains illimit\u00e9s. Sur les yeux fonc\u00e9s, elles cr\u00e9ent une transformation spectaculaire qui ajoute une profondeur incroyable et une intensit\u00e9 lumineuse. Pour les yeux plus clairs, ces lentilles <strong>Fascinantes lentilles de contact pour les yeux bleus<\/strong> rehaussent votre couleur naturelle d'un \u00e9clat brillant qui rend votre regard tout \u00e0 fait magn\u00e9tique ! Le r\u00e9sultat est parfaitement \u00e9quilibr\u00e9 - suffisamment visible pour faire tourner les t\u00eates, suffisamment naturel pour susciter de v\u00e9ritables compliments.<\/p>\n<h2>Les obsessions des influenceurs<\/h2>\n<p><strong>BeautyMaven<\/strong> (1,7 million d'adeptes) : \"Ces lentilles d'un bleu fascinant ont r\u00e9volutionn\u00e9 mon contenu ! La couleur est absolument stup\u00e9fiante dans les photos et les vid\u00e9os !\"<\/p>\n<p><strong>TrendSetter<\/strong> (920K followers) : \"Mes followers me posent constamment des questions sur mes yeux lorsque je porte ces lentilles. C'est mon arme secr\u00e8te pour l'engagement !\"<\/p>\n<p><strong>GlamGuru<\/strong> (2,3 millions d'adeptes) : \"Apr\u00e8s avoir essay\u00e9 d'innombrables lentilles de couleur, ces Fascinating Blue sont devenues ma signature. Le confort et la couleur sont in\u00e9gal\u00e9s !\"<\/p>\n<h2>Exp\u00e9riences des clients<\/h2>\n<p>\"Ces lentilles bleues ont compl\u00e8tement transform\u00e9 mon look ! Je me sens plus s\u00fbre de moi et je re\u00e7ois des compliments partout o\u00f9 je vais ! - Jessica, 29 ans<\/p>\n<p>\"En tant que personne ayant des yeux sensibles, j'\u00e9tais nerveux, mais ces lunettes sont incroyables et la couleur bleue semble incroyablement naturelle sur mes yeux bruns ! - Michael, 31 ans<\/p>\n<p>\"Parfait pour le quotidien - confortable du matin au soir et le bleu fascinant ajoute quelque chose de sp\u00e9cial \u00e0 mon apparence. - Amanda, 26 ans<\/p>\n<p>\"Ces objectifs ont fait passer ma s\u00e9ance photo \u00e0 un autre niveau ! Le bleu prend des photos magnifiques dans toutes les conditions d'\u00e9clairage.\" - David, 30 ans<\/p>\n<h2>Coiffez vos fascinantes lentilles de contact bleues<\/h2>\n<p>Votre <strong>Lentilles de contact bleues fascinantes am\u00e9ricaines<\/strong> sont des accessoires de style polyvalents qui se pr\u00eatent \u00e0 d'innombrables looks ! Pour une \u00e9l\u00e9gance de jour, associez-les \u00e0 un maquillage doux et neutre - un simple mascara et une touche de blush permettent au bleu fascinant de devenir votre signe distinctif sans para\u00eetre exag\u00e9r\u00e9.<\/p>\n<p>Pour une allure de soir\u00e9e, ces <strong>Fascinantes lentilles de contact pour les yeux bleus<\/strong> cr\u00e9ent de la magie lorsqu'ils sont associ\u00e9s \u00e0 un smokey eyes subtil dans les tons bronze ou champagne. Le contraste entre le maquillage chaud et le bleu froid cr\u00e9e un look \u00e9quilibr\u00e9 qui est parfait pour les d\u00eeners, les \u00e9v\u00e9nements sp\u00e9ciaux ou tout autre moment o\u00f9 vous voulez faire une impression inoubliable !<\/p>\n<p>Ces lentilles sont particuli\u00e8rement \u00e9tonnantes pour les s\u00e9ances photos professionnelles, les r\u00e9unions sociales et les \u00e9v\u00e9nements en plein air. Imaginez comment le bleu vibrant s'harmonise avec les tenues d'\u00e9t\u00e9 ou cr\u00e9e un contraste saisissant avec les couleurs automnales ! Les photographes appr\u00e9cient la fa\u00e7on dont ces <strong>Fascinantes lentilles de contact bleues<\/strong> cr\u00e9er des portraits d'une profondeur et d'une dimension incroyables, en veillant \u00e0 ce que vos yeux deviennent le point focal ind\u00e9niable de chaque image.<\/p>\n<h2>Faites l'exp\u00e9rience de la fascinante magie bleue d\u00e8s aujourd'hui !<\/h2>\n<p>Pourquoi se fondre dans la masse quand vos yeux peuvent se d\u00e9marquer avec <strong>Fascinantes lentilles de contact bleues<\/strong>? Leur toucher confortable, leur couleur \u00e9blouissante et leur potentiel de coiffage polyvalent les rendent parfaits pour tous ceux qui cherchent \u00e0 rehausser leur beaut\u00e9 naturelle d'une touche d'allure fascinante.<\/p>\n<p>Qu'il s'agisse de rafra\u00eechir votre style quotidien, de vous pr\u00e9parer pour une occasion sp\u00e9ciale ou simplement d'avoir confiance en vos yeux bleus captivants, ces lunettes sont id\u00e9ales pour vous aider \u00e0 vous sentir plus \u00e0 l'aise. <strong>Fascinantes lentilles de contact pour yeux bleus<\/strong> offrent un \u00e9quilibre parfait entre impact et portabilit\u00e9. Sentez la diff\u00e9rence lorsque votre regard attire l'attention \u00e0 chaque interaction !<\/p>\n<p>Pr\u00eat \u00e0 vivre la fascinante transformation bleue ? Am\u00e9liorez votre look d\u00e8s aujourd'hui et d\u00e9couvrez pourquoi ce bleu captivant est le plus beau de tous les temps. <strong>Fascinantes lentilles de contact bleues<\/strong> sont devenus le secret indispensable pour cr\u00e9er des impressions inoubliables. Vos yeux m\u00e9ritent cette touche de magie fascinante !<\/p>","protected":false},"excerpt":{"rendered":"<p>Mesmerizing American Fascinating Blue Contact Lenses: Captivate Every Room! The Hypnotic Power of Fascinating Blue Contact Lenses Step into a world of irresistible charm with our Fascinating Blue Contact Lenses! These extraordinary Fascinating Blue Contact Lenses transform your gaze into something truly spellbinding that works magnificently on every eye color. The vibrant yet sophisticated blue [&#8230;]\n","protected":false},"featured_media":2538,"comment_status":"open","ping_status":"closed","template":"","meta":[],"product_brand":[382],"product_cat":[75,91,72,100,386,101],"product_tag":[],"class_list":{"0":"post-2536","1":"product","2":"type-product","3":"status-publish","4":"has-post-thumbnail","6":"product_brand-bqeye","7":"product_cat-blue-contact-lenses","8":"product_cat-14-2-mm","9":"product_cat-contact-lenses-by-color","10":"product_cat-daily-disposable","11":"product_cat-lucifer","12":"product_cat-natural-contacts","14":"first","15":"instock","16":"sale","17":"shipping-taxable","18":"purchasable","19":"product-type-variable","20":"has-default-attributes"},"_links":{"self":[{"href":"https:\/\/bqeye.com\/fr\/wp-json\/wp\/v2\/product\/2536","targetHints":{"allow":["GET"]}}],"collection":[{"href":"https:\/\/bqeye.com\/fr\/wp-json\/wp\/v2\/product"}],"about":[{"href":"https:\/\/bqeye.com\/fr\/wp-json\/wp\/v2\/types\/product"}],"replies":[{"embeddable":true,"href":"https:\/\/bqeye.com\/fr\/wp-json\/wp\/v2\/comments?post=2536"}],"wp:featuredmedia":[{"embeddable":true,"href":"https:\/\/bqeye.com\/fr\/wp-json\/wp\/v2\/media\/2538"}],"wp:attachment":[{"href":"https:\/\/bqeye.com\/fr\/wp-json\/wp\/v2\/media?parent=2536"}],"wp:term":[{"taxonomy":"product_brand","embeddable":true,"href":"https:\/\/bqeye.com\/fr\/wp-json\/wp\/v2\/product_brand?post=2536"},{"taxonomy":"product_cat","embeddable":true,"href":"https:\/\/bqeye.com\/fr\/wp-json\/wp\/v2\/product_cat?post=2536"},{"taxonomy":"product_tag","embeddable":true,"href":"https:\/\/bqeye.com\/fr\/wp-json\/wp\/v2\/product_tag?post=2536"}],"curies":[{"name":"wp","href":"https:\/\/api.w.org\/{rel}","templated":true}]}}