{"id":2539,"date":"2025-05-19T21:02:43","date_gmt":"2025-05-19T13:02:43","guid":{"rendered":"https:\/\/bqeye.com\/?post_type=product&#038;p=2539"},"modified":"2025-05-19T21:07:04","modified_gmt":"2025-05-19T13:07:04","slug":"solo-hazel-brown-contact-lenses","status":"publish","type":"product","link":"https:\/\/bqeye.com\/fr\/solo-hazel-brown-contact-lenses\/","title":{"rendered":"Solo Hazel Lentilles de contact marron (10 PCS)"},"content":{"rendered":"<h1>Lentilles de contact Solo Hazel Brown enchanteresses : R\u00e9v\u00e9lez votre myst\u00e8re naturel !<\/h1>\n<h2>Le charme captivant des lentilles de contact Hazel Brown<\/h2>\n<p>D\u00e9couvrez une transformation subtile avec notre <strong>Lentilles de contact Solo Hazel Brown<\/strong>! Ces remarquables <strong>Lentilles de contact Hazel Brown<\/strong> rehaussent votre regard gr\u00e2ce \u00e0 un m\u00e9lange multidimensionnel de tons bruns chauds et verts dor\u00e9s qui s'harmonisent parfaitement avec toutes les couleurs d'yeux. Le brun noisette d'apparence naturelle cr\u00e9e un effet subtilement saisissant et intriguant. Lorsque vous portez ces <strong>Contacts pour les yeux Hazel Brown<\/strong>Les yeux s'animent d'une riche complexit\u00e9, captant la lumi\u00e8re avec des mouchetures dor\u00e9es et une profondeur terreuse qui rend le regard impossible \u00e0 oublier.<\/p>\n<p>La teinte \u00e9tonnante de ces lentilles \u00e9voque les for\u00eats d'automne avec la lumi\u00e8re du soleil filtrant \u00e0 travers les feuilles. Sur les yeux fonc\u00e9s, elles cr\u00e9ent une transformation douce qui ajoute une dimension fascinante et une chaleur dor\u00e9e. Pour les yeux plus clairs, ces lentilles <strong>Lentilles de contact pour les yeux Hazel Brown<\/strong> rehaussent votre couleur naturelle avec une profondeur aux multiples facettes qui rend votre regard plus expressif et captivant ! Le r\u00e9sultat est parfaitement \u00e9quilibr\u00e9 - suffisamment naturel pour para\u00eetre authentique, suffisamment unique pour attirer les compliments.<\/p>\n<h2>Les favoris des influenceurs<\/h2>\n<p><strong>NaturalGlow<\/strong> (1.3M followers) : \"Ces lentilles Solo Hazel Brown sont incroyables pour cr\u00e9er du contenu qui semble authentique et \u00e9lev\u00e9 ! La dimension des couleurs est magnifique !\"<\/p>\n<p><strong>EarthyElegance<\/strong> (760K followers) : \"Mon public me pose constamment des questions sur mes yeux lorsque je porte ces lentilles de contact noisette. Elles ont l'air tout \u00e0 fait naturelles tout en apportant ce petit quelque chose de sp\u00e9cial !\"<\/p>\n<p><strong>SubtleBeauty<\/strong> (1.8M followers) : \"Apr\u00e8s avoir essay\u00e9 d'innombrables lentilles de couleur, ces lentilles Hazel Brown sont devenues mes indispensables de tous les jours. Le confort et la couleur multidimensionnelle sont in\u00e9gal\u00e9s !\"<\/p>\n<h2>Exp\u00e9riences des clients<\/h2>\n<p>\"Ces lentilles noisette ont donn\u00e9 \u00e0 mes yeux bruns une touche subtile et parfaite ! Les m\u00e8ches dor\u00e9es captent magnifiquement la lumi\u00e8re !\" - Sophia, 27 ans<\/p>\n<p>\"Je cherchais quelque chose qui mette en valeur mes yeux verts sans avoir l'air faux. Ces lentilles marron noisette sont la perfection absolue !\" - James, 31 ans<\/p>\n<p>\"En tant que personne appr\u00e9ciant la beaut\u00e9 discr\u00e8te, ces lentilles sont le compl\u00e9ment id\u00e9al de mon style naturel. - Emma, 29 ans<\/p>\n<p>\"Ces lentilles \u00e9taient parfaites pour mes photos de fian\u00e7ailles - elles ont rehauss\u00e9 mes yeux d'une belle dimension sans para\u00eetre artificielles. - Michael, 32 ans<\/p>\n<h2>Coiffez vos lentilles de contact Hazel Brown<\/h2>\n<p>Votre <strong>Lentilles de contact Solo Hazel Brown<\/strong> sont des compl\u00e9ments de style polyvalents pour d'innombrables looks ! Pour une sophistication de tous les jours, associez-les \u00e0 un maquillage minimal - un mascara et une touche de blush suffisent pour que les tons noisette multidimensionnels deviennent votre signe distinctif subtil.<\/p>\n<p>Pour l'\u00e9l\u00e9gance du soir, ces <strong>Lentilles de contact pour les yeux Hazel Brown<\/strong> cr\u00e9ent de la magie lorsqu'ils sont associ\u00e9s \u00e0 des ombres \u00e0 paupi\u00e8res aux tons chauds, comme le cuivre, le bronze ou l'olive, qui compl\u00e8tent leur coloration complexe. L'harmonie entre votre maquillage et le brun noisette cr\u00e9e un look coh\u00e9rent qui est parfait pour les d\u00eeners romantiques, les r\u00e9unions d'automne, ou chaque fois que vous voulez une apparence naturellement am\u00e9lior\u00e9e !<\/p>\n<p>Ces lentilles sont particuli\u00e8rement \u00e9tonnantes pour la photographie en ext\u00e9rieur, la mode automnale et l'esth\u00e9tique naturelle. Imaginez comment le riche noisette s'harmonise avec les tenues aux tons de terre ou cr\u00e9e une belle dimension sur les v\u00eatements aux tons de bijoux ! Les photographes appr\u00e9cient la fa\u00e7on dont ces <strong>Lentilles de contact Hazel Brown<\/strong> cr\u00e9er des portraits d'une complexit\u00e9 et d'une profondeur authentiques, en mettant en valeur vos traits naturels tout en ajoutant une dimension fascinante.<\/p>\n<h2>Faites l'exp\u00e9rience de la transformation Hazel Brown d\u00e8s aujourd'hui !<\/h2>\n<p>Pourquoi choisir entre le subtil et l'\u00e9clatant quand vos yeux peuvent incarner les deux \u00e0 la fois avec <strong>Lentilles de contact Hazel Brown<\/strong>? Leur toucher confortable, leur couleur multidimensionnelle et leur potentiel de coiffage polyvalent les rendent parfaits pour tous ceux qui cherchent \u00e0 mettre en valeur leur beaut\u00e9 naturelle avec une touche de complexit\u00e9 noisette.<\/p>\n<p>Qu'il s'agisse d'affiner votre apparence au quotidien, de vous pr\u00e9parer pour des photos sp\u00e9ciales ou simplement de vous sentir plus confiant gr\u00e2ce \u00e0 des yeux noisette rehauss\u00e9s, ces produits sont con\u00e7us pour r\u00e9pondre aux besoins de tous. <strong>Contacts pour les yeux Hazel Brown<\/strong> offrent un \u00e9quilibre parfait entre l'am\u00e9lioration et l'authenticit\u00e9. Sentez la diff\u00e9rence lorsque votre regard transmet de la profondeur et de l'intrigue dans chaque interaction !<\/p>\n<p>Pr\u00eat \u00e0 vivre la transformation du brun noisette ? Am\u00e9liorez votre look d\u00e8s aujourd'hui et d\u00e9couvrez pourquoi cette envo\u00fbtante <strong>Lentilles de contact Solo Hazel Brown<\/strong> sont devenus le choix incontournable pour cr\u00e9er des impressions \u00e0 la fois captivantes et naturelles. Vos yeux m\u00e9ritent cette touche d'\u00e9l\u00e9gance multidimensionnelle !<\/p>","protected":false},"excerpt":{"rendered":"<p>Enchanting Solo Hazel Brown Contact Lenses: Reveal Your Natural Mystique! The Captivating Charm of Hazel Brown Contact Lenses Discover subtle transformation with our Solo Hazel Brown Contact Lenses! These remarkable Hazel Brown Contact Lenses enhance your gaze with a multidimensional blend of warm brown and golden-green undertones that work beautifully with every eye color. The [&#8230;]\n","protected":false},"featured_media":2541,"comment_status":"open","ping_status":"closed","template":"","meta":[],"product_brand":[382],"product_cat":[158,92,80,72,100,101],"product_tag":[],"class_list":{"0":"post-2539","1":"product","2":"type-product","3":"status-publish","4":"has-post-thumbnail","6":"product_brand-bqeye","7":"product_cat-enlarge-contacts","8":"product_cat-14-5-mm","9":"product_cat-brown-contact-lenses","10":"product_cat-contact-lenses-by-color","11":"product_cat-daily-disposable","12":"product_cat-natural-contacts","14":"first","15":"instock","16":"sale","17":"shipping-taxable","18":"purchasable","19":"product-type-variable","20":"has-default-attributes"},"_links":{"self":[{"href":"https:\/\/bqeye.com\/fr\/wp-json\/wp\/v2\/product\/2539","targetHints":{"allow":["GET"]}}],"collection":[{"href":"https:\/\/bqeye.com\/fr\/wp-json\/wp\/v2\/product"}],"about":[{"href":"https:\/\/bqeye.com\/fr\/wp-json\/wp\/v2\/types\/product"}],"replies":[{"embeddable":true,"href":"https:\/\/bqeye.com\/fr\/wp-json\/wp\/v2\/comments?post=2539"}],"wp:featuredmedia":[{"embeddable":true,"href":"https:\/\/bqeye.com\/fr\/wp-json\/wp\/v2\/media\/2541"}],"wp:attachment":[{"href":"https:\/\/bqeye.com\/fr\/wp-json\/wp\/v2\/media?parent=2539"}],"wp:term":[{"taxonomy":"product_brand","embeddable":true,"href":"https:\/\/bqeye.com\/fr\/wp-json\/wp\/v2\/product_brand?post=2539"},{"taxonomy":"product_cat","embeddable":true,"href":"https:\/\/bqeye.com\/fr\/wp-json\/wp\/v2\/product_cat?post=2539"},{"taxonomy":"product_tag","embeddable":true,"href":"https:\/\/bqeye.com\/fr\/wp-json\/wp\/v2\/product_tag?post=2539"}],"curies":[{"name":"wp","href":"https:\/\/api.w.org\/{rel}","templated":true}]}}