{"id":2542,"date":"2025-05-19T21:45:24","date_gmt":"2025-05-19T13:45:24","guid":{"rendered":"https:\/\/bqeye.com\/?post_type=product&#038;p=2542"},"modified":"2025-05-19T21:48:06","modified_gmt":"2025-05-19T13:48:06","slug":"forest-herb-light-brown-contact-lenses","status":"publish","type":"product","link":"https:\/\/bqeye.com\/fr\/forest-herb-light-brown-contact-lenses\/","title":{"rendered":"Lentilles de contact Forest Herb Light Brown (10 PCS)"},"content":{"rendered":"<h1>Lentilles de contact marron clair \"Enchanting Forest Herb\" : Embrassez l'\u00e9l\u00e9gance botanique !<\/h1>\n<h2>L'allure naturelle des lentilles de contact Herb Light Brown<\/h2>\n<p>D\u00e9couvrez la beaut\u00e9 botanique avec notre <strong>Lentilles de contact Forest Herb Light Brown<\/strong>! Ces extraordinaires <strong>Lentilles de contact Herb Light Brown<\/strong> Transformez votre regard avec un brun clair unique infus\u00e9 de subtiles nuances vertes \u00e0 base d'herbes qui \u00e9voquent la tranquillit\u00e9 des bois. Le brun clair aux herbes cr\u00e9e un effet \u00e0 la fois naturellement sophistiqu\u00e9 et rafra\u00eechissant. Lorsque vous portez ces <strong>Contacts pour les yeux Herb Light Brown<\/strong>Les yeux rayonnent d'une chaleur multidimensionnelle, captant la lumi\u00e8re avec des profondeurs d'herbes captivantes qui attirent les gens par leur charme terreux et botanique.<\/p>\n<p>La teinte sp\u00e9ciale de ces lentilles capture l'essence de la lumi\u00e8re du soleil \u00e0 travers les canop\u00e9es des for\u00eats et les sols des bois riches en herbes. Sur les yeux fonc\u00e9s, elles cr\u00e9ent une transformation subtile mais distinctive qui ajoute une dimension et un caract\u00e8re remarquables. Pour les yeux naturellement clairs, ces lentilles <strong>Lentilles de contact pour les yeux Herb Light Brown<\/strong> rehaussent votre couleur d'une profondeur fascinante qui rend votre regard plus expressif et singuli\u00e8rement intriguant ! Le r\u00e9sultat est en parfaite harmonie - suffisamment distinctif pour susciter la curiosit\u00e9, suffisamment naturel pour para\u00eetre authentiquement v\u00f4tre.<\/p>\n<h2>Appr\u00e9ciation des influenceurs<\/h2>\n<p><strong>BotanicalBeauty<\/strong> (1,4 million d'adeptes) : \"Ces lentilles Forest Herb Light Brown sont mon secret pour un contenu en lien avec la nature ! La dimension de la couleur est si unique et si naturelle !\"<\/p>\n<p><strong>EarthyStyle<\/strong> (850K followers) : \"Mon public me pose constamment des questions sur mes yeux lorsque je porte ces lentilles de contact marron clair \u00e0 base d'herbe. Elles cr\u00e9ent un effet si particulier et pourtant si cr\u00e9dible !\"<\/p>\n<p><strong>ForestAesthetic<\/strong> (2.0M followers) : \"Apr\u00e8s avoir essay\u00e9 d'innombrables lentilles de couleur, ces lentilles Herb Light Brown sont devenues ma signature. Le confort et la couleur botanique naturelle sont incomparables !\"<\/p>\n<h2>Exp\u00e9riences des clients<\/h2>\n<p>\"Ces lentilles brun clair aux herbes ont donn\u00e9 \u00e0 mes yeux fonc\u00e9s une belle dimension avec des tons verts subtils qui les rendent particuli\u00e8rement expressifs ! - Sophia, 27 ans<\/p>\n<p>\"Je cherchais quelque chose de diff\u00e9rent qui ne soit pas artificiel. Ils sont parfaits - le ton brun clair de l'herbe est si naturellement distinctif ! - Ethan, 32 ans<\/p>\n<p>\"En tant que personne qui aime le style inspir\u00e9 de la for\u00eat, ces lentilles sont le compl\u00e9ment id\u00e9al de mon esth\u00e9tique naturelle. - Olivia, 29 ans<\/p>\n<p>\"Ces lentilles \u00e9taient parfaites pour les photos de mon mariage dans les bois - elles ont rehauss\u00e9 mes yeux d'une belle dimension qui s'harmonisait parfaitement avec notre d\u00e9cor forestier. - Noah, 31 ans<\/p>\n<h2>Styliser vos lentilles de contact Herb Light Brown<\/h2>\n<p>Votre <strong>Lentilles de contact Forest Herb Light Brown<\/strong> sont des compl\u00e9ments de style polyvalents pour d'innombrables looks ! Pour un attrait naturel au quotidien, associez-les \u00e0 un maquillage minimal - un mascara et un teint frais suffisent pour que le brun clair aux herbes unique devienne votre signe distinctif.<\/p>\n<p>Pour une soir\u00e9e sophistiqu\u00e9e, ces <strong>Lentilles de contact pour les yeux Herb Light Brown<\/strong> cr\u00e9ent de la magie lorsqu'ils sont associ\u00e9s \u00e0 des ombres \u00e0 paupi\u00e8res vert sauge, bronze ou taupe qui compl\u00e8tent leurs nuances botaniques. L'harmonie entre votre maquillage et le brun clair des herbes cr\u00e9e un look coh\u00e9rent qui est parfait pour les f\u00eates de jardin, les retraites en for\u00eat, ou chaque fois que vous voulez une apparence naturellement distinctive !<\/p>\n<p>Ces lentilles sont particuli\u00e8rement remarquables pour la photographie en ext\u00e9rieur, les jardins botaniques et la mode inspir\u00e9e par la nature. Imaginez comment le brun clair riche en herbes s'harmonise avec les v\u00eatements aux tons de terre et les tissus naturels ! Les photographes appr\u00e9cient la fa\u00e7on dont ces <strong>Lentilles de contact Herb Light Brown<\/strong> cr\u00e9er des portraits d'une profondeur et d'une dimension fascinantes, en rehaussant vos traits naturels d'une chaleur botanique qui reste tout \u00e0 fait cr\u00e9dible.<\/p>\n<h2>Faites l'exp\u00e9rience de la transformation Herb Light Brown d\u00e8s aujourd'hui !<\/h2>\n<p>Pourquoi choisir des couleurs ordinaires quand vos yeux peuvent incarner la beaut\u00e9 botanique naturelle gr\u00e2ce \u00e0 <strong>Lentilles de contact Herb Light Brown<\/strong>? Leur toucher confortable, leur couleur distinctive mais naturelle et leur potentiel de style polyvalent les rendent parfaits pour tous ceux qui cherchent \u00e0 mettre en valeur leur beaut\u00e9 inn\u00e9e avec une touche d'\u00e9l\u00e9gance inspir\u00e9e de la for\u00eat.<\/p>\n<p>Qu'il s'agisse de rafra\u00eechir votre apparence de tous les jours, de vous pr\u00e9parer \u00e0 prendre des photos de la nature ou simplement d'avoir confiance en vous gr\u00e2ce \u00e0 des yeux mis en valeur de fa\u00e7on unique, ces lunettes de soleil sont id\u00e9ales pour vous aider \u00e0 vous sentir mieux. <strong>Contacts pour les yeux Herb Light Brown<\/strong> offrent un \u00e9quilibre parfait entre caract\u00e8re distinctif et authenticit\u00e9 naturelle. Sentez la diff\u00e9rence lorsque votre regard transmet la chaleur sereine de la beaut\u00e9 de la for\u00eat dans chaque interaction !<\/p>\n<p>Pr\u00eate \u00e0 vivre la transformation du brun clair des herbes ? Am\u00e9liorez votre look d\u00e8s aujourd'hui et d\u00e9couvrez pourquoi ces produits sophistiqu\u00e9s <strong>Lentilles de contact Forest Herb Light Brown<\/strong> sont devenus le choix incontournable pour cr\u00e9er des impressions vraiment distinctives et naturellement belles. Vos yeux m\u00e9ritent cette touche d'\u00e9l\u00e9gance botanique !<\/p>","protected":false},"excerpt":{"rendered":"<p>Enchanting Forest Herb Light Brown Contact Lenses: Embrace Botanical Elegance! The Natural Allure of Herb Light Brown Contact Lenses Discover botanical beauty with our Forest Herb Light Brown Contact Lenses! These extraordinary Herb Light Brown Contact Lenses transform your gaze with a unique light brown infused with subtle herbal green undertones that evoke woodland tranquility. [&#8230;]\n","protected":false},"featured_media":2544,"comment_status":"open","ping_status":"closed","template":"","meta":[],"product_brand":[382],"product_cat":[188,91,80,72,100,101],"product_tag":[],"class_list":{"0":"post-2542","1":"product","2":"type-product","3":"status-publish","4":"has-post-thumbnail","6":"product_brand-bqeye","7":"product_cat-dream-contacts","8":"product_cat-14-2-mm","9":"product_cat-brown-contact-lenses","10":"product_cat-contact-lenses-by-color","11":"product_cat-daily-disposable","12":"product_cat-natural-contacts","14":"first","15":"instock","16":"sale","17":"shipping-taxable","18":"purchasable","19":"product-type-variable","20":"has-default-attributes"},"_links":{"self":[{"href":"https:\/\/bqeye.com\/fr\/wp-json\/wp\/v2\/product\/2542","targetHints":{"allow":["GET"]}}],"collection":[{"href":"https:\/\/bqeye.com\/fr\/wp-json\/wp\/v2\/product"}],"about":[{"href":"https:\/\/bqeye.com\/fr\/wp-json\/wp\/v2\/types\/product"}],"replies":[{"embeddable":true,"href":"https:\/\/bqeye.com\/fr\/wp-json\/wp\/v2\/comments?post=2542"}],"wp:featuredmedia":[{"embeddable":true,"href":"https:\/\/bqeye.com\/fr\/wp-json\/wp\/v2\/media\/2544"}],"wp:attachment":[{"href":"https:\/\/bqeye.com\/fr\/wp-json\/wp\/v2\/media?parent=2542"}],"wp:term":[{"taxonomy":"product_brand","embeddable":true,"href":"https:\/\/bqeye.com\/fr\/wp-json\/wp\/v2\/product_brand?post=2542"},{"taxonomy":"product_cat","embeddable":true,"href":"https:\/\/bqeye.com\/fr\/wp-json\/wp\/v2\/product_cat?post=2542"},{"taxonomy":"product_tag","embeddable":true,"href":"https:\/\/bqeye.com\/fr\/wp-json\/wp\/v2\/product_tag?post=2542"}],"curies":[{"name":"wp","href":"https:\/\/api.w.org\/{rel}","templated":true}]}}