{"id":2553,"date":"2025-06-15T14:00:13","date_gmt":"2025-06-15T06:00:13","guid":{"rendered":"https:\/\/bqeye.com\/?post_type=product&#038;p=2553"},"modified":"2025-06-15T14:20:33","modified_gmt":"2025-06-15T06:20:33","slug":"aurora-mirror-grey-colored-contacts","status":"publish","type":"product","link":"https:\/\/bqeye.com\/fr\/aurora-mirror-grey-colored-contacts\/","title":{"rendered":"Contacts color\u00e9s Aurora Mirror Grey"},"content":{"rendered":"<h1>Contacts color\u00e9s Aurora Mirror Grey<\/h1>\n<h2>Des yeux gris-argent\u00e9s r\u00e9fl\u00e9chissants et captivants pour une transformation \u00e9tonnante !<\/h2>\n<p>Faites l'exp\u00e9rience du pouvoir hypnotique de la <strong>Contacts color\u00e9s Aurora Mirror Grey<\/strong> con\u00e7ues pour ceux qui recherchent un regard \u00e9th\u00e9r\u00e9, d'un autre monde ! Ces lentilles haut de gamme pr\u00e9sentent une teinte gris argent\u00e9 parfaite et une technologie de r\u00e9flexion miroir distinctive qui cr\u00e9e un effet dimensionnel enchanteur lorsque la lumi\u00e8re joue sur vos yeux. Le gris miroir Aurora unique combine des tons neutres sophistiqu\u00e9s avec une profondeur de r\u00e9flexion subtile qui attire l'attention dans n'importe quel environnement. Lorsque vous portez ces <strong>Lentilles Aurora Mirror Grey<\/strong>Votre regard devient l'\u00e9l\u00e9ment d\u00e9terminant qui rehausse l'ensemble de votre apparence !<\/p>\n<p>Ces lentilles de qualit\u00e9 sup\u00e9rieure offrent un reflet gris argent\u00e9 remarquable qui permet de prendre de magnifiques photos dans diff\u00e9rentes conditions d'\u00e9clairage, cr\u00e9ant ainsi des effets spectaculaires \u00e0 la lumi\u00e8re du jour, sous l'\u00e9clairage d'un club ou lors d'une s\u00e9ance photo professionnelle. Pour obtenir le look parfait qui fait tourner les t\u00eates, m\u00ealant l'\u00e9l\u00e9gance \u00e0 une touche de myst\u00e8re, ces lentilles sont id\u00e9ales. <strong>Contacts gris miroir Aurora<\/strong> cr\u00e9er pr\u00e9cis\u00e9ment l'apparence de l'\u0153il n\u00e9cessaire pour des impressions inoubliables !<\/p>\n<h2>L'approbation des influenceurs de la beaut\u00e9<\/h2>\n<p><strong>GlamourGaze<\/strong> (1.6M followers) : \"Ces lentilles Aurora gris miroir sont essentielles pour mes looks \u00e9ditoriaux ! Le ton argent\u00e9 r\u00e9fl\u00e9chissant cr\u00e9e un effet dramatique parfait pour mes photoshoots !\"<\/p>\n<p><strong>Transformateur de beaut\u00e9<\/strong> (920K followers) : \"Mes followers me posent constamment des questions sur mes yeux lorsque je porte ces lentilles gris miroir. Le reflet dimensionnel cr\u00e9e un effet unique !\"<\/p>\n<p><strong>EyeAesthetic<\/strong> (2,1 millions d'adeptes) : \"J'utilise exclusivement ces objectifs pour mon contenu haute couture. Le confort pendant les longs tournages, combin\u00e9 \u00e0 une pr\u00e9cision de r\u00e9flexion parfaite, est in\u00e9gal\u00e9 !\"<\/p>\n<h2>Exp\u00e9riences des clients<\/h2>\n<p>\"Ces lentilles gris miroir ont compl\u00e8tement transform\u00e9 mon look ! La qualit\u00e9 r\u00e9fl\u00e9chissante est suffisamment subtile pour \u00eatre port\u00e9e tous les jours, mais suffisamment spectaculaire pour \u00eatre remarqu\u00e9e.\" - Alex, 24 ans<\/p>\n<p>\"J'ai port\u00e9 ces chaussures pour une s\u00e9ance photo d'une journ\u00e9e enti\u00e8re et je n'en revenais pas du confort qu'elles procuraient. Le gris est rest\u00e9 vibrant et r\u00e9fl\u00e9chissant pendant les heures de prises de vue sous diff\u00e9rents \u00e9clairages ! - Jamie, 27 ans<\/p>\n<p>\"Ces lentilles offrent exactement le reflet gris myst\u00e9rieux que je recherchais. L'attention port\u00e9e aux d\u00e9tails est remarquable. - Taylor, 25 ans<\/p>\n<p>\"Les lentilles grises \u00e0 miroir Aurora ont rendu mon maquillage vraiment exceptionnel - tout le monde a remarqu\u00e9 \u00e0 quel point mes yeux \u00e9taient captivants sur les photos. - Morgan, 26 ans<\/p>\n<h2>Maximisez votre look Aurora Mirror Grey<\/h2>\n<p>Pour un effet de style exceptionnel, associez votre <strong>Lentilles Aurora Mirror Grey<\/strong> avec un maquillage compl\u00e9mentaire ! Peaufinez votre teint et rehaussez vos cils pour compl\u00e9ter la parfaite qualit\u00e9 de r\u00e9flexion de vos lentilles.<\/p>\n<p>Ces lentilles cr\u00e9ent une magie lorsqu'elles sont associ\u00e9es \u00e0 des v\u00eatements argent\u00e9s, blancs ou noirs, pour un look \u00e0 la pointe de la mode. L'harmonie entre votre esth\u00e9tique g\u00e9n\u00e9rale et les yeux gris miroir cr\u00e9e un look sophistiqu\u00e9 id\u00e9al pour les occasions sp\u00e9ciales, les s\u00e9ances photos et les impressions inoubliables !<\/p>\n<p>Les photographes appr\u00e9cient la fa\u00e7on dont ces <strong>Lentilles Aurora Mirror Grey<\/strong> cr\u00e9ez des portraits d'une profondeur incroyable, en mettant en valeur votre beaut\u00e9 naturelle gr\u00e2ce \u00e0 des d\u00e9tails oculaires de qualit\u00e9 professionnelle capturant chaque nuance de lumi\u00e8re et d'ombre \u00e0 travers la surface r\u00e9fl\u00e9chissante.<\/p>\n<h2>Faites l'exp\u00e9rience de la transformation d\u00e8s aujourd'hui !<\/h2>\n<p>Pourquoi se contenter de l'ordinaire alors que vos yeux peuvent avoir un impact extraordinaire gr\u00e2ce \u00e0 <strong>Contacts color\u00e9s Aurora Mirror Grey<\/strong>? Leur confort sup\u00e9rieur, leur couleur r\u00e9fl\u00e9chissante extraordinaire et leur qualit\u00e9 in\u00e9gal\u00e9e les rendent indispensables pour ceux qui exigent la perfection dans leur esth\u00e9tique.<\/p>\n<p>Pr\u00eate \u00e0 r\u00e9aliser la transformation ultime des yeux ? Am\u00e9liorez votre look d\u00e8s aujourd'hui et d\u00e9couvrez pourquoi ces produits de qualit\u00e9 sup\u00e9rieure sont les meilleurs pour les yeux. <strong>Contacts color\u00e9s Aurora Mirror Grey<\/strong> sont devenus le choix exclusif de ceux qui veulent faire une impression inoubliable !<\/p>","protected":false},"excerpt":{"rendered":"<p>Aurora Mirror Grey Colored Contacts Captivating Reflective Silver-Grey Eyes for Stunning Transformation! Experience the mesmerizing power of Aurora Mirror Grey Colored Contacts designed for those seeking an ethereal, otherworldly gaze! These premium lenses feature a perfect silver-grey hue with distinctive mirror reflection technology that creates an enchanting dimensional effect as light plays across your eyes. [&#8230;]\n","protected":false},"featured_media":2556,"comment_status":"open","ping_status":"closed","template":"","meta":[],"product_brand":[382],"product_cat":[387,92,72,158,81,98],"product_tag":[],"class_list":{"0":"post-2553","1":"product","2":"type-product","3":"status-publish","4":"has-post-thumbnail","6":"product_brand-bqeye","7":"product_cat-aurora-mirror","8":"product_cat-14-5-mm","9":"product_cat-contact-lenses-by-color","10":"product_cat-enlarge-contacts","11":"product_cat-grey-contact-lenses","12":"product_cat-yearly-disposable","14":"first","15":"instock","16":"sale","17":"shipping-taxable","18":"purchasable","19":"product-type-variable","20":"has-default-attributes"},"_links":{"self":[{"href":"https:\/\/bqeye.com\/fr\/wp-json\/wp\/v2\/product\/2553","targetHints":{"allow":["GET"]}}],"collection":[{"href":"https:\/\/bqeye.com\/fr\/wp-json\/wp\/v2\/product"}],"about":[{"href":"https:\/\/bqeye.com\/fr\/wp-json\/wp\/v2\/types\/product"}],"replies":[{"embeddable":true,"href":"https:\/\/bqeye.com\/fr\/wp-json\/wp\/v2\/comments?post=2553"}],"wp:featuredmedia":[{"embeddable":true,"href":"https:\/\/bqeye.com\/fr\/wp-json\/wp\/v2\/media\/2556"}],"wp:attachment":[{"href":"https:\/\/bqeye.com\/fr\/wp-json\/wp\/v2\/media?parent=2553"}],"wp:term":[{"taxonomy":"product_brand","embeddable":true,"href":"https:\/\/bqeye.com\/fr\/wp-json\/wp\/v2\/product_brand?post=2553"},{"taxonomy":"product_cat","embeddable":true,"href":"https:\/\/bqeye.com\/fr\/wp-json\/wp\/v2\/product_cat?post=2553"},{"taxonomy":"product_tag","embeddable":true,"href":"https:\/\/bqeye.com\/fr\/wp-json\/wp\/v2\/product_tag?post=2553"}],"curies":[{"name":"wp","href":"https:\/\/api.w.org\/{rel}","templated":true}]}}