{"id":549,"date":"2023-09-09T11:06:18","date_gmt":"2023-09-09T11:06:18","guid":{"rendered":"https:\/\/bqeye.com\/?post_type=product&#038;p=549"},"modified":"2024-04-18T02:23:19","modified_gmt":"2024-04-18T02:23:19","slug":"bqeye-himalaya-blue-colored-contact-lenses","status":"publish","type":"product","link":"https:\/\/bqeye.com\/fr\/bqeye-himalaya-blue-colored-contact-lenses\/","title":{"rendered":"Lentilles de contact color\u00e9es bleues BQeye Himalaya"},"content":{"rendered":"<div>Retrouvez votre calme int\u00e9rieur avec les lentilles de contact color\u00e9es BQeye Himalaya Blue.<\/div>\n<div><\/div>\n<div>Inspir\u00e9es par les nuances vives et apaisantes du ciel de l'Himalaya, nos lentilles de contact Himalaya Blue ouvrent vos yeux sur un monde de tranquillit\u00e9. Une luxueuse teinte bleu-gris fait ressortir l'azur de vos iris pour un effet \u00e9th\u00e9r\u00e9, semblable \u00e0 celui d'un spa.<\/div>\n<div><\/div>\n<div>Fabriqu\u00e9es en silicone-hydrogel hypoallerg\u00e9nique, les lentilles BQeye sont exceptionnellement bien tol\u00e9r\u00e9es. Le mat\u00e9riau souple et flexible se d\u00e9place avec vos yeux de sorte que vous oubliez que vous portez des lentilles. Une formule avanc\u00e9e d'\u00e9quilibrage de l'humidit\u00e9 permet \u00e0 vos yeux de rester frais toute la journ\u00e9e.<\/div>\n<div><\/div>\n<div>Que vous ayez envie d'une oasis de calme ou de vous transporter sur les sommets de l'Himalaya, Himalaya Blue apporte une subtile touche de s\u00e9r\u00e9nit\u00e9 partout o\u00f9 votre journ\u00e9e vous m\u00e8ne.<\/div>\n<div><\/div>\n<div>Exclusivement disponible dans le pack Sapphire Circle de BQeye, le bleu Himalaya cr\u00e9e un halo d'azur bienfaisant autour de votre iris. Orn\u00e9es de b\u00e9n\u00e9dictions sanskrites pour la paix, ces lentilles ne manqueront pas de vous remonter le moral.<\/div>\n<div><\/div>\n<div>Offrez \u00e0 votre \u00e2me le besoin de calme avec les lentilles de contact BQeye Himalaya Blue. Sentez la tension se dissiper tandis que les nuances de l'Himalaya apaisent votre esprit, votre corps et votre \u00e2me de l'int\u00e9rieur.<\/div>","protected":false},"excerpt":{"rendered":"<p>Find your inner calm with BQeye Himalaya Blue Colored Contact Lenses. Inspired by the vivid yet soothing shades of the Himalayan sky, our Himalaya Blue contact lenses open your eyes to a world of tranquility. A luxuriouslite blue-gray tint brings out the azure in your irises for an ethereal, spa-like effect. Made from hypoallergenic silicone-hydrogelmaterial, [&#8230;]\n","protected":false},"featured_media":554,"comment_status":"open","ping_status":"closed","template":"","meta":[],"product_brand":[],"product_cat":[102,91,75,96,98],"product_tag":[],"class_list":{"0":"post-549","1":"product","2":"type-product","3":"status-publish","4":"has-post-thumbnail","6":"product_cat-himalaya","7":"product_cat-14-2-mm","8":"product_cat-blue-contact-lenses","9":"product_cat-non-prescription","10":"product_cat-yearly-disposable","12":"first","13":"instock","14":"sale","15":"shipping-taxable","16":"purchasable","17":"product-type-variable","18":"has-default-attributes"},"_links":{"self":[{"href":"https:\/\/bqeye.com\/fr\/wp-json\/wp\/v2\/product\/549","targetHints":{"allow":["GET"]}}],"collection":[{"href":"https:\/\/bqeye.com\/fr\/wp-json\/wp\/v2\/product"}],"about":[{"href":"https:\/\/bqeye.com\/fr\/wp-json\/wp\/v2\/types\/product"}],"replies":[{"embeddable":true,"href":"https:\/\/bqeye.com\/fr\/wp-json\/wp\/v2\/comments?post=549"}],"wp:featuredmedia":[{"embeddable":true,"href":"https:\/\/bqeye.com\/fr\/wp-json\/wp\/v2\/media\/554"}],"wp:attachment":[{"href":"https:\/\/bqeye.com\/fr\/wp-json\/wp\/v2\/media?parent=549"}],"wp:term":[{"taxonomy":"product_brand","embeddable":true,"href":"https:\/\/bqeye.com\/fr\/wp-json\/wp\/v2\/product_brand?post=549"},{"taxonomy":"product_cat","embeddable":true,"href":"https:\/\/bqeye.com\/fr\/wp-json\/wp\/v2\/product_cat?post=549"},{"taxonomy":"product_tag","embeddable":true,"href":"https:\/\/bqeye.com\/fr\/wp-json\/wp\/v2\/product_tag?post=549"}],"curies":[{"name":"wp","href":"https:\/\/api.w.org\/{rel}","templated":true}]}}