{"id":591,"date":"2023-09-10T03:39:28","date_gmt":"2023-09-10T03:39:28","guid":{"rendered":"https:\/\/bqeye.com\/?post_type=product&#038;p=591"},"modified":"2024-04-18T02:23:16","modified_gmt":"2024-04-18T02:23:16","slug":"bqeye-himalaya-green-colored-contact-lenses","status":"publish","type":"product","link":"https:\/\/bqeye.com\/fr\/bqeye-himalaya-green-colored-contact-lenses\/","title":{"rendered":"Lentilles de contact color\u00e9es vertes BQeye Himalaya"},"content":{"rendered":"<p>En tant que maquilleuse, mon objectif est d'aider les femmes \u00e0 s'exprimer par la beaut\u00e9. Je suis toujours \u00e0 la recherche des derniers produits qui renforcent la confiance en soi de l'int\u00e9rieur. C'est pourquoi je suis ravie de pr\u00e9senter les lentilles de contact color\u00e9es BQeye Himalaya Green \u00e0 mes clientes.<\/p>\n<p>Ces lentilles innovantes ont \u00e9t\u00e9 con\u00e7ues non seulement pour transformer la couleur des yeux, mais aussi pour am\u00e9liorer l'humeur. Inspir\u00e9e des paysages r\u00e9parateurs de l'Himalaya, cette teinte vert vibrant illumine les yeux fatigu\u00e9s gr\u00e2ce \u00e0 une pouss\u00e9e de chromoth\u00e9rapie. Qu'il s'agisse de rehausser son iris naturel ou d'opter pour une teinte plus audacieuse, le vert Himalaya procure un \u00e9clat rafra\u00eechissant du matin au soir.<\/p>\n<p>Fabriqu\u00e9es \u00e0 partir d'un gel de silicone hydratant et d'agents aquatiques riches en antioxydants, ces lentilles hydratent les yeux fatigu\u00e9s sans les irriter. M\u00eame les clients sensibles ont fait l'\u00e9loge de leur confort apaisant tout au long de la journ\u00e9e. De plus, leur formule hypoallerg\u00e9nique pr\u00e9vient les rougeurs disgracieuses qui peuvent ternir la confiance.<\/p>\n<p>Lors des essais, les r\u00e9actions ont \u00e9t\u00e9 extr\u00eamement positives. De nombreuses femmes ont d\u00e9clar\u00e9 avoir ressenti des \u00e9nergies motivantes et une s\u00e9r\u00e9nit\u00e9 zen simplement en portant cette lentille. Un changement subtil de la couleur des yeux a cr\u00e9\u00e9 des effets de bien-\u00eatre palpables.<\/p>\n<p>En tant qu'artiste, rien ne me donne plus de satisfaction que de voir comment le maquillage transforme \u00e0 la fois l'apparence et l'attitude. Le BQeye Himalaya Green prouve que la beaut\u00e9 vient vraiment de l'int\u00e9rieur en stylisant les yeux tout en \u00e9levant l'esprit. Je suis fi\u00e8re d'offrir \u00e0 mes clients cette lentille innovante qui donne du pouvoir \u00e0 l'int\u00e9rieur et \u00e0 l'ext\u00e9rieur.<\/p>","protected":false},"excerpt":{"rendered":"<p>As a makeup artist, my goal is to help women express themselves through beauty. I&#8217;m always looking to curate the latest products that empower self-confidence from the inside out. That&#8217;s why I&#8217;m excited to introduce BQeye Himalaya Green Colored Contact Lenses to my clients. These innovative lenses were designed not only to transform eye color, [&#8230;]\n","protected":false},"featured_media":597,"comment_status":"open","ping_status":"closed","template":"","meta":[],"product_brand":[],"product_cat":[102,91,77,96,98],"product_tag":[],"class_list":{"0":"post-591","1":"product","2":"type-product","3":"status-publish","4":"has-post-thumbnail","6":"product_cat-himalaya","7":"product_cat-14-2-mm","8":"product_cat-green-contact-lenses","9":"product_cat-non-prescription","10":"product_cat-yearly-disposable","12":"first","13":"instock","14":"sale","15":"shipping-taxable","16":"purchasable","17":"product-type-variable","18":"has-default-attributes"},"_links":{"self":[{"href":"https:\/\/bqeye.com\/fr\/wp-json\/wp\/v2\/product\/591","targetHints":{"allow":["GET"]}}],"collection":[{"href":"https:\/\/bqeye.com\/fr\/wp-json\/wp\/v2\/product"}],"about":[{"href":"https:\/\/bqeye.com\/fr\/wp-json\/wp\/v2\/types\/product"}],"replies":[{"embeddable":true,"href":"https:\/\/bqeye.com\/fr\/wp-json\/wp\/v2\/comments?post=591"}],"wp:featuredmedia":[{"embeddable":true,"href":"https:\/\/bqeye.com\/fr\/wp-json\/wp\/v2\/media\/597"}],"wp:attachment":[{"href":"https:\/\/bqeye.com\/fr\/wp-json\/wp\/v2\/media?parent=591"}],"wp:term":[{"taxonomy":"product_brand","embeddable":true,"href":"https:\/\/bqeye.com\/fr\/wp-json\/wp\/v2\/product_brand?post=591"},{"taxonomy":"product_cat","embeddable":true,"href":"https:\/\/bqeye.com\/fr\/wp-json\/wp\/v2\/product_cat?post=591"},{"taxonomy":"product_tag","embeddable":true,"href":"https:\/\/bqeye.com\/fr\/wp-json\/wp\/v2\/product_tag?post=591"}],"curies":[{"name":"wp","href":"https:\/\/api.w.org\/{rel}","templated":true}]}}