{"id":636,"date":"2023-09-10T09:04:32","date_gmt":"2023-09-10T09:04:32","guid":{"rendered":"https:\/\/bqeye.com\/?post_type=product&#038;p=636"},"modified":"2024-04-18T02:23:13","modified_gmt":"2024-04-18T02:23:13","slug":"bqeye-himalaya-brown-colored-contact-lenses","status":"publish","type":"product","link":"https:\/\/bqeye.com\/fr\/bqeye-himalaya-brown-colored-contact-lenses\/","title":{"rendered":"Lentilles de contact color\u00e9es marron BQeye Himalaya"},"content":{"rendered":"<div>En tant que professionnelle du maquillage, mon objectif est d'aider les femmes non seulement \u00e0 mettre en valeur leur beaut\u00e9 naturelle, mais aussi \u00e0 se sentir s\u00fbres d'elles de l'int\u00e9rieur. C'est pourquoi je suis tr\u00e8s enthousiaste \u00e0 l'id\u00e9e de d\u00e9couvrir le dernier produit de BQeye - les lentilles de contact color\u00e9es Himalaya Brown.<\/div>\n<div><\/div>\n<div>Cette riche teinte chocolat a \u00e9t\u00e9 con\u00e7ue pour canaliser les \u00e9nergies r\u00e9paratrices des majestueuses cha\u00eenes de l'Himalaya. Qu'il s'agisse de faire ressortir les nuances chaudes de l'iris ou d'opter pour une transformation accrocheuse, le brun Himalaya enveloppe les yeux d'une aura apaisante, semblable \u00e0 celle d'un spa.<\/div>\n<div><\/div>\n<div>Lors des essais, j'ai \u00e9t\u00e9 impressionn\u00e9e par la fa\u00e7on dont il rehausse et d\u00e9finit les yeux de toutes les formes et de tous les visages. Par ailleurs, ses propri\u00e9t\u00e9s hypoallerg\u00e9niques \u00e9vitent les disgr\u00e2ces qui pourraient autrement assombrir l'humeur.<\/div>\n<div><\/div>\n<div>De nombreuses femmes ont remarqu\u00e9 qu'elles se sentaient plus calmes simplement en portant cette lentille. La chromoth\u00e9rapie subtile qu'elle procure a un r\u00e9el impact sur le bien-\u00eatre, renfor\u00e7ant la confiance en soi.<\/div>\n<div><\/div>\n<div>En tant qu'artiste, voir comment une chose aussi simple que la couleur des yeux modifie le comportement a \u00e9t\u00e9 une source d'inspiration. BQeye Himalaya Brown prouve que la beaut\u00e9 peut \u00e0 la fois styliser l'apparence et remonter le moral. Je suis ravie de proposer cette lentille innovante qui permet aux femmes de se sentir et de para\u00eetre \u00e0 leur meilleur.<\/div>","protected":false},"excerpt":{"rendered":"<p>As a makeup professional, my goal is to help women not only enhance their natural beauty, but feel confident from the inside out. That&#8217;s why I&#8217;m so excited about BQeye&#8217;s latest product &#8211; the Himalaya Brown Colored Contact Lenses. This rich chocolate hue was crafted to channel the restorative energies of the majestic Himalayan ranges. [&#8230;]\n","protected":false},"featured_media":642,"comment_status":"open","ping_status":"closed","template":"","meta":[],"product_brand":[],"product_cat":[102,91,80,96,98],"product_tag":[],"class_list":{"0":"post-636","1":"product","2":"type-product","3":"status-publish","4":"has-post-thumbnail","6":"product_cat-himalaya","7":"product_cat-14-2-mm","8":"product_cat-brown-contact-lenses","9":"product_cat-non-prescription","10":"product_cat-yearly-disposable","12":"first","13":"instock","14":"sale","15":"shipping-taxable","16":"purchasable","17":"product-type-variable","18":"has-default-attributes"},"_links":{"self":[{"href":"https:\/\/bqeye.com\/fr\/wp-json\/wp\/v2\/product\/636","targetHints":{"allow":["GET"]}}],"collection":[{"href":"https:\/\/bqeye.com\/fr\/wp-json\/wp\/v2\/product"}],"about":[{"href":"https:\/\/bqeye.com\/fr\/wp-json\/wp\/v2\/types\/product"}],"replies":[{"embeddable":true,"href":"https:\/\/bqeye.com\/fr\/wp-json\/wp\/v2\/comments?post=636"}],"wp:featuredmedia":[{"embeddable":true,"href":"https:\/\/bqeye.com\/fr\/wp-json\/wp\/v2\/media\/642"}],"wp:attachment":[{"href":"https:\/\/bqeye.com\/fr\/wp-json\/wp\/v2\/media?parent=636"}],"wp:term":[{"taxonomy":"product_brand","embeddable":true,"href":"https:\/\/bqeye.com\/fr\/wp-json\/wp\/v2\/product_brand?post=636"},{"taxonomy":"product_cat","embeddable":true,"href":"https:\/\/bqeye.com\/fr\/wp-json\/wp\/v2\/product_cat?post=636"},{"taxonomy":"product_tag","embeddable":true,"href":"https:\/\/bqeye.com\/fr\/wp-json\/wp\/v2\/product_tag?post=636"}],"curies":[{"name":"wp","href":"https:\/\/api.w.org\/{rel}","templated":true}]}}