{"id":644,"date":"2023-09-10T09:45:11","date_gmt":"2023-09-10T09:45:11","guid":{"rendered":"https:\/\/bqeye.com\/?post_type=product&#038;p=644"},"modified":"2024-04-18T02:23:09","modified_gmt":"2024-04-18T02:23:09","slug":"bqeye-himalaya-grey-colored-contact-lenses","status":"publish","type":"product","link":"https:\/\/bqeye.com\/fr\/bqeye-himalaya-grey-colored-contact-lenses\/","title":{"rendered":"Lentilles de contact color\u00e9es grises BQeye Himalaya"},"content":{"rendered":"<p>Embrassez la beaut\u00e9 minimaliste avec les lentilles de contact color\u00e9es BQeye Himalaya Grey. S'inspirant des couleurs subtiles mais frappantes du ciel de l'Himalaya, cette douce teinte grise ajoute un air de raffinement au regard.<\/p>\n<p>Qu'il s'agisse d'accentuer les tons froids de votre iris naturel ou d'opter pour un changement plus radical, le gris Himalaya conf\u00e8re aux yeux une aura \u00e9l\u00e9gante et zen. Le mat\u00e9riau en silicone hydrogel, tr\u00e8s confortable, se d\u00e9place en tangente avec vos yeux, de sorte que vous oubliez m\u00eame que vous portez des lentilles.<\/p>\n<p>Hypoallerg\u00e9niques et infus\u00e9es d'\u00e9l\u00e9ments essentiels \u00e0 l'hydratation, les lentilles de contact Himalaya Grey prennent soin des yeux les plus sensibles. Les porteurs b\u00e9n\u00e9ficient d'une vision fra\u00eeche et revitalis\u00e9e sans rougeur ni inconfort tout au long de la journ\u00e9e.<\/p>\n<p>Lors des essais, les clients ont fait l'\u00e9loge de l'apaisement qu'elle apportait \u00e0 leur apparence et \u00e0 leur vision d'ensemble. Par ailleurs, le gris sublime de la lentille met l'accent sur les yeux d'une mani\u00e8re \u00e0 la fois saisissante et sereine.<\/p>\n<p>Ornez vos yeux d'une \u00e9l\u00e9gance discr\u00e8te gr\u00e2ce \u00e0 BQeye Himalaya Grey. Subtile mais puissante, cette lentille permet au calme int\u00e9rieur de briller en changeant simplement l'humeur de la couleur de vos yeux.<\/p>","protected":false},"excerpt":{"rendered":"<p>Embrace minimalist beauty with the BQeye Himalaya Grey Colored Contact Lenses. Drawing inspiration from the subtle yet striking colors of the Himalayan skies, this soft grey hue adds an air of refinement to one&#8217;s gaze. Whether playing up cool undertones in your natural iris or opting for a more dramatic shift, Himalaya Grey lends an [&#8230;]\n","protected":false},"featured_media":652,"comment_status":"open","ping_status":"closed","template":"","meta":[],"product_brand":[],"product_cat":[102,91,81,96,98],"product_tag":[],"class_list":{"0":"post-644","1":"product","2":"type-product","3":"status-publish","4":"has-post-thumbnail","6":"product_cat-himalaya","7":"product_cat-14-2-mm","8":"product_cat-grey-contact-lenses","9":"product_cat-non-prescription","10":"product_cat-yearly-disposable","12":"first","13":"instock","14":"sale","15":"shipping-taxable","16":"purchasable","17":"product-type-variable","18":"has-default-attributes"},"_links":{"self":[{"href":"https:\/\/bqeye.com\/fr\/wp-json\/wp\/v2\/product\/644","targetHints":{"allow":["GET"]}}],"collection":[{"href":"https:\/\/bqeye.com\/fr\/wp-json\/wp\/v2\/product"}],"about":[{"href":"https:\/\/bqeye.com\/fr\/wp-json\/wp\/v2\/types\/product"}],"replies":[{"embeddable":true,"href":"https:\/\/bqeye.com\/fr\/wp-json\/wp\/v2\/comments?post=644"}],"wp:featuredmedia":[{"embeddable":true,"href":"https:\/\/bqeye.com\/fr\/wp-json\/wp\/v2\/media\/652"}],"wp:attachment":[{"href":"https:\/\/bqeye.com\/fr\/wp-json\/wp\/v2\/media?parent=644"}],"wp:term":[{"taxonomy":"product_brand","embeddable":true,"href":"https:\/\/bqeye.com\/fr\/wp-json\/wp\/v2\/product_brand?post=644"},{"taxonomy":"product_cat","embeddable":true,"href":"https:\/\/bqeye.com\/fr\/wp-json\/wp\/v2\/product_cat?post=644"},{"taxonomy":"product_tag","embeddable":true,"href":"https:\/\/bqeye.com\/fr\/wp-json\/wp\/v2\/product_tag?post=644"}],"curies":[{"name":"wp","href":"https:\/\/api.w.org\/{rel}","templated":true}]}}