{"id":719,"date":"2023-09-11T08:13:12","date_gmt":"2023-09-11T08:13:12","guid":{"rendered":"https:\/\/bqeye.com\/?post_type=product&#038;p=719"},"modified":"2024-04-18T02:23:02","modified_gmt":"2024-04-18T02:23:02","slug":"bqeye-polar-lights-yellow-green-colored-contact-lenses","status":"publish","type":"product","link":"https:\/\/bqeye.com\/fr\/bqeye-polar-lights-yellow-green-colored-contact-lenses\/","title":{"rendered":"Lentilles de contact color\u00e9es BQeye Polar Lights Jaune Vert"},"content":{"rendered":"<p>Retrouvez les teintes captivantes des aurores bor\u00e9ales avec les lentilles de contact color\u00e9es Polar Lights Yellow Green de BQeye.<\/p>\n<p>Inspir\u00e9e des aurores bor\u00e9ales, cette teinte jaune-vert imite les couleurs vives qui illuminent le ciel de l'Arctique. Qu'il s'agisse de jouer sur des tons plus chauds ou d'opter pour une transformation accrocheuse, les lentilles de contact color\u00e9es Polar Lights Yellow Green plongent les yeux dans une brillance lumineuse.<\/p>\n<p>Fabriqu\u00e9es \u00e0 partir de notre mat\u00e9riau sp\u00e9cialis\u00e9 Hydralens, ces lentilles offrent une illusion d'\u00e9clat tout au long de la journ\u00e9e, aussi saisissante que confortable. La formule innovante prot\u00e8ge \u00e9galement les yeux du dess\u00e8chement ou de l'irritation, afin que les porteurs puissent se concentrer sur leur nouveau regard envo\u00fbtant.<\/p>\n<p>Au cours des essais, les compliments ont afflu\u00e9 sur la \"beaut\u00e9 d'un autre monde\" que d\u00e9gageaient d\u00e9sormais les yeux captivants. Les porteurs ont dit se sentir myst\u00e9rieusement enchant\u00e9s, aussi illumin\u00e9s que les aurores bor\u00e9ales elles-m\u00eames.<\/p>\n<p>Laissez les lentilles de contact color\u00e9es BQeye Polar Lights Yellow Green vous transporter chaque jour dans de nouvelles dimensions de couleurs. Ajoutez une touche d'allure magique \u00e0 chaque look avec des lentilles aussi \u00e9poustouflantes et inoubliables que le plus grand spectacle de la nature.<\/p>","protected":false},"excerpt":{"rendered":"<p>Channel the captivating hues of the Northern Lights with BQeye&#8217;s Polar Lights Yellow Green colored contact lenses. Drawing from the radiant Aurora Borealis displays, this lively yellow-green shade mimics the vivid dancing colors that illuminate Arctic skies. Whether playing up warmer undertones or opting for an eye-catching transformation, Polar Lights Yellow Green colored contact lenses [&#8230;]\n","protected":false},"featured_media":726,"comment_status":"open","ping_status":"closed","template":"","meta":[],"product_brand":[],"product_cat":[106,91,77,96,98],"product_tag":[],"class_list":{"0":"post-719","1":"product","2":"type-product","3":"status-publish","4":"has-post-thumbnail","6":"product_cat-polar-lights","7":"product_cat-14-2-mm","8":"product_cat-green-contact-lenses","9":"product_cat-non-prescription","10":"product_cat-yearly-disposable","12":"first","13":"instock","14":"sale","15":"shipping-taxable","16":"purchasable","17":"product-type-variable","18":"has-default-attributes"},"_links":{"self":[{"href":"https:\/\/bqeye.com\/fr\/wp-json\/wp\/v2\/product\/719","targetHints":{"allow":["GET"]}}],"collection":[{"href":"https:\/\/bqeye.com\/fr\/wp-json\/wp\/v2\/product"}],"about":[{"href":"https:\/\/bqeye.com\/fr\/wp-json\/wp\/v2\/types\/product"}],"replies":[{"embeddable":true,"href":"https:\/\/bqeye.com\/fr\/wp-json\/wp\/v2\/comments?post=719"}],"wp:featuredmedia":[{"embeddable":true,"href":"https:\/\/bqeye.com\/fr\/wp-json\/wp\/v2\/media\/726"}],"wp:attachment":[{"href":"https:\/\/bqeye.com\/fr\/wp-json\/wp\/v2\/media?parent=719"}],"wp:term":[{"taxonomy":"product_brand","embeddable":true,"href":"https:\/\/bqeye.com\/fr\/wp-json\/wp\/v2\/product_brand?post=719"},{"taxonomy":"product_cat","embeddable":true,"href":"https:\/\/bqeye.com\/fr\/wp-json\/wp\/v2\/product_cat?post=719"},{"taxonomy":"product_tag","embeddable":true,"href":"https:\/\/bqeye.com\/fr\/wp-json\/wp\/v2\/product_tag?post=719"}],"curies":[{"name":"wp","href":"https:\/\/api.w.org\/{rel}","templated":true}]}}