{"id":728,"date":"2023-09-11T11:42:43","date_gmt":"2023-09-11T11:42:43","guid":{"rendered":"https:\/\/bqeye.com\/?post_type=product&#038;p=728"},"modified":"2024-04-18T02:22:59","modified_gmt":"2024-04-18T02:22:59","slug":"bqeye-polar-lights-brown-colored-contact-lenses","status":"publish","type":"product","link":"https:\/\/bqeye.com\/fr\/bqeye-polar-lights-brown-colored-contact-lenses\/","title":{"rendered":"Lentilles de contact color\u00e9es BQeye Polar Lights Brown"},"content":{"rendered":"<p>Retrouvez l'allure terreuse de la for\u00eat d'hiver avec les lentilles de contact color\u00e9es Polar Lights Brown de BQeye.<\/p>\n<p>Inspir\u00e9e par les tons riches de l'\u00e9corce de pin et des branches d'arbres d\u00e9nud\u00e9es sous les aurores bor\u00e9ales, cette nuance de brun profond conf\u00e8re aux yeux une profondeur et une intrigue intenses. Qu'il s'agisse de jouer sur les tons chauds ou d'opter pour une transformation qui attire l'attention, le brun des lumi\u00e8res polaires enveloppe les yeux d'une pure intrigue.<\/p>\n<p>Fabriqu\u00e9es \u00e0 partir d'un mat\u00e9riau qui bloque l'humidit\u00e9, ces lentilles offrent un confort tout au long de la journ\u00e9e sans priver les yeux de leur nouvelle mystique. La technologie innovante des lentilles prot\u00e8ge \u00e9galement la vision du dess\u00e8chement ou de l'inconfort pendant les longues nuits d'hiver.<\/p>\n<p>Lors des essais du produit, les porteurs ont d\u00e9clar\u00e9 se sentir naturellement myst\u00e9rieux - aussi captivant que le paysage nordique lui-m\u00eame. Avec un simple changement de couleur des yeux, les lentilles de contact color\u00e9es Polar Lights Brown conf\u00e8rent \u00e0 la pr\u00e9sence un charme durable.<\/p>\n<p>Alors embrassez votre magn\u00e9tisme hivernal avec les lunettes BQeye Polar Lights Brown. Ajoutez un air d'\u00e9merveillement terrestre \u00e0 votre regard gr\u00e2ce \u00e0 des lentilles aussi enchanteresses et m\u00e9morables que la magie de la nature. Commandez les v\u00f4tres d\u00e8s aujourd'hui pour d\u00e9couvrir une beaut\u00e9 rare chaque matin.<\/p>","protected":false},"excerpt":{"rendered":"<p>Channel the earthy allure of the winter forest with BQeye&#8217;s Polar Lights Brown colored contact lenses. Inspired by the rich tones of pine bark and bare tree branches under northern lights, this deep brown shade lends eyes intense depth and intrigue. Whether playing up warm undertones or opting for an eye-catching transformation, Polar Lights Brown [&#8230;]\n","protected":false},"featured_media":737,"comment_status":"open","ping_status":"closed","template":"","meta":[],"product_brand":[],"product_cat":[106,91,80,96,98],"product_tag":[],"class_list":{"0":"post-728","1":"product","2":"type-product","3":"status-publish","4":"has-post-thumbnail","6":"product_cat-polar-lights","7":"product_cat-14-2-mm","8":"product_cat-brown-contact-lenses","9":"product_cat-non-prescription","10":"product_cat-yearly-disposable","12":"first","13":"instock","14":"sale","15":"shipping-taxable","16":"purchasable","17":"product-type-variable","18":"has-default-attributes"},"_links":{"self":[{"href":"https:\/\/bqeye.com\/fr\/wp-json\/wp\/v2\/product\/728","targetHints":{"allow":["GET"]}}],"collection":[{"href":"https:\/\/bqeye.com\/fr\/wp-json\/wp\/v2\/product"}],"about":[{"href":"https:\/\/bqeye.com\/fr\/wp-json\/wp\/v2\/types\/product"}],"replies":[{"embeddable":true,"href":"https:\/\/bqeye.com\/fr\/wp-json\/wp\/v2\/comments?post=728"}],"wp:featuredmedia":[{"embeddable":true,"href":"https:\/\/bqeye.com\/fr\/wp-json\/wp\/v2\/media\/737"}],"wp:attachment":[{"href":"https:\/\/bqeye.com\/fr\/wp-json\/wp\/v2\/media?parent=728"}],"wp:term":[{"taxonomy":"product_brand","embeddable":true,"href":"https:\/\/bqeye.com\/fr\/wp-json\/wp\/v2\/product_brand?post=728"},{"taxonomy":"product_cat","embeddable":true,"href":"https:\/\/bqeye.com\/fr\/wp-json\/wp\/v2\/product_cat?post=728"},{"taxonomy":"product_tag","embeddable":true,"href":"https:\/\/bqeye.com\/fr\/wp-json\/wp\/v2\/product_tag?post=728"}],"curies":[{"name":"wp","href":"https:\/\/api.w.org\/{rel}","templated":true}]}}